{"id":15131,"date":"2025-09-11T11:36:38","date_gmt":"2025-09-11T11:36:38","guid":{"rendered":"https:\/\/ihsproject.org\/?page_id=15131"},"modified":"2025-09-11T11:38:30","modified_gmt":"2025-09-11T11:38:30","slug":"september-11-2025","status":"publish","type":"page","link":"https:\/\/ihsproject.org\/sq\/september-11-2025\/","title":{"rendered":"Shtator 11, 2025"},"content":{"rendered":"<div data-elementor-type=\"wp-page\" data-elementor-id=\"15131\" class=\"elementor elementor-15131\">\n\t\t\t\t<div class=\"elementor-element elementor-element-9ac1f71 e-flex e-con-boxed e-con e-parent\" data-id=\"9ac1f71\" data-element_type=\"container\" data-core-v316-plus=\"true\">\n\t\t\t\t\t<div class=\"e-con-inner\">\n\t\t\t\t<div class=\"elementor-element elementor-element-7c43829 elementor-widget elementor-widget-image\" data-id=\"7c43829\" data-element_type=\"widget\" data-widget_type=\"image.default\">\n\t\t\t\t<div class=\"elementor-widget-container\">\n\t\t\t\t\t\t\t\t\t\t\t\t\t<img fetchpriority=\"high\" decoding=\"async\" width=\"1600\" height=\"900\" src=\"https:\/\/ihsproject.org\/wp-content\/uploads\/2025\/09\/IHS-Organizes-Training-on-Advocacy-Communication-for-Partner-Organization-.jpg\" class=\"attachment-full size-full wp-image-15129\" alt=\"\" srcset=\"https:\/\/ihsproject.org\/wp-content\/uploads\/2025\/09\/IHS-Organizes-Training-on-Advocacy-Communication-for-Partner-Organization-.jpg 1600w, https:\/\/ihsproject.org\/wp-content\/uploads\/2025\/09\/IHS-Organizes-Training-on-Advocacy-Communication-for-Partner-Organization--300x169.jpg 300w, https:\/\/ihsproject.org\/wp-content\/uploads\/2025\/09\/IHS-Organizes-Training-on-Advocacy-Communication-for-Partner-Organization--1024x576.jpg 1024w, https:\/\/ihsproject.org\/wp-content\/uploads\/2025\/09\/IHS-Organizes-Training-on-Advocacy-Communication-for-Partner-Organization--768x432.jpg 768w, https:\/\/ihsproject.org\/wp-content\/uploads\/2025\/09\/IHS-Organizes-Training-on-Advocacy-Communication-for-Partner-Organization--1536x864.jpg 1536w, https:\/\/ihsproject.org\/wp-content\/uploads\/2025\/09\/IHS-Organizes-Training-on-Advocacy-Communication-for-Partner-Organization--18x10.jpg 18w\" sizes=\"(max-width: 1600px) 100vw, 1600px\" \/>\t\t\t\t\t\t\t\t\t\t\t\t\t<\/div>\n\t\t\t\t<\/div>\n\t\t\t\t\t<\/div>\n\t\t\t\t<\/div>\n\t\t<div class=\"elementor-element elementor-element-0ede885 e-flex e-con-boxed e-con e-parent\" data-id=\"0ede885\" data-element_type=\"container\" data-core-v316-plus=\"true\">\n\t\t\t\t\t<div class=\"e-con-inner\">\n\t\t\t\t<div class=\"elementor-element elementor-element-92947b8 elementor-widget elementor-widget-heading\" data-id=\"92947b8\" data-element_type=\"widget\" data-widget_type=\"heading.default\">\n\t\t\t\t<div class=\"elementor-widget-container\">\n\t\t\t<h2 class=\"elementor-heading-title elementor-size-default\">IHS organizon trajnim komunikimin p\u00ebr avokim p\u00ebr organizat\u00ebn partnere<\/h2>\t\t<\/div>\n\t\t\t\t<\/div>\n\t\t\t\t<div class=\"elementor-element elementor-element-648005f elementor-widget elementor-widget-text-editor\" data-id=\"648005f\" data-element_type=\"widget\" data-widget_type=\"text-editor.default\">\n\t\t\t\t<div class=\"elementor-widget-container\">\n\t\t\t\t\t\t\t<p style=\"font-weight: 400;\">M\u00eb 10 dhe 11 shtator 2025, p\u00ebrfaq\u00ebsues nga Oda e Infermier\u00ebve, Mamive dhe Profesionist\u00ebve t\u00eb Tjer\u00eb Sh\u00ebndet\u00ebsor\u00eb t\u00eb Kosov\u00ebs (OIK) kan\u00eb p\u00ebrfunduar me sukses nj\u00eb trajnim dyditor mbi zhvillimin e p\u00ebrmbajtjes dhe mjetet digjitale p\u00ebr avokim. Trajnimi, i organizuar nga projekti Sh\u00ebrbimet Sh\u00ebndet\u00ebsore t\u00eb Integruara (IHS), i pajisi pjes\u00ebmarr\u00ebsit me aft\u00ebsi praktike n\u00eb shkrimin strategjik, rr\u00ebfimin vizual t\u00eb storjeve, fushatat n\u00eb mediat sociale dhe teknikat e avancuara p\u00ebr krijimin e buletineve.<\/p><p style=\"font-weight: 400;\">Duke iu drejtuar pjes\u00ebmarr\u00ebsve, Kryetarja e OIK-s\u00eb, znj. Nexhmije Gori, theksoi r\u00ebnd\u00ebsin\u00eb e programit: \u201cE vler\u00ebsoj shum\u00eb k\u00ebt\u00eb trajnim t\u00eb organizuar nga IHS, pasi na fuqizon me aft\u00ebsi t\u00eb reja p\u00ebr avokim p\u00ebrmes komunikimit. Na ndihmon t\u00eb jemi m\u00eb efektiv\u00eb n\u00eb p\u00ebrfaq\u00ebsimin e profesionit ton\u00eb dhe n\u00eb mbrojtjen e t\u00eb drejtave t\u00eb qytetar\u00ebve p\u00ebr kujdes sh\u00ebndet\u00ebsor cil\u00ebsor. Me k\u00ebto njohuri, ne jemi m\u00eb t\u00eb p\u00ebrgatitur p\u00ebr t\u00eb ndikuar n\u00eb politikat sh\u00ebndet\u00ebsore dhe p\u00ebr ta ngritur z\u00ebrin ton\u00eb n\u00eb m\u00ebnyr\u00eb profesionale dhe t\u00eb fuqishme.\u201d<\/p><p style=\"font-weight: 400;\">Programi kombinoi sesione interaktiv\u00eb p\u00ebr t\u00eb shkruarit, me komente nga pjes\u00ebmarr\u00ebsit dhe krijimin e hart\u00ebs s\u00eb p\u00ebrmbajtjes, pati sesione praktike mbi vegla digjitale si Canva dhe Mailchimp. N\u00eb p\u00ebrfundim t\u00eb programit, pjes\u00ebmarr\u00ebsit p\u00ebrgatit\u00ebn draft artikuj, materiale vizuale dhe minifushata p\u00ebr ta fuqizuar shtrirjen e avokimit nga ana e OIK-s\u00eb.<\/p>\t\t\t\t\t\t<\/div>\n\t\t\t\t<\/div>\n\t\t\t\t\t<\/div>\n\t\t\t\t<\/div>\n\t\t\t\t<\/div>","protected":false},"excerpt":{"rendered":"<p>IHS Organizes Training on Advocacy Communication for Partner Organization On 10 and 11 September 2025, representatives from the Chamber of Nurses, Midwives and Other Health Professionals of Kosovo (CoNK) have successfully completed a two-day training on content development and digital tools for advocacy. The training, organized by the Integrated Health Services (IHS) project equipped participants [&hellip;]<\/p>","protected":false},"author":1,"featured_media":0,"parent":0,"menu_order":0,"comment_status":"closed","ping_status":"closed","template":"","meta":[],"_links":{"self":[{"href":"https:\/\/ihsproject.org\/sq\/wp-json\/wp\/v2\/pages\/15131"}],"collection":[{"href":"https:\/\/ihsproject.org\/sq\/wp-json\/wp\/v2\/pages"}],"about":[{"href":"https:\/\/ihsproject.org\/sq\/wp-json\/wp\/v2\/types\/page"}],"author":[{"embeddable":true,"href":"https:\/\/ihsproject.org\/sq\/wp-json\/wp\/v2\/users\/1"}],"replies":[{"embeddable":true,"href":"https:\/\/ihsproject.org\/sq\/wp-json\/wp\/v2\/comments?post=15131"}],"version-history":[{"count":4,"href":"https:\/\/ihsproject.org\/sq\/wp-json\/wp\/v2\/pages\/15131\/revisions"}],"predecessor-version":[{"id":15136,"href":"https:\/\/ihsproject.org\/sq\/wp-json\/wp\/v2\/pages\/15131\/revisions\/15136"}],"wp:attachment":[{"href":"https:\/\/ihsproject.org\/sq\/wp-json\/wp\/v2\/media?parent=15131"}],"curies":[{"name":"wp","href":"https:\/\/api.w.org\/{rel}","templated":true}]}}