{"id":15110,"date":"2025-09-03T10:28:50","date_gmt":"2025-09-03T10:28:50","guid":{"rendered":"https:\/\/ihsproject.org\/?page_id=15110"},"modified":"2025-09-03T10:33:10","modified_gmt":"2025-09-03T10:33:10","slug":"september-03-2025","status":"publish","type":"page","link":"https:\/\/ihsproject.org\/sq\/september-03-2025\/","title":{"rendered":"Shtator 03, 2025"},"content":{"rendered":"<div data-elementor-type=\"wp-page\" data-elementor-id=\"15110\" class=\"elementor elementor-15110\">\n\t\t\t\t<div class=\"elementor-element elementor-element-db36bb0 e-flex e-con-boxed e-con e-parent\" data-id=\"db36bb0\" data-element_type=\"container\" data-core-v316-plus=\"true\">\n\t\t\t\t\t<div class=\"e-con-inner\">\n\t\t\t\t<div class=\"elementor-element elementor-element-2841d44 elementor-widget elementor-widget-image\" data-id=\"2841d44\" data-element_type=\"widget\" data-widget_type=\"image.default\">\n\t\t\t\t<div class=\"elementor-widget-container\">\n\t\t\t\t\t\t\t\t\t\t\t\t\t<img fetchpriority=\"high\" decoding=\"async\" width=\"1600\" height=\"900\" src=\"https:\/\/ihsproject.org\/wp-content\/uploads\/2025\/09\/Kosova-prezantohet-ne-Simpoziumin-per-Kujdesin-e-Integruar-ne-Zvicer-.jpg\" class=\"attachment-full size-full wp-image-15114\" alt=\"\" srcset=\"https:\/\/ihsproject.org\/wp-content\/uploads\/2025\/09\/Kosova-prezantohet-ne-Simpoziumin-per-Kujdesin-e-Integruar-ne-Zvicer-.jpg 1600w, https:\/\/ihsproject.org\/wp-content\/uploads\/2025\/09\/Kosova-prezantohet-ne-Simpoziumin-per-Kujdesin-e-Integruar-ne-Zvicer--300x169.jpg 300w, https:\/\/ihsproject.org\/wp-content\/uploads\/2025\/09\/Kosova-prezantohet-ne-Simpoziumin-per-Kujdesin-e-Integruar-ne-Zvicer--1024x576.jpg 1024w, https:\/\/ihsproject.org\/wp-content\/uploads\/2025\/09\/Kosova-prezantohet-ne-Simpoziumin-per-Kujdesin-e-Integruar-ne-Zvicer--768x432.jpg 768w, https:\/\/ihsproject.org\/wp-content\/uploads\/2025\/09\/Kosova-prezantohet-ne-Simpoziumin-per-Kujdesin-e-Integruar-ne-Zvicer--1536x864.jpg 1536w, https:\/\/ihsproject.org\/wp-content\/uploads\/2025\/09\/Kosova-prezantohet-ne-Simpoziumin-per-Kujdesin-e-Integruar-ne-Zvicer--18x10.jpg 18w\" sizes=\"(max-width: 1600px) 100vw, 1600px\" \/>\t\t\t\t\t\t\t\t\t\t\t\t\t<\/div>\n\t\t\t\t<\/div>\n\t\t\t\t\t<\/div>\n\t\t\t\t<\/div>\n\t\t<div class=\"elementor-element elementor-element-595886f e-flex e-con-boxed e-con e-parent\" data-id=\"595886f\" data-element_type=\"container\" data-core-v316-plus=\"true\">\n\t\t\t\t\t<div class=\"e-con-inner\">\n\t\t\t\t<div class=\"elementor-element elementor-element-c38b992 elementor-widget elementor-widget-heading\" data-id=\"c38b992\" data-element_type=\"widget\" data-widget_type=\"heading.default\">\n\t\t\t\t<div class=\"elementor-widget-container\">\n\t\t\t<h2 class=\"elementor-heading-title elementor-size-default\">Kosova prezantohet n\u00eb Simpoziumin p\u00ebr Kujdesin e Integruar n\u00eb Zvic\u00ebr<\/h2>\t\t<\/div>\n\t\t\t\t<\/div>\n\t\t\t\t<div class=\"elementor-element elementor-element-695b37e elementor-widget elementor-widget-text-editor\" data-id=\"695b37e\" data-element_type=\"widget\" data-widget_type=\"text-editor.default\">\n\t\t\t\t<div class=\"elementor-widget-container\">\n\t\t\t\t\t\t\t<p style=\"font-weight: 400;\">Prishtin\u00eb, 3 shtator 2025 \u2013 Kosova ishte pjes\u00eb e diskutimeve n\u00eb nivel nd\u00ebrkomb\u00ebtar mbi sfidat e s\u00ebmundjeve kronike dhe m\u00ebnyrat e reja t\u00eb organizimit t\u00eb kujdesit sh\u00ebndet\u00ebsor. K\u00ebto diskutime ishin pjes\u00eb e Simpoziumit \u201cIntegrated People-Centred Care\u201d (Kujdesi i Integruar me n\u00eb Fokus Personin), mbajtur m\u00eb 2 shtator n\u00eb Basel t\u00eb Zvicr\u00ebs.<\/p><p style=\"font-weight: 400;\">Simpoziumi, i organizuar nga Instituti Zviceran p\u00ebr S\u00ebmundje Tropikale dhe Sh\u00ebndet Publik (Swiss TPH), mblodhi ekspert\u00eb zviceran\u00eb dhe nd\u00ebrkomb\u00ebtar\u00eb nga sferat e hulumtimit, sh\u00ebndet\u00ebsis\u00eb, sektor\u00ebve publik e privat, si dhe p\u00ebrfaq\u00ebsues t\u00eb pacient\u00ebve, p\u00ebr t\u00eb nxitur dialogun dhe p\u00ebr t\u00eb harmonizuar p\u00ebrpjekjet nd\u00ebr-sektoriale, nd\u00ebrdisiplinore dhe nd\u00ebrkufitare. Ata ndan\u00eb praktikat m\u00eb t\u00eb mira n\u00eb trajtimin e s\u00ebmundjeve kronike n\u00eb vende t\u00eb ndryshme t\u00eb bot\u00ebs. Nga Kosova, prezantimet u b\u00ebn\u00eb nga ekipet e dy projekteve q\u00eb implementon k\u00ebt Swiss TPH, projekte t\u00eb cilat jan\u00eb nisma t\u00eb p\u00ebrbashk\u00ebta mes Ministris\u00eb s\u00eb Sh\u00ebndet\u00ebsis\u00eb s\u00eb Kosov\u00ebs dhe Qeveris\u00eb s\u00eb Zvicr\u00ebs.<\/p><p style=\"font-weight: 400;\">Projekti Sh\u00ebrbimet Sh\u00ebndet\u00ebsore t\u00eb Integruara (IHS) prezantoi zhvillimin e nj\u00eb vegle digjitale p\u00ebr vet\u00ebmenaxhimin e diabetit nga pacient\u00ebt, nd\u00ebrsa projekti Kujdesi Sh\u00ebndet\u00ebsor i Qassh\u00ebm dhe Cil\u00ebsor (AQH) prezantoi gjetjet e nj\u00eb studimi q\u00eb monitoron s\u00ebmundje si diabeti dhe hipertensioni, me synim forcimin e parandalimit dhe p\u00ebrmir\u00ebsimin e kujdesit.<\/p><p style=\"font-weight: 400;\">\u201cKujdesi i integruar me n\u00eb fokus personin synon t\u00eb ofroj\u00eb qasje m\u00eb gjith\u00ebp\u00ebrfshir\u00ebse, t\u00eb p\u00ebrshtatur sipas nevojave p\u00ebr t\u00eb nd\u00ebrtuar ura mes aktor\u00ebve t\u00eb ndrysh\u00ebm n\u00eb sistem,\u201d tha Jana Gerold, udh\u00ebheq\u00ebse projekti n\u00eb Swiss TPH dhe an\u00ebtare e komitetit organizues t\u00eb simpoziumit.<\/p><p style=\"font-weight: 400;\">Nj\u00eb moment i ve\u00e7ant\u00eb i ngjarjes ishte hapja e ekspozit\u00ebs \u201cObjekte t\u00eb p\u00ebrditshm\u00ebris\u00eb: Jeta me s\u00ebmundje kronike\u201d, e cila solli rr\u00ebfime personale t\u00eb pacient\u00ebve dhe familjeve nga Kosova, Moldavia, Zvicra dhe Ukraina. P\u00ebrmes objekteve t\u00eb zakonshme, si nj\u00eb laps, nj\u00eb aparat mat\u00ebs i sheqerit n\u00eb gjak apo nj\u00eb fotografi familjare, ekspozita hodhi drit\u00eb mbi p\u00ebrvojat shpesh t\u00eb padukshme t\u00eb jet\u00ebs me s\u00ebmundje kronike. Ekspozita virtuale mund t\u00eb shfletohet k\u00ebtu:\u00a0<a href=\"https:\/\/www.instagram.com\/chroniccareobjects\/\" data-saferedirecturl=\"https:\/\/www.google.com\/url?q=https:\/\/www.instagram.com\/chroniccareobjects\/&amp;source=gmail&amp;ust=1756980580021000&amp;usg=AOvVaw2BuzvMJAFuAczEawsRP3Xs\">https:\/\/www.instagram.com\/chroniccareobjects\/<\/a><\/p>\t\t\t\t\t\t<\/div>\n\t\t\t\t<\/div>\n\t\t\t\t\t<\/div>\n\t\t\t\t<\/div>\n\t\t\t\t<\/div>","protected":false},"excerpt":{"rendered":"<p>Kosovo Showcased at Integrated People-Centred Care Symposium in Switzerland Prishtina, 3 September 2025 \u2013 Kosovo participated in international discussions on the challenges of chronic diseases and new approaches to organizing healthcare. These discussions were part of the symposium \u201cIntegrated People-Centred Care\u201d, held on 2 September in Basel, Switzerland. The symposium, organized by the Swiss Tropical [&hellip;]<\/p>","protected":false},"author":1,"featured_media":0,"parent":0,"menu_order":0,"comment_status":"closed","ping_status":"closed","template":"","meta":[],"_links":{"self":[{"href":"https:\/\/ihsproject.org\/sq\/wp-json\/wp\/v2\/pages\/15110"}],"collection":[{"href":"https:\/\/ihsproject.org\/sq\/wp-json\/wp\/v2\/pages"}],"about":[{"href":"https:\/\/ihsproject.org\/sq\/wp-json\/wp\/v2\/types\/page"}],"author":[{"embeddable":true,"href":"https:\/\/ihsproject.org\/sq\/wp-json\/wp\/v2\/users\/1"}],"replies":[{"embeddable":true,"href":"https:\/\/ihsproject.org\/sq\/wp-json\/wp\/v2\/comments?post=15110"}],"version-history":[{"count":7,"href":"https:\/\/ihsproject.org\/sq\/wp-json\/wp\/v2\/pages\/15110\/revisions"}],"predecessor-version":[{"id":15121,"href":"https:\/\/ihsproject.org\/sq\/wp-json\/wp\/v2\/pages\/15110\/revisions\/15121"}],"wp:attachment":[{"href":"https:\/\/ihsproject.org\/sq\/wp-json\/wp\/v2\/media?parent=15110"}],"curies":[{"name":"wp","href":"https:\/\/api.w.org\/{rel}","templated":true}]}}