{"id":15098,"date":"2025-08-29T09:25:15","date_gmt":"2025-08-29T09:25:15","guid":{"rendered":"https:\/\/ihsproject.org\/?page_id=15098"},"modified":"2025-08-29T09:26:59","modified_gmt":"2025-08-29T09:26:59","slug":"august-29-2025","status":"publish","type":"page","link":"https:\/\/ihsproject.org\/sq\/august-29-2025\/","title":{"rendered":"Gusht 29, 2025"},"content":{"rendered":"<div data-elementor-type=\"wp-page\" data-elementor-id=\"15098\" class=\"elementor elementor-15098\">\n\t\t\t\t<div class=\"elementor-element elementor-element-6c026b7 e-flex e-con-boxed e-con e-parent\" data-id=\"6c026b7\" data-element_type=\"container\" data-core-v316-plus=\"true\">\n\t\t\t\t\t<div class=\"e-con-inner\">\n\t\t\t\t<div class=\"elementor-element elementor-element-d9265b9 elementor-widget elementor-widget-image\" data-id=\"d9265b9\" data-element_type=\"widget\" data-widget_type=\"image.default\">\n\t\t\t\t<div class=\"elementor-widget-container\">\n\t\t\t\t\t\t\t\t\t\t\t\t\t<img fetchpriority=\"high\" decoding=\"async\" width=\"1600\" height=\"900\" src=\"https:\/\/ihsproject.org\/wp-content\/uploads\/2025\/08\/Starting-a-Kosovo-Wide-Media-Literacy-for-Health-Workshops-.jpg\" class=\"attachment-full size-full wp-image-15097\" alt=\"\" srcset=\"https:\/\/ihsproject.org\/wp-content\/uploads\/2025\/08\/Starting-a-Kosovo-Wide-Media-Literacy-for-Health-Workshops-.jpg 1600w, https:\/\/ihsproject.org\/wp-content\/uploads\/2025\/08\/Starting-a-Kosovo-Wide-Media-Literacy-for-Health-Workshops--300x169.jpg 300w, https:\/\/ihsproject.org\/wp-content\/uploads\/2025\/08\/Starting-a-Kosovo-Wide-Media-Literacy-for-Health-Workshops--1024x576.jpg 1024w, https:\/\/ihsproject.org\/wp-content\/uploads\/2025\/08\/Starting-a-Kosovo-Wide-Media-Literacy-for-Health-Workshops--768x432.jpg 768w, https:\/\/ihsproject.org\/wp-content\/uploads\/2025\/08\/Starting-a-Kosovo-Wide-Media-Literacy-for-Health-Workshops--1536x864.jpg 1536w, https:\/\/ihsproject.org\/wp-content\/uploads\/2025\/08\/Starting-a-Kosovo-Wide-Media-Literacy-for-Health-Workshops--18x10.jpg 18w\" sizes=\"(max-width: 1600px) 100vw, 1600px\" \/>\t\t\t\t\t\t\t\t\t\t\t\t\t<\/div>\n\t\t\t\t<\/div>\n\t\t\t\t\t<\/div>\n\t\t\t\t<\/div>\n\t\t<div class=\"elementor-element elementor-element-fd1d484 e-flex e-con-boxed e-con e-parent\" data-id=\"fd1d484\" data-element_type=\"container\" data-core-v316-plus=\"true\">\n\t\t\t\t\t<div class=\"e-con-inner\">\n\t\t\t\t<div class=\"elementor-element elementor-element-511ecb5 elementor-widget elementor-widget-heading\" data-id=\"511ecb5\" data-element_type=\"widget\" data-widget_type=\"heading.default\">\n\t\t\t\t<div class=\"elementor-widget-container\">\n\t\t\t<h2 class=\"elementor-heading-title elementor-size-default\">Filluam pun\u00ebtorit\u00eb mbi edukimin mediatik p\u00ebr sh\u00ebndet\u00ebsi n\u00eb mbar\u00eb Kosov\u00ebn<\/h2>\t\t<\/div>\n\t\t\t\t<\/div>\n\t\t\t\t<div class=\"elementor-element elementor-element-56f70ff elementor-widget elementor-widget-text-editor\" data-id=\"56f70ff\" data-element_type=\"widget\" data-widget_type=\"text-editor.default\">\n\t\t\t\t<div class=\"elementor-widget-container\">\n\t\t\t\t\t\t\t<p style=\"font-weight: 400;\">M\u00eb 27.08.2025, Peja organizoi pun\u00ebtorin\u00eb e par\u00eb nga nj\u00eb seri prej shtat\u00eb pun\u00ebtorish q\u00eb synojn\u00eb forcimin e aft\u00ebsive t\u00eb edukimit mediatik p\u00ebr sh\u00ebndet\u00ebsi. I organizuar nga Projekti IHS, sesioni mblodhi p\u00ebrfaq\u00ebsues t\u00eb organizatave t\u00eb shoq\u00ebris\u00eb civile nga Peja, Klina dhe Istogu, s\u00eb bashku me profesionist\u00eb t\u00eb sektorit t\u00eb sh\u00ebndet\u00ebsis\u00eb dhe mediat lokale.<\/p><p style=\"font-weight: 400;\">Pun\u00ebtoria trajtoi sfid\u00ebn n\u00eb rritje t\u00eb keqinformimit sh\u00ebndet\u00ebsor, i cili prek sidoos popullatat e cenueshme si t\u00eb moshuarit, t\u00eb rinjt\u00eb dhe personat q\u00eb jetojn\u00eb me s\u00ebmundje kronike. Pjes\u00ebmarr\u00ebsit eksploruan dallimin midis keqinformimit dhe dezinformimit, shqyrtuan se si informacioni i rrem\u00eb d\u00ebmton besimin n\u00eb sistemet e kujdesit sh\u00ebndet\u00ebsor dhe praktikuan vler\u00ebsimin e p\u00ebrmbajtjes sh\u00ebndet\u00ebsore online.<\/p><p style=\"font-weight: 400;\">Ushtrimet interaktive u p\u00ebrqendruan n\u00eb analizimin e postimeve n\u00eb mediat sociale, identifikimin e manipulimit emocional dhe testimin e besueshm\u00ebris\u00eb s\u00eb burimeve. Pjes\u00ebmarr\u00ebsit diskutuan edhe se si algoritmet digjitale form\u00ebsojn\u00eb perceptimet publike p\u00ebr sh\u00ebndetin.<\/p><p style=\"font-weight: 400;\">Nisma do t\u00eb vazhdoj\u00eb n\u00eb t\u00eb gjitha rajonet e tjera t\u00eb Kosov\u00ebs n\u00eb muajt n\u00eb vijim.<\/p>\t\t\t\t\t\t<\/div>\n\t\t\t\t<\/div>\n\t\t\t\t\t<\/div>\n\t\t\t\t<\/div>\n\t\t\t\t<\/div>","protected":false},"excerpt":{"rendered":"<p>Starting a Kosovo-Wide Media Literacy for Health Workshops On 27. 08. 2025, Peja hosted the first in a series of seven workshops aimed at strengthening media literacy skills for health. Organized by the IHS Project, the session gathered representatives of civil society organizations from Peja, Klina, and Istog, alongside health sector professionals and local media. [&hellip;]<\/p>","protected":false},"author":1,"featured_media":0,"parent":0,"menu_order":0,"comment_status":"closed","ping_status":"closed","template":"","meta":[],"_links":{"self":[{"href":"https:\/\/ihsproject.org\/sq\/wp-json\/wp\/v2\/pages\/15098"}],"collection":[{"href":"https:\/\/ihsproject.org\/sq\/wp-json\/wp\/v2\/pages"}],"about":[{"href":"https:\/\/ihsproject.org\/sq\/wp-json\/wp\/v2\/types\/page"}],"author":[{"embeddable":true,"href":"https:\/\/ihsproject.org\/sq\/wp-json\/wp\/v2\/users\/1"}],"replies":[{"embeddable":true,"href":"https:\/\/ihsproject.org\/sq\/wp-json\/wp\/v2\/comments?post=15098"}],"version-history":[{"count":4,"href":"https:\/\/ihsproject.org\/sq\/wp-json\/wp\/v2\/pages\/15098\/revisions"}],"predecessor-version":[{"id":15103,"href":"https:\/\/ihsproject.org\/sq\/wp-json\/wp\/v2\/pages\/15098\/revisions\/15103"}],"wp:attachment":[{"href":"https:\/\/ihsproject.org\/sq\/wp-json\/wp\/v2\/media?parent=15098"}],"curies":[{"name":"wp","href":"https:\/\/api.w.org\/{rel}","templated":true}]}}