{"id":15083,"date":"2025-08-28T14:11:02","date_gmt":"2025-08-28T14:11:02","guid":{"rendered":"https:\/\/ihsproject.org\/?page_id=15083"},"modified":"2025-08-28T14:14:14","modified_gmt":"2025-08-28T14:14:14","slug":"august-28-2025","status":"publish","type":"page","link":"https:\/\/ihsproject.org\/sq\/august-28-2025\/","title":{"rendered":"Gusht 28, 2025"},"content":{"rendered":"<div data-elementor-type=\"wp-page\" data-elementor-id=\"15083\" class=\"elementor elementor-15083\">\n\t\t\t\t<div class=\"elementor-element elementor-element-7476630 e-flex e-con-boxed e-con e-parent\" data-id=\"7476630\" data-element_type=\"container\" data-core-v316-plus=\"true\">\n\t\t\t\t\t<div class=\"e-con-inner\">\n\t\t\t\t<div class=\"elementor-element elementor-element-e6a2678 elementor-widget elementor-widget-image\" data-id=\"e6a2678\" data-element_type=\"widget\" data-widget_type=\"image.default\">\n\t\t\t\t<div class=\"elementor-widget-container\">\n\t\t\t\t\t\t\t\t\t\t\t\t\t<img fetchpriority=\"high\" decoding=\"async\" width=\"1600\" height=\"900\" src=\"https:\/\/ihsproject.org\/wp-content\/uploads\/2025\/08\/First-Meeting-of-Working-Group-to-Develop-Materials-for-World-Heart-Day-and-World-Diabetes-Day.jpg\" class=\"attachment-full size-full wp-image-15081\" alt=\"\" srcset=\"https:\/\/ihsproject.org\/wp-content\/uploads\/2025\/08\/First-Meeting-of-Working-Group-to-Develop-Materials-for-World-Heart-Day-and-World-Diabetes-Day.jpg 1600w, https:\/\/ihsproject.org\/wp-content\/uploads\/2025\/08\/First-Meeting-of-Working-Group-to-Develop-Materials-for-World-Heart-Day-and-World-Diabetes-Day-300x169.jpg 300w, https:\/\/ihsproject.org\/wp-content\/uploads\/2025\/08\/First-Meeting-of-Working-Group-to-Develop-Materials-for-World-Heart-Day-and-World-Diabetes-Day-1024x576.jpg 1024w, https:\/\/ihsproject.org\/wp-content\/uploads\/2025\/08\/First-Meeting-of-Working-Group-to-Develop-Materials-for-World-Heart-Day-and-World-Diabetes-Day-768x432.jpg 768w, https:\/\/ihsproject.org\/wp-content\/uploads\/2025\/08\/First-Meeting-of-Working-Group-to-Develop-Materials-for-World-Heart-Day-and-World-Diabetes-Day-1536x864.jpg 1536w, https:\/\/ihsproject.org\/wp-content\/uploads\/2025\/08\/First-Meeting-of-Working-Group-to-Develop-Materials-for-World-Heart-Day-and-World-Diabetes-Day-18x10.jpg 18w\" sizes=\"(max-width: 1600px) 100vw, 1600px\" \/>\t\t\t\t\t\t\t\t\t\t\t\t\t<\/div>\n\t\t\t\t<\/div>\n\t\t\t\t\t<\/div>\n\t\t\t\t<\/div>\n\t\t<div class=\"elementor-element elementor-element-1f5e7b3 e-flex e-con-boxed e-con e-parent\" data-id=\"1f5e7b3\" data-element_type=\"container\" data-core-v316-plus=\"true\">\n\t\t\t\t\t<div class=\"e-con-inner\">\n\t\t\t\t<div class=\"elementor-element elementor-element-aeba0ba elementor-widget elementor-widget-heading\" data-id=\"aeba0ba\" data-element_type=\"widget\" data-widget_type=\"heading.default\">\n\t\t\t\t<div class=\"elementor-widget-container\">\n\t\t\t<h2 class=\"elementor-heading-title elementor-size-default\">Takimi i par\u00eb i Grupit Punues p\u00ebr Hartimin e Materialeve p\u00ebr Dit\u00ebn Bot\u00ebrore t\u00eb Zemr\u00ebs dhe Dit\u00ebn Bot\u00ebrore t\u00eb Diabetit<\/h2>\t\t<\/div>\n\t\t\t\t<\/div>\n\t\t\t\t<div class=\"elementor-element elementor-element-79d02b9 elementor-widget elementor-widget-text-editor\" data-id=\"79d02b9\" data-element_type=\"widget\" data-widget_type=\"text-editor.default\">\n\t\t\t\t<div class=\"elementor-widget-container\">\n\t\t\t\t\t\t\t<p style=\"font-weight: 400;\">M\u00eb 28 gusht 2025, nj\u00eb grup i ri punues i em\u00ebruar nga Ministria e Sh\u00ebndet\u00ebsis\u00eb u takua n\u00eb Institutin Komb\u00ebtar t\u00eb Sh\u00ebndet\u00ebsis\u00eb Publike (IKShP) p\u00ebr t\u00eb filluar p\u00ebrgatitjet p\u00ebr fushatat sensibilizuese t\u00eb k\u00ebtij viti p\u00ebr Dit\u00ebn Bot\u00ebrore t\u00eb Zemr\u00ebs dhe Dit\u00ebn Bot\u00ebrore t\u00eb Diabetit.<\/p><p style=\"font-weight: 400;\">Grupi p\u00ebrfshin ekspert\u00eb nga IKShP, Ministria e Sh\u00ebndet\u00ebsis\u00eb (MSh), projektet Sh\u00ebrbimet Sh\u00ebndet\u00ebsore t\u00eb Integruara (IHS) dhe Kujdesi Sh\u00ebndet\u00ebsor i Qassh\u00ebm dhe Cil\u00ebsor (AQH). N\u00eb takimin e par\u00eb, an\u00ebtar\u00ebt hartuan planin e veprimit p\u00ebr krijimin e materialeve promovuese dhe edukative me q\u00ebllim rritjen e vet\u00ebdijes publike p\u00ebr sh\u00ebndetin kardiovaskular dhe parandalimin e diabetit.<\/p><p style=\"font-weight: 400;\">Diskutimet u p\u00ebrqendruan n\u00eb p\u00ebrcaktimin e temave kryesore, formateve t\u00eb p\u00ebrmbajtjes dhe mekanizmave t\u00eb koordinimit p\u00ebr t\u00eb siguruar nj\u00eb ndikim sa m\u00eb t\u00eb madh. K\u00ebto materiale do t\u00eb sh\u00ebrbejn\u00eb p\u00ebr t\u00eb edukuar dhe fuqizuar komunitetet q\u00eb t\u00eb nd\u00ebrmarrin veprime parandaluese kund\u00ebr dy prej s\u00ebmundjeve kronike m\u00eb t\u00eb p\u00ebrhapura n\u00eb bot\u00eb.<\/p><p style=\"font-weight: 400;\">Kjo nism\u00eb mb\u00ebshtetet nga IHS dhe reflekton p\u00ebrkushtimin e p\u00ebrbashk\u00ebt p\u00ebr promovimin e stileve t\u00eb sh\u00ebndetshme t\u00eb jetes\u00ebs dhe p\u00ebrmir\u00ebsimin e rezultateve n\u00eb sh\u00ebndetin publik n\u00eb mbar\u00eb vendin.<\/p>\t\t\t\t\t\t<\/div>\n\t\t\t\t<\/div>\n\t\t\t\t\t<\/div>\n\t\t\t\t<\/div>\n\t\t\t\t<\/div>","protected":false},"excerpt":{"rendered":"<p>First Meeting of Working Group to Develop Materials for World Heart Day and World Diabetes Day On 28 August 2025, a newly appointed working group by the Ministry of Health convened at the National Institute of Public Health (NIPH) to begin preparations for this year\u2019s World Heart Day and World Diabetes Day awareness raising. The [&hellip;]<\/p>","protected":false},"author":1,"featured_media":0,"parent":0,"menu_order":0,"comment_status":"closed","ping_status":"closed","template":"","meta":[],"_links":{"self":[{"href":"https:\/\/ihsproject.org\/sq\/wp-json\/wp\/v2\/pages\/15083"}],"collection":[{"href":"https:\/\/ihsproject.org\/sq\/wp-json\/wp\/v2\/pages"}],"about":[{"href":"https:\/\/ihsproject.org\/sq\/wp-json\/wp\/v2\/types\/page"}],"author":[{"embeddable":true,"href":"https:\/\/ihsproject.org\/sq\/wp-json\/wp\/v2\/users\/1"}],"replies":[{"embeddable":true,"href":"https:\/\/ihsproject.org\/sq\/wp-json\/wp\/v2\/comments?post=15083"}],"version-history":[{"count":4,"href":"https:\/\/ihsproject.org\/sq\/wp-json\/wp\/v2\/pages\/15083\/revisions"}],"predecessor-version":[{"id":15089,"href":"https:\/\/ihsproject.org\/sq\/wp-json\/wp\/v2\/pages\/15083\/revisions\/15089"}],"wp:attachment":[{"href":"https:\/\/ihsproject.org\/sq\/wp-json\/wp\/v2\/media?parent=15083"}],"curies":[{"name":"wp","href":"https:\/\/api.w.org\/{rel}","templated":true}]}}