{"id":15065,"date":"2025-08-27T14:30:34","date_gmt":"2025-08-27T14:30:34","guid":{"rendered":"https:\/\/ihsproject.org\/?page_id=15065"},"modified":"2025-08-27T14:32:10","modified_gmt":"2025-08-27T14:32:10","slug":"august-27-2025","status":"publish","type":"page","link":"https:\/\/ihsproject.org\/sq\/august-27-2025\/","title":{"rendered":"Gusht 27, 2025"},"content":{"rendered":"<div data-elementor-type=\"wp-page\" data-elementor-id=\"15065\" class=\"elementor elementor-15065\">\n\t\t\t\t<div class=\"elementor-element elementor-element-59eab54 e-flex e-con-boxed e-con e-parent\" data-id=\"59eab54\" data-element_type=\"container\" data-core-v316-plus=\"true\">\n\t\t\t\t\t<div class=\"e-con-inner\">\n\t\t\t\t<div class=\"elementor-element elementor-element-c1ba9aa elementor-widget elementor-widget-image\" data-id=\"c1ba9aa\" data-element_type=\"widget\" data-widget_type=\"image.default\">\n\t\t\t\t<div class=\"elementor-widget-container\">\n\t\t\t\t\t\t\t\t\t\t\t\t\t<img fetchpriority=\"high\" decoding=\"async\" width=\"1600\" height=\"900\" src=\"https:\/\/ihsproject.org\/wp-content\/uploads\/2025\/08\/22Across-Generations-Living-with-Diabetes-Together-Roundtable-in-Peja.jpg\" class=\"attachment-full size-full wp-image-15063\" alt=\"\" srcset=\"https:\/\/ihsproject.org\/wp-content\/uploads\/2025\/08\/22Across-Generations-Living-with-Diabetes-Together-Roundtable-in-Peja.jpg 1600w, https:\/\/ihsproject.org\/wp-content\/uploads\/2025\/08\/22Across-Generations-Living-with-Diabetes-Together-Roundtable-in-Peja-300x169.jpg 300w, https:\/\/ihsproject.org\/wp-content\/uploads\/2025\/08\/22Across-Generations-Living-with-Diabetes-Together-Roundtable-in-Peja-1024x576.jpg 1024w, https:\/\/ihsproject.org\/wp-content\/uploads\/2025\/08\/22Across-Generations-Living-with-Diabetes-Together-Roundtable-in-Peja-768x432.jpg 768w, https:\/\/ihsproject.org\/wp-content\/uploads\/2025\/08\/22Across-Generations-Living-with-Diabetes-Together-Roundtable-in-Peja-1536x864.jpg 1536w, https:\/\/ihsproject.org\/wp-content\/uploads\/2025\/08\/22Across-Generations-Living-with-Diabetes-Together-Roundtable-in-Peja-18x10.jpg 18w\" sizes=\"(max-width: 1600px) 100vw, 1600px\" \/>\t\t\t\t\t\t\t\t\t\t\t\t\t<\/div>\n\t\t\t\t<\/div>\n\t\t\t\t\t<\/div>\n\t\t\t\t<\/div>\n\t\t<div class=\"elementor-element elementor-element-db667f2 e-flex e-con-boxed e-con e-parent\" data-id=\"db667f2\" data-element_type=\"container\" data-core-v316-plus=\"true\">\n\t\t\t\t\t<div class=\"e-con-inner\">\n\t\t\t\t<div class=\"elementor-element elementor-element-8b7bf5b elementor-widget elementor-widget-heading\" data-id=\"8b7bf5b\" data-element_type=\"widget\" data-widget_type=\"heading.default\">\n\t\t\t\t<div class=\"elementor-widget-container\">\n\t\t\t<h2 class=\"elementor-heading-title elementor-size-default\">Tryez\u00eb e rrumbullak\u00ebt \u201cP\u00ebrtej brezave, t\u00eb jetosh me diabet, s\u00eb bashku\u201d n\u00eb Pej\u00eb<\/h2>\t\t<\/div>\n\t\t\t\t<\/div>\n\t\t\t\t<div class=\"elementor-element elementor-element-56bd500 elementor-widget elementor-widget-text-editor\" data-id=\"56bd500\" data-element_type=\"widget\" data-widget_type=\"text-editor.default\">\n\t\t\t\t<div class=\"elementor-widget-container\">\n\t\t\t\t\t\t\t<p style=\"font-weight: 400;\">M\u00eb 26 gusht 2025, t\u00eb prekurit nga diabeti dhe profesionist\u00ebt sh\u00ebndet\u00ebsor\u00eb nga Peja u takuan n\u00eb nj\u00eb tryez\u00eb t\u00eb rrumbullak\u00ebt t\u00eb stilit \u201cbiblioteka njer\u00ebzore\u201d me titull \u201cP\u00ebrtej brezave: T\u00eb jetosh me diabet, s\u00eb bashku\u201d p\u00ebr t\u00eb ndar\u00eb p\u00ebrvoja dhe p\u00ebr t\u00eb bashk\u00ebkrijuar zgjidhje p\u00ebr kujdes m\u00eb t\u00eb mir\u00eb.<\/p><p style=\"font-weight: 400;\">Ngjarja b\u00ebri bashk\u00eb 10 pacient\u00eb, ku pes\u00eb prej tyre ishin mbi 65 vje\u00e7 dhe pes\u00eb ishin midis mosh\u00ebs 18 dhe 35 vje\u00e7, s\u00eb bashku me p\u00ebrfaq\u00ebsues t\u00eb institucioneve lokale sh\u00ebndet\u00ebsore. P\u00ebrmes rr\u00ebfimit t\u00eb historive, pacient\u00ebt p\u00ebrshkruan rrug\u00ebtimet e tyre, sfidat e p\u00ebrditshme dhe shpresat, duke treguar d\u00ebshmi t\u00eb q\u00ebndrueshm\u00ebris\u00eb.<\/p><p style=\"font-weight: 400;\">\u201cDiabeti \u00ebsht\u00eb gjuha jon\u00eb e p\u00ebrbashk\u00ebt\u201d, u shpreh\u00ebn pjes\u00ebmarr\u00ebsit, nd\u00ebrsa pacient\u00ebt dhe profesionist\u00ebt eksploruan qasjet dhe ndan\u00eb informacione p\u00ebr ta p\u00ebrmir\u00ebsuar edukimin dhe qasjen n\u00eb sh\u00ebrbime.<\/p><p style=\"font-weight: 400;\">E ftuara speciale e ngjarjes, Lisa Mehmeti, e diagnostikuar me diabet t\u00eb tipit 1 n\u00eb mosh\u00eb shum\u00eb t\u00eb re dhe tani themeluese e organizat\u00ebs avokuese Tip1Omel, theksoi nevoj\u00ebn p\u00ebr avokim t\u00eb p\u00ebrbashk\u00ebt: \u201cVet\u00ebm s\u00eb bashku mund t\u00eb sigurojm\u00eb mb\u00ebshtetje institucionale dhe ta thyejm\u00eb stigm\u00ebn q\u00eb ende e rrethon diabetin\u201d.<\/p><p style=\"font-weight: 400;\">Profesionist\u00ebt sh\u00ebndet\u00ebsor\u00eb theksuan diagnostikimin e hersh\u00ebm, vet\u00ebmenaxhimin nga pacient\u00ebt dhe rolin e bashk\u00ebpunimit t\u00eb mir\u00eb midis pacient\u00ebve dhe ofruesve t\u00eb kujdesit sh\u00ebndet\u00ebsor, nd\u00ebrsa pacient\u00ebt ndan\u00eb barr\u00ebn emocionale, fizike dhe financiare q\u00eb e bartin.<\/p><p style=\"font-weight: 400;\">Projekti IHS theksoi se nisma \u00ebsht\u00eb pjes\u00eb e p\u00ebrpjekjeve t\u00eb vazhdueshme p\u00ebr ta forcuar dialogun midis pacient\u00ebve, kujdestar\u00ebve dhe institucioneve duke siguruar q\u00eb zgjidhjet jo vet\u00ebm t'i p\u00ebrshtaten pacient\u00ebve, por q\u00eb kjo gj\u00eb t\u00eb arrihet bashk\u00eb me ta.<\/p>\t\t\t\t\t\t<\/div>\n\t\t\t\t<\/div>\n\t\t\t\t\t<\/div>\n\t\t\t\t<\/div>\n\t\t\t\t<\/div>","protected":false},"excerpt":{"rendered":"<p>\u201cAcross Generations, Living with Diabetes, Together\u201d Roundtable in Peja On 26 August 2025 patients with diabetes and health professionals from Peja met in a \u201chuman library-style\u201d roundtable \u201cAcross Generations: Living with Diabetes, Together\u201d to share experiences and co-create solutions for better care. The event brought together 10 patients, five aged over 65 and five aged [&hellip;]<\/p>","protected":false},"author":1,"featured_media":0,"parent":0,"menu_order":0,"comment_status":"closed","ping_status":"closed","template":"","meta":[],"_links":{"self":[{"href":"https:\/\/ihsproject.org\/sq\/wp-json\/wp\/v2\/pages\/15065"}],"collection":[{"href":"https:\/\/ihsproject.org\/sq\/wp-json\/wp\/v2\/pages"}],"about":[{"href":"https:\/\/ihsproject.org\/sq\/wp-json\/wp\/v2\/types\/page"}],"author":[{"embeddable":true,"href":"https:\/\/ihsproject.org\/sq\/wp-json\/wp\/v2\/users\/1"}],"replies":[{"embeddable":true,"href":"https:\/\/ihsproject.org\/sq\/wp-json\/wp\/v2\/comments?post=15065"}],"version-history":[{"count":4,"href":"https:\/\/ihsproject.org\/sq\/wp-json\/wp\/v2\/pages\/15065\/revisions"}],"predecessor-version":[{"id":15070,"href":"https:\/\/ihsproject.org\/sq\/wp-json\/wp\/v2\/pages\/15065\/revisions\/15070"}],"wp:attachment":[{"href":"https:\/\/ihsproject.org\/sq\/wp-json\/wp\/v2\/media?parent=15065"}],"curies":[{"name":"wp","href":"https:\/\/api.w.org\/{rel}","templated":true}]}}