{"id":15049,"date":"2025-08-25T11:42:20","date_gmt":"2025-08-25T11:42:20","guid":{"rendered":"https:\/\/ihsproject.org\/?page_id=15049"},"modified":"2025-08-25T11:44:09","modified_gmt":"2025-08-25T11:44:09","slug":"august-25-2025","status":"publish","type":"page","link":"https:\/\/ihsproject.org\/sq\/august-25-2025\/","title":{"rendered":"Gusht 25, 2025"},"content":{"rendered":"<div data-elementor-type=\"wp-page\" data-elementor-id=\"15049\" class=\"elementor elementor-15049\">\n\t\t\t\t<div class=\"elementor-element elementor-element-670cb51 e-flex e-con-boxed e-con e-parent\" data-id=\"670cb51\" data-element_type=\"container\" data-core-v316-plus=\"true\">\n\t\t\t\t\t<div class=\"e-con-inner\">\n\t\t\t\t<div class=\"elementor-element elementor-element-4c7fa2c elementor-widget elementor-widget-image\" data-id=\"4c7fa2c\" data-element_type=\"widget\" data-widget_type=\"image.default\">\n\t\t\t\t<div class=\"elementor-widget-container\">\n\t\t\t\t\t\t\t\t\t\t\t\t\t<img fetchpriority=\"high\" decoding=\"async\" width=\"1600\" height=\"900\" src=\"https:\/\/ihsproject.org\/wp-content\/uploads\/2025\/08\/Swiss-TPH-Organizes-Integrated-People-Centred-Care-Symposium.jpg\" class=\"attachment-full size-full wp-image-15048\" alt=\"\" srcset=\"https:\/\/ihsproject.org\/wp-content\/uploads\/2025\/08\/Swiss-TPH-Organizes-Integrated-People-Centred-Care-Symposium.jpg 1600w, https:\/\/ihsproject.org\/wp-content\/uploads\/2025\/08\/Swiss-TPH-Organizes-Integrated-People-Centred-Care-Symposium-300x169.jpg 300w, https:\/\/ihsproject.org\/wp-content\/uploads\/2025\/08\/Swiss-TPH-Organizes-Integrated-People-Centred-Care-Symposium-1024x576.jpg 1024w, https:\/\/ihsproject.org\/wp-content\/uploads\/2025\/08\/Swiss-TPH-Organizes-Integrated-People-Centred-Care-Symposium-768x432.jpg 768w, https:\/\/ihsproject.org\/wp-content\/uploads\/2025\/08\/Swiss-TPH-Organizes-Integrated-People-Centred-Care-Symposium-1536x864.jpg 1536w, https:\/\/ihsproject.org\/wp-content\/uploads\/2025\/08\/Swiss-TPH-Organizes-Integrated-People-Centred-Care-Symposium-18x10.jpg 18w\" sizes=\"(max-width: 1600px) 100vw, 1600px\" \/>\t\t\t\t\t\t\t\t\t\t\t\t\t<\/div>\n\t\t\t\t<\/div>\n\t\t\t\t\t<\/div>\n\t\t\t\t<\/div>\n\t\t<div class=\"elementor-element elementor-element-fbf00fa e-flex e-con-boxed e-con e-parent\" data-id=\"fbf00fa\" data-element_type=\"container\" data-core-v316-plus=\"true\">\n\t\t\t\t\t<div class=\"e-con-inner\">\n\t\t\t\t<div class=\"elementor-element elementor-element-60666df elementor-widget elementor-widget-heading\" data-id=\"60666df\" data-element_type=\"widget\" data-widget_type=\"heading.default\">\n\t\t\t\t<div class=\"elementor-widget-container\">\n\t\t\t<h2 class=\"elementor-heading-title elementor-size-default\">Swiss TPH organizon Simpoziumin e Kujdesit t\u00eb Integruar me n\u00eb qend\u00ebr njer\u00ebzit<\/h2>\t\t<\/div>\n\t\t\t\t<\/div>\n\t\t\t\t<div class=\"elementor-element elementor-element-887bd42 elementor-widget elementor-widget-text-editor\" data-id=\"887bd42\" data-element_type=\"widget\" data-widget_type=\"text-editor.default\">\n\t\t\t\t<div class=\"elementor-widget-container\">\n\t\t\t\t\t\t\t<p style=\"font-weight: 400;\">M\u00eb 2 shtator 2025, Instituti Zviceran i Sh\u00ebndetit Publik dhe Mjek\u00ebsis\u00eb Tropikale (Swiss TPH) do t\u00eb organizoj\u00eb nj\u00eb simpozium nd\u00ebrkomb\u00ebtar mbi Kujdesin e Integruar me n\u00eb qend\u00ebr njer\u00ebzit (IPCC). Simpoziumi sjell ekspert\u00eb nga akademia, kujdesi sh\u00ebndet\u00ebsor, administrata publike dhe sektori privat dhe do t\u00eb p\u00ebrqendrohet n\u00eb m\u00ebnyr\u00ebn e p\u00ebrmir\u00ebsimit t\u00eb kujdesit ndaj pacientit dhe rezultateve t\u00eb trajtimit p\u00ebrmes qasjeve m\u00eb t\u00eb koordinuara dhe inovative.<\/p><p style=\"font-weight: 400;\">Me popullsin\u00eb n\u00eb plakje dhe barr\u00ebn n\u00eb rritje t\u00eb s\u00ebmundjeve kronike, sistemet sh\u00ebndet\u00ebsore dhe sociale n\u00eb Kosov\u00eb, ashtu si n\u00eb t\u00eb gjith\u00eb bot\u00ebn, p\u00ebrballen me presion n\u00eb rritje. Simpoziumi do t\u00eb shqyrtoj\u00eb m\u00ebnyrat p\u00ebr t\u00eb kap\u00ebrcyer hendeqet midis kujdesit sh\u00ebndet\u00ebsor dhe atij social, duke theksuar strategjit\u00eb q\u00eb sigurojn\u00eb q\u00eb pacient\u00ebt dhe familjet t\u00eb marrin mb\u00ebshtetje q\u00eb nuk \u00ebsht\u00eb vet\u00ebm efektive, por edhe e barabart\u00eb.<\/p><p style=\"font-weight: 400;\">Diskutimet do t\u00eb eksplorojn\u00eb modelet e integruara p\u00ebr menaxhimin e s\u00ebmundjeve kronike, p\u00ebrdorimin e mjeteve digjitale p\u00ebr t\u00eb forcuar koordinimin dhe perspektivat e pacient\u00ebve dhe ofruesve t\u00eb sh\u00ebrbimeve mbi p\u00ebrvojat e tyre t\u00eb kujdesit. Programi p\u00ebrfshin seanca plenare, diskutime paralele mbi menaxhimin e t\u00eb dh\u00ebnave, hulumtimin dhe politikat dhe p\u00ebrbyllet me reflektime nga p\u00ebrfaq\u00ebsuesit e sistemit sh\u00ebndet\u00ebsor.<\/p><p style=\"font-weight: 400;\">Eventi zhvillohet m\u00eb 2 shtator 2025 n\u00eb nj\u00eb format hibrid t\u00eb organizuar nga Swiss TPH. M\u00eb shum\u00eb detaje, p\u00ebrfshir\u00eb programin e plot\u00eb dhe informacionin e regjistrimit, mund t\u2019i gjeni k\u00ebtu:\u00a0<a href=\"https:\/\/l.facebook.com\/l.php?u=https%3A%2F%2Fwww.swisstph.ch%2Fen%2Fabout%2Fevents%2Fipcc-symposium-2025%3Ffbclid%3DIwZXh0bgNhZW0CMTAAYnJpZBExeVFmd3FvSVdkWjIzNTZ5VwEejKI0l0_wfU4Y3ftGdaJnhg2kNHwxAY8O4Bscye5F6q65CeCVr1mYzM6AxyQ_aem_6ZH1wgt6lo2-hbgvfwCeoA&amp;h=AT3DGODctk52zbamp0JRA4FGcmxkPFDF3XiPkh5wUSPPoybjvQQrCCUjw4B4_QVDyXFDvPXnXfTyh6sLv_MUkH4OP0oUJr3FGzWCUJ4Sse9NBhcg6kobk3tbDKiKzPLTqLTTWmgw4Z_gFg&amp;__tn__=-UK-R&amp;c%5b0%5d=AT1bPQLjl1BvMo5kNnyA88JG-IH_A31kQK8oOhbE4GZ5TW_Eipui-QflURcEzGEiBdrqtMQZUAF2DVgSNn8LCEhqvHKx5UaLv46tBDFGNVkhrTyhixOHLO0nqkR7g9F-hXfJ6sg9nHNK7zS27rpicMREtZttcLoq97AoxYjQfB7Cf7LBrC6ZYnOxh4QnrCvArJ3SLo-VmaK7NnmT\" data-saferedirecturl=\"https:\/\/www.google.com\/url?q=https:\/\/l.facebook.com\/l.php?u%3Dhttps%253A%252F%252Fwww.swisstph.ch%252Fen%252Fabout%252Fevents%252Fipcc-symposium-2025%253Ffbclid%253DIwZXh0bgNhZW0CMTAAYnJpZBExeVFmd3FvSVdkWjIzNTZ5VwEejKI0l0_wfU4Y3ftGdaJnhg2kNHwxAY8O4Bscye5F6q65CeCVr1mYzM6AxyQ_aem_6ZH1wgt6lo2-hbgvfwCeoA%26h%3DAT3DGODctk52zbamp0JRA4FGcmxkPFDF3XiPkh5wUSPPoybjvQQrCCUjw4B4_QVDyXFDvPXnXfTyh6sLv_MUkH4OP0oUJr3FGzWCUJ4Sse9NBhcg6kobk3tbDKiKzPLTqLTTWmgw4Z_gFg%26__tn__%3D-UK-R%26c%255b0%255d%3DAT1bPQLjl1BvMo5kNnyA88JG-IH_A31kQK8oOhbE4GZ5TW_Eipui-QflURcEzGEiBdrqtMQZUAF2DVgSNn8LCEhqvHKx5UaLv46tBDFGNVkhrTyhixOHLO0nqkR7g9F-hXfJ6sg9nHNK7zS27rpicMREtZttcLoq97AoxYjQfB7Cf7LBrC6ZYnOxh4QnrCvArJ3SLo-VmaK7NnmT&amp;source=gmail&amp;ust=1756207743402000&amp;usg=AOvVaw0-tdEz_bXNmjp8uxiLIB3c\">https:\/\/www.swisstph.ch\/en\/about\/events\/ipcc-symposium-2025<\/a><\/p>\t\t\t\t\t\t<\/div>\n\t\t\t\t<\/div>\n\t\t\t\t\t<\/div>\n\t\t\t\t<\/div>\n\t\t\t\t<\/div>","protected":false},"excerpt":{"rendered":"<p>Swiss TPH Organizes Integrated People-Centred Care Symposium On 2 September 2025, the Swiss Tropical and Public Health Institute (Swiss TPH) will host an international symposium on Integrated People-Centred Care (IPCC). The symposium brings together experts from academia, healthcare, public administration, and the private sector and will focus on how to improve patient care and treatment [&hellip;]<\/p>","protected":false},"author":1,"featured_media":0,"parent":0,"menu_order":0,"comment_status":"closed","ping_status":"closed","template":"","meta":[],"_links":{"self":[{"href":"https:\/\/ihsproject.org\/sq\/wp-json\/wp\/v2\/pages\/15049"}],"collection":[{"href":"https:\/\/ihsproject.org\/sq\/wp-json\/wp\/v2\/pages"}],"about":[{"href":"https:\/\/ihsproject.org\/sq\/wp-json\/wp\/v2\/types\/page"}],"author":[{"embeddable":true,"href":"https:\/\/ihsproject.org\/sq\/wp-json\/wp\/v2\/users\/1"}],"replies":[{"embeddable":true,"href":"https:\/\/ihsproject.org\/sq\/wp-json\/wp\/v2\/comments?post=15049"}],"version-history":[{"count":4,"href":"https:\/\/ihsproject.org\/sq\/wp-json\/wp\/v2\/pages\/15049\/revisions"}],"predecessor-version":[{"id":15054,"href":"https:\/\/ihsproject.org\/sq\/wp-json\/wp\/v2\/pages\/15049\/revisions\/15054"}],"wp:attachment":[{"href":"https:\/\/ihsproject.org\/sq\/wp-json\/wp\/v2\/media?parent=15049"}],"curies":[{"name":"wp","href":"https:\/\/api.w.org\/{rel}","templated":true}]}}