{"id":15018,"date":"2025-07-14T10:46:28","date_gmt":"2025-07-14T10:46:28","guid":{"rendered":"https:\/\/ihsproject.org\/?page_id=15018"},"modified":"2025-07-14T10:47:52","modified_gmt":"2025-07-14T10:47:52","slug":"july-14-2025","status":"publish","type":"page","link":"https:\/\/ihsproject.org\/sq\/july-14-2025\/","title":{"rendered":"Korrik 14, 2025"},"content":{"rendered":"<div data-elementor-type=\"wp-page\" data-elementor-id=\"15018\" class=\"elementor elementor-15018\">\n\t\t\t\t<div class=\"elementor-element elementor-element-d74db1f e-flex e-con-boxed e-con e-parent\" data-id=\"d74db1f\" data-element_type=\"container\" data-core-v316-plus=\"true\">\n\t\t\t\t\t<div class=\"e-con-inner\">\n\t\t\t\t<div class=\"elementor-element elementor-element-f8abb83 elementor-widget elementor-widget-image\" data-id=\"f8abb83\" data-element_type=\"widget\" data-widget_type=\"image.default\">\n\t\t\t\t<div class=\"elementor-widget-container\">\n\t\t\t\t\t\t\t\t\t\t\t\t\t<img fetchpriority=\"high\" decoding=\"async\" width=\"1600\" height=\"900\" src=\"https:\/\/ihsproject.org\/wp-content\/uploads\/2025\/07\/Kosovo-Healthcare-Leaders-Advance-Leadership-Skills-.jpg\" class=\"attachment-full size-full wp-image-15016\" alt=\"\" srcset=\"https:\/\/ihsproject.org\/wp-content\/uploads\/2025\/07\/Kosovo-Healthcare-Leaders-Advance-Leadership-Skills-.jpg 1600w, https:\/\/ihsproject.org\/wp-content\/uploads\/2025\/07\/Kosovo-Healthcare-Leaders-Advance-Leadership-Skills--300x169.jpg 300w, https:\/\/ihsproject.org\/wp-content\/uploads\/2025\/07\/Kosovo-Healthcare-Leaders-Advance-Leadership-Skills--1024x576.jpg 1024w, https:\/\/ihsproject.org\/wp-content\/uploads\/2025\/07\/Kosovo-Healthcare-Leaders-Advance-Leadership-Skills--768x432.jpg 768w, https:\/\/ihsproject.org\/wp-content\/uploads\/2025\/07\/Kosovo-Healthcare-Leaders-Advance-Leadership-Skills--1536x864.jpg 1536w, https:\/\/ihsproject.org\/wp-content\/uploads\/2025\/07\/Kosovo-Healthcare-Leaders-Advance-Leadership-Skills--18x10.jpg 18w\" sizes=\"(max-width: 1600px) 100vw, 1600px\" \/>\t\t\t\t\t\t\t\t\t\t\t\t\t<\/div>\n\t\t\t\t<\/div>\n\t\t\t\t\t<\/div>\n\t\t\t\t<\/div>\n\t\t<div class=\"elementor-element elementor-element-7b4d90b e-flex e-con-boxed e-con e-parent\" data-id=\"7b4d90b\" data-element_type=\"container\" data-core-v316-plus=\"true\">\n\t\t\t\t\t<div class=\"e-con-inner\">\n\t\t\t\t<div class=\"elementor-element elementor-element-d970e4f elementor-widget elementor-widget-heading\" data-id=\"d970e4f\" data-element_type=\"widget\" data-widget_type=\"heading.default\">\n\t\t\t\t<div class=\"elementor-widget-container\">\n\t\t\t<h2 class=\"elementor-heading-title elementor-size-default\">Udh\u00ebheq\u00ebsit e kujdesit sh\u00ebndet\u00ebsor n\u00eb Kosov\u00eb avancojn\u00eb aft\u00ebsit\u00eb e tyre n\u00eb lidership<\/h2>\t\t<\/div>\n\t\t\t\t<\/div>\n\t\t\t\t<div class=\"elementor-element elementor-element-be52fe3 elementor-widget elementor-widget-text-editor\" data-id=\"be52fe3\" data-element_type=\"widget\" data-widget_type=\"text-editor.default\">\n\t\t\t\t<div class=\"elementor-widget-container\">\n\t\t\t\t\t\t\t<p style=\"font-weight: 400;\">Nj\u00eb grup profesionist\u00ebsh nga t\u00eb gjitha institucionet dhe nivelet e kujdesit sh\u00ebndet\u00ebsor t\u00eb Kosov\u00ebs p\u00ebrfunduan trajnimin intensiv treditor t\u00eb Modulit t\u00eb Lidershipit, q\u00eb u zhvillua m\u00eb 8-10 korrik 2025. Ky modul \u00ebsht\u00eb pjes\u00eb e Programit t\u00eb Trajnimit n\u00eb Menaxhimin Sh\u00ebndet\u00ebsor q\u00eb \u00ebsht\u00eb n\u00eb vazhdim e sip\u00ebr. I fasilituar nga Federata Nd\u00ebrkomb\u00ebtare e Spitaleve (IHF), moduli u p\u00ebrqendrua n\u00eb forcimin e aft\u00ebsive t\u00eb lidershipit, inteligjenc\u00ebn emocionale dhe praktikat e q\u00ebndrueshme t\u00eb kujdesit sh\u00ebndet\u00ebsor.<\/p><p style=\"font-weight: 400;\">Sesionet synuan t'i fuqizonin pjes\u00ebmarr\u00ebsit me mend\u00ebsin\u00eb dhe mjetet e nevojshme p\u00ebr t\u00eb udh\u00ebhequr n\u00eb m\u00ebnyr\u00eb efektive n\u00eb nj\u00eb mjedis kujdesi sh\u00ebndet\u00ebsor q\u00eb \u00ebsht\u00eb gjithnj\u00eb e n\u00eb zhvillim, duke eksploruar modelet e lidershipit, tiparet e lider\u00ebve me ndikim, komunikimin efektiv, r\u00ebnd\u00ebsin\u00eb e inteligjenc\u00ebs emocionale n\u00eb nd\u00ebrtimin e besimit brenda ekipeve t\u00eb kujdesit sh\u00ebndet\u00ebsor, si dhe lidershipin transformues, menaxhimin e ndryshimeve dhe q\u00ebndrueshm\u00ebrin\u00eb mjedisore n\u00eb kujdesin sh\u00ebndet\u00ebsor.<\/p><p style=\"font-weight: 400;\">\u201cKy modul trajnimi ishte thelb\u00ebsor p\u00ebr zhvillimin e nj\u00eb kulture lidershipi q\u00eb frym\u00ebzon dhe motivon\u201d, tha Adelina Lenjani Osmani, p\u00ebrfaq\u00ebsuese e Ministris\u00eb s\u00eb Sh\u00ebndet\u00ebsis\u00eb s\u00eb Kosov\u00ebs. \u201cProgrami i Trajnimit p\u00ebr Menaxhimin Sh\u00ebndet\u00ebsor \u00ebsht\u00eb nd\u00ebr nismat e para pas marr\u00ebveshjes s\u00eb bashk\u00ebpunimit midis Ministris\u00eb s\u00eb Sh\u00ebndet\u00ebsis\u00eb s\u00eb Kosov\u00ebs dhe Federat\u00ebs Nd\u00ebrkomb\u00ebtare t\u00eb Spitaleve. Ministria ka caktuar nj\u00eb grup punues p\u00ebr ta mbik\u00ebqyrur Planin e Veprimit dhe nj\u00eb zhvillim i r\u00ebnd\u00ebsish\u00ebm \u00ebsht\u00eb se ky plan tani do t\u00eb monitorohet. Ministria do t\u00eb vazhdoj\u00eb bashk\u00ebpunimin n\u00eb k\u00ebt\u00eb fush\u00eb dhe un\u00eb ju fal\u00ebnderoj p\u00ebr k\u00ebt\u00eb modul, i cili shpresoj se do t\u00eb jet\u00eb i frytsh\u00ebm p\u00ebr t\u00eb gjith\u00eb\u201d.<\/p>\t\t\t\t\t\t<\/div>\n\t\t\t\t<\/div>\n\t\t\t\t\t<\/div>\n\t\t\t\t<\/div>\n\t\t\t\t<\/div>","protected":false},"excerpt":{"rendered":"<p>Kosovo Healthcare Leaders Advance Leadership Skills A group of professionals across Kosovo\u2019s healthcare institutions and levels completed a three-day intensive Leadership Module training on 8 \u2013 10 July 2025. This module is part of the ongoing Health Management Training Programme. Facilitated by the International Hospital Federation (IHF), the module focused on strengthening leadership skills, emotional [&hellip;]<\/p>","protected":false},"author":1,"featured_media":0,"parent":0,"menu_order":0,"comment_status":"closed","ping_status":"closed","template":"","meta":[],"_links":{"self":[{"href":"https:\/\/ihsproject.org\/sq\/wp-json\/wp\/v2\/pages\/15018"}],"collection":[{"href":"https:\/\/ihsproject.org\/sq\/wp-json\/wp\/v2\/pages"}],"about":[{"href":"https:\/\/ihsproject.org\/sq\/wp-json\/wp\/v2\/types\/page"}],"author":[{"embeddable":true,"href":"https:\/\/ihsproject.org\/sq\/wp-json\/wp\/v2\/users\/1"}],"replies":[{"embeddable":true,"href":"https:\/\/ihsproject.org\/sq\/wp-json\/wp\/v2\/comments?post=15018"}],"version-history":[{"count":4,"href":"https:\/\/ihsproject.org\/sq\/wp-json\/wp\/v2\/pages\/15018\/revisions"}],"predecessor-version":[{"id":15023,"href":"https:\/\/ihsproject.org\/sq\/wp-json\/wp\/v2\/pages\/15018\/revisions\/15023"}],"wp:attachment":[{"href":"https:\/\/ihsproject.org\/sq\/wp-json\/wp\/v2\/media?parent=15018"}],"curies":[{"name":"wp","href":"https:\/\/api.w.org\/{rel}","templated":true}]}}