{"id":14990,"date":"2025-06-30T16:29:59","date_gmt":"2025-06-30T16:29:59","guid":{"rendered":"https:\/\/ihsproject.org\/?page_id=14990"},"modified":"2025-06-30T16:31:44","modified_gmt":"2025-06-30T16:31:44","slug":"june-30-2025","status":"publish","type":"page","link":"https:\/\/ihsproject.org\/sq\/june-30-2025\/","title":{"rendered":"Qershor 30, 2025"},"content":{"rendered":"<div data-elementor-type=\"wp-page\" data-elementor-id=\"14990\" class=\"elementor elementor-14990\">\n\t\t\t\t<div class=\"elementor-element elementor-element-175e858 e-flex e-con-boxed e-con e-parent\" data-id=\"175e858\" data-element_type=\"container\" data-core-v316-plus=\"true\">\n\t\t\t\t\t<div class=\"e-con-inner\">\n\t\t\t\t<div class=\"elementor-element elementor-element-e9cb82f elementor-widget elementor-widget-image\" data-id=\"e9cb82f\" data-element_type=\"widget\" data-widget_type=\"image.default\">\n\t\t\t\t<div class=\"elementor-widget-container\">\n\t\t\t\t\t\t\t\t\t\t\t\t\t<img fetchpriority=\"high\" decoding=\"async\" width=\"1600\" height=\"900\" src=\"https:\/\/ihsproject.org\/wp-content\/uploads\/2025\/06\/Strategic-Data-Management-for-Decision-Making-in-Healthcare-.jpg\" class=\"attachment-full size-full wp-image-14991\" alt=\"\" srcset=\"https:\/\/ihsproject.org\/wp-content\/uploads\/2025\/06\/Strategic-Data-Management-for-Decision-Making-in-Healthcare-.jpg 1600w, https:\/\/ihsproject.org\/wp-content\/uploads\/2025\/06\/Strategic-Data-Management-for-Decision-Making-in-Healthcare--300x169.jpg 300w, https:\/\/ihsproject.org\/wp-content\/uploads\/2025\/06\/Strategic-Data-Management-for-Decision-Making-in-Healthcare--1024x576.jpg 1024w, https:\/\/ihsproject.org\/wp-content\/uploads\/2025\/06\/Strategic-Data-Management-for-Decision-Making-in-Healthcare--768x432.jpg 768w, https:\/\/ihsproject.org\/wp-content\/uploads\/2025\/06\/Strategic-Data-Management-for-Decision-Making-in-Healthcare--1536x864.jpg 1536w, https:\/\/ihsproject.org\/wp-content\/uploads\/2025\/06\/Strategic-Data-Management-for-Decision-Making-in-Healthcare--18x10.jpg 18w\" sizes=\"(max-width: 1600px) 100vw, 1600px\" \/>\t\t\t\t\t\t\t\t\t\t\t\t\t<\/div>\n\t\t\t\t<\/div>\n\t\t\t\t\t<\/div>\n\t\t\t\t<\/div>\n\t\t<div class=\"elementor-element elementor-element-48ea5fb e-flex e-con-boxed e-con e-parent\" data-id=\"48ea5fb\" data-element_type=\"container\" data-core-v316-plus=\"true\">\n\t\t\t\t\t<div class=\"e-con-inner\">\n\t\t\t\t<div class=\"elementor-element elementor-element-7379588 elementor-widget elementor-widget-heading\" data-id=\"7379588\" data-element_type=\"widget\" data-widget_type=\"heading.default\">\n\t\t\t\t<div class=\"elementor-widget-container\">\n\t\t\t<h2 class=\"elementor-heading-title elementor-size-default\">Menaxhimi strategjik i t\u00eb dh\u00ebnave p\u00ebr vendimarrje n\u00eb kujdesin sh\u00ebndet\u00ebsor<\/h2>\t\t<\/div>\n\t\t\t\t<\/div>\n\t\t\t\t<div class=\"elementor-element elementor-element-b3f7031 elementor-widget elementor-widget-text-editor\" data-id=\"b3f7031\" data-element_type=\"widget\" data-widget_type=\"text-editor.default\">\n\t\t\t\t<div class=\"elementor-widget-container\">\n\t\t\t\t\t\t\t<div dir=\"auto\"><p style=\"font-weight: 400;\">N\u00eb qershor 2025, mbi 50 profesionist\u00eb t\u00eb kujdesit sh\u00ebndet\u00ebsor nga Spitalet e P\u00ebrgjithshme t\u00eb Pej\u00ebs dhe Gjakov\u00ebs mor\u00ebn pjes\u00eb n\u00eb trajnimin e akredituar nj\u00ebditor \"Menaxhimi i t\u00eb dh\u00ebnave dhe r\u00ebnd\u00ebsia e t\u00eb dh\u00ebnave n\u00eb vendimmarrje\".<\/p><p style=\"font-weight: 400;\">Trajnimi i udh\u00ebhequr nga trajneri ekspert Liridon Gashi u p\u00ebrqendrua n\u00eb forcimin e kapaciteteve menaxheriale dhe analitike brenda institucioneve t\u00eb kujdesit sh\u00ebndet\u00ebsor. Pjes\u00ebmarr\u00ebsit eksploruan se si t\u00eb dh\u00ebnat mund t\u00eb p\u00ebrmir\u00ebsojn\u00eb cil\u00ebsin\u00eb e sh\u00ebrbimit, t\u00eb mb\u00ebshtesin menaxhimin institucional dhe t\u00eb nxisin vendime t\u00eb bazuara n\u00eb d\u00ebshmi, ve\u00e7an\u00ebrisht n\u00eb sektorin e kujdesit sh\u00ebndet\u00ebsor.<\/p><p style=\"font-weight: 400;\">Pjes\u00ebmarr\u00ebs ishin menaxher\u00eb spitalesh, shefa repartesh dhe infermier\u00eb, staf edukimi p\u00ebr pacient\u00ebt, koordinator\u00eb t\u00eb cil\u00ebsis\u00eb, analist\u00eb t\u00eb t\u00eb dh\u00ebnave, staf administrativ dhe specialist\u00eb mjek\u00ebsor\u00eb. T\u00eb pranish\u00ebm ishin edhe p\u00ebrfaq\u00ebsues nga Oda e Infermier\u00ebve t\u00eb Kosov\u00ebs.<\/p><p style=\"font-weight: 400;\">Ky program interaktiv kombinoi prezantimet teorike, analizat e studimit t\u00eb rasteve dhe ushtrimet praktike. Temat kryesore p\u00ebrfshinin qeverisjen e t\u00eb dh\u00ebnave, cil\u00ebsin\u00eb dhe privat\u00ebsin\u00eb e t\u00eb dh\u00ebnave, standardet e raportimit sh\u00ebndet\u00ebsor dhe p\u00ebrdorimin etik t\u00eb t\u00eb dh\u00ebnave n\u00eb kujdesin sh\u00ebndet\u00ebsor. Dita p\u00ebrfundoi me nj\u00eb sesion praktik mbi p\u00ebrdorimin e mjeteve dhe burimeve t\u00eb t\u00eb dh\u00ebnave.<\/p><p style=\"font-weight: 400;\">Trajnimi \u00ebsht\u00eb i akredituar zyrtarisht nga Oda e Infermier\u00ebve t\u00eb Kosov\u00ebs dhe u siguron pjes\u00ebmarr\u00ebsve 6 pik\u00eb krediti.<\/p><\/div>\t\t\t\t\t\t<\/div>\n\t\t\t\t<\/div>\n\t\t\t\t\t<\/div>\n\t\t\t\t<\/div>\n\t\t\t\t<\/div>","protected":false},"excerpt":{"rendered":"<p>Strategic Data Management for Decision-Making in Healthcare In June 2025, over 50 healthcare professionals from the General Hospitals of Peja and Gjakova participated in an accredited one-day training on \u201cData Management and the Importance of Data in Decision-Making\u201d. Led by expert trainer Liridon Gashi, the training focused on strengthening managerial and analytical capacities within healthcare [&hellip;]<\/p>","protected":false},"author":1,"featured_media":0,"parent":0,"menu_order":0,"comment_status":"closed","ping_status":"closed","template":"","meta":[],"_links":{"self":[{"href":"https:\/\/ihsproject.org\/sq\/wp-json\/wp\/v2\/pages\/14990"}],"collection":[{"href":"https:\/\/ihsproject.org\/sq\/wp-json\/wp\/v2\/pages"}],"about":[{"href":"https:\/\/ihsproject.org\/sq\/wp-json\/wp\/v2\/types\/page"}],"author":[{"embeddable":true,"href":"https:\/\/ihsproject.org\/sq\/wp-json\/wp\/v2\/users\/1"}],"replies":[{"embeddable":true,"href":"https:\/\/ihsproject.org\/sq\/wp-json\/wp\/v2\/comments?post=14990"}],"version-history":[{"count":4,"href":"https:\/\/ihsproject.org\/sq\/wp-json\/wp\/v2\/pages\/14990\/revisions"}],"predecessor-version":[{"id":14999,"href":"https:\/\/ihsproject.org\/sq\/wp-json\/wp\/v2\/pages\/14990\/revisions\/14999"}],"wp:attachment":[{"href":"https:\/\/ihsproject.org\/sq\/wp-json\/wp\/v2\/media?parent=14990"}],"curies":[{"name":"wp","href":"https:\/\/api.w.org\/{rel}","templated":true}]}}