{"id":14977,"date":"2025-06-27T09:59:26","date_gmt":"2025-06-27T09:59:26","guid":{"rendered":"https:\/\/ihsproject.org\/?page_id=14977"},"modified":"2025-06-27T10:01:00","modified_gmt":"2025-06-27T10:01:00","slug":"june-27-2025","status":"publish","type":"page","link":"https:\/\/ihsproject.org\/sq\/june-27-2025\/","title":{"rendered":"Qershor 27, 2025"},"content":{"rendered":"<div data-elementor-type=\"wp-page\" data-elementor-id=\"14977\" class=\"elementor elementor-14977\">\n\t\t\t\t<div class=\"elementor-element elementor-element-90c8f2a e-flex e-con-boxed e-con e-parent\" data-id=\"90c8f2a\" data-element_type=\"container\" data-core-v316-plus=\"true\">\n\t\t\t\t\t<div class=\"e-con-inner\">\n\t\t\t\t<div class=\"elementor-element elementor-element-23b6fc6 elementor-widget elementor-widget-image\" data-id=\"23b6fc6\" data-element_type=\"widget\" data-widget_type=\"image.default\">\n\t\t\t\t<div class=\"elementor-widget-container\">\n\t\t\t\t\t\t\t\t\t\t\t\t\t<img fetchpriority=\"high\" decoding=\"async\" width=\"1600\" height=\"900\" src=\"https:\/\/ihsproject.org\/wp-content\/uploads\/2025\/06\/Gjakova-Workshop-Highlights-Patient-Centred-Healthcare-Steps-Forward.jpg\" class=\"attachment-full size-full wp-image-14976\" alt=\"\" srcset=\"https:\/\/ihsproject.org\/wp-content\/uploads\/2025\/06\/Gjakova-Workshop-Highlights-Patient-Centred-Healthcare-Steps-Forward.jpg 1600w, https:\/\/ihsproject.org\/wp-content\/uploads\/2025\/06\/Gjakova-Workshop-Highlights-Patient-Centred-Healthcare-Steps-Forward-300x169.jpg 300w, https:\/\/ihsproject.org\/wp-content\/uploads\/2025\/06\/Gjakova-Workshop-Highlights-Patient-Centred-Healthcare-Steps-Forward-1024x576.jpg 1024w, https:\/\/ihsproject.org\/wp-content\/uploads\/2025\/06\/Gjakova-Workshop-Highlights-Patient-Centred-Healthcare-Steps-Forward-768x432.jpg 768w, https:\/\/ihsproject.org\/wp-content\/uploads\/2025\/06\/Gjakova-Workshop-Highlights-Patient-Centred-Healthcare-Steps-Forward-1536x864.jpg 1536w, https:\/\/ihsproject.org\/wp-content\/uploads\/2025\/06\/Gjakova-Workshop-Highlights-Patient-Centred-Healthcare-Steps-Forward-18x10.jpg 18w\" sizes=\"(max-width: 1600px) 100vw, 1600px\" \/>\t\t\t\t\t\t\t\t\t\t\t\t\t<\/div>\n\t\t\t\t<\/div>\n\t\t\t\t\t<\/div>\n\t\t\t\t<\/div>\n\t\t<div class=\"elementor-element elementor-element-a81f6e1 e-flex e-con-boxed e-con e-parent\" data-id=\"a81f6e1\" data-element_type=\"container\" data-core-v316-plus=\"true\">\n\t\t\t\t\t<div class=\"e-con-inner\">\n\t\t\t\t<div class=\"elementor-element elementor-element-c7941fd elementor-widget elementor-widget-heading\" data-id=\"c7941fd\" data-element_type=\"widget\" data-widget_type=\"heading.default\">\n\t\t\t\t<div class=\"elementor-widget-container\">\n\t\t\t<h2 class=\"elementor-heading-title elementor-size-default\">Pun\u00ebtoria e Gjakov\u00ebs thekson hapat p\u00ebrpara t\u00eb kujdesit sh\u00ebndet\u00ebsor t\u00eb p\u00ebrqendruar te pacienti<\/h2>\t\t<\/div>\n\t\t\t\t<\/div>\n\t\t\t\t<div class=\"elementor-element elementor-element-38aa6ca elementor-widget elementor-widget-text-editor\" data-id=\"38aa6ca\" data-element_type=\"widget\" data-widget_type=\"text-editor.default\">\n\t\t\t\t<div class=\"elementor-widget-container\">\n\t\t\t\t\t\t\t<p style=\"font-weight: 400;\">M\u00eb 25 qershor 2025, profesionist\u00ebt e kujdesit sh\u00ebndet\u00ebsor nga Spitali i P\u00ebrgjithsh\u00ebm i Gjakov\u00ebs u takuan p\u00ebr ta diskutuar shtytjen para t\u00eb kujdesit t\u00eb p\u00ebrqendruar te pacienti n\u00eb Kosov\u00eb, pjes\u00eb e p\u00ebrpjekjeve t\u00eb vazhdueshme n\u00eb k\u00ebt\u00eb dimension t\u00eb kujdesit sh\u00ebndet\u00ebsor. I organizuar nga Projekti IHS dhe i udh\u00ebhequr nga eksperti i sistemeve sh\u00ebndet\u00ebsore, Prof. Oliver Groene, pun\u00ebtoria theksoi shfryt\u00ebzimin e p\u00ebrshtypjeve t\u00eb pacient\u00ebve p\u00ebr p\u00ebrvojat e tyre si mjet p\u00ebr t'i p\u00ebrmir\u00ebsuar sh\u00ebrbimet dhe p\u00ebr ta promovuar sh\u00ebndetin brenda spitaleve.<\/p><p style=\"font-weight: 400;\">Diskutimet kryesore kishin t\u00eb b\u00ebnin me rezultatet nga anketat e fundit rreth p\u00ebrvoj\u00ebs s\u00eb pacient\u00ebve n\u00eb Gjakov\u00eb dhe Pej\u00eb, q\u00eb u p\u00ebrdor\u00ebn p\u00ebr t\u00eb identifikuar fushat prioritare p\u00ebr p\u00ebrmir\u00ebsimin e sh\u00ebrbimeve. Pjes\u00ebmarr\u00ebsit zhvilluan strategji p\u00ebr nxitjen e edukimit dhe vet\u00ebkujdesit t\u00eb pacient\u00ebve, duke propozuar fushata sh\u00ebndet\u00ebsore t\u00eb fokusuara dhe p\u00ebrdorim m\u00eb t\u00eb mir\u00eb t\u00eb hap\u00ebsirave spitalore.<\/p><p style=\"font-weight: 400;\">Prof. Groene vizitoi objektin, ku v\u00ebzhgoi mjediset dhe protokollet e menaxhimit t\u00eb s\u00ebmundjeve kronike. Ai vizitoi edhe Repartin e Internos dhe Sall\u00ebn e Edukimit Sh\u00ebndet\u00ebsor, ku stafi i spitalit shpalosi hapat p\u00ebr edukim sh\u00ebndet\u00ebsor, t\u00eb mb\u00ebshtetur nga Projekti IHS.<\/p><p style=\"font-weight: 400;\">Ngjarja p\u00ebrfundoi me vizit\u00ebn tek hap\u00ebsira e re shum\u00ebp\u00ebrdorim\u00ebshe q\u00eb do t\u00eb hapet s\u00eb shpejti, e projektuar p\u00ebr ta p\u00ebrmir\u00ebsuar l\u00ebvizjen e pacientit, sigurimin e cil\u00ebsis\u00eb dhe kujdesin pjes\u00ebmarr\u00ebs, n\u00eb p\u00ebrputhje me korniz\u00ebn e Spitaleve Promovuese t\u00eb Sh\u00ebndetit.<\/p>\t\t\t\t\t\t<\/div>\n\t\t\t\t<\/div>\n\t\t\t\t\t<\/div>\n\t\t\t\t<\/div>\n\t\t\t\t<\/div>","protected":false},"excerpt":{"rendered":"<p>Gjakova Workshop Highlights Patient-Centred Healthcare Steps Forward On 25 June 2025, healthcare professionals from the General Hospital of Gjakova met to discuss advancing patient-centred care in Kosovo, the key to ongoing efforts in this dimension of healthcare. Organized by the IHS Project and led by health systems expert Prof. Oliver Groene, the workshop emphasized importance [&hellip;]<\/p>","protected":false},"author":1,"featured_media":0,"parent":0,"menu_order":0,"comment_status":"closed","ping_status":"closed","template":"","meta":[],"_links":{"self":[{"href":"https:\/\/ihsproject.org\/sq\/wp-json\/wp\/v2\/pages\/14977"}],"collection":[{"href":"https:\/\/ihsproject.org\/sq\/wp-json\/wp\/v2\/pages"}],"about":[{"href":"https:\/\/ihsproject.org\/sq\/wp-json\/wp\/v2\/types\/page"}],"author":[{"embeddable":true,"href":"https:\/\/ihsproject.org\/sq\/wp-json\/wp\/v2\/users\/1"}],"replies":[{"embeddable":true,"href":"https:\/\/ihsproject.org\/sq\/wp-json\/wp\/v2\/comments?post=14977"}],"version-history":[{"count":4,"href":"https:\/\/ihsproject.org\/sq\/wp-json\/wp\/v2\/pages\/14977\/revisions"}],"predecessor-version":[{"id":14982,"href":"https:\/\/ihsproject.org\/sq\/wp-json\/wp\/v2\/pages\/14977\/revisions\/14982"}],"wp:attachment":[{"href":"https:\/\/ihsproject.org\/sq\/wp-json\/wp\/v2\/media?parent=14977"}],"curies":[{"name":"wp","href":"https:\/\/api.w.org\/{rel}","templated":true}]}}