{"id":14961,"date":"2025-06-26T15:55:43","date_gmt":"2025-06-26T15:55:43","guid":{"rendered":"https:\/\/ihsproject.org\/?page_id=14961"},"modified":"2025-06-26T15:57:58","modified_gmt":"2025-06-26T15:57:58","slug":"june-26-2025","status":"publish","type":"page","link":"https:\/\/ihsproject.org\/sq\/june-26-2025\/","title":{"rendered":"Qershor 26, 2025"},"content":{"rendered":"<div data-elementor-type=\"wp-page\" data-elementor-id=\"14961\" class=\"elementor elementor-14961\">\n\t\t\t\t<div class=\"elementor-element elementor-element-7ba64ba e-flex e-con-boxed e-con e-parent\" data-id=\"7ba64ba\" data-element_type=\"container\" data-core-v316-plus=\"true\">\n\t\t\t\t\t<div class=\"e-con-inner\">\n\t\t\t\t<div class=\"elementor-element elementor-element-521236c elementor-widget elementor-widget-image\" data-id=\"521236c\" data-element_type=\"widget\" data-widget_type=\"image.default\">\n\t\t\t\t<div class=\"elementor-widget-container\">\n\t\t\t\t\t\t\t\t\t\t\t\t\t<img fetchpriority=\"high\" decoding=\"async\" width=\"1600\" height=\"900\" src=\"https:\/\/ihsproject.org\/wp-content\/uploads\/2025\/06\/Discussing-Safer-Care-with-Management-of-Kosovo-Hospital-and-University-Clinical-Service.jpg\" class=\"attachment-full size-full wp-image-14964\" alt=\"\" srcset=\"https:\/\/ihsproject.org\/wp-content\/uploads\/2025\/06\/Discussing-Safer-Care-with-Management-of-Kosovo-Hospital-and-University-Clinical-Service.jpg 1600w, https:\/\/ihsproject.org\/wp-content\/uploads\/2025\/06\/Discussing-Safer-Care-with-Management-of-Kosovo-Hospital-and-University-Clinical-Service-300x169.jpg 300w, https:\/\/ihsproject.org\/wp-content\/uploads\/2025\/06\/Discussing-Safer-Care-with-Management-of-Kosovo-Hospital-and-University-Clinical-Service-1024x576.jpg 1024w, https:\/\/ihsproject.org\/wp-content\/uploads\/2025\/06\/Discussing-Safer-Care-with-Management-of-Kosovo-Hospital-and-University-Clinical-Service-768x432.jpg 768w, https:\/\/ihsproject.org\/wp-content\/uploads\/2025\/06\/Discussing-Safer-Care-with-Management-of-Kosovo-Hospital-and-University-Clinical-Service-1536x864.jpg 1536w, https:\/\/ihsproject.org\/wp-content\/uploads\/2025\/06\/Discussing-Safer-Care-with-Management-of-Kosovo-Hospital-and-University-Clinical-Service-18x10.jpg 18w\" sizes=\"(max-width: 1600px) 100vw, 1600px\" \/>\t\t\t\t\t\t\t\t\t\t\t\t\t<\/div>\n\t\t\t\t<\/div>\n\t\t\t\t\t<\/div>\n\t\t\t\t<\/div>\n\t\t<div class=\"elementor-element elementor-element-779d6c4 e-flex e-con-boxed e-con e-parent\" data-id=\"779d6c4\" data-element_type=\"container\" data-core-v316-plus=\"true\">\n\t\t\t\t\t<div class=\"e-con-inner\">\n\t\t\t\t<div class=\"elementor-element elementor-element-5053c24 elementor-widget elementor-widget-heading\" data-id=\"5053c24\" data-element_type=\"widget\" data-widget_type=\"heading.default\">\n\t\t\t\t<div class=\"elementor-widget-container\">\n\t\t\t<h2 class=\"elementor-heading-title elementor-size-default\">Diskutim p\u00ebr kujdesit m\u00eb t\u00eb sigurt me menaxhmentin e Sh\u00ebrbimit Spitalor dhe Klinik Universitar t\u00eb Kosov\u00ebs<\/h2>\t\t<\/div>\n\t\t\t\t<\/div>\n\t\t\t\t<div class=\"elementor-element elementor-element-299b5e1 elementor-widget elementor-widget-text-editor\" data-id=\"299b5e1\" data-element_type=\"widget\" data-widget_type=\"text-editor.default\">\n\t\t\t\t<div class=\"elementor-widget-container\">\n\t\t\t\t\t\t\t<p style=\"font-weight: 400;\">M\u00eb 26 qershor 2025, projekti IHS organizoi takim t\u00eb nivelit t\u00eb lart\u00eb midis Sh\u00ebrbimit Spitalor dhe Klinik Universitar t\u00eb Kosov\u00ebs (SHSKUK) dhe Profesor Oliver Groene, Kryezyrtar Shkencor n\u00eb OptiMedis. Sesioni u p\u00ebrqendrua n\u00eb avancimin e p\u00ebrpjekjeve vendore p\u00ebr ta mish\u00ebruar sigurin\u00eb e pacientit n\u00eb thelb t\u00eb ofrimit t\u00eb kujdesit sh\u00ebndet\u00ebsor.<\/p><p style=\"font-weight: 400;\">Prof. Groene prezantoi projektin SAFEST dhe metodologjin\u00eb e tij t\u00eb vet\u00ebvler\u00ebsimit, duke theksuar r\u00ebnd\u00ebsin\u00eb e nd\u00ebrhyrjeve n\u00eb nivel sistemi: nga protokollet e higjien\u00ebs s\u00eb duarve deri te zbatimi i listave komplekse t\u00eb kontrollit t\u00eb siguris\u00eb. \"Gabimet nuk jan\u00eb njer\u00ebzore, por sistemike, dhe sistemet duhet t\u00eb ridizajnohen p\u00ebr ta parandaluar d\u00ebmin\", ishte mesazhi kryesor i diskutimit.<\/p><p style=\"font-weight: 400;\">Menaxhmenti i SHSKUK-s\u00eb mori informata rreth nj\u00eb s\u00ebr\u00eb praktikash t\u00eb bazuara n\u00eb prova q\u00eb synojn\u00eb p\u00ebrmir\u00ebsimin e siguris\u00eb p\u00ebrgjat\u00eb rrug\u00ebtimit t\u00eb kujdesit kirurgjikal. Takimi gjithashtu shqyrtoi se si strategjit\u00eb e siguris\u00eb mund t\u00eb integrohen n\u00eb korniz\u00ebn e Spitaleve Promovuese t\u00eb Sh\u00ebndetit (HPH), n\u00eb p\u00ebrputhje me praktikat m\u00eb t\u00eb mira nd\u00ebrkomb\u00ebtare.<\/p>\t\t\t\t\t\t<\/div>\n\t\t\t\t<\/div>\n\t\t\t\t\t<\/div>\n\t\t\t\t<\/div>\n\t\t\t\t<\/div>","protected":false},"excerpt":{"rendered":"<p>Discussing Safer Care with Management of Kosovo Hospital and University Clinical Service On 26 June 2025, the IHS project organized a high-level meeting between the Kosovo Hospital and University Clinical Service (KHUCS) with Professor Oliver Groene, Chief Scientific Officer at OptiMedis. The session focused on advancing national efforts to embed patient safety at the heart [&hellip;]<\/p>","protected":false},"author":1,"featured_media":0,"parent":0,"menu_order":0,"comment_status":"closed","ping_status":"closed","template":"","meta":[],"_links":{"self":[{"href":"https:\/\/ihsproject.org\/sq\/wp-json\/wp\/v2\/pages\/14961"}],"collection":[{"href":"https:\/\/ihsproject.org\/sq\/wp-json\/wp\/v2\/pages"}],"about":[{"href":"https:\/\/ihsproject.org\/sq\/wp-json\/wp\/v2\/types\/page"}],"author":[{"embeddable":true,"href":"https:\/\/ihsproject.org\/sq\/wp-json\/wp\/v2\/users\/1"}],"replies":[{"embeddable":true,"href":"https:\/\/ihsproject.org\/sq\/wp-json\/wp\/v2\/comments?post=14961"}],"version-history":[{"count":4,"href":"https:\/\/ihsproject.org\/sq\/wp-json\/wp\/v2\/pages\/14961\/revisions"}],"predecessor-version":[{"id":14968,"href":"https:\/\/ihsproject.org\/sq\/wp-json\/wp\/v2\/pages\/14961\/revisions\/14968"}],"wp:attachment":[{"href":"https:\/\/ihsproject.org\/sq\/wp-json\/wp\/v2\/media?parent=14961"}],"curies":[{"name":"wp","href":"https:\/\/api.w.org\/{rel}","templated":true}]}}