{"id":14945,"date":"2025-06-25T18:59:57","date_gmt":"2025-06-25T18:59:57","guid":{"rendered":"https:\/\/ihsproject.org\/?page_id=14945"},"modified":"2025-06-25T19:01:13","modified_gmt":"2025-06-25T19:01:13","slug":"june-25-2025-3","status":"publish","type":"page","link":"https:\/\/ihsproject.org\/sq\/june-25-2025-3\/","title":{"rendered":"Qershor 25, 2025 - 3"},"content":{"rendered":"<div data-elementor-type=\"wp-page\" data-elementor-id=\"14945\" class=\"elementor elementor-14945\">\n\t\t\t\t<div class=\"elementor-element elementor-element-0fd9994 e-flex e-con-boxed e-con e-parent\" data-id=\"0fd9994\" data-element_type=\"container\" data-core-v316-plus=\"true\">\n\t\t\t\t\t<div class=\"e-con-inner\">\n\t\t\t\t<div class=\"elementor-element elementor-element-db88a68 elementor-widget elementor-widget-image\" data-id=\"db88a68\" data-element_type=\"widget\" data-widget_type=\"image.default\">\n\t\t\t\t<div class=\"elementor-widget-container\">\n\t\t\t\t\t\t\t\t\t\t\t\t\t<img fetchpriority=\"high\" decoding=\"async\" width=\"1600\" height=\"900\" src=\"https:\/\/ihsproject.org\/wp-content\/uploads\/2025\/06\/Kosovos-Primary-Care-Institutions-Join-Global-Health-Promoting-Hospitals-Network.jpg\" class=\"attachment-full size-full wp-image-14943\" alt=\"\" srcset=\"https:\/\/ihsproject.org\/wp-content\/uploads\/2025\/06\/Kosovos-Primary-Care-Institutions-Join-Global-Health-Promoting-Hospitals-Network.jpg 1600w, https:\/\/ihsproject.org\/wp-content\/uploads\/2025\/06\/Kosovos-Primary-Care-Institutions-Join-Global-Health-Promoting-Hospitals-Network-300x169.jpg 300w, https:\/\/ihsproject.org\/wp-content\/uploads\/2025\/06\/Kosovos-Primary-Care-Institutions-Join-Global-Health-Promoting-Hospitals-Network-1024x576.jpg 1024w, https:\/\/ihsproject.org\/wp-content\/uploads\/2025\/06\/Kosovos-Primary-Care-Institutions-Join-Global-Health-Promoting-Hospitals-Network-768x432.jpg 768w, https:\/\/ihsproject.org\/wp-content\/uploads\/2025\/06\/Kosovos-Primary-Care-Institutions-Join-Global-Health-Promoting-Hospitals-Network-1536x864.jpg 1536w, https:\/\/ihsproject.org\/wp-content\/uploads\/2025\/06\/Kosovos-Primary-Care-Institutions-Join-Global-Health-Promoting-Hospitals-Network-18x10.jpg 18w\" sizes=\"(max-width: 1600px) 100vw, 1600px\" \/>\t\t\t\t\t\t\t\t\t\t\t\t\t<\/div>\n\t\t\t\t<\/div>\n\t\t\t\t\t<\/div>\n\t\t\t\t<\/div>\n\t\t<div class=\"elementor-element elementor-element-c634130 e-flex e-con-boxed e-con e-parent\" data-id=\"c634130\" data-element_type=\"container\" data-core-v316-plus=\"true\">\n\t\t\t\t\t<div class=\"e-con-inner\">\n\t\t\t\t<div class=\"elementor-element elementor-element-511fb81 elementor-widget elementor-widget-heading\" data-id=\"511fb81\" data-element_type=\"widget\" data-widget_type=\"heading.default\">\n\t\t\t\t<div class=\"elementor-widget-container\">\n\t\t\t<h2 class=\"elementor-heading-title elementor-size-default\">Institucionet e Kujdesit Par\u00ebsor t\u00eb Kosov\u00ebs i bashkohen Rrjetit Global t\u00eb Spitaleve q\u00eb Promovojn\u00eb Sh\u00ebndetin<\/h2>\t\t<\/div>\n\t\t\t\t<\/div>\n\t\t\t\t<div class=\"elementor-element elementor-element-e27ae2e elementor-widget elementor-widget-text-editor\" data-id=\"e27ae2e\" data-element_type=\"widget\" data-widget_type=\"text-editor.default\">\n\t\t\t\t<div class=\"elementor-widget-container\">\n\t\t\t\t\t\t\t<p style=\"font-weight: 400;\">Tri qendra kryesore t\u00eb mjek\u00ebsis\u00eb familjare n\u00eb Kosov\u00eb: Peja, Gjakova dhe Lipjani, pranuan zyrtarisht certifikata an\u00ebtar\u00ebsimi n\u00eb Rrjetin e Spitaleve q\u00eb Promovojn\u00eb Sh\u00ebndetin (SPSH) gjat\u00eb nj\u00eb ceremonie t\u00eb mbajtur n\u00eb Pej\u00eb m\u00eb 24 qershor 2025. Ky moment forcon m\u00eb tej integrimin e Kosov\u00ebs n\u00eb platform\u00ebn nd\u00ebrkomb\u00ebtare t\u00eb SPSH-ve, duke sh\u00ebnuar nj\u00eb hap tjet\u00ebr t\u00eb angazhimit p\u00ebr promovimin e sh\u00ebndetit dhe kujdesin e p\u00ebrqendruar te pacienti.<\/p><p style=\"font-weight: 400;\">Gjat\u00eb fjalimit t\u00eb tij n\u00eb k\u00ebt\u00eb ngjarje, Prof. Oliver Groene p\u00ebrsh\u00ebndeti an\u00ebtar\u00ebt e rinj, duke deklaruar si n\u00eb vijim: \"Ju tani jeni pjes\u00eb e nj\u00eb komuniteti. Po ndaj me ju nj\u00eb lajm se s\u00eb shpejti do t\u00eb lansojm\u00eb nj\u00eb kurs masiv online, falas, p\u00ebr t\u00eb gjith\u00eb an\u00ebtar\u00ebt e Rrjetit t\u00eb Spitaleve q\u00eb Promovojn\u00eb Sh\u00ebndetin. Mund ta inkurajoni stafin tuaj t\u00eb marr\u00eb pjes\u00eb, p\u00ebr t\u00eb m\u00ebsuar rreth promovimit t\u00eb sh\u00ebndetit dhe parandalimit t\u00eb s\u00ebmundjeve. Do t\u00eb jet\u00eb nj\u00eb burim i mir\u00eb p\u00ebr t\u00eb ardhmen.\"<\/p><p style=\"font-weight: 400;\">P\u00ebrve\u00e7 an\u00ebtar\u00ebsimit individual, Kosova tani ka rrjetin e vet komb\u00ebtar t\u00eb institucioneve t\u00eb SPSH, q\u00eb mund t\u00eb sh\u00ebrbej\u00eb si model p\u00ebr t'u ndjekur nga institucionet e tjera t\u00eb kujdesit sh\u00ebndet\u00ebsor n\u00eb vend.<\/p><p style=\"font-weight: 400;\">Kjo ngjarje pasqyron angazhimin n\u00eb rritje p\u00ebr t'i pajisur profesionist\u00ebt e kujdesit sh\u00ebndet\u00ebsor n\u00eb Kosov\u00eb me njohurit\u00eb dhe mjetet p\u00ebr t'i vendosur pacient\u00ebt dhe parandalimin n\u00eb thelb t\u00eb ofrimit t\u00eb kujdesit.<\/p>\t\t\t\t\t\t<\/div>\n\t\t\t\t<\/div>\n\t\t\t\t\t<\/div>\n\t\t\t\t<\/div>\n\t\t\t\t<\/div>","protected":false},"excerpt":{"rendered":"<p>Kosovo\u2019s Primary Care Institutions Join Global Health Promoting Hospitals Network Three main family medicine centers from Kosovo: Peja, Gjakova, and Lipjan, were officially awarded membership certificates in the Health Promoting Hospitals (HPH) Network during a ceremony held in Peja on 24 June 2025. This moment further strengthens Kosovo\u2019s integration into the international HPH platform, marking [&hellip;]<\/p>","protected":false},"author":1,"featured_media":0,"parent":0,"menu_order":0,"comment_status":"closed","ping_status":"closed","template":"","meta":[],"_links":{"self":[{"href":"https:\/\/ihsproject.org\/sq\/wp-json\/wp\/v2\/pages\/14945"}],"collection":[{"href":"https:\/\/ihsproject.org\/sq\/wp-json\/wp\/v2\/pages"}],"about":[{"href":"https:\/\/ihsproject.org\/sq\/wp-json\/wp\/v2\/types\/page"}],"author":[{"embeddable":true,"href":"https:\/\/ihsproject.org\/sq\/wp-json\/wp\/v2\/users\/1"}],"replies":[{"embeddable":true,"href":"https:\/\/ihsproject.org\/sq\/wp-json\/wp\/v2\/comments?post=14945"}],"version-history":[{"count":4,"href":"https:\/\/ihsproject.org\/sq\/wp-json\/wp\/v2\/pages\/14945\/revisions"}],"predecessor-version":[{"id":14950,"href":"https:\/\/ihsproject.org\/sq\/wp-json\/wp\/v2\/pages\/14945\/revisions\/14950"}],"wp:attachment":[{"href":"https:\/\/ihsproject.org\/sq\/wp-json\/wp\/v2\/media?parent=14945"}],"curies":[{"name":"wp","href":"https:\/\/api.w.org\/{rel}","templated":true}]}}