{"id":14929,"date":"2025-06-25T11:36:04","date_gmt":"2025-06-25T11:36:04","guid":{"rendered":"https:\/\/ihsproject.org\/?page_id=14929"},"modified":"2025-06-25T11:37:13","modified_gmt":"2025-06-25T11:37:13","slug":"june-25-2025-2","status":"publish","type":"page","link":"https:\/\/ihsproject.org\/sq\/june-25-2025-2\/","title":{"rendered":"Qershor 25, 2025 - 2"},"content":{"rendered":"<div data-elementor-type=\"wp-page\" data-elementor-id=\"14929\" class=\"elementor elementor-14929\">\n\t\t\t\t<div class=\"elementor-element elementor-element-9a66be6 e-flex e-con-boxed e-con e-parent\" data-id=\"9a66be6\" data-element_type=\"container\" data-core-v316-plus=\"true\">\n\t\t\t\t\t<div class=\"e-con-inner\">\n\t\t\t\t<div class=\"elementor-element elementor-element-3277f7b elementor-widget elementor-widget-image\" data-id=\"3277f7b\" data-element_type=\"widget\" data-widget_type=\"image.default\">\n\t\t\t\t<div class=\"elementor-widget-container\">\n\t\t\t\t\t\t\t\t\t\t\t\t\t<img fetchpriority=\"high\" decoding=\"async\" width=\"1600\" height=\"900\" src=\"https:\/\/ihsproject.org\/wp-content\/uploads\/2025\/06\/Workshop-in-Peja-Highlights-Patient-Engagement-in-Health-Promoting-Institutions.jpg\" class=\"attachment-full size-full wp-image-14932\" alt=\"\" srcset=\"https:\/\/ihsproject.org\/wp-content\/uploads\/2025\/06\/Workshop-in-Peja-Highlights-Patient-Engagement-in-Health-Promoting-Institutions.jpg 1600w, https:\/\/ihsproject.org\/wp-content\/uploads\/2025\/06\/Workshop-in-Peja-Highlights-Patient-Engagement-in-Health-Promoting-Institutions-300x169.jpg 300w, https:\/\/ihsproject.org\/wp-content\/uploads\/2025\/06\/Workshop-in-Peja-Highlights-Patient-Engagement-in-Health-Promoting-Institutions-1024x576.jpg 1024w, https:\/\/ihsproject.org\/wp-content\/uploads\/2025\/06\/Workshop-in-Peja-Highlights-Patient-Engagement-in-Health-Promoting-Institutions-768x432.jpg 768w, https:\/\/ihsproject.org\/wp-content\/uploads\/2025\/06\/Workshop-in-Peja-Highlights-Patient-Engagement-in-Health-Promoting-Institutions-1536x864.jpg 1536w, https:\/\/ihsproject.org\/wp-content\/uploads\/2025\/06\/Workshop-in-Peja-Highlights-Patient-Engagement-in-Health-Promoting-Institutions-18x10.jpg 18w\" sizes=\"(max-width: 1600px) 100vw, 1600px\" \/>\t\t\t\t\t\t\t\t\t\t\t\t\t<\/div>\n\t\t\t\t<\/div>\n\t\t\t\t\t<\/div>\n\t\t\t\t<\/div>\n\t\t<div class=\"elementor-element elementor-element-22b4b16 e-flex e-con-boxed e-con e-parent\" data-id=\"22b4b16\" data-element_type=\"container\" data-core-v316-plus=\"true\">\n\t\t\t\t\t<div class=\"e-con-inner\">\n\t\t\t\t<div class=\"elementor-element elementor-element-5805fdb elementor-widget elementor-widget-heading\" data-id=\"5805fdb\" data-element_type=\"widget\" data-widget_type=\"heading.default\">\n\t\t\t\t<div class=\"elementor-widget-container\">\n\t\t\t<h2 class=\"elementor-heading-title elementor-size-default\">Pun\u00ebtoria n\u00eb Pej\u00eb thekson angazhimin e pacient\u00ebve n\u00eb institucionet promovuese t\u00eb sh\u00ebndetit<\/h2>\t\t<\/div>\n\t\t\t\t<\/div>\n\t\t\t\t<div class=\"elementor-element elementor-element-07206af elementor-widget elementor-widget-text-editor\" data-id=\"07206af\" data-element_type=\"widget\" data-widget_type=\"text-editor.default\">\n\t\t\t\t<div class=\"elementor-widget-container\">\n\t\t\t\t\t\t\t<p style=\"font-weight: 400;\">M\u00eb 24 qershor 2025, Projekti IHS organizoi n\u00eb Pej\u00eb pun\u00ebtori t\u00eb fokusuar n\u00eb angazhimin e pacientit. E udh\u00ebhequr nga Prof. Oliver Groene, pun\u00ebtoria mblodhi s\u00eb bashku p\u00ebrfaq\u00ebsues t\u00eb spitaleve, kujdesit sh\u00ebndet\u00ebsor par\u00ebsor, Institutit Komb\u00ebtar t\u00eb Sh\u00ebndet\u00ebsis\u00eb Publike dhe Ministris\u00eb s\u00eb Sh\u00ebndet\u00ebsis\u00eb, p\u00ebr t\u00eb eksploruar se si angazhimi i pacientit mund ta p\u00ebrmir\u00ebsoj\u00eb p\u00ebrvoj\u00ebn e p\u00ebrgjithshme t\u00eb pacientit, nj\u00eb koncept thelb\u00ebsor p\u00ebr p\u00ebrmir\u00ebsimin e kujdesit sh\u00ebndet\u00ebsor.<\/p><p style=\"font-weight: 400;\">Pun\u00ebtoria solli prezantime t\u00eb rezultateve t\u00eb anket\u00ebs s\u00eb p\u00ebrvoj\u00ebs t\u00eb raportuar nga pacient\u00ebt nga Spitalet e P\u00ebrgjithshme t\u00eb Pej\u00ebs dhe Gjakov\u00ebs. K\u00ebto gjetje u kontekstualizuan me krahasime nd\u00ebrkomb\u00ebtare dhe sh\u00ebrbyen si pik\u00ebnisje p\u00ebr diskutime interaktive mbi p\u00ebrmir\u00ebsimet e zbatueshme.<\/p><p style=\"font-weight: 400;\">Sesionet e pasdites u mor\u00ebn me planifikimin strategjik, p\u00ebrfshir\u00eb zhvillimin e materialeve edukative p\u00ebr pacient\u00ebt, nismat e promovimit t\u00eb sh\u00ebndetit dhe shfryt\u00ebzimin e hap\u00ebsirave spitalore p\u00ebr t'i mb\u00ebshtetur programet e vet\u00ebmenaxhimit. K\u00ebto diskutime synojn\u00eb t\u00eb institucionalizojn\u00eb praktikat e p\u00ebrqendruara te pacienti n\u00eb t\u00eb gjith\u00eb rrjetin SPSH.<\/p>\t\t\t\t\t\t<\/div>\n\t\t\t\t<\/div>\n\t\t\t\t\t<\/div>\n\t\t\t\t<\/div>\n\t\t\t\t<\/div>","protected":false},"excerpt":{"rendered":"<p>Workshop in Peja Highlights Patient Engagement in Health Promoting Institutions On 24 June 2025, the IHS Project organized in Peja a workshop focused on patient engagement. Led by Prof. Oliver Groene, the workshop brought together representatives of hospitals, primary healthcare, National Institute of Public Health, and Ministry of Health, to explore how patient engagement can [&hellip;]<\/p>","protected":false},"author":1,"featured_media":0,"parent":0,"menu_order":0,"comment_status":"closed","ping_status":"closed","template":"","meta":[],"_links":{"self":[{"href":"https:\/\/ihsproject.org\/sq\/wp-json\/wp\/v2\/pages\/14929"}],"collection":[{"href":"https:\/\/ihsproject.org\/sq\/wp-json\/wp\/v2\/pages"}],"about":[{"href":"https:\/\/ihsproject.org\/sq\/wp-json\/wp\/v2\/types\/page"}],"author":[{"embeddable":true,"href":"https:\/\/ihsproject.org\/sq\/wp-json\/wp\/v2\/users\/1"}],"replies":[{"embeddable":true,"href":"https:\/\/ihsproject.org\/sq\/wp-json\/wp\/v2\/comments?post=14929"}],"version-history":[{"count":4,"href":"https:\/\/ihsproject.org\/sq\/wp-json\/wp\/v2\/pages\/14929\/revisions"}],"predecessor-version":[{"id":14936,"href":"https:\/\/ihsproject.org\/sq\/wp-json\/wp\/v2\/pages\/14929\/revisions\/14936"}],"wp:attachment":[{"href":"https:\/\/ihsproject.org\/sq\/wp-json\/wp\/v2\/media?parent=14929"}],"curies":[{"name":"wp","href":"https:\/\/api.w.org\/{rel}","templated":true}]}}