{"id":14917,"date":"2025-06-25T11:27:24","date_gmt":"2025-06-25T11:27:24","guid":{"rendered":"https:\/\/ihsproject.org\/?page_id=14917"},"modified":"2025-06-25T11:28:47","modified_gmt":"2025-06-25T11:28:47","slug":"june-25-2025","status":"publish","type":"page","link":"https:\/\/ihsproject.org\/sq\/june-25-2025\/","title":{"rendered":"Qershor 25, 2025"},"content":{"rendered":"<div data-elementor-type=\"wp-page\" data-elementor-id=\"14917\" class=\"elementor elementor-14917\">\n\t\t\t\t<div class=\"elementor-element elementor-element-c3ddc67 e-flex e-con-boxed e-con e-parent\" data-id=\"c3ddc67\" data-element_type=\"container\" data-core-v316-plus=\"true\">\n\t\t\t\t\t<div class=\"e-con-inner\">\n\t\t\t\t<div class=\"elementor-element elementor-element-620f614 elementor-widget elementor-widget-image\" data-id=\"620f614\" data-element_type=\"widget\" data-widget_type=\"image.default\">\n\t\t\t\t<div class=\"elementor-widget-container\">\n\t\t\t\t\t\t\t\t\t\t\t\t\t<img fetchpriority=\"high\" decoding=\"async\" width=\"1600\" height=\"900\" src=\"https:\/\/ihsproject.org\/wp-content\/uploads\/2025\/06\/General-Hospital-of-Peja-Showcases-Advances-in-Patient-Centred-Care.jpg\" class=\"attachment-full size-full wp-image-14916\" alt=\"\" srcset=\"https:\/\/ihsproject.org\/wp-content\/uploads\/2025\/06\/General-Hospital-of-Peja-Showcases-Advances-in-Patient-Centred-Care.jpg 1600w, https:\/\/ihsproject.org\/wp-content\/uploads\/2025\/06\/General-Hospital-of-Peja-Showcases-Advances-in-Patient-Centred-Care-300x169.jpg 300w, https:\/\/ihsproject.org\/wp-content\/uploads\/2025\/06\/General-Hospital-of-Peja-Showcases-Advances-in-Patient-Centred-Care-1024x576.jpg 1024w, https:\/\/ihsproject.org\/wp-content\/uploads\/2025\/06\/General-Hospital-of-Peja-Showcases-Advances-in-Patient-Centred-Care-768x432.jpg 768w, https:\/\/ihsproject.org\/wp-content\/uploads\/2025\/06\/General-Hospital-of-Peja-Showcases-Advances-in-Patient-Centred-Care-1536x864.jpg 1536w, https:\/\/ihsproject.org\/wp-content\/uploads\/2025\/06\/General-Hospital-of-Peja-Showcases-Advances-in-Patient-Centred-Care-18x10.jpg 18w\" sizes=\"(max-width: 1600px) 100vw, 1600px\" \/>\t\t\t\t\t\t\t\t\t\t\t\t\t<\/div>\n\t\t\t\t<\/div>\n\t\t\t\t\t<\/div>\n\t\t\t\t<\/div>\n\t\t<div class=\"elementor-element elementor-element-2413fe9 e-flex e-con-boxed e-con e-parent\" data-id=\"2413fe9\" data-element_type=\"container\" data-core-v316-plus=\"true\">\n\t\t\t\t\t<div class=\"e-con-inner\">\n\t\t\t\t<div class=\"elementor-element elementor-element-a198611 elementor-widget elementor-widget-heading\" data-id=\"a198611\" data-element_type=\"widget\" data-widget_type=\"heading.default\">\n\t\t\t\t<div class=\"elementor-widget-container\">\n\t\t\t<h2 class=\"elementor-heading-title elementor-size-default\">Spitali i P\u00ebrgjithsh\u00ebm Pej\u00eb prezanton avancimet n\u00eb kujdesin e p\u00ebrqendruar te pacienti<\/h2>\t\t<\/div>\n\t\t\t\t<\/div>\n\t\t\t\t<div class=\"elementor-element elementor-element-dfe2a8b elementor-widget elementor-widget-text-editor\" data-id=\"dfe2a8b\" data-element_type=\"widget\" data-widget_type=\"text-editor.default\">\n\t\t\t\t<div class=\"elementor-widget-container\">\n\t\t\t\t\t\t\t<p style=\"font-weight: 400;\">M\u00eb 24 qershor 2025, menaxhmenti n\u00eb Spitalin e P\u00ebrgjithsh\u00ebm t\u00eb Pej\u00ebs prezantoi avancimet e fundit n\u00eb kujdesin e p\u00ebrqendruar te pacienti. Prezantimi u b\u00eb gjat\u00eb vizit\u00ebs nga Prof. Oliver Groene nga Rrjeti i Spitaleve Promovuese t\u00eb Sh\u00ebndetit (HPH) dhe Projekti IHS. Vizita ishte mund\u00ebsi e mire p\u00ebr t\u00eb nxjerr\u00eb n\u00eb pah angazhimin e vazhduesh\u00ebm t\u00eb spitalit ndaj standardeve t\u00eb HPH-ve dhe p\u00ebrmir\u00ebsimit t\u00eb cil\u00ebsis\u00eb.<\/p><p style=\"font-weight: 400;\">N\u00eb Repartin e Internos, stafi prezantoi Dhomat e Edukimit Sh\u00ebndet\u00ebsor, nism\u00eb e mb\u00ebshtetur nga projekti IHS, e projektuar p\u00ebr t'i rritur njohurit\u00eb dhe angazhimin e pacient\u00ebve. Infermier\u00ebt ndan\u00eb p\u00ebrdit\u00ebsime mbi praktikat e k\u00ebshillimit t\u00eb pacient\u00ebve n\u00eb repart dhe nj\u00eb anket\u00eb t\u00eb sapoprezantuar t\u00eb p\u00ebrvoj\u00ebs s\u00eb pacientit q\u00eb synon t\u00eb kuptuarit m\u00eb t\u00eb mir\u00eb dhe adresimin e nevojave t\u00eb pacient\u00ebve.<\/p><p style=\"font-weight: 400;\">N\u00eb ambulanc\u00ebn spcialistike u demonstruan p\u00ebrmir\u00ebsimet e vazhdueshme n\u00eb menaxhimin e s\u00ebmundjeve kronike p\u00ebrmes nj\u00eb qasje shum\u00ebdisiplinore q\u00eb p\u00ebrfshin k\u00ebshillimin klinik, kujdesin p\u00ebr k\u00ebmb\u00ebn diabetike dhe diagnostikimin e avancuar t\u00eb bazuar n\u00eb ENMG p\u00ebr neuropati. K\u00ebto inovacione mb\u00ebshteten nga zonat e p\u00ebrmir\u00ebsuara t\u00eb pritjes s\u00eb pacient\u00ebve dhe k\u00ebndet e dedikuara t\u00eb edukimit sh\u00ebndet\u00ebsor, duke p\u00ebrforcuar misionin e spitalit p\u00ebr t\u00eb ofruar kujdes holistik dhe t\u00eb qassh\u00ebm.<\/p>\t\t\t\t\t\t<\/div>\n\t\t\t\t<\/div>\n\t\t\t\t\t<\/div>\n\t\t\t\t<\/div>\n\t\t\t\t<\/div>","protected":false},"excerpt":{"rendered":"<p>General Hospital of Peja Showcases Advances in Patient-Centred Care On 24 June 2025, the management at the General Hospital of Peja presented its recent advancements in patient-centred care during a visit from Prof. Oliver Groene of the Health Promoting Hospitals (HPH) Network and the IHS Project. The visit marked an important opportunity to highlight the [&hellip;]<\/p>","protected":false},"author":1,"featured_media":0,"parent":0,"menu_order":0,"comment_status":"closed","ping_status":"closed","template":"","meta":[],"_links":{"self":[{"href":"https:\/\/ihsproject.org\/sq\/wp-json\/wp\/v2\/pages\/14917"}],"collection":[{"href":"https:\/\/ihsproject.org\/sq\/wp-json\/wp\/v2\/pages"}],"about":[{"href":"https:\/\/ihsproject.org\/sq\/wp-json\/wp\/v2\/types\/page"}],"author":[{"embeddable":true,"href":"https:\/\/ihsproject.org\/sq\/wp-json\/wp\/v2\/users\/1"}],"replies":[{"embeddable":true,"href":"https:\/\/ihsproject.org\/sq\/wp-json\/wp\/v2\/comments?post=14917"}],"version-history":[{"count":4,"href":"https:\/\/ihsproject.org\/sq\/wp-json\/wp\/v2\/pages\/14917\/revisions"}],"predecessor-version":[{"id":14922,"href":"https:\/\/ihsproject.org\/sq\/wp-json\/wp\/v2\/pages\/14917\/revisions\/14922"}],"wp:attachment":[{"href":"https:\/\/ihsproject.org\/sq\/wp-json\/wp\/v2\/media?parent=14917"}],"curies":[{"name":"wp","href":"https:\/\/api.w.org\/{rel}","templated":true}]}}