{"id":14895,"date":"2025-06-20T15:32:51","date_gmt":"2025-06-20T15:32:51","guid":{"rendered":"https:\/\/ihsproject.org\/?page_id=14895"},"modified":"2025-06-20T15:39:30","modified_gmt":"2025-06-20T15:39:30","slug":"june-20-2025","status":"publish","type":"page","link":"https:\/\/ihsproject.org\/sq\/june-20-2025\/","title":{"rendered":"Qershor 20, 2025"},"content":{"rendered":"<div data-elementor-type=\"wp-page\" data-elementor-id=\"14895\" class=\"elementor elementor-14895\">\n\t\t\t\t<div class=\"elementor-element elementor-element-63dd2b6 e-flex e-con-boxed e-con e-parent\" data-id=\"63dd2b6\" data-element_type=\"container\" data-core-v316-plus=\"true\">\n\t\t\t\t\t<div class=\"e-con-inner\">\n\t\t\t\t<div class=\"elementor-element elementor-element-3b9d252 elementor-widget elementor-widget-image\" data-id=\"3b9d252\" data-element_type=\"widget\" data-widget_type=\"image.default\">\n\t\t\t\t<div class=\"elementor-widget-container\">\n\t\t\t\t\t\t\t\t\t\t\t\t\t<img fetchpriority=\"high\" decoding=\"async\" width=\"1600\" height=\"900\" src=\"https:\/\/ihsproject.org\/wp-content\/uploads\/2025\/06\/Civil-Society-Organizations-in-Prishtina-Talk-Patients-Voices-.jpg\" class=\"attachment-full size-full wp-image-14898\" alt=\"\" srcset=\"https:\/\/ihsproject.org\/wp-content\/uploads\/2025\/06\/Civil-Society-Organizations-in-Prishtina-Talk-Patients-Voices-.jpg 1600w, https:\/\/ihsproject.org\/wp-content\/uploads\/2025\/06\/Civil-Society-Organizations-in-Prishtina-Talk-Patients-Voices--300x169.jpg 300w, https:\/\/ihsproject.org\/wp-content\/uploads\/2025\/06\/Civil-Society-Organizations-in-Prishtina-Talk-Patients-Voices--1024x576.jpg 1024w, https:\/\/ihsproject.org\/wp-content\/uploads\/2025\/06\/Civil-Society-Organizations-in-Prishtina-Talk-Patients-Voices--768x432.jpg 768w, https:\/\/ihsproject.org\/wp-content\/uploads\/2025\/06\/Civil-Society-Organizations-in-Prishtina-Talk-Patients-Voices--1536x864.jpg 1536w, https:\/\/ihsproject.org\/wp-content\/uploads\/2025\/06\/Civil-Society-Organizations-in-Prishtina-Talk-Patients-Voices--18x10.jpg 18w\" sizes=\"(max-width: 1600px) 100vw, 1600px\" \/>\t\t\t\t\t\t\t\t\t\t\t\t\t<\/div>\n\t\t\t\t<\/div>\n\t\t\t\t\t<\/div>\n\t\t\t\t<\/div>\n\t\t<div class=\"elementor-element elementor-element-6e22721 e-flex e-con-boxed e-con e-parent\" data-id=\"6e22721\" data-element_type=\"container\" data-core-v316-plus=\"true\">\n\t\t\t\t\t<div class=\"e-con-inner\">\n\t\t\t\t<div class=\"elementor-element elementor-element-fce7799 elementor-widget elementor-widget-heading\" data-id=\"fce7799\" data-element_type=\"widget\" data-widget_type=\"heading.default\">\n\t\t\t\t<div class=\"elementor-widget-container\">\n\t\t\t<h2 class=\"elementor-heading-title elementor-size-default\">Z\u00ebri i pacient\u00ebve tem\u00eb diskutimi me organizatat e shoq\u00ebris\u00eb civile n\u00eb Prishtin\u00eb <\/h2>\t\t<\/div>\n\t\t\t\t<\/div>\n\t\t\t\t<div class=\"elementor-element elementor-element-39716f5 elementor-widget elementor-widget-text-editor\" data-id=\"39716f5\" data-element_type=\"widget\" data-widget_type=\"text-editor.default\">\n\t\t\t\t<div class=\"elementor-widget-container\">\n\t\t\t\t\t\t\t<p class=\"p1\">Rreth 15 p\u00ebrfaq\u00ebsues nga organizatat e shoq\u00ebris\u00eb civile dhe Zyra e Avokatit t\u00eb Popullit u takuan m\u00eb 19 qershor 2025 p\u00ebr pun\u00ebtorin\u00eb \u201c\u00c7far\u00eb thon\u00eb pacient\u00ebt?\u201d. Kjo pun\u00ebtori, e shtata n\u00eb k\u00ebt\u00eb raund takimesh midis organizatave t\u00eb shoq\u00ebris\u00eb civile dhe projektit IHS, synoi t\u00eb mbledh\u00eb informacione t\u00eb dor\u00ebs s\u00eb par\u00eb dhe t\u00eb diskutohej p\u00ebr fuqizimin e pacient\u00ebve n\u00eb rajonin e Prishtin\u00ebs, sidomos t\u00eb atyre q\u00eb jetojn\u00eb me s\u00ebmundje kronike jongjit\u00ebse.<\/p><p class=\"p1\">Pun\u00ebtoria sh\u00ebrbeu si platform\u00eb p\u00ebr dialog, adresim t\u00eb sfidave dhe eksplorim t\u00eb mund\u00ebsive p\u00ebr p\u00ebrfshirje m\u00eb t\u00eb madhe t\u00eb pacient\u00ebve n\u00eb zhvillimin e sh\u00ebrbimeve sh\u00ebndet\u00ebsore. Pjes\u00ebmarr\u00ebsit ndan\u00eb p\u00ebrvoja, diskutuan rolin e shoq\u00ebris\u00eb civile dhe institucioneve n\u00eb p\u00ebrforcimin e z\u00ebrave t\u00eb pacient\u00ebve dhe propozuan veprime konkrete p\u00ebr t\u00eb p\u00ebrmir\u00ebsuar sistemet lokale t\u00eb kujdesit sh\u00ebndet\u00ebsor.<\/p><p class=\"p1\">Visare Berisha nga Assist Kosova e vler\u00ebsoi iniciativ\u00ebn, duke e quajtur at\u00eb hap t\u00eb r\u00ebnd\u00ebsish\u00ebm drejt nj\u00eb sistemi sh\u00ebndet\u00ebsor m\u00eb gjith\u00ebp\u00ebrfshir\u00ebs dhe m\u00eb t\u00eb p\u00ebrgjegjsh\u00ebm q\u00eb i d\u00ebgjon v\u00ebrtet pacient\u00ebt. \u201cVler\u00ebsoj ve\u00e7an\u00ebrisht p\u00ebrpjekjen p\u00ebr t\u00eb d\u00ebgjuar z\u00ebrat e pacient\u00ebve dhe p\u00ebr ta shnd\u00ebrruar at\u00eb n\u00eb burim t\u00eb vlefsh\u00ebm p\u00ebr p\u00ebrmir\u00ebsimin e sh\u00ebrbimeve. Ky format jo vet\u00ebm q\u00eb inkurajon dialogun, por gjithashtu promovon veprime konkrete n\u00eb nivel lokal\u201d.<\/p>\t\t\t\t\t\t<\/div>\n\t\t\t\t<\/div>\n\t\t\t\t\t<\/div>\n\t\t\t\t<\/div>\n\t\t\t\t<\/div>","protected":false},"excerpt":{"rendered":"<p>Civil Society Organizations in Prishtina Talk Patients\u2019 Voices Around 15 representatives from civil society organizations and the Office of the Ombudsperson met on 19 June 2025 for the workshop \u201cWhat Do Patients Say?\u201d. This workshop, the seventh in this round of meetings between civil society organizations and the IHS project, aimed to collect firsthand information [&hellip;]<\/p>","protected":false},"author":1,"featured_media":0,"parent":0,"menu_order":0,"comment_status":"closed","ping_status":"closed","template":"","meta":[],"_links":{"self":[{"href":"https:\/\/ihsproject.org\/sq\/wp-json\/wp\/v2\/pages\/14895"}],"collection":[{"href":"https:\/\/ihsproject.org\/sq\/wp-json\/wp\/v2\/pages"}],"about":[{"href":"https:\/\/ihsproject.org\/sq\/wp-json\/wp\/v2\/types\/page"}],"author":[{"embeddable":true,"href":"https:\/\/ihsproject.org\/sq\/wp-json\/wp\/v2\/users\/1"}],"replies":[{"embeddable":true,"href":"https:\/\/ihsproject.org\/sq\/wp-json\/wp\/v2\/comments?post=14895"}],"version-history":[{"count":7,"href":"https:\/\/ihsproject.org\/sq\/wp-json\/wp\/v2\/pages\/14895\/revisions"}],"predecessor-version":[{"id":14914,"href":"https:\/\/ihsproject.org\/sq\/wp-json\/wp\/v2\/pages\/14895\/revisions\/14914"}],"wp:attachment":[{"href":"https:\/\/ihsproject.org\/sq\/wp-json\/wp\/v2\/media?parent=14895"}],"curies":[{"name":"wp","href":"https:\/\/api.w.org\/{rel}","templated":true}]}}