{"id":14880,"date":"2025-06-17T10:42:45","date_gmt":"2025-06-17T10:42:45","guid":{"rendered":"https:\/\/ihsproject.org\/?page_id=14880"},"modified":"2025-06-17T10:43:56","modified_gmt":"2025-06-17T10:43:56","slug":"june-17-2025-2","status":"publish","type":"page","link":"https:\/\/ihsproject.org\/sq\/june-17-2025-2\/","title":{"rendered":"June 17, 2025 &#8211; 2"},"content":{"rendered":"<div data-elementor-type=\"wp-page\" data-elementor-id=\"14880\" class=\"elementor elementor-14880\">\n\t\t\t\t<div class=\"elementor-element elementor-element-911be08 e-flex e-con-boxed e-con e-parent\" data-id=\"911be08\" data-element_type=\"container\" data-core-v316-plus=\"true\">\n\t\t\t\t\t<div class=\"e-con-inner\">\n\t\t\t\t<div class=\"elementor-element elementor-element-5436cba elementor-widget elementor-widget-image\" data-id=\"5436cba\" data-element_type=\"widget\" data-widget_type=\"image.default\">\n\t\t\t\t<div class=\"elementor-widget-container\">\n\t\t\t\t\t\t\t\t\t\t\t\t\t<img fetchpriority=\"high\" decoding=\"async\" width=\"1600\" height=\"900\" src=\"https:\/\/ihsproject.org\/wp-content\/uploads\/2025\/06\/IHS-Steering-Committee-Visits-Gjakova-Hospital-to-Review-Project-Progress.jpg\" class=\"attachment-full size-full wp-image-14884\" alt=\"\" srcset=\"https:\/\/ihsproject.org\/wp-content\/uploads\/2025\/06\/IHS-Steering-Committee-Visits-Gjakova-Hospital-to-Review-Project-Progress.jpg 1600w, https:\/\/ihsproject.org\/wp-content\/uploads\/2025\/06\/IHS-Steering-Committee-Visits-Gjakova-Hospital-to-Review-Project-Progress-300x169.jpg 300w, https:\/\/ihsproject.org\/wp-content\/uploads\/2025\/06\/IHS-Steering-Committee-Visits-Gjakova-Hospital-to-Review-Project-Progress-1024x576.jpg 1024w, https:\/\/ihsproject.org\/wp-content\/uploads\/2025\/06\/IHS-Steering-Committee-Visits-Gjakova-Hospital-to-Review-Project-Progress-768x432.jpg 768w, https:\/\/ihsproject.org\/wp-content\/uploads\/2025\/06\/IHS-Steering-Committee-Visits-Gjakova-Hospital-to-Review-Project-Progress-1536x864.jpg 1536w, https:\/\/ihsproject.org\/wp-content\/uploads\/2025\/06\/IHS-Steering-Committee-Visits-Gjakova-Hospital-to-Review-Project-Progress-18x10.jpg 18w\" sizes=\"(max-width: 1600px) 100vw, 1600px\" \/>\t\t\t\t\t\t\t\t\t\t\t\t\t<\/div>\n\t\t\t\t<\/div>\n\t\t\t\t\t<\/div>\n\t\t\t\t<\/div>\n\t\t<div class=\"elementor-element elementor-element-c2730cc e-flex e-con-boxed e-con e-parent\" data-id=\"c2730cc\" data-element_type=\"container\" data-core-v316-plus=\"true\">\n\t\t\t\t\t<div class=\"e-con-inner\">\n\t\t\t\t<div class=\"elementor-element elementor-element-0b36a87 elementor-widget elementor-widget-heading\" data-id=\"0b36a87\" data-element_type=\"widget\" data-widget_type=\"heading.default\">\n\t\t\t\t<div class=\"elementor-widget-container\">\n\t\t\t<h2 class=\"elementor-heading-title elementor-size-default\">Komiteti Drejtues i IHS viziton Spitalin e Gjakov\u00ebs p\u00ebr ta shqyrtuar progresin<\/h2>\t\t<\/div>\n\t\t\t\t<\/div>\n\t\t\t\t<div class=\"elementor-element elementor-element-fc69fa6 elementor-widget elementor-widget-text-editor\" data-id=\"fc69fa6\" data-element_type=\"widget\" data-widget_type=\"text-editor.default\">\n\t\t\t\t<div class=\"elementor-widget-container\">\n\t\t\t\t\t\t\t<p class=\"p1\">M\u00eb 13 qershor 2025, Komiteti Drejtues i projektit Sh\u00ebrbime Sh\u00ebndet\u00ebsore t\u00eb Integruara (IHS) vizitoi Spitalin Rajonal t\u00eb Gjakov\u00ebs p\u00ebr ta v\u00ebzhguar zbatimin e projektit n\u00eb nivel institucioni. Vizita ishte pjes\u00eb e agjend\u00ebs s\u00eb takimit t\u00eb pest\u00eb t\u00eb Komitetit Drejtues t\u00eb projektit.<\/p><p class=\"p1\">Vizita filloi n\u00eb Klinik\u00ebn Ambulantore, ku delegacionit iu prezantuan qasje t\u00eb reja n\u00eb menaxhimin e diabetit dhe hipertensionit. K\u00ebto qasje p\u00ebrfshijn\u00eb k\u00ebshillimin klinik, kujdesin p\u00ebr k\u00ebmb\u00ebn diabetike dhe neuropatit\u00eb e diagnostikuara p\u00ebrmes elektromiografis\u00eb (ENMG). Stafi i vij\u00ebs s\u00eb par\u00eb prezantoi programin inovativ t\u00eb vet\u00ebmenaxhimit me aplikacionin e leht\u00eb p\u00ebr p\u00ebrdoruesit \"Monitorim\". Vizita prezantoi edhe materiale edukative p\u00ebr pacient\u00ebt: broshura, postera dhe video, si dhe procedurat standarde operative q\u00eb synojn\u00eb p\u00ebrmir\u00ebsimin e ofrimit t\u00eb kujdesit.<\/p><p class=\"p1\">N\u00eb Repartin e Internos, stafi i spitalit prezantoi pun\u00ebn e p\u00ebrditshme dhe p\u00ebrmir\u00ebsimet e mb\u00ebshtetura nga projekti IHS. Vizitor\u00ebt pan\u00eb dhom\u00ebn e Edukimit Sh\u00ebndet\u00ebsor dhe m\u00ebsuan rreth sh\u00ebrbimeve t\u00eb k\u00ebshillimit t\u00eb pacient\u00ebve n\u00eb reparte. Ekipi prezantoi gjetjet nga anketa e fundit mbi p\u00ebrvoj\u00ebn e pacient\u00ebve dhe p\u00ebrshkroi programet e vazhdueshme t\u00eb trajnimit t\u00eb udh\u00ebhequra nga specialist\u00eb, n\u00eb partneritet me Sh\u00ebrbimin Spitalor Klinik dhe Universitar t\u00eb Kosov\u00ebs (SHSKUK).<\/p><p class=\"p1\">N\u00eb pik\u00ebn ku po nd\u00ebrtohet hap\u00ebsira e re shum\u00ebfunksionale, fokusi kaloi te planet e ardhshme t\u00eb zhvillimit. Prezantimet nxor\u00ebn n\u00eb pah modelin e Spitaleve Promovuese t\u00eb Sh\u00ebndetit (HPH), strategjit\u00eb p\u00ebr optimizimin e fluksit t\u00eb pacient\u00ebve, zbatimin e sistemeve t\u00eb menaxhimit t\u00eb cil\u00ebsis\u00eb dhe p\u00ebrpjekjet p\u00ebr ta forcuar angazhimin e pacient\u00ebve.<\/p><p class=\"p1\">Vizita p\u00ebrfundoi n\u00eb lokacionin e propozuar p\u00ebr nd\u00ebrhyrjet e ardhshme, duke riafirmuar rolin e Spitalit t\u00eb Gjakov\u00ebs si nj\u00eb nga dy spitalet e p\u00ebrgjithshme partnere kryesore n\u00eb avancimin e sh\u00ebrbimeve sh\u00ebndet\u00ebsore t\u00eb integruara n\u00eb rajon. Vizita vuri n\u00eb dukje vler\u00ebn e lidershipit lokal dhe bashk\u00ebpunimit nd\u00ebrinstitucional n\u00eb arritjen e q\u00ebllimeve t\u00eb p\u00ebrbashk\u00ebta t\u00eb projektit IHS.<\/p>\t\t\t\t\t\t<\/div>\n\t\t\t\t<\/div>\n\t\t\t\t\t<\/div>\n\t\t\t\t<\/div>\n\t\t\t\t<\/div>","protected":false},"excerpt":{"rendered":"<p>IHS Steering Committee Visits Gjakova Hospital to Review Project Progress On 13 June 2025, the Steering Committee of the Integrated Health Services (IHS) project visited the Regional Hospital of Gjakova to observe project implementation at the facility level. The visit was part of the project\u2019s fifth Steering Committee meeting agenda. The tour began at the [&hellip;]<\/p>","protected":false},"author":1,"featured_media":0,"parent":0,"menu_order":0,"comment_status":"closed","ping_status":"closed","template":"","meta":[],"_links":{"self":[{"href":"https:\/\/ihsproject.org\/sq\/wp-json\/wp\/v2\/pages\/14880"}],"collection":[{"href":"https:\/\/ihsproject.org\/sq\/wp-json\/wp\/v2\/pages"}],"about":[{"href":"https:\/\/ihsproject.org\/sq\/wp-json\/wp\/v2\/types\/page"}],"author":[{"embeddable":true,"href":"https:\/\/ihsproject.org\/sq\/wp-json\/wp\/v2\/users\/1"}],"replies":[{"embeddable":true,"href":"https:\/\/ihsproject.org\/sq\/wp-json\/wp\/v2\/comments?post=14880"}],"version-history":[{"count":4,"href":"https:\/\/ihsproject.org\/sq\/wp-json\/wp\/v2\/pages\/14880\/revisions"}],"predecessor-version":[{"id":14887,"href":"https:\/\/ihsproject.org\/sq\/wp-json\/wp\/v2\/pages\/14880\/revisions\/14887"}],"wp:attachment":[{"href":"https:\/\/ihsproject.org\/sq\/wp-json\/wp\/v2\/media?parent=14880"}],"curies":[{"name":"wp","href":"https:\/\/api.w.org\/{rel}","templated":true}]}}