{"id":14866,"date":"2025-06-17T10:33:34","date_gmt":"2025-06-17T10:33:34","guid":{"rendered":"https:\/\/ihsproject.org\/?page_id=14866"},"modified":"2025-06-17T10:34:46","modified_gmt":"2025-06-17T10:34:46","slug":"june-17-2025","status":"publish","type":"page","link":"https:\/\/ihsproject.org\/sq\/june-17-2025\/","title":{"rendered":"Qershor 17, 2025"},"content":{"rendered":"<div data-elementor-type=\"wp-page\" data-elementor-id=\"14866\" class=\"elementor elementor-14866\">\n\t\t\t\t<div class=\"elementor-element elementor-element-b1b8939 e-flex e-con-boxed e-con e-parent\" data-id=\"b1b8939\" data-element_type=\"container\" data-core-v316-plus=\"true\">\n\t\t\t\t\t<div class=\"e-con-inner\">\n\t\t\t\t<div class=\"elementor-element elementor-element-7b966d3 elementor-widget elementor-widget-image\" data-id=\"7b966d3\" data-element_type=\"widget\" data-widget_type=\"image.default\">\n\t\t\t\t<div class=\"elementor-widget-container\">\n\t\t\t\t\t\t\t\t\t\t\t\t\t<img fetchpriority=\"high\" decoding=\"async\" width=\"1600\" height=\"900\" src=\"https:\/\/ihsproject.org\/wp-content\/uploads\/2025\/06\/Fifth-Meeting-of-IHS-Project-Steering-Committee-Focuses-on-Future-Directions-1.jpg\" class=\"attachment-full size-full wp-image-14869\" alt=\"\" srcset=\"https:\/\/ihsproject.org\/wp-content\/uploads\/2025\/06\/Fifth-Meeting-of-IHS-Project-Steering-Committee-Focuses-on-Future-Directions-1.jpg 1600w, https:\/\/ihsproject.org\/wp-content\/uploads\/2025\/06\/Fifth-Meeting-of-IHS-Project-Steering-Committee-Focuses-on-Future-Directions-1-300x169.jpg 300w, https:\/\/ihsproject.org\/wp-content\/uploads\/2025\/06\/Fifth-Meeting-of-IHS-Project-Steering-Committee-Focuses-on-Future-Directions-1-1024x576.jpg 1024w, https:\/\/ihsproject.org\/wp-content\/uploads\/2025\/06\/Fifth-Meeting-of-IHS-Project-Steering-Committee-Focuses-on-Future-Directions-1-768x432.jpg 768w, https:\/\/ihsproject.org\/wp-content\/uploads\/2025\/06\/Fifth-Meeting-of-IHS-Project-Steering-Committee-Focuses-on-Future-Directions-1-1536x864.jpg 1536w, https:\/\/ihsproject.org\/wp-content\/uploads\/2025\/06\/Fifth-Meeting-of-IHS-Project-Steering-Committee-Focuses-on-Future-Directions-1-18x10.jpg 18w\" sizes=\"(max-width: 1600px) 100vw, 1600px\" \/>\t\t\t\t\t\t\t\t\t\t\t\t\t<\/div>\n\t\t\t\t<\/div>\n\t\t\t\t\t<\/div>\n\t\t\t\t<\/div>\n\t\t<div class=\"elementor-element elementor-element-385423e e-flex e-con-boxed e-con e-parent\" data-id=\"385423e\" data-element_type=\"container\" data-core-v316-plus=\"true\">\n\t\t\t\t\t<div class=\"e-con-inner\">\n\t\t\t\t<div class=\"elementor-element elementor-element-b35c9a7 elementor-widget elementor-widget-heading\" data-id=\"b35c9a7\" data-element_type=\"widget\" data-widget_type=\"heading.default\">\n\t\t\t\t<div class=\"elementor-widget-container\">\n\t\t\t<h2 class=\"elementor-heading-title elementor-size-default\">Takimi i pest\u00eb i Komitetit Drejtues t\u00eb Projektit IHS fokusohet n\u00eb hapat e ardhsh\u00ebm<\/h2>\t\t<\/div>\n\t\t\t\t<\/div>\n\t\t\t\t<div class=\"elementor-element elementor-element-57c177b elementor-widget elementor-widget-text-editor\" data-id=\"57c177b\" data-element_type=\"widget\" data-widget_type=\"text-editor.default\">\n\t\t\t\t<div class=\"elementor-widget-container\">\n\t\t\t\t\t\t\t<p class=\"p1\">M\u00eb 13 qershor 2025, Komiteti Drejtues (KD) i projektit Sh\u00ebrbime Sh\u00ebndet\u00ebsore t\u00eb Integruara (IHS) mbajti takimin e tij t\u00eb pest\u00eb p\u00ebr t\u00eb shqyrtuar progresin dhe p\u00ebr t\u00eb harmonizuar prioritetet teksa projekti i afrohet fundit t\u00eb vitit t\u00eb tret\u00eb t\u00eb zbatimit. P\u00ebrfaq\u00ebsues nga institucionet kryesore partnere u takuan n\u00eb Spitalin e P\u00ebrgjithsh\u00ebm t\u00eb Gjakov\u00ebs, nj\u00eb nga lokacionet e Projektit IHS, p\u00ebr t\u00eb reflektuar mbi progresin q\u00eb po arrihet dhe p\u00ebr t\u00eb hartuar strategji p\u00ebr pjes\u00ebn tjet\u00ebr t\u00eb Faz\u00ebs I t\u00eb Projektit.<\/p><p class=\"p1\">Z. Peter Sidler, Z\u00ebvend\u00ebs Shef i Bashk\u00ebpunimit Nd\u00ebrkomb\u00ebtar n\u00eb Ambasad\u00ebn e Zvicr\u00ebs dhe bashk\u00ebkryesues i KD-s\u00eb, vuri n\u00eb dukje se konteksti n\u00eb t\u00eb cilin vepron projekti IHS ka evoluar q\u00eb nga fillimi i tij. \"Faz\u00ebs s\u00eb par\u00eb po i vjen fundi dhe v\u00ebmendja jon\u00eb tani zhvendoset n\u00eb procesin p\u00ebrpara gjat\u00eb 12 muajve t\u00eb ardhsh\u00ebm\", tha ai. \"Kemi mund\u00ebsin\u00eb unike p\u00ebr t\u00eb punuar n\u00eb m\u00ebnyr\u00eb kreative me partner\u00ebt tan\u00eb, p\u00ebr t\u00eb prezantuar nuanca n\u00eb qasjen ton\u00eb dhe p\u00ebr ta shfryt\u00ebzuar sa m\u00eb mir\u00eb potencialin e projektit\".<\/p><p class=\"p1\">Dr. Naim Bardiqi, Sekretar i P\u00ebrgjithsh\u00ebm i Ministris\u00eb s\u00eb Sh\u00ebndet\u00ebsis\u00eb, po ashtu bashk\u00ebkryesues i KD-s\u00eb, ndau t\u00eb rejat mbi nd\u00ebrhyrjet e ndryshme n\u00eb bashk\u00ebpunim me institucionet nd\u00ebrkomb\u00ebtare t\u00eb financimit. An\u00ebtar\u00ebt e tjer\u00eb t\u00eb KD-s\u00eb dhe pjes\u00ebmarr\u00ebsit e takimit pat\u00ebn gjithashtu mund\u00ebsi t\u00eb shk\u00ebmbejn\u00eb mendimet dhe t\u00eb flasin rreth zhvillimeve.<\/p><p class=\"p1\">Takimi p\u00ebrfshiu prezantime nga ekipi i projektit, njohuri t\u00eb vlefshme nga pal\u00ebt e interesit dhe nj\u00eb vizit\u00eb n\u00eb ambientet e Spitalit t\u00eb P\u00ebrgjithsh\u00ebm t\u00eb Gjakov\u00ebs, me fokus t\u00eb ve\u00e7ant\u00eb n\u00eb hap\u00ebsirat q\u00eb po p\u00ebrmir\u00ebsohen dhe funksionet q\u00eb po zgjerohen n\u00eb bashk\u00ebpunim me Projektin IHS, p\u00ebr ta mb\u00ebshtetur m\u00eb mir\u00eb rrug\u00ebtimin sh\u00ebndet\u00ebsor t\u00eb pacient\u00ebve me s\u00ebmundje kronike jongjit\u00ebse dhe popullat\u00ebs n\u00eb p\u00ebrgjith\u00ebsi.<\/p>\t\t\t\t\t\t<\/div>\n\t\t\t\t<\/div>\n\t\t\t\t\t<\/div>\n\t\t\t\t<\/div>\n\t\t\t\t<\/div>","protected":false},"excerpt":{"rendered":"<p>Fifth Meeting of IHS Project Steering Committee Focuses on Future Directions On 13 June 2025, the Steering Committee (SC) of the Integrated Health Services (IHS) project held its fifth meeting to review progress and align on priorities as the project approaches the end of its third year of implementation. Representatives from key partner institutions gathered [&hellip;]<\/p>","protected":false},"author":1,"featured_media":0,"parent":0,"menu_order":0,"comment_status":"closed","ping_status":"closed","template":"","meta":[],"_links":{"self":[{"href":"https:\/\/ihsproject.org\/sq\/wp-json\/wp\/v2\/pages\/14866"}],"collection":[{"href":"https:\/\/ihsproject.org\/sq\/wp-json\/wp\/v2\/pages"}],"about":[{"href":"https:\/\/ihsproject.org\/sq\/wp-json\/wp\/v2\/types\/page"}],"author":[{"embeddable":true,"href":"https:\/\/ihsproject.org\/sq\/wp-json\/wp\/v2\/users\/1"}],"replies":[{"embeddable":true,"href":"https:\/\/ihsproject.org\/sq\/wp-json\/wp\/v2\/comments?post=14866"}],"version-history":[{"count":4,"href":"https:\/\/ihsproject.org\/sq\/wp-json\/wp\/v2\/pages\/14866\/revisions"}],"predecessor-version":[{"id":14873,"href":"https:\/\/ihsproject.org\/sq\/wp-json\/wp\/v2\/pages\/14866\/revisions\/14873"}],"wp:attachment":[{"href":"https:\/\/ihsproject.org\/sq\/wp-json\/wp\/v2\/media?parent=14866"}],"curies":[{"name":"wp","href":"https:\/\/api.w.org\/{rel}","templated":true}]}}