{"id":14787,"date":"2025-06-05T12:59:59","date_gmt":"2025-06-05T12:59:59","guid":{"rendered":"https:\/\/ihsproject.org\/?page_id=14787"},"modified":"2025-06-05T13:01:33","modified_gmt":"2025-06-05T13:01:33","slug":"june-05-2025","status":"publish","type":"page","link":"https:\/\/ihsproject.org\/sq\/june-05-2025\/","title":{"rendered":"Qershor 05, 2025"},"content":{"rendered":"<div data-elementor-type=\"wp-page\" data-elementor-id=\"14787\" class=\"elementor elementor-14787\">\n\t\t\t\t<div class=\"elementor-element elementor-element-fb01821 e-flex e-con-boxed e-con e-parent\" data-id=\"fb01821\" data-element_type=\"container\" data-core-v316-plus=\"true\">\n\t\t\t\t\t<div class=\"e-con-inner\">\n\t\t\t\t<div class=\"elementor-element elementor-element-eef137f elementor-widget elementor-widget-image\" data-id=\"eef137f\" data-element_type=\"widget\" data-widget_type=\"image.default\">\n\t\t\t\t<div class=\"elementor-widget-container\">\n\t\t\t\t\t\t\t\t\t\t\t\t\t<img fetchpriority=\"high\" decoding=\"async\" width=\"1600\" height=\"900\" src=\"https:\/\/ihsproject.org\/wp-content\/uploads\/2025\/06\/Strengthening-Capacities-in-Healthcare-Strategic-Planning.jpg\" class=\"attachment-full size-full wp-image-14786\" alt=\"\" srcset=\"https:\/\/ihsproject.org\/wp-content\/uploads\/2025\/06\/Strengthening-Capacities-in-Healthcare-Strategic-Planning.jpg 1600w, https:\/\/ihsproject.org\/wp-content\/uploads\/2025\/06\/Strengthening-Capacities-in-Healthcare-Strategic-Planning-300x169.jpg 300w, https:\/\/ihsproject.org\/wp-content\/uploads\/2025\/06\/Strengthening-Capacities-in-Healthcare-Strategic-Planning-1024x576.jpg 1024w, https:\/\/ihsproject.org\/wp-content\/uploads\/2025\/06\/Strengthening-Capacities-in-Healthcare-Strategic-Planning-768x432.jpg 768w, https:\/\/ihsproject.org\/wp-content\/uploads\/2025\/06\/Strengthening-Capacities-in-Healthcare-Strategic-Planning-1536x864.jpg 1536w, https:\/\/ihsproject.org\/wp-content\/uploads\/2025\/06\/Strengthening-Capacities-in-Healthcare-Strategic-Planning-18x10.jpg 18w\" sizes=\"(max-width: 1600px) 100vw, 1600px\" \/>\t\t\t\t\t\t\t\t\t\t\t\t\t<\/div>\n\t\t\t\t<\/div>\n\t\t\t\t\t<\/div>\n\t\t\t\t<\/div>\n\t\t<div class=\"elementor-element elementor-element-21e3fe8 e-flex e-con-boxed e-con e-parent\" data-id=\"21e3fe8\" data-element_type=\"container\" data-core-v316-plus=\"true\">\n\t\t\t\t\t<div class=\"e-con-inner\">\n\t\t\t\t<div class=\"elementor-element elementor-element-f2139eb elementor-widget elementor-widget-heading\" data-id=\"f2139eb\" data-element_type=\"widget\" data-widget_type=\"heading.default\">\n\t\t\t\t<div class=\"elementor-widget-container\">\n\t\t\t<h2 class=\"elementor-heading-title elementor-size-default\">Forcimi i kapaciteteve n\u00eb planifikimin strategjik t\u00eb kujdesit sh\u00ebndet\u00ebsor<\/h2>\t\t<\/div>\n\t\t\t\t<\/div>\n\t\t\t\t<div class=\"elementor-element elementor-element-19d80b9 elementor-widget elementor-widget-text-editor\" data-id=\"19d80b9\" data-element_type=\"widget\" data-widget_type=\"text-editor.default\">\n\t\t\t\t<div class=\"elementor-widget-container\">\n\t\t\t\t\t\t\t<p class=\"p1\">M\u00eb 27 - 29 maj 2025, projekti Sh\u00ebrbimet Sh\u00ebndet\u00ebsore t\u00eb Integruara (IHS) organizoi nj\u00eb pun\u00ebtori tri-ditore mbi planifikimin strategjik n\u00eb kujdesin sh\u00ebndet\u00ebsor, e konceptuar p\u00ebr t\u2019i ngritur kapacitetet e udh\u00ebheq\u00ebsve t\u00eb kujdesit sh\u00ebndet\u00ebsor dhe menaxher\u00ebve t\u00eb institucioneve publike n\u00eb t\u00eb gjitha nivelet e sistemit.<\/p><p class=\"p1\">Pjes\u00ebmarr\u00ebsit q\u00eb p\u00ebrfaq\u00ebsonin nj\u00eb gam\u00eb t\u00eb gjer\u00eb ofruesish t\u00eb kujdesit sh\u00ebndet\u00ebsor u angazhuan n\u00eb sesione interaktive q\u00eb mbuluan elementet kryesore t\u00eb planifikimit strategjik, duke p\u00ebrfshir\u00eb zbatimin e analizave SWOT dhe PESTLE, hart\u00ebzimin e pal\u00ebve t\u00eb interesit, zhvillimin e misionit dhe vizionit, p\u00ebrcaktimin e q\u00ebllimeve SMART, ndarjen e burimeve, strategjit\u00eb e zbatimit dhe mjete t\u00eb tjera t\u00eb r\u00ebnd\u00ebsishme duke p\u00ebrfshir\u00eb kornizat e monitorimit dhe vler\u00ebsimit.<\/p><p class=\"p1\">Trajnimi kishte shum\u00eb pjes\u00ebmarr\u00ebs, duke kombinuar ligj\u00ebrata me ushtrime praktike n\u00eb grup, projekte planifikimi dhe diskutimin e rasteve studimore nga bota reale. Reagimet e fasilituesve t\u00eb sesioneve i ndihmuan pjes\u00ebmarr\u00ebsit t'i zbatonin konceptet n\u00eb sfidat dhe mund\u00ebsit\u00eb specifike p\u00ebr kontekstin. N\u00eb p\u00ebrfundim t\u00eb seminarit, pjes\u00ebmarr\u00ebsit zhvilluan draft plane strategjike p\u00ebr organizata hipotetike t\u00eb kujdesit sh\u00ebndet\u00ebsor dhe fituan njohuri praktike p\u00ebr ta p\u00ebrmir\u00ebsuar t\u00eb menduarit strategjik dhe nismat brenda institucioneve t\u00eb tyre.<\/p><p class=\"p1\">Ky trajnim \u00ebsht\u00eb raundi i par\u00eb n\u00eb serin\u00eb e trajnimeve t\u00eb sapoiniciuara p\u00ebr Menaxhimin Sh\u00ebndet\u00ebsor n\u00eb kuad\u00ebr t\u00eb angazhimit t\u00eb vazhduesh\u00ebm t\u00eb Projektit IHS p\u00ebr forcimin e sistemit sh\u00ebndet\u00ebsor t\u00eb Kosov\u00ebs p\u00ebrmes mb\u00ebshtetjes s\u00eb njohurive dhe kapaciteteve t\u00eb bazuara n\u00eb prova p\u00ebr zhvillim t\u00eb q\u00ebndruesh\u00ebm.<\/p>\t\t\t\t\t\t<\/div>\n\t\t\t\t<\/div>\n\t\t\t\t\t<\/div>\n\t\t\t\t<\/div>\n\t\t\t\t<\/div>","protected":false},"excerpt":{"rendered":"<p>Strengthening Capacities in Healthcare Strategic Planning From 27\u201329 May 2025, the Integrated Health Services (IHS) project organized a three-day workshop on strategic planning in healthcare, designed to build the capacity of healthcare leaders and managers of public institutions across all levels of the system. Participants representing diverse range of healthcare providers engaged in interactive sessions [&hellip;]<\/p>","protected":false},"author":1,"featured_media":0,"parent":0,"menu_order":0,"comment_status":"closed","ping_status":"closed","template":"","meta":[],"_links":{"self":[{"href":"https:\/\/ihsproject.org\/sq\/wp-json\/wp\/v2\/pages\/14787"}],"collection":[{"href":"https:\/\/ihsproject.org\/sq\/wp-json\/wp\/v2\/pages"}],"about":[{"href":"https:\/\/ihsproject.org\/sq\/wp-json\/wp\/v2\/types\/page"}],"author":[{"embeddable":true,"href":"https:\/\/ihsproject.org\/sq\/wp-json\/wp\/v2\/users\/1"}],"replies":[{"embeddable":true,"href":"https:\/\/ihsproject.org\/sq\/wp-json\/wp\/v2\/comments?post=14787"}],"version-history":[{"count":4,"href":"https:\/\/ihsproject.org\/sq\/wp-json\/wp\/v2\/pages\/14787\/revisions"}],"predecessor-version":[{"id":14792,"href":"https:\/\/ihsproject.org\/sq\/wp-json\/wp\/v2\/pages\/14787\/revisions\/14792"}],"wp:attachment":[{"href":"https:\/\/ihsproject.org\/sq\/wp-json\/wp\/v2\/media?parent=14787"}],"curies":[{"name":"wp","href":"https:\/\/api.w.org\/{rel}","templated":true}]}}