{"id":14766,"date":"2025-06-02T08:32:46","date_gmt":"2025-06-02T08:32:46","guid":{"rendered":"https:\/\/ihsproject.org\/?page_id=14766"},"modified":"2025-06-02T08:53:16","modified_gmt":"2025-06-02T08:53:16","slug":"june-02-2025-impact-story","status":"publish","type":"page","link":"https:\/\/ihsproject.org\/sq\/june-02-2025-impact-story\/","title":{"rendered":"Qershor 02, 2025 - Tregime p\u00ebr Impaktin"},"content":{"rendered":"<div data-elementor-type=\"wp-page\" data-elementor-id=\"14766\" class=\"elementor elementor-14766\">\n\t\t\t\t<div class=\"elementor-element elementor-element-82f4e92 e-flex e-con-boxed e-con e-parent\" data-id=\"82f4e92\" data-element_type=\"container\" data-core-v316-plus=\"true\">\n\t\t\t\t\t<div class=\"e-con-inner\">\n\t\t\t\t<div class=\"elementor-element elementor-element-213d8c7 elementor-widget elementor-widget-heading\" data-id=\"213d8c7\" data-element_type=\"widget\" data-widget_type=\"heading.default\">\n\t\t\t\t<div class=\"elementor-widget-container\">\n\t\t\t<h2 class=\"elementor-heading-title elementor-size-default\">Riformulimi i komunikimit sh\u00ebndet\u00ebsor lidhur me s\u00ebmundjet kronike jongjit\u00ebse n\u00eb Kosov\u00eb<\/h2>\t\t<\/div>\n\t\t\t\t<\/div>\n\t\t\t\t\t<\/div>\n\t\t\t\t<\/div>\n\t\t<div class=\"elementor-element elementor-element-02523ce e-flex e-con-boxed e-con e-parent\" data-id=\"02523ce\" data-element_type=\"container\" data-core-v316-plus=\"true\">\n\t\t\t\t\t<div class=\"e-con-inner\">\n\t\t\t\t<div class=\"elementor-element elementor-element-dd6d431 elementor-widget elementor-widget-image\" data-id=\"dd6d431\" data-element_type=\"widget\" data-widget_type=\"image.default\">\n\t\t\t\t<div class=\"elementor-widget-container\">\n\t\t\t\t\t\t\t\t\t\t\t\t\t<img fetchpriority=\"high\" decoding=\"async\" width=\"1600\" height=\"900\" src=\"https:\/\/ihsproject.org\/wp-content\/uploads\/2025\/06\/Diabetes__Me.jpg\" class=\"attachment-full size-full wp-image-14762\" alt=\"\" srcset=\"https:\/\/ihsproject.org\/wp-content\/uploads\/2025\/06\/Diabetes__Me.jpg 1600w, https:\/\/ihsproject.org\/wp-content\/uploads\/2025\/06\/Diabetes__Me-300x169.jpg 300w, https:\/\/ihsproject.org\/wp-content\/uploads\/2025\/06\/Diabetes__Me-1024x576.jpg 1024w, https:\/\/ihsproject.org\/wp-content\/uploads\/2025\/06\/Diabetes__Me-768x432.jpg 768w, https:\/\/ihsproject.org\/wp-content\/uploads\/2025\/06\/Diabetes__Me-1536x864.jpg 1536w, https:\/\/ihsproject.org\/wp-content\/uploads\/2025\/06\/Diabetes__Me-18x10.jpg 18w\" sizes=\"(max-width: 1600px) 100vw, 1600px\" \/>\t\t\t\t\t\t\t\t\t\t\t\t\t<\/div>\n\t\t\t\t<\/div>\n\t\t\t\t\t<\/div>\n\t\t\t\t<\/div>\n\t\t<div class=\"elementor-element elementor-element-a428eba e-flex e-con-boxed e-con e-parent\" data-id=\"a428eba\" data-element_type=\"container\" data-core-v316-plus=\"true\">\n\t\t\t\t\t<div class=\"e-con-inner\">\n\t\t\t\t<div class=\"elementor-element elementor-element-3cad4a6 elementor-widget elementor-widget-text-editor\" data-id=\"3cad4a6\" data-element_type=\"widget\" data-widget_type=\"text-editor.default\">\n\t\t\t\t<div class=\"elementor-widget-container\">\n\t\t\t\t\t\t\t<p class=\"p1\">Fushatat sh\u00ebndet\u00ebsore n\u00eb Kosov\u00eb jan\u00eb p\u00ebrqendruar p\u00ebr vite me radh\u00eb n\u00eb rritjen e vet\u00ebdijesimit rreth s\u00ebmundjeve kronike si diabeti dhe hipertensioni. Mesazhet kan\u00eb qen\u00eb t\u00eb qarta: shmangni sheqerin, reduktoni krip\u00ebn, ndaloni pirjen e duhanit dhe mbani stil jetese aktiv. Por, gjat\u00eb bisedave me pacient\u00ebt dhe komunitetet, vazhdimisht shfaqej nj\u00eb k\u00ebndv\u00ebshtrim tjet\u00ebr:<\/p><p class=\"p1\">\"Mund t\u00eb gjejm\u00eb informata se \u00e7far\u00eb <span class=\"s1\"><b>nuk<\/b><\/span> duhet t\u00eb b\u00ebjm\u00eb. Ajo q\u00eb nuk e d\u00ebgjojm\u00eb shpesh \u00ebsht\u00eb se si t\u00eb jetojm\u00eb m\u00eb mir\u00eb\".<\/p><p class=\"p1\">Ky reagim, i shprehur vazhdimisht n\u00eb takimet me komunitetin dhe konsultimet me shoq\u00ebrin\u00eb civile, nxiti t\u00eb rimendohet m\u00ebnyra se si mund t\u00eb b\u00ebhet komunikimi sh\u00ebndet\u00ebsor. K\u00ebshtu, Projekti Sh\u00ebrbimet Sh\u00ebndet\u00ebsore t\u00eb Integruara (IHS) n\u00eb Kosov\u00eb, n\u00eb bashk\u00ebpunim me institucionet vendore, lansuan nj\u00eb nism\u00eb t\u00eb guximshme: nj\u00eb seri videosh t\u00eb bazuar jo n\u00eb paralajm\u00ebrime, por n\u00eb inkurajimin e pacient\u00ebve q\u00eb ta menaxhojn\u00eb m\u00eb mir\u00eb situat\u00ebn dhe t\u00eb kujdesen m\u00eb mir\u00eb p\u00ebr mir\u00ebqenien e tyre.<\/p><p class=\"p1\">E titulluar <a href=\"https:\/\/www.youtube.com\/playlist?list=PLA-klFjsFBfbGLkcAjP3HE5NhbnWkNKf6\"><span class=\"s2\">\"Diabeti dhe un\u00eb: \u00c7far\u00eb do t\u00eb b\u00ebja?\u201d,<\/span><\/a>seria me 9 video u zhvillua n\u00eb bashk\u00ebpunim me Institutin Komb\u00ebtar t\u00eb Sh\u00ebndet\u00ebsis\u00eb Publike t\u00eb Kosov\u00ebs (IKSHP) dhe u miratua nga Ministria e Sh\u00ebndet\u00ebsis\u00eb s\u00eb Kosov\u00ebs. N\u00eb vend q\u00eb t\u00eb ofroj\u00eb k\u00ebshilla nga larg nga ekspert\u00ebt, seria i fton profesionist\u00ebt sh\u00ebndet\u00ebsor\u00eb q\u00eb t\u00eb flasin nga perspektiva personale, duke imagjinuar se si do ta menaxhonin ata vet\u00eb jet\u00ebn me nj\u00eb s\u00ebmundje kronike.<\/p>\t\t\t\t\t\t<\/div>\n\t\t\t\t<\/div>\n\t\t\t\t\t<\/div>\n\t\t\t\t<\/div>\n\t\t<div class=\"elementor-element elementor-element-51648f6 e-flex e-con-boxed e-con e-parent\" data-id=\"51648f6\" data-element_type=\"container\" data-core-v316-plus=\"true\">\n\t\t\t\t\t<div class=\"e-con-inner\">\n\t\t\t\t<div class=\"elementor-element elementor-element-78651e9 elementor-widget elementor-widget-heading\" data-id=\"78651e9\" data-element_type=\"widget\" data-widget_type=\"heading.default\">\n\t\t\t\t<div class=\"elementor-widget-container\">\n\t\t\t<h2 class=\"elementor-heading-title elementor-size-default\">Bised\u00eb ndryshe<\/h2>\t\t<\/div>\n\t\t\t\t<\/div>\n\t\t\t\t<div class=\"elementor-element elementor-element-f6bbf4f elementor-widget elementor-widget-image\" data-id=\"f6bbf4f\" data-element_type=\"widget\" data-widget_type=\"image.default\">\n\t\t\t\t<div class=\"elementor-widget-container\">\n\t\t\t\t\t\t\t\t\t\t\t\t\t<img decoding=\"async\" width=\"602\" height=\"273\" src=\"https:\/\/ihsproject.org\/wp-content\/uploads\/2025\/06\/Sadete-Ejupi-Kallaba-.jpg\" class=\"attachment-large size-large wp-image-14778\" alt=\"\" srcset=\"https:\/\/ihsproject.org\/wp-content\/uploads\/2025\/06\/Sadete-Ejupi-Kallaba-.jpg 602w, https:\/\/ihsproject.org\/wp-content\/uploads\/2025\/06\/Sadete-Ejupi-Kallaba--300x136.jpg 300w, https:\/\/ihsproject.org\/wp-content\/uploads\/2025\/06\/Sadete-Ejupi-Kallaba--18x8.jpg 18w\" sizes=\"(max-width: 602px) 100vw, 602px\" \/>\t\t\t\t\t\t\t\t\t\t\t\t\t<\/div>\n\t\t\t\t<\/div>\n\t\t\t\t\t<\/div>\n\t\t\t\t<\/div>\n\t\t<div class=\"elementor-element elementor-element-822ec2a e-flex e-con-boxed e-con e-parent\" data-id=\"822ec2a\" data-element_type=\"container\" data-core-v316-plus=\"true\">\n\t\t\t\t\t<div class=\"e-con-inner\">\n\t\t\t\t<div class=\"elementor-element elementor-element-7d398db elementor-widget elementor-widget-text-editor\" data-id=\"7d398db\" data-element_type=\"widget\" data-widget_type=\"text-editor.default\">\n\t\t\t\t<div class=\"elementor-widget-container\">\n\t\t\t\t\t\t\t<p class=\"p1\">Secila prej n\u00ebnt\u00eb videove t\u00eb shkurtra p\u00ebrqendrohet rreth nj\u00eb pyetjeje t\u00eb thjesht\u00eb: N\u00ebse do t\u00eb kishe diabet, \u00e7far\u00eb do t\u00eb b\u00ebje? Cilat shprehi t\u00eb reja do t\u2019i p\u00ebrvet\u00ebsoje? A do ta ndaje me familjen dhe miqt\u00eb gjendjen t\u00ebnde? \u00c7far\u00eb do t\u00eb k\u00ebrkoje nga ekipi mjek\u00ebsor?<\/p><p class=\"p1\">P\u00ebrgjigjet, t\u00eb dh\u00ebna n\u00eb stil bisede dhe n\u00eb mjedise normale pune, pasqyrojn\u00eb si ekspertiz\u00ebn mjek\u00ebsore, ashtu edhe dhembshurin\u00eb e p\u00ebrjetuar. Mjek\u00ebt, infermier\u00ebt, edukator\u00ebt e sh\u00ebndetit publik dhe specialist\u00ebt e komunikimit flasin hapur p\u00ebr sfidat e zakonshme dhe hapat realist\u00eb q\u00eb mund ta mb\u00ebshtesin nj\u00eb sh\u00ebndet m\u00eb t\u00eb mir\u00eb.<\/p><p class=\"p1\">\"Ne e pyet\u00ebm veten se \u00e7far\u00eb lloj mesazhesh i prekin v\u00ebrtet njer\u00ebzit\", thot\u00eb Fekrije Hasani, Eksperte e Lart\u00eb e Sh\u00ebndetit, Projekti IHS. \"Dhe p\u00ebrgjigja ishte e qart\u00eb: njer\u00ebzit reagojn\u00eb ndaj sinqeritetit, p\u00ebrvoj\u00ebs q\u00eb ndahet dhe ndryshimeve t\u00eb vogla e t\u00eb realizueshme, jo vet\u00ebm k\u00ebshillave klinike\".<\/p><p class=\"p1\">Formati \u00ebsht\u00eb i drejtp\u00ebrdrejt\u00eb dhe emocionalisht inteligjent. Klipet jan\u00eb m\u00eb pak se nj\u00eb minut\u00eb t\u00eb gjata, t\u00eb dizajnuara p\u00ebr t'u p\u00ebrshtatur me ritmet e jet\u00ebs s\u00eb p\u00ebrditshme, qoft\u00eb p\u00ebr t\u2019u shp\u00ebrndar\u00eb n\u00ebp\u00ebrmjet mediave sociale, t\u00eb shfaqen n\u00eb sallat e pritjes n\u00eb spitale, t\u00eb shp\u00ebrndahen n\u00ebp\u00ebrmjet aplikacioneve t\u00eb mesazheve n\u00eb telefon ose t\u00eb shfaqen n\u00eb ngjarjet me komunitet.<\/p>\t\t\t\t\t\t<\/div>\n\t\t\t\t<\/div>\n\t\t\t\t\t<\/div>\n\t\t\t\t<\/div>\n\t\t<div class=\"elementor-element elementor-element-fc2cbc1 e-flex e-con-boxed e-con e-parent\" data-id=\"fc2cbc1\" data-element_type=\"container\" data-core-v316-plus=\"true\">\n\t\t\t\t\t<div class=\"e-con-inner\">\n\t\t\t\t<div class=\"elementor-element elementor-element-adceac5 elementor-widget elementor-widget-heading\" data-id=\"adceac5\" data-element_type=\"widget\" data-widget_type=\"heading.default\">\n\t\t\t\t<div class=\"elementor-widget-container\">\n\t\t\t<h2 class=\"elementor-heading-title elementor-size-default\">Ku q\u00ebndron r\u00ebnd\u00ebsia e k\u00ebsaj <\/h2>\t\t<\/div>\n\t\t\t\t<\/div>\n\t\t\t\t<div class=\"elementor-element elementor-element-bd0d661 elementor-widget elementor-widget-text-editor\" data-id=\"bd0d661\" data-element_type=\"widget\" data-widget_type=\"text-editor.default\">\n\t\t\t\t<div class=\"elementor-widget-container\">\n\t\t\t\t\t\t\t<p class=\"p1\">S\u00ebmundjet kronike jongjit\u00ebse si diabeti dhe hipertensioni jan\u00eb nd\u00ebr sfidat m\u00eb urgjente t\u00eb sh\u00ebndetit publik n\u00eb Kosov\u00eb. Tradicionalisht, mesazhet sh\u00ebndet\u00ebsore jan\u00eb mb\u00ebshtetur fort n\u00eb k\u00ebshilla dhe paralajm\u00ebrime klinike, t\u00eb cilat shpesh ofrohen p\u00ebrmes fushatave nga lart posht\u00eb.<\/p><p class=\"p1\">Shk\u00ebputja midis ofrimit t\u00eb informacionit, p\u00ebrvet\u00ebsimit t\u00eb mesazhit dhe veprimit kuptimplot\u00eb u b\u00eb motivimi p\u00ebr k\u00ebt\u00eb m\u00ebnyr\u00eb t\u00eb re t\u00eb ofrimit t\u00eb informacionit t\u00eb sakt\u00eb nga ana mjek\u00ebsore, por t\u00eb bazuar n\u00eb empati dhe t\u00eb hartuar p\u00ebr t\u00eb gjith\u00eb.<\/p>\t\t\t\t\t\t<\/div>\n\t\t\t\t<\/div>\n\t\t\t\t\t<\/div>\n\t\t\t\t<\/div>\n\t\t<div class=\"elementor-element elementor-element-e19e7e4 e-flex e-con-boxed e-con e-parent\" data-id=\"e19e7e4\" data-element_type=\"container\" data-core-v316-plus=\"true\">\n\t\t\t\t\t<div class=\"e-con-inner\">\n\t\t\t\t<div class=\"elementor-element elementor-element-5db052a elementor-widget elementor-widget-heading\" data-id=\"5db052a\" data-element_type=\"widget\" data-widget_type=\"heading.default\">\n\t\t\t\t<div class=\"elementor-widget-container\">\n\t\t\t<h2 class=\"elementor-heading-title elementor-size-default\">Nga koncepti tek kamera\n<\/h2>\t\t<\/div>\n\t\t\t\t<\/div>\n\t\t<div class=\"elementor-element elementor-element-3625103 e-flex e-con-boxed e-con e-child\" data-id=\"3625103\" data-element_type=\"container\">\n\t\t\t\t\t<div class=\"e-con-inner\">\n\t\t<div class=\"elementor-element elementor-element-cbd8e05 e-con-full e-flex e-con e-child\" data-id=\"cbd8e05\" data-element_type=\"container\">\n\t\t\t\t<div class=\"elementor-element elementor-element-140d89d elementor-widget elementor-widget-image\" data-id=\"140d89d\" data-element_type=\"widget\" data-widget_type=\"image.default\">\n\t\t\t\t<div class=\"elementor-widget-container\">\n\t\t\t\t\t\t\t\t\t\t\t\t\t<img decoding=\"async\" width=\"1440\" height=\"2560\" src=\"https:\/\/ihsproject.org\/wp-content\/uploads\/2025\/06\/20250428_101536-scaled.jpg\" class=\"attachment-full size-full wp-image-14777\" alt=\"\" srcset=\"https:\/\/ihsproject.org\/wp-content\/uploads\/2025\/06\/20250428_101536-scaled.jpg 1440w, https:\/\/ihsproject.org\/wp-content\/uploads\/2025\/06\/20250428_101536-169x300.jpg 169w, https:\/\/ihsproject.org\/wp-content\/uploads\/2025\/06\/20250428_101536-576x1024.jpg 576w, https:\/\/ihsproject.org\/wp-content\/uploads\/2025\/06\/20250428_101536-768x1365.jpg 768w, https:\/\/ihsproject.org\/wp-content\/uploads\/2025\/06\/20250428_101536-864x1536.jpg 864w, https:\/\/ihsproject.org\/wp-content\/uploads\/2025\/06\/20250428_101536-1152x2048.jpg 1152w, https:\/\/ihsproject.org\/wp-content\/uploads\/2025\/06\/20250428_101536-7x12.jpg 7w\" sizes=\"(max-width: 1440px) 100vw, 1440px\" \/>\t\t\t\t\t\t\t\t\t\t\t\t\t<\/div>\n\t\t\t\t<\/div>\n\t\t\t\t<\/div>\n\t\t<div class=\"elementor-element elementor-element-15688b9 e-con-full e-flex e-con e-child\" data-id=\"15688b9\" data-element_type=\"container\">\n\t\t\t\t<div class=\"elementor-element elementor-element-aae9255 elementor-widget elementor-widget-text-editor\" data-id=\"aae9255\" data-element_type=\"widget\" data-widget_type=\"text-editor.default\">\n\t\t\t\t<div class=\"elementor-widget-container\">\n\t\t\t\t\t\t\t<p class=\"p1\">Ideja p\u00ebr serin\u00eb e videove \u201cDiabeti dhe un\u00eb: \u00c7far\u00eb do t\u00eb b\u00ebja?\u201d mori form\u00eb pas disa diskutimeve n\u00eb tryeza t\u00eb rrumbullak\u00ebta me pacient\u00eb, punonj\u00ebs sh\u00ebndet\u00ebsor\u00eb dhe ekspert\u00eb t\u00eb komunikimit. Diskutime t\u00eb tilla \u00e7uan n\u00eb shtjellim idesh se si t\u00eb shpjegohej parandalimi dhe menaxhimi i SKJ-ve sikur t\u00eb flisje me nj\u00eb mik.<\/p><p class=\"p1\">Videot paraqesin profesionist\u00eb t\u00eb besuesh\u00ebm q\u00eb flasin qart\u00eb, duke u mb\u00ebshtetur si n\u00eb ekspertiz\u00ebn ashtu edhe n\u00eb humanizmin e tyre. Edhe vendet e xhirimit u zgjodh\u00ebn p\u00ebr t\u00eb pasqyruar pamje nga orari i pun\u00ebs s\u00eb profesionist\u00ebve.<\/p><p class=\"p1\">Individ\u00ebt e paraqitur n\u00eb serin\u00eb \u201cDiabeti dhe un\u00eb: \u00c7far\u00eb do t\u00eb b\u00ebja\u201d nuk jan\u00eb aktor\u00eb. Ata jan\u00eb profesionist\u00eb t\u00eb v\u00ebrtet\u00eb sh\u00ebndet\u00ebsor\u00eb q\u00eb punojn\u00eb n\u00eb sistemin publik t\u00eb Kosov\u00ebs. Autenticiteti i tyre \u00ebsht\u00eb \u00e7el\u00ebsi.<\/p><p class=\"p1\">Endokrinolog\u00ebt flasin qart\u00eb p\u00ebr rregullimet dietike, menaxhimin e insulin\u00ebs dhe se si q\u00ebndrueshm\u00ebria e kujdesit \u00ebsht\u00eb thelb\u00ebsore. Instruktor\u00ebt klinik\u00eb reflektojn\u00eb mbi koston emocionale t\u00eb s\u00ebmundjeve kronike dhe r\u00ebnd\u00ebsin\u00eb e mb\u00ebshtetjes s\u00eb vazhdueshme. Specialist\u00ebt e komunikimit japin informacione inkurajuese n\u00eb lidhje me cil\u00ebsin\u00eb e kujdesit n\u00eb spitalet publike t\u00eb Kosov\u00ebs.<\/p><p class=\"p1\">Dr. Blerina Sylka Avdija, endokrinologe n\u00eb spitalin rajonal t\u00eb Gjakov\u00ebs, thot\u00eb se rregulli i vet\u00ebm q\u00eb ajo kurr\u00eb nuk do ta thyente \u00ebsht\u00eb t\u00eb haj\u00eb sh\u00ebndetsh\u00ebm \u00e7do dit\u00eb dhe t\u00eb mos i anashkaloj\u00eb kurr\u00eb vaktet. Ajo vazhdon ta p\u00ebrshkruaj\u00eb diet\u00ebn e sh\u00ebndetshme, k\u00ebshilla p\u00ebr t'i shmangur r\u00ebniet ose rritjet e papritura t\u00eb niveleve t\u00eb sheqerit n\u00eb gjak, duke e p\u00ebrmbyllur me mesazhin e fuqish\u00ebm se ajo do t\u00eb zgjidhte t\u00eb kujdesej p\u00ebr sh\u00ebndetin e saj \u00e7do dit\u00eb.<\/p><p class=\"p1\">Videot i takojn\u00eb njer\u00ebzit aty ku jan\u00eb, duke e njohur rolin q\u00eb luajn\u00eb kultura, dinamika familjare, stili i jetes\u00ebs dhe zgjedhjet ushqimore n\u00eb form\u00ebsimin e sjelljes.<\/p><p class=\"p3\">\"K\u00ebtu nuk kemi t\u00eb b\u00ebjm\u00eb me udh\u00ebzimin e njer\u00ebzve se \u00e7far\u00eb t\u00eb b\u00ebjn\u00eb\", thot\u00eb Dr. Ardita Baraku, Drejtoresh\u00eb e IKSHP-s\u00eb. \"K\u00ebtu tregojm\u00eb se arritja e sh\u00ebndetit m\u00eb t\u00eb mir\u00eb \u00ebsht\u00eb e mundshme, p\u00ebrmes ndryshimeve t\u00eb vogla. Kur profesionist\u00ebt sh\u00ebndet\u00ebsor\u00eb ofrojn\u00eb k\u00ebshilla mjek\u00ebsore, duke folur me empati, ne i fuqizojm\u00eb individ\u00ebt t\u00eb veprojn\u00eb dhe t\u00eb b\u00ebjn\u00eb zgjedhje, jo nga frika, por nga mir\u00ebkuptimi, shpresa dhe besimi\".<\/p>\t\t\t\t\t\t<\/div>\n\t\t\t\t<\/div>\n\t\t\t\t<\/div>\n\t\t\t\t\t<\/div>\n\t\t\t\t<\/div>\n\t\t\t\t\t<\/div>\n\t\t\t\t<\/div>\n\t\t<div class=\"elementor-element elementor-element-a2dee2f e-flex e-con-boxed e-con e-parent\" data-id=\"a2dee2f\" data-element_type=\"container\" data-core-v316-plus=\"true\">\n\t\t\t\t\t<div class=\"e-con-inner\">\n\t\t\t\t<div class=\"elementor-element elementor-element-38d45d1 elementor-widget elementor-widget-heading\" data-id=\"38d45d1\" data-element_type=\"widget\" data-widget_type=\"heading.default\">\n\t\t\t\t<div class=\"elementor-widget-container\">\n\t\t\t<h2 class=\"elementor-heading-title elementor-size-default\">M\u00eb shum\u00eb se nj\u00eb fushat\u00eb<\/h2>\t\t<\/div>\n\t\t\t\t<\/div>\n\t\t\t\t<div class=\"elementor-element elementor-element-3b0d6b4 elementor-widget elementor-widget-text-editor\" data-id=\"3b0d6b4\" data-element_type=\"widget\" data-widget_type=\"text-editor.default\">\n\t\t\t\t<div class=\"elementor-widget-container\">\n\t\t\t\t\t\t\t<p class=\"p1\">E zhvilluar n\u00eb p\u00ebrputhje me strategjin\u00eb e Ministris\u00eb s\u00eb Sh\u00ebndet\u00ebsis\u00eb p\u00ebr SKJ-t\u00eb, fushata tregon se komunikimi sh\u00ebndet\u00ebsor mund t\u00eb jet\u00eb gjith\u00ebp\u00ebrfshir\u00ebs, relevant nga aspekti kulturor dhe i bazuar n\u00eb shkenc\u00ebn e sjelljes.<\/p><p class=\"p1\">Projekti ka forcuar gjithashtu bashk\u00ebpunimin institucional dhe ka rritur kapacitetet e komunikimit. Profesionist\u00ebt e sh\u00ebndetit publik u trajnuan dhe punuan s\u00eb bashku p\u00ebr t\u00eb hartuar mesazhe q\u00eb edhe rezonojn\u00eb dhe jo vet\u00ebm informojn\u00eb. K\u00ebto aft\u00ebsi do t\u00eb shtrihen p\u00ebrtej koh\u00ebzgjatjes s\u00eb fushat\u00ebs, duke form\u00ebsuar iniciativat e ardhshme me t\u00eb kuptuar m\u00eb t\u00eb thell\u00eb dhe ndikim m\u00eb t\u00eb madh. Kjo ka t\u00eb b\u00ebj\u00eb me nd\u00ebrtimin e nj\u00eb bisede m\u00eb t\u00eb sh\u00ebndetshme, ku t\u00eb gjith\u00eb ndihen pjes\u00eb e zgjidhjes. Sh\u00ebndeti i v\u00ebrtet\u00eb publik nuk nd\u00ebrtohet mbi direktiva, por mbi besim. Dhe besimi rritet kur institucionet d\u00ebgjojn\u00eb me v\u00ebmendje dhe flasin qart\u00eb.<\/p><p class=\"p1\">\"Sh\u00ebndeti publik efektiv bazohet n\u00eb biseda t\u00eb sinqerta. Kur institucionet d\u00ebgjojn\u00eb n\u00eb m\u00ebnyr\u00eb aktive komunitetet dhe kur profesionist\u00ebt ndajn\u00eb njohurit\u00eb e tyre me dhembshuri dhe mir\u00ebkuptim, ne nd\u00ebrtojm\u00eb nj\u00eb sistem ku njer\u00ebzit ndihen t\u00eb d\u00ebgjuar, t\u00eb respektuar dhe t\u00eb mb\u00ebshtetur.\"<\/p>\t\t\t\t\t\t<\/div>\n\t\t\t\t<\/div>\n\t\t\t\t\t<\/div>\n\t\t\t\t<\/div>\n\t\t<div class=\"elementor-element elementor-element-520e411 e-flex e-con-boxed e-con e-parent\" data-id=\"520e411\" data-element_type=\"container\" data-core-v316-plus=\"true\">\n\t\t\t\t\t<div class=\"e-con-inner\">\n\t\t\t\t<div class=\"elementor-element elementor-element-6002a9a elementor-widget elementor-widget-heading\" data-id=\"6002a9a\" data-element_type=\"widget\" data-widget_type=\"heading.default\">\n\t\t\t\t<div class=\"elementor-widget-container\">\n\t\t\t<h2 class=\"elementor-heading-title elementor-size-default\">Vazhdimi i bised\u00ebs \n<\/h2>\t\t<\/div>\n\t\t\t\t<\/div>\n\t\t\t\t<div class=\"elementor-element elementor-element-50fd78c elementor-widget elementor-widget-text-editor\" data-id=\"50fd78c\" data-element_type=\"widget\" data-widget_type=\"text-editor.default\">\n\t\t\t\t<div class=\"elementor-widget-container\">\n\t\t\t\t\t\t\t<p class=\"p1\">Duke u bazuar n\u00eb k\u00ebt\u00eb qasje, kapitulli tjet\u00ebr i seris\u00eb do t\u00eb p\u00ebrqendrohet te vet\u00eb pacient\u00ebt. Individ\u00ebt q\u00eb jetojn\u00eb me s\u00ebmundje kronike do t\u00eb ftohen t'i ndajn\u00eb sfidat e tyre t\u00eb p\u00ebrditshme, strategjit\u00eb personale t\u00eb p\u00ebrballjes me s\u00ebmundjen dhe arritjet dometh\u00ebn\u00ebse n\u00eb menaxhimin e s\u00ebmundjes. Si nj\u00eb seri e dedikuar p\u00ebr persona q\u00eb ndodhen n\u00eb t\u00eb nj\u00ebjt\u00ebn situat\u00eb (peer-to-peer), ajo do t\u00eb jet\u00eb e dizajnuar p\u00ebr t\u00eb sjell\u00eb n\u00eb pah z\u00ebrat e pacient\u00ebve, duke i njohur ata jo vet\u00ebm si marr\u00ebs t\u00eb kujdesit, por edhe si burime t\u00eb vlefshme t\u00eb njohurive dhe p\u00ebrvoj\u00ebs. Ky hap tjet\u00ebr synon t\u00eb krijoj\u00eb hap\u00ebsir\u00eb \u200b\u200bq\u00eb pacient\u00ebt t\u00eb lidhen me nj\u00ebri-tjetrin, t\u00eb ndajn\u00eb k\u00ebshilla t\u00eb nd\u00ebrlidhshme dhe ta mb\u00ebshtesin nj\u00ebri-tjetrin p\u00ebrmes rrug\u00ebtimeve t\u00eb tyre t\u00eb p\u00ebrbashk\u00ebta.<\/p>\t\t\t\t\t\t<\/div>\n\t\t\t\t<\/div>\n\t\t\t\t\t<\/div>\n\t\t\t\t<\/div>\n\t\t<div class=\"elementor-element elementor-element-5024ca8 e-flex e-con-boxed e-con e-parent\" data-id=\"5024ca8\" data-element_type=\"container\" data-core-v316-plus=\"true\">\n\t\t\t\t\t<div class=\"e-con-inner\">\n\t\t\t\t\t<\/div>\n\t\t\t\t<\/div>\n\t\t\t\t<\/div>","protected":false},"excerpt":{"rendered":"<p>Re-framing Health Communication About Non-Communicable Diseases in Kosovo Health campaigns in Kosovo have for years focused on raising awareness about chronic diseases like diabetes and hypertension. The messages have been clear: avoid sugar, reduce salt, stop smoking, and maintain an active lifestyle. But in conversations with patients and communities, a recurring sentiment emerged: \u201cWe can [&hellip;]<\/p>","protected":false},"author":1,"featured_media":0,"parent":0,"menu_order":0,"comment_status":"closed","ping_status":"closed","template":"","meta":[],"_links":{"self":[{"href":"https:\/\/ihsproject.org\/sq\/wp-json\/wp\/v2\/pages\/14766"}],"collection":[{"href":"https:\/\/ihsproject.org\/sq\/wp-json\/wp\/v2\/pages"}],"about":[{"href":"https:\/\/ihsproject.org\/sq\/wp-json\/wp\/v2\/types\/page"}],"author":[{"embeddable":true,"href":"https:\/\/ihsproject.org\/sq\/wp-json\/wp\/v2\/users\/1"}],"replies":[{"embeddable":true,"href":"https:\/\/ihsproject.org\/sq\/wp-json\/wp\/v2\/comments?post=14766"}],"version-history":[{"count":10,"href":"https:\/\/ihsproject.org\/sq\/wp-json\/wp\/v2\/pages\/14766\/revisions"}],"predecessor-version":[{"id":14781,"href":"https:\/\/ihsproject.org\/sq\/wp-json\/wp\/v2\/pages\/14766\/revisions\/14781"}],"wp:attachment":[{"href":"https:\/\/ihsproject.org\/sq\/wp-json\/wp\/v2\/media?parent=14766"}],"curies":[{"name":"wp","href":"https:\/\/api.w.org\/{rel}","templated":true}]}}