{"id":14724,"date":"2025-05-28T16:28:26","date_gmt":"2025-05-28T16:28:26","guid":{"rendered":"https:\/\/ihsproject.org\/?page_id=14724"},"modified":"2025-05-28T16:29:38","modified_gmt":"2025-05-28T16:29:38","slug":"may-28-2025","status":"publish","type":"page","link":"https:\/\/ihsproject.org\/sq\/may-28-2025\/","title":{"rendered":"Maj 28, 2025"},"content":{"rendered":"<div data-elementor-type=\"wp-page\" data-elementor-id=\"14724\" class=\"elementor elementor-14724\">\n\t\t\t\t<div class=\"elementor-element elementor-element-f1d9205 e-flex e-con-boxed e-con e-parent\" data-id=\"f1d9205\" data-element_type=\"container\" data-core-v316-plus=\"true\">\n\t\t\t\t\t<div class=\"e-con-inner\">\n\t\t\t\t<div class=\"elementor-element elementor-element-a2ff2b8 elementor-widget elementor-widget-image\" data-id=\"a2ff2b8\" data-element_type=\"widget\" data-widget_type=\"image.default\">\n\t\t\t\t<div class=\"elementor-widget-container\">\n\t\t\t\t\t\t\t\t\t\t\t\t\t<img fetchpriority=\"high\" decoding=\"async\" width=\"1600\" height=\"900\" src=\"https:\/\/ihsproject.org\/wp-content\/uploads\/2025\/05\/Kosovo-Delegation-Highlights-Integrated-Care-Achievements-at-Lisbon-Conference.jpg\" class=\"attachment-full size-full wp-image-14722\" alt=\"\" srcset=\"https:\/\/ihsproject.org\/wp-content\/uploads\/2025\/05\/Kosovo-Delegation-Highlights-Integrated-Care-Achievements-at-Lisbon-Conference.jpg 1600w, https:\/\/ihsproject.org\/wp-content\/uploads\/2025\/05\/Kosovo-Delegation-Highlights-Integrated-Care-Achievements-at-Lisbon-Conference-300x169.jpg 300w, https:\/\/ihsproject.org\/wp-content\/uploads\/2025\/05\/Kosovo-Delegation-Highlights-Integrated-Care-Achievements-at-Lisbon-Conference-1024x576.jpg 1024w, https:\/\/ihsproject.org\/wp-content\/uploads\/2025\/05\/Kosovo-Delegation-Highlights-Integrated-Care-Achievements-at-Lisbon-Conference-768x432.jpg 768w, https:\/\/ihsproject.org\/wp-content\/uploads\/2025\/05\/Kosovo-Delegation-Highlights-Integrated-Care-Achievements-at-Lisbon-Conference-1536x864.jpg 1536w, https:\/\/ihsproject.org\/wp-content\/uploads\/2025\/05\/Kosovo-Delegation-Highlights-Integrated-Care-Achievements-at-Lisbon-Conference-18x10.jpg 18w\" sizes=\"(max-width: 1600px) 100vw, 1600px\" \/>\t\t\t\t\t\t\t\t\t\t\t\t\t<\/div>\n\t\t\t\t<\/div>\n\t\t\t\t\t<\/div>\n\t\t\t\t<\/div>\n\t\t<div class=\"elementor-element elementor-element-2cac5f4 e-flex e-con-boxed e-con e-parent\" data-id=\"2cac5f4\" data-element_type=\"container\" data-core-v316-plus=\"true\">\n\t\t\t\t\t<div class=\"e-con-inner\">\n\t\t\t\t<div class=\"elementor-element elementor-element-8f50a91 elementor-widget elementor-widget-heading\" data-id=\"8f50a91\" data-element_type=\"widget\" data-widget_type=\"heading.default\">\n\t\t\t\t<div class=\"elementor-widget-container\">\n\t\t\t<h2 class=\"elementor-heading-title elementor-size-default\">Delegacioni i Kosov\u00ebs n\u00eb Konferenc\u00ebn e Lisbon\u00ebs thekson arritjet n\u00eb fush\u00ebn e kujdesit t\u00eb integruar<\/h2>\t\t<\/div>\n\t\t\t\t<\/div>\n\t\t\t\t<div class=\"elementor-element elementor-element-f5ca96a elementor-widget elementor-widget-text-editor\" data-id=\"f5ca96a\" data-element_type=\"widget\" data-widget_type=\"text-editor.default\">\n\t\t\t\t<div class=\"elementor-widget-container\">\n\t\t\t\t\t\t\t<p class=\"p1\">Nj\u00eb delegacion multidisiplinor i profesionist\u00ebve t\u00eb kujdesit sh\u00ebndet\u00ebsor nga Kosova mori pjes\u00eb n\u00eb Konferenc\u00ebn Nd\u00ebrkomb\u00ebtare mbi Kujdesin e Integruar (ICIC25), t\u00eb mbajtur m\u00eb 14-16 maj 2025 n\u00eb Lisbon\u00eb, Portugali. Ekipi iu bashkua lider\u00ebve dhe ekspert\u00ebve global\u00eb t\u00eb sh\u00ebndet\u00ebsis\u00eb p\u00ebr t\u00eb shk\u00ebmbyer njohuri, p\u00ebr t\u00eb ndar\u00eb p\u00ebrvoja dhe p\u00ebr t\u00eb prezantuar p\u00ebrparimet e Kosov\u00ebs n\u00eb kujdesin e integruar.<\/p><p class=\"p1\">\u201dPati hap\u00ebsir\u00eb t\u00eb mjaftueshme p\u00ebr debat dhe diskutime p\u00ebr t\u00eb kuptuar m\u00eb mir\u00eb sfidat dhe mund\u00ebsit\u00eb q\u00eb lidhen me kujdesin e integruar. Ishte gjithashtu shum\u00eb e r\u00ebnd\u00ebsishme q\u00eb konferenca pati nj\u00eb audienc\u00eb t\u00eb p\u00ebrzier, duke p\u00ebrfshir\u00eb vendimmarr\u00ebs, menaxher\u00eb, mjek\u00eb dhe analist\u00eb. Pat\u00ebm mund\u00ebsin\u00eb t\u00eb ndanim ide dhe praktika t\u00eb ndryshme, t\u00eb cilat jan\u00eb shum\u00eb t\u00eb r\u00ebnd\u00ebsishme p\u00ebr zbatim n\u00eb vendin ku punoj\u201d, tha Dr. Rexh\u00eb Panxhaj, nj\u00eb nga pjestar\u00ebt e delegacionit.<\/p><p class=\"p1\">Si p\u00ebrfaq\u00ebsues t\u00eb institucioneve nga e gjith\u00eb Kosova, si dhe projektet e Sh\u00ebrbimeve Sh\u00ebndet\u00ebsore t\u00eb Integruara (IHS) dhe Kujdesit Sh\u00ebndet\u00ebsor t\u00eb Qassh\u00ebm dhe Cil\u00ebsor (AQH), delegacioni kontribuoi n\u00eb dialogun nd\u00ebrkomb\u00ebtar mbi ofrimin e kujdesit sh\u00ebndet\u00ebsor t\u00eb koordinuar dhe t\u00eb p\u00ebrqendruar tek njer\u00ebzit.<\/p><p class=\"p1\">Dy aspekte qendrore t\u00eb pjes\u00ebmarrjes s\u00eb delegacionit ishin prezantimi nga AQH mbi kujdesin e integruar n\u00eb Kosov\u00eb, i cili u p\u00ebrqendrua n\u00eb p\u00ebrvojat e pilotimit nga komunat e Fush\u00eb-Kosov\u00ebs dhe Lipjanit, dhe nj\u00eb prezantim i Projektit IHS p\u00ebr t\u00eb ndar\u00eb sfidat dhe m\u00ebsimet e nxjerra deri m\u00eb tani n\u00eb rrug\u00ebtimin drejt nj\u00eb koordinimi dhe integrimi m\u00eb t\u00eb mir\u00eb t\u00eb kujdesit midis niveleve t\u00eb kujdesit sh\u00ebndet\u00ebsor primar dhe sekondar p\u00ebr t\u00eb p\u00ebrmir\u00ebsuar menaxhimin dhe vazhdim\u00ebsin\u00eb e kujdesit.<\/p><p class=\"p1\">Njohurit\u00eb e fituara dhe marr\u00ebdh\u00ebniet e krijuara do t\u00eb sh\u00ebrbejn\u00eb si baz\u00eb e vlefshme p\u00ebr t\u00eb vazhduar me menaxhimin e s\u00ebmundjeve jo-ngjit\u00ebse n\u00eb mbar\u00eb vendin.<\/p>\t\t\t\t\t\t<\/div>\n\t\t\t\t<\/div>\n\t\t\t\t\t<\/div>\n\t\t\t\t<\/div>\n\t\t\t\t<\/div>","protected":false},"excerpt":{"rendered":"<p>Kosovo Delegation Highlights Integrated Care Achievements at Lisbon Conference A multidisciplinary delegation of healthcare professionals from Kosovo participated in the International Conference on Integrated Care (ICIC25), held from May 14\u201316, 2025, in Lisbon, Portugal. The team joined global health leaders and experts to exchange knowledge, share experiences, and present Kosovo\u2019s advancements in integrated care. &#8220;There [&hellip;]<\/p>","protected":false},"author":1,"featured_media":0,"parent":0,"menu_order":0,"comment_status":"closed","ping_status":"closed","template":"","meta":[],"_links":{"self":[{"href":"https:\/\/ihsproject.org\/sq\/wp-json\/wp\/v2\/pages\/14724"}],"collection":[{"href":"https:\/\/ihsproject.org\/sq\/wp-json\/wp\/v2\/pages"}],"about":[{"href":"https:\/\/ihsproject.org\/sq\/wp-json\/wp\/v2\/types\/page"}],"author":[{"embeddable":true,"href":"https:\/\/ihsproject.org\/sq\/wp-json\/wp\/v2\/users\/1"}],"replies":[{"embeddable":true,"href":"https:\/\/ihsproject.org\/sq\/wp-json\/wp\/v2\/comments?post=14724"}],"version-history":[{"count":4,"href":"https:\/\/ihsproject.org\/sq\/wp-json\/wp\/v2\/pages\/14724\/revisions"}],"predecessor-version":[{"id":14729,"href":"https:\/\/ihsproject.org\/sq\/wp-json\/wp\/v2\/pages\/14724\/revisions\/14729"}],"wp:attachment":[{"href":"https:\/\/ihsproject.org\/sq\/wp-json\/wp\/v2\/media?parent=14724"}],"curies":[{"name":"wp","href":"https:\/\/api.w.org\/{rel}","templated":true}]}}