{"id":14710,"date":"2025-05-27T20:17:18","date_gmt":"2025-05-27T20:17:18","guid":{"rendered":"https:\/\/ihsproject.org\/?page_id=14710"},"modified":"2025-05-27T20:18:47","modified_gmt":"2025-05-27T20:18:47","slug":"may-27-2025","status":"publish","type":"page","link":"https:\/\/ihsproject.org\/sq\/may-27-2025\/","title":{"rendered":"Maj 27, 2025"},"content":{"rendered":"<div data-elementor-type=\"wp-page\" data-elementor-id=\"14710\" class=\"elementor elementor-14710\">\n\t\t\t\t<div class=\"elementor-element elementor-element-612ce14 e-flex e-con-boxed e-con e-parent\" data-id=\"612ce14\" data-element_type=\"container\" data-core-v316-plus=\"true\">\n\t\t\t\t\t<div class=\"e-con-inner\">\n\t\t\t\t<div class=\"elementor-element elementor-element-21dea80 elementor-widget elementor-widget-image\" data-id=\"21dea80\" data-element_type=\"widget\" data-widget_type=\"image.default\">\n\t\t\t\t<div class=\"elementor-widget-container\">\n\t\t\t\t\t\t\t\t\t\t\t\t\t<img fetchpriority=\"high\" decoding=\"async\" width=\"1600\" height=\"900\" src=\"https:\/\/ihsproject.org\/wp-content\/uploads\/2025\/05\/Kosovo-Healthcare-Professionals-Joined-Utrecht-Forum.jpg\" class=\"attachment-full size-full wp-image-14709\" alt=\"\" srcset=\"https:\/\/ihsproject.org\/wp-content\/uploads\/2025\/05\/Kosovo-Healthcare-Professionals-Joined-Utrecht-Forum.jpg 1600w, https:\/\/ihsproject.org\/wp-content\/uploads\/2025\/05\/Kosovo-Healthcare-Professionals-Joined-Utrecht-Forum-300x169.jpg 300w, https:\/\/ihsproject.org\/wp-content\/uploads\/2025\/05\/Kosovo-Healthcare-Professionals-Joined-Utrecht-Forum-1024x576.jpg 1024w, https:\/\/ihsproject.org\/wp-content\/uploads\/2025\/05\/Kosovo-Healthcare-Professionals-Joined-Utrecht-Forum-768x432.jpg 768w, https:\/\/ihsproject.org\/wp-content\/uploads\/2025\/05\/Kosovo-Healthcare-Professionals-Joined-Utrecht-Forum-1536x864.jpg 1536w, https:\/\/ihsproject.org\/wp-content\/uploads\/2025\/05\/Kosovo-Healthcare-Professionals-Joined-Utrecht-Forum-18x10.jpg 18w\" sizes=\"(max-width: 1600px) 100vw, 1600px\" \/>\t\t\t\t\t\t\t\t\t\t\t\t\t<\/div>\n\t\t\t\t<\/div>\n\t\t\t\t\t<\/div>\n\t\t\t\t<\/div>\n\t\t<div class=\"elementor-element elementor-element-8ffcd8f e-flex e-con-boxed e-con e-parent\" data-id=\"8ffcd8f\" data-element_type=\"container\" data-core-v316-plus=\"true\">\n\t\t\t\t\t<div class=\"e-con-inner\">\n\t\t\t\t<div class=\"elementor-element elementor-element-f51b695 elementor-widget elementor-widget-heading\" data-id=\"f51b695\" data-element_type=\"widget\" data-widget_type=\"heading.default\">\n\t\t\t\t<div class=\"elementor-widget-container\">\n\t\t\t<h2 class=\"elementor-heading-title elementor-size-default\">Profesionist\u00eb t\u00eb kujdesit sh\u00ebndet\u00ebsor nga Kosova n\u00eb Forumin n\u00eb Utrecht<\/h2>\t\t<\/div>\n\t\t\t\t<\/div>\n\t\t\t\t<div class=\"elementor-element elementor-element-578c8e5 elementor-widget elementor-widget-text-editor\" data-id=\"578c8e5\" data-element_type=\"widget\" data-widget_type=\"text-editor.default\">\n\t\t\t\t<div class=\"elementor-widget-container\">\n\t\t\t\t\t\t\t<p class=\"p1\">Nj\u00eb delegacion profesionist\u00ebsh t\u00eb kujdesit sh\u00ebndet\u00ebsor nga Kosova iu bashkua mbi 5,000 pjes\u00ebmarr\u00ebsve nga m\u00eb shum\u00eb se 70 vende n\u00eb Forumin Nd\u00ebrkomb\u00ebtar p\u00ebr Cil\u00ebsi dhe Siguri n\u00eb Kujdesin Sh\u00ebndet\u00ebsor, t\u00eb mbajtur m\u00eb datat 21-23 maj 2025, n\u00eb Utrecht t\u00eb Holand\u00ebs.<\/p><p class=\"p1\">Delegacioni i Kosov\u00ebs, i p\u00ebrb\u00ebr\u00eb nga p\u00ebrfaq\u00ebsues t\u00eb spitaleve, qendrave t\u00eb kujdesit par\u00ebsor dhe Ministria e Sh\u00ebndet\u00ebsis\u00eb, u angazhua n\u00eb m\u00ebnyr\u00eb aktive n\u00eb pun\u00ebtori, sesione me raste studimore dhe p\u00ebrvoja m\u00ebsimore bashk\u00ebpunuese t\u00eb p\u00ebrqendruara n\u00eb p\u00ebrmir\u00ebsimin e rezultateve t\u00eb pacient\u00ebve dhe nxitjen e inovacionit.<\/p><p class=\"p1\">N\u00eb dit\u00ebn e hapjes, ekipi mori pjes\u00eb n\u00eb nj\u00eb Dit\u00eb P\u00ebrvoje gjith\u00ebp\u00ebrfshir\u00ebse n\u00eb Spitalin Albert Schweitzer, ku sesionet trajtuan lidershipin n\u00eb infermieri, mir\u00ebqenien e stafit dhe strategjit\u00eb p\u00ebr krijimin e mjediseve m\u00eb t\u00eb sigurta t\u00eb kujdesit. Dit\u00ebt pasuese t\u00eb Forumit p\u00ebrfshin\u00eb prezantime ky\u00e7e dhe kurse p\u00ebr zhvillimin e aft\u00ebsive t\u00eb dizajnuara p\u00ebr t'i ndihmuar sistemet e kujdesit sh\u00ebndet\u00ebsor t\u00eb evoluojn\u00eb n\u00eb p\u00ebrgjigje ndaj sfidave aktuale.<\/p><p class=\"p1\">\"P\u00ebrvojat e menaxhimit t\u00eb cil\u00ebsis\u00eb t\u00eb bazuara n\u00eb prova promovojn\u00eb bashk\u00ebpunimin nd\u00ebrsektorial dhe zgjidhje konkrete q\u00eb p\u00ebrmir\u00ebsojn\u00eb cil\u00ebsin\u00eb, sigurin\u00eb, barazin\u00eb dhe efikasitetin e kujdesit sh\u00ebndet\u00ebsor\", tha Dr. Hajrullah Fejza, Udh\u00ebheq\u00ebs i Divizionit p\u00ebr Cil\u00ebsin\u00eb, Sigurin\u00eb dhe Akreditimin e Institucioneve t\u00eb Kujdesit Sh\u00ebndet\u00ebsor n\u00eb kuad\u00ebr t\u00eb Ministris\u00eb s\u00eb Sh\u00ebndet\u00ebsis\u00eb t\u00eb Kosov\u00ebs.<\/p><p class=\"p1\">Njohurit\u00eb dhe strategjit\u00eb e fituara gjat\u00eb Forumit do t\u00eb ndahen me koleg\u00eb dhe institucione n\u00eb t\u00eb gjith\u00eb Kosov\u00ebn, duke kontribuar n\u00eb p\u00ebrpjekjet e vazhdueshme komb\u00ebtare p\u00ebr ta p\u00ebrmir\u00ebsuar cil\u00ebsin\u00eb e kujdesit sh\u00ebndet\u00ebsor dhe p\u00ebr ta rritur sigurin\u00eb e pacient\u00ebve.<\/p><p class=\"p1\">Pjes\u00ebmarrja n\u00eb Forum u b\u00eb e mundur n\u00ebp\u00ebrmjet mb\u00ebshtetjes nga projektet Sh\u00ebrbime Sh\u00ebndet\u00ebsore t\u00eb Integruara (IHS) dhe Kujdesi Sh\u00ebndet\u00ebsor i Qassh\u00ebm dhe Cil\u00ebsor (AQH). Forumi, si nj\u00eb ngjarje kryesore globale e bashk\u00eborganizuar nga Instituti p\u00ebr P\u00ebrmir\u00ebsimin e Kujdesit Sh\u00ebndet\u00ebsor (IHI) dhe BMJ, iu kushtua avancimit t\u00eb cil\u00ebsis\u00eb, siguris\u00eb dhe transformimit t\u00eb sistemit t\u00eb kujdesit sh\u00ebndet\u00ebsor.<\/p>\t\t\t\t\t\t<\/div>\n\t\t\t\t<\/div>\n\t\t\t\t\t<\/div>\n\t\t\t\t<\/div>\n\t\t\t\t<\/div>","protected":false},"excerpt":{"rendered":"<p>Kosovo Healthcare Professionals Joined Utrecht Forum A delegation of healthcare professionals from Kosovo joined over 5,000 participants from more than 70 countries at the International Forum on Quality and Safety in Healthcare, held from May 21\u201323, 2025, in Utrecht, the Netherlands. The Kosovo delegation, comprising representatives from hospitals, primary care centers, and the Ministry of [&hellip;]<\/p>","protected":false},"author":1,"featured_media":0,"parent":0,"menu_order":0,"comment_status":"closed","ping_status":"closed","template":"","meta":[],"_links":{"self":[{"href":"https:\/\/ihsproject.org\/sq\/wp-json\/wp\/v2\/pages\/14710"}],"collection":[{"href":"https:\/\/ihsproject.org\/sq\/wp-json\/wp\/v2\/pages"}],"about":[{"href":"https:\/\/ihsproject.org\/sq\/wp-json\/wp\/v2\/types\/page"}],"author":[{"embeddable":true,"href":"https:\/\/ihsproject.org\/sq\/wp-json\/wp\/v2\/users\/1"}],"replies":[{"embeddable":true,"href":"https:\/\/ihsproject.org\/sq\/wp-json\/wp\/v2\/comments?post=14710"}],"version-history":[{"count":4,"href":"https:\/\/ihsproject.org\/sq\/wp-json\/wp\/v2\/pages\/14710\/revisions"}],"predecessor-version":[{"id":14715,"href":"https:\/\/ihsproject.org\/sq\/wp-json\/wp\/v2\/pages\/14710\/revisions\/14715"}],"wp:attachment":[{"href":"https:\/\/ihsproject.org\/sq\/wp-json\/wp\/v2\/media?parent=14710"}],"curies":[{"name":"wp","href":"https:\/\/api.w.org\/{rel}","templated":true}]}}