{"id":14690,"date":"2025-05-22T08:12:05","date_gmt":"2025-05-22T08:12:05","guid":{"rendered":"https:\/\/ihsproject.org\/?page_id=14690"},"modified":"2025-05-22T08:14:19","modified_gmt":"2025-05-22T08:14:19","slug":"may-22-2025","status":"publish","type":"page","link":"https:\/\/ihsproject.org\/sq\/may-22-2025\/","title":{"rendered":"Maj 22, 2025"},"content":{"rendered":"<div data-elementor-type=\"wp-page\" data-elementor-id=\"14690\" class=\"elementor elementor-14690\">\n\t\t\t\t<div class=\"elementor-element elementor-element-908d8bc e-flex e-con-boxed e-con e-parent\" data-id=\"908d8bc\" data-element_type=\"container\" data-core-v316-plus=\"true\">\n\t\t\t\t\t<div class=\"e-con-inner\">\n\t\t\t\t<div class=\"elementor-element elementor-element-559a362 elementor-widget elementor-widget-image\" data-id=\"559a362\" data-element_type=\"widget\" data-widget_type=\"image.default\">\n\t\t\t\t<div class=\"elementor-widget-container\">\n\t\t\t\t\t\t\t\t\t\t\t\t\t<img fetchpriority=\"high\" decoding=\"async\" width=\"1600\" height=\"900\" src=\"https:\/\/ihsproject.org\/wp-content\/uploads\/2025\/05\/Amplifying-Patient-Voices-for-Better-NCD-Care.jpg\" class=\"attachment-full size-full wp-image-14689\" alt=\"\" srcset=\"https:\/\/ihsproject.org\/wp-content\/uploads\/2025\/05\/Amplifying-Patient-Voices-for-Better-NCD-Care.jpg 1600w, https:\/\/ihsproject.org\/wp-content\/uploads\/2025\/05\/Amplifying-Patient-Voices-for-Better-NCD-Care-300x169.jpg 300w, https:\/\/ihsproject.org\/wp-content\/uploads\/2025\/05\/Amplifying-Patient-Voices-for-Better-NCD-Care-1024x576.jpg 1024w, https:\/\/ihsproject.org\/wp-content\/uploads\/2025\/05\/Amplifying-Patient-Voices-for-Better-NCD-Care-768x432.jpg 768w, https:\/\/ihsproject.org\/wp-content\/uploads\/2025\/05\/Amplifying-Patient-Voices-for-Better-NCD-Care-1536x864.jpg 1536w, https:\/\/ihsproject.org\/wp-content\/uploads\/2025\/05\/Amplifying-Patient-Voices-for-Better-NCD-Care-18x10.jpg 18w\" sizes=\"(max-width: 1600px) 100vw, 1600px\" \/>\t\t\t\t\t\t\t\t\t\t\t\t\t<\/div>\n\t\t\t\t<\/div>\n\t\t\t\t\t<\/div>\n\t\t\t\t<\/div>\n\t\t<div class=\"elementor-element elementor-element-d141956 e-flex e-con-boxed e-con e-parent\" data-id=\"d141956\" data-element_type=\"container\" data-core-v316-plus=\"true\">\n\t\t\t\t\t<div class=\"e-con-inner\">\n\t\t\t\t<div class=\"elementor-element elementor-element-aa49aa9 elementor-widget elementor-widget-heading\" data-id=\"aa49aa9\" data-element_type=\"widget\" data-widget_type=\"heading.default\">\n\t\t\t\t<div class=\"elementor-widget-container\">\n\t\t\t<h2 class=\"elementor-heading-title elementor-size-default\">Aplifikimi i z\u00ebrit t\u00eb pacient\u00ebve p\u00ebr kujdes m\u00eb t\u00eb mir\u00eb ndaj s\u00ebmundjeve kronike jongjit\u00ebse<\/h2>\t\t<\/div>\n\t\t\t\t<\/div>\n\t\t\t\t<div class=\"elementor-element elementor-element-aca77da elementor-widget elementor-widget-text-editor\" data-id=\"aca77da\" data-element_type=\"widget\" data-widget_type=\"text-editor.default\">\n\t\t\t\t<div class=\"elementor-widget-container\">\n\t\t\t\t\t\t\t<p style=\"font-weight: 400;\">Projekti Sh\u00ebrbimet Sh\u00ebndet\u00ebsore t\u00eb Integruara (IHS) organizoi nj\u00eb pun\u00ebtori interaktive n\u00eb Ferizaj, ku b\u00ebri bashk\u00eb organizatat e shoq\u00ebris\u00eb civile dhe aktor\u00ebt institucional\u00eb p\u00ebr t\u00eb eksploruar bashk\u00ebpunimin n\u00eb adresimin e s\u00ebmundjeve kronike jongjit\u00ebse (SKJN-ve).<\/p><p style=\"font-weight: 400;\">Duke u p\u00ebrqendruar tek pyetja \"\u00c7far\u00eb thon\u00eb pacient\u00ebt?\", pjes\u00ebmarr\u00ebsit shk\u00ebmbyen mendime, nxor\u00ebn n\u00eb pah sfidat urgjente t\u00eb kujdesit sh\u00ebndet\u00ebsor dhe zhvilluan s\u00eb bashku ide t\u00eb zbatueshme p\u00ebr ta fuqizuar rolin e pacientit n\u00eb dizajnimin e sh\u00ebrbimeve sh\u00ebndet\u00ebsore lokale, sidomos n\u00eb kontekstin e kujdesit p\u00ebr SKJN-t\u00eb. Pun\u00ebtoria p\u00ebrforcoi rolin thelb\u00ebsor t\u00eb OSHC-ve lokale si avokues dhe p\u00ebrforcues t\u00eb z\u00ebrit t\u00eb pacient\u00ebve.<\/p><p style=\"font-weight: 400;\">Kjo ngjarje \u00ebsht\u00eb pjes\u00eb e p\u00ebrpjekjeve m\u00eb t\u00eb gjera t\u00eb projektit IHS n\u00eb t\u00eb gjith\u00eb Kosov\u00ebn, q\u00eb n\u00ebnvizon vler\u00ebn e lidhjes s\u00eb p\u00ebrvojave t\u00eb pacient\u00ebve dhe avokimit n\u00eb nivel komuniteti me zhvillimin e politikave.<\/p>\t\t\t\t\t\t<\/div>\n\t\t\t\t<\/div>\n\t\t\t\t\t<\/div>\n\t\t\t\t<\/div>\n\t\t\t\t<\/div>","protected":false},"excerpt":{"rendered":"<p>Amplifying Patient Voices for Better NCD Care The Integrated Health Services (IHS) project hosted an engaging workshop in Ferizaj, bringing together civil society organizations and institutional stakeholders to explore collaboration in addressing noncommunicable diseases (NCDs). Framed around the question \u201cWhat do patients say?\u201d, participants exchanged insights, highlighted pressing healthcare challenges, and jointly developed actionable ideas [&hellip;]<\/p>","protected":false},"author":1,"featured_media":0,"parent":0,"menu_order":0,"comment_status":"closed","ping_status":"closed","template":"","meta":[],"_links":{"self":[{"href":"https:\/\/ihsproject.org\/sq\/wp-json\/wp\/v2\/pages\/14690"}],"collection":[{"href":"https:\/\/ihsproject.org\/sq\/wp-json\/wp\/v2\/pages"}],"about":[{"href":"https:\/\/ihsproject.org\/sq\/wp-json\/wp\/v2\/types\/page"}],"author":[{"embeddable":true,"href":"https:\/\/ihsproject.org\/sq\/wp-json\/wp\/v2\/users\/1"}],"replies":[{"embeddable":true,"href":"https:\/\/ihsproject.org\/sq\/wp-json\/wp\/v2\/comments?post=14690"}],"version-history":[{"count":7,"href":"https:\/\/ihsproject.org\/sq\/wp-json\/wp\/v2\/pages\/14690\/revisions"}],"predecessor-version":[{"id":14698,"href":"https:\/\/ihsproject.org\/sq\/wp-json\/wp\/v2\/pages\/14690\/revisions\/14698"}],"wp:attachment":[{"href":"https:\/\/ihsproject.org\/sq\/wp-json\/wp\/v2\/media?parent=14690"}],"curies":[{"name":"wp","href":"https:\/\/api.w.org\/{rel}","templated":true}]}}