{"id":14674,"date":"2025-05-08T15:52:17","date_gmt":"2025-05-08T15:52:17","guid":{"rendered":"https:\/\/ihsproject.org\/?page_id=14674"},"modified":"2025-05-08T15:54:31","modified_gmt":"2025-05-08T15:54:31","slug":"may-08-2025","status":"publish","type":"page","link":"https:\/\/ihsproject.org\/sq\/may-08-2025\/","title":{"rendered":"Maj 08, 2025"},"content":{"rendered":"<div data-elementor-type=\"wp-page\" data-elementor-id=\"14674\" class=\"elementor elementor-14674\">\n\t\t\t\t<div class=\"elementor-element elementor-element-24c05a0 e-flex e-con-boxed e-con e-parent\" data-id=\"24c05a0\" data-element_type=\"container\" data-core-v316-plus=\"true\">\n\t\t\t\t\t<div class=\"e-con-inner\">\n\t\t\t\t<div class=\"elementor-element elementor-element-f637c34 elementor-widget elementor-widget-image\" data-id=\"f637c34\" data-element_type=\"widget\" data-widget_type=\"image.default\">\n\t\t\t\t<div class=\"elementor-widget-container\">\n\t\t\t\t\t\t\t\t\t\t\t\t\t<img fetchpriority=\"high\" decoding=\"async\" width=\"1600\" height=\"900\" src=\"https:\/\/ihsproject.org\/wp-content\/uploads\/2025\/05\/Comprehensive-Training-on-Hypertension-for-Health-Professionals.jpg\" class=\"attachment-full size-full wp-image-14672\" alt=\"\" srcset=\"https:\/\/ihsproject.org\/wp-content\/uploads\/2025\/05\/Comprehensive-Training-on-Hypertension-for-Health-Professionals.jpg 1600w, https:\/\/ihsproject.org\/wp-content\/uploads\/2025\/05\/Comprehensive-Training-on-Hypertension-for-Health-Professionals-300x169.jpg 300w, https:\/\/ihsproject.org\/wp-content\/uploads\/2025\/05\/Comprehensive-Training-on-Hypertension-for-Health-Professionals-1024x576.jpg 1024w, https:\/\/ihsproject.org\/wp-content\/uploads\/2025\/05\/Comprehensive-Training-on-Hypertension-for-Health-Professionals-768x432.jpg 768w, https:\/\/ihsproject.org\/wp-content\/uploads\/2025\/05\/Comprehensive-Training-on-Hypertension-for-Health-Professionals-1536x864.jpg 1536w, https:\/\/ihsproject.org\/wp-content\/uploads\/2025\/05\/Comprehensive-Training-on-Hypertension-for-Health-Professionals-18x10.jpg 18w\" sizes=\"(max-width: 1600px) 100vw, 1600px\" \/>\t\t\t\t\t\t\t\t\t\t\t\t\t<\/div>\n\t\t\t\t<\/div>\n\t\t\t\t\t<\/div>\n\t\t\t\t<\/div>\n\t\t<div class=\"elementor-element elementor-element-fd4af7e e-flex e-con-boxed e-con e-parent\" data-id=\"fd4af7e\" data-element_type=\"container\" data-core-v316-plus=\"true\">\n\t\t\t\t\t<div class=\"e-con-inner\">\n\t\t\t\t<div class=\"elementor-element elementor-element-3471166 elementor-widget elementor-widget-heading\" data-id=\"3471166\" data-element_type=\"widget\" data-widget_type=\"heading.default\">\n\t\t\t\t<div class=\"elementor-widget-container\">\n\t\t\t<h2 class=\"elementor-heading-title elementor-size-default\">Trajnim gjith\u00ebp\u00ebrfshir\u00ebs mbi hipertensionin p\u00ebr profesionist\u00ebt sh\u00ebndet\u00ebsor\u00eb<\/h2>\t\t<\/div>\n\t\t\t\t<\/div>\n\t\t\t\t<div class=\"elementor-element elementor-element-e315325 elementor-widget elementor-widget-text-editor\" data-id=\"e315325\" data-element_type=\"widget\" data-widget_type=\"text-editor.default\">\n\t\t\t\t<div class=\"elementor-widget-container\">\n\t\t\t\t\t\t\t<p style=\"font-weight: 400;\">Profesionist\u00ebt e kujdesit sh\u00ebndet\u00ebsor nga Spitalet e P\u00ebrgjithshme t\u00eb Pej\u00ebs dhe Gjakov\u00ebs mor\u00ebn pjes\u00eb n\u00eb nj\u00eb sesion trajnimi q\u00eb u zhvillua nga Qendra e telemjek\u00ebsis\u00eb, me fokus tek menaxhimi i hipertensionit. Ky modul teorik nj\u00ebditor, pjes\u00eb e programit gjith\u00ebp\u00ebrfshir\u00ebs t\u00eb trajnimit, synon t'i p\u00ebrmir\u00ebsoj\u00eb aft\u00ebsit\u00eb e ofruesve t\u00eb kujdesit sh\u00ebndet\u00ebsor n\u00eb diagnostikimin dhe menaxhimin e hipertensionit, nj\u00eb sfid\u00eb e konsiderueshme sh\u00ebndet\u00ebsore globalisht.<\/p><p style=\"font-weight: 400;\">Sesioni i trajnimit mbuloi tema t\u00eb r\u00ebnd\u00ebsishme si epidemiologjia, patofiziologjia, diagnoza dhe klasifikimi i hipertensionit, ofroi m\u00ebsime rreth qasjeve klinike ndaj menaxhimit t\u00eb hipertensionit, si dhe reagimi ndaj urgjencave hipertensionale. Moduli trajtoi strategjit\u00eb e personalizuara t\u00eb trajtimit dhe kujdesin e p\u00ebrshtatur p\u00ebr t\u00eb moshuarit dhe grat\u00eb shtatz\u00ebna.<\/p><p style=\"font-weight: 400;\">I ofruar p\u00ebrmes nj\u00eb qendre t\u00eb telemjek\u00ebsis\u00eb, trajnimi krijoi lidhje mes ligj\u00ebruesve dhe profesionist\u00ebve t\u00eb kujdesit sh\u00ebndet\u00ebsor n\u00eb qendrat e tyre rajonale p\u00ebrkat\u00ebse, duke ndar\u00eb njohurit\u00eb dhe aft\u00ebsit\u00eb praktike m\u00eb t\u00eb fundit me q\u00ebllim p\u00ebrmir\u00ebsimin e rezultateve t\u00eb pacient\u00ebve.<\/p>\t\t\t\t\t\t<\/div>\n\t\t\t\t<\/div>\n\t\t\t\t\t<\/div>\n\t\t\t\t<\/div>\n\t\t\t\t<\/div>","protected":false},"excerpt":{"rendered":"<p>Comprehensive Training on Hypertension for Health Professionals Healthcare professionals from the General Hospitals of Peja and Gjakova participated in a training session delivered through the telemedicine centre focused on hypertension management. This one-day theoretical module, part of a comprehensive training program, aims to enhance healthcare providers&#8217; capabilities in diagnosing and managing hypertension, a significant global [&hellip;]<\/p>","protected":false},"author":1,"featured_media":0,"parent":0,"menu_order":0,"comment_status":"closed","ping_status":"closed","template":"","meta":[],"_links":{"self":[{"href":"https:\/\/ihsproject.org\/sq\/wp-json\/wp\/v2\/pages\/14674"}],"collection":[{"href":"https:\/\/ihsproject.org\/sq\/wp-json\/wp\/v2\/pages"}],"about":[{"href":"https:\/\/ihsproject.org\/sq\/wp-json\/wp\/v2\/types\/page"}],"author":[{"embeddable":true,"href":"https:\/\/ihsproject.org\/sq\/wp-json\/wp\/v2\/users\/1"}],"replies":[{"embeddable":true,"href":"https:\/\/ihsproject.org\/sq\/wp-json\/wp\/v2\/comments?post=14674"}],"version-history":[{"count":4,"href":"https:\/\/ihsproject.org\/sq\/wp-json\/wp\/v2\/pages\/14674\/revisions"}],"predecessor-version":[{"id":14679,"href":"https:\/\/ihsproject.org\/sq\/wp-json\/wp\/v2\/pages\/14674\/revisions\/14679"}],"wp:attachment":[{"href":"https:\/\/ihsproject.org\/sq\/wp-json\/wp\/v2\/media?parent=14674"}],"curies":[{"name":"wp","href":"https:\/\/api.w.org\/{rel}","templated":true}]}}