{"id":14650,"date":"2025-05-06T11:11:15","date_gmt":"2025-05-06T11:11:15","guid":{"rendered":"https:\/\/ihsproject.org\/?page_id=14650"},"modified":"2025-05-06T11:14:43","modified_gmt":"2025-05-06T11:14:43","slug":"may-06-2025","status":"publish","type":"page","link":"https:\/\/ihsproject.org\/sq\/may-06-2025\/","title":{"rendered":"Maj 06, 2025"},"content":{"rendered":"<div data-elementor-type=\"wp-page\" data-elementor-id=\"14650\" class=\"elementor elementor-14650\">\n\t\t\t\t<div class=\"elementor-element elementor-element-3e004a4 e-flex e-con-boxed e-con e-parent\" data-id=\"3e004a4\" data-element_type=\"container\" data-core-v316-plus=\"true\">\n\t\t\t\t\t<div class=\"e-con-inner\">\n\t\t\t\t<div class=\"elementor-element elementor-element-b67fba1 elementor-widget elementor-widget-image\" data-id=\"b67fba1\" data-element_type=\"widget\" data-widget_type=\"image.default\">\n\t\t\t\t<div class=\"elementor-widget-container\">\n\t\t\t\t\t\t\t\t\t\t\t\t\t<img fetchpriority=\"high\" decoding=\"async\" width=\"1600\" height=\"900\" src=\"https:\/\/ihsproject.org\/wp-content\/uploads\/2025\/05\/Civil-Society-Representatives-in-Gjilan-Talk-About-ActOnNCDs.jpg\" class=\"attachment-full size-full wp-image-14655\" alt=\"\" srcset=\"https:\/\/ihsproject.org\/wp-content\/uploads\/2025\/05\/Civil-Society-Representatives-in-Gjilan-Talk-About-ActOnNCDs.jpg 1600w, https:\/\/ihsproject.org\/wp-content\/uploads\/2025\/05\/Civil-Society-Representatives-in-Gjilan-Talk-About-ActOnNCDs-300x169.jpg 300w, https:\/\/ihsproject.org\/wp-content\/uploads\/2025\/05\/Civil-Society-Representatives-in-Gjilan-Talk-About-ActOnNCDs-1024x576.jpg 1024w, https:\/\/ihsproject.org\/wp-content\/uploads\/2025\/05\/Civil-Society-Representatives-in-Gjilan-Talk-About-ActOnNCDs-768x432.jpg 768w, https:\/\/ihsproject.org\/wp-content\/uploads\/2025\/05\/Civil-Society-Representatives-in-Gjilan-Talk-About-ActOnNCDs-1536x864.jpg 1536w, https:\/\/ihsproject.org\/wp-content\/uploads\/2025\/05\/Civil-Society-Representatives-in-Gjilan-Talk-About-ActOnNCDs-18x10.jpg 18w\" sizes=\"(max-width: 1600px) 100vw, 1600px\" \/>\t\t\t\t\t\t\t\t\t\t\t\t\t<\/div>\n\t\t\t\t<\/div>\n\t\t\t\t\t<\/div>\n\t\t\t\t<\/div>\n\t\t<div class=\"elementor-element elementor-element-3af4ad6 e-flex e-con-boxed e-con e-parent\" data-id=\"3af4ad6\" data-element_type=\"container\" data-core-v316-plus=\"true\">\n\t\t\t\t\t<div class=\"e-con-inner\">\n\t\t\t\t<div class=\"elementor-element elementor-element-6000120 elementor-widget elementor-widget-heading\" data-id=\"6000120\" data-element_type=\"widget\" data-widget_type=\"heading.default\">\n\t\t\t\t<div class=\"elementor-widget-container\">\n\t\t\t<h2 class=\"elementor-heading-title elementor-size-default\">P\u00ebrfaq\u00ebsuesit e Shoq\u00ebris\u00eb Civile n\u00eb Gjilan flasin p\u00ebr #ActOnNCDs<\/h2>\t\t<\/div>\n\t\t\t\t<\/div>\n\t\t\t\t<div class=\"elementor-element elementor-element-9a17ffc elementor-widget elementor-widget-text-editor\" data-id=\"9a17ffc\" data-element_type=\"widget\" data-widget_type=\"text-editor.default\">\n\t\t\t\t<div class=\"elementor-widget-container\">\n\t\t\t\t\t\t\t<p style=\"font-weight: 400;\">M\u00eb 30 prill 2025, projekti Sh\u00ebrbimet Sh\u00ebndet\u00ebsore t\u00eb Integruara (IHS) ka zhvilluar n\u00eb Gjilan nj\u00eb pun\u00ebtori duke b\u00ebr\u00eb bashk\u00eb organizatat e shoq\u00ebris\u00eb civile, p\u00ebrfaq\u00ebsuesit e pacient\u00ebve dhe aktor\u00ebt institucional\u00eb p\u00ebr t\u00eb folur rreth bashk\u00ebpunimit n\u00eb luft\u00ebn kund\u00ebr s\u00ebmundjeve kronike jongjit\u00ebse (SJN).<\/p><p style=\"font-weight: 400;\">Duke iu p\u00ebrgjigjur pyetjes \"\u00c7far\u00eb thon\u00eb pacient\u00ebt?\", pjes\u00ebmarr\u00ebsit ndan\u00eb p\u00ebrvojat e tyre, identifikuan sfidat kryesore t\u00eb kujdesit sh\u00ebndet\u00ebsor dhe bashk\u00ebkrijuan veprime praktike lokale p\u00ebr t\u00eb siguruar q\u00eb pacient\u00ebt t\u00eb luajn\u00eb rol qendror n\u00eb form\u00ebsimin e sh\u00ebrbimeve, ve\u00e7an\u00ebrisht p\u00ebr SJN-t\u00eb. Pun\u00ebtoria theksoi rolin kritik t\u00eb OSHC-ve lokale si z\u00eb i pacient\u00ebve.<\/p><p style=\"font-weight: 400;\">Kjo ngjarje \u00ebsht\u00eb pjes\u00eb e aktiviteteve t\u00eb organizuara nga IHS n\u00eb mbar\u00eb Kosov\u00ebn, q\u00eb kan\u00eb p\u00ebr synim t\u00eb fuqizojn\u00eb bashk\u00ebpunimin midis organizatave, sidomos atyre q\u00eb punojn\u00eb me grupet e cenueshme. Kjo nism\u00eb e njeh r\u00ebnd\u00ebsin\u00eb e lidhjes s\u00eb p\u00ebrvojave t\u00eb jetuara dhe p\u00ebrpjekjeve t\u00eb avokimit t\u00eb pacient\u00ebve me hartimin e politikave t\u00eb nd\u00ebrlidhura me SJN-t\u00eb.<\/p>\t\t\t\t\t\t<\/div>\n\t\t\t\t<\/div>\n\t\t\t\t\t<\/div>\n\t\t\t\t<\/div>\n\t\t\t\t<\/div>","protected":false},"excerpt":{"rendered":"<p>Civil Society Representatives in Gjilan Talk About #ActOnNCDs On April 30, 2025, the Integrated Health Services (IHS) project held a dynamic workshop in Gjilan, bringing together civil society organizations, patient representatives, and institutional actors to talk about collaboration in the fight against noncommunicable diseases (NCDs). Responding to the question \u201cWhat do patients say?\u201d participants shared [&hellip;]<\/p>","protected":false},"author":1,"featured_media":0,"parent":0,"menu_order":0,"comment_status":"closed","ping_status":"closed","template":"","meta":[],"_links":{"self":[{"href":"https:\/\/ihsproject.org\/sq\/wp-json\/wp\/v2\/pages\/14650"}],"collection":[{"href":"https:\/\/ihsproject.org\/sq\/wp-json\/wp\/v2\/pages"}],"about":[{"href":"https:\/\/ihsproject.org\/sq\/wp-json\/wp\/v2\/types\/page"}],"author":[{"embeddable":true,"href":"https:\/\/ihsproject.org\/sq\/wp-json\/wp\/v2\/users\/1"}],"replies":[{"embeddable":true,"href":"https:\/\/ihsproject.org\/sq\/wp-json\/wp\/v2\/comments?post=14650"}],"version-history":[{"count":4,"href":"https:\/\/ihsproject.org\/sq\/wp-json\/wp\/v2\/pages\/14650\/revisions"}],"predecessor-version":[{"id":14658,"href":"https:\/\/ihsproject.org\/sq\/wp-json\/wp\/v2\/pages\/14650\/revisions\/14658"}],"wp:attachment":[{"href":"https:\/\/ihsproject.org\/sq\/wp-json\/wp\/v2\/media?parent=14650"}],"curies":[{"name":"wp","href":"https:\/\/api.w.org\/{rel}","templated":true}]}}