{"id":14606,"date":"2025-04-04T10:03:36","date_gmt":"2025-04-04T10:03:36","guid":{"rendered":"https:\/\/ihsproject.org\/?page_id=14606"},"modified":"2025-04-04T10:05:08","modified_gmt":"2025-04-04T10:05:08","slug":"april-04-2025","status":"publish","type":"page","link":"https:\/\/ihsproject.org\/sq\/april-04-2025\/","title":{"rendered":"Prill 04, 2025"},"content":{"rendered":"<div data-elementor-type=\"wp-page\" data-elementor-id=\"14606\" class=\"elementor elementor-14606\">\n\t\t\t\t<div class=\"elementor-element elementor-element-19b3820 e-flex e-con-boxed e-con e-parent\" data-id=\"19b3820\" data-element_type=\"container\" data-core-v316-plus=\"true\">\n\t\t\t\t\t<div class=\"e-con-inner\">\n\t\t\t\t<div class=\"elementor-element elementor-element-5c3d9aa elementor-widget elementor-widget-image\" data-id=\"5c3d9aa\" data-element_type=\"widget\" data-widget_type=\"image.default\">\n\t\t\t\t<div class=\"elementor-widget-container\">\n\t\t\t\t\t\t\t\t\t\t\t\t\t<img fetchpriority=\"high\" decoding=\"async\" width=\"1600\" height=\"900\" src=\"https:\/\/ihsproject.org\/wp-content\/uploads\/2025\/04\/Health-Communication-in-Focus-at-Two-Day-Training.jpg\" class=\"attachment-full size-full wp-image-14604\" alt=\"\" srcset=\"https:\/\/ihsproject.org\/wp-content\/uploads\/2025\/04\/Health-Communication-in-Focus-at-Two-Day-Training.jpg 1600w, https:\/\/ihsproject.org\/wp-content\/uploads\/2025\/04\/Health-Communication-in-Focus-at-Two-Day-Training-300x169.jpg 300w, https:\/\/ihsproject.org\/wp-content\/uploads\/2025\/04\/Health-Communication-in-Focus-at-Two-Day-Training-1024x576.jpg 1024w, https:\/\/ihsproject.org\/wp-content\/uploads\/2025\/04\/Health-Communication-in-Focus-at-Two-Day-Training-768x432.jpg 768w, https:\/\/ihsproject.org\/wp-content\/uploads\/2025\/04\/Health-Communication-in-Focus-at-Two-Day-Training-1536x864.jpg 1536w, https:\/\/ihsproject.org\/wp-content\/uploads\/2025\/04\/Health-Communication-in-Focus-at-Two-Day-Training-18x10.jpg 18w\" sizes=\"(max-width: 1600px) 100vw, 1600px\" \/>\t\t\t\t\t\t\t\t\t\t\t\t\t<\/div>\n\t\t\t\t<\/div>\n\t\t\t\t\t<\/div>\n\t\t\t\t<\/div>\n\t\t<div class=\"elementor-element elementor-element-4959c6f e-flex e-con-boxed e-con e-parent\" data-id=\"4959c6f\" data-element_type=\"container\" data-core-v316-plus=\"true\">\n\t\t\t\t\t<div class=\"e-con-inner\">\n\t\t\t\t<div class=\"elementor-element elementor-element-06a0332 elementor-widget elementor-widget-heading\" data-id=\"06a0332\" data-element_type=\"widget\" data-widget_type=\"heading.default\">\n\t\t\t\t<div class=\"elementor-widget-container\">\n\t\t\t<h2 class=\"elementor-heading-title elementor-size-default\">Komunikimi sh\u00ebndet\u00ebsor n\u00eb fokus n\u00eb trajnimin dyditor<\/h2>\t\t<\/div>\n\t\t\t\t<\/div>\n\t\t\t\t<div class=\"elementor-element elementor-element-400057d elementor-widget elementor-widget-text-editor\" data-id=\"400057d\" data-element_type=\"widget\" data-widget_type=\"text-editor.default\">\n\t\t\t\t<div class=\"elementor-widget-container\">\n\t\t\t\t\t\t\t<p style=\"font-weight: 400;\">Trajnimi dyditor i mbajtur m\u00eb 3\u20134 prill 2025 mblodhi profesionist\u00eb t\u00eb komunikimit dhe p\u00ebrfaq\u00ebsues t\u00eb sektorit sh\u00ebndet\u00ebsor nga institucionet ky\u00e7e n\u00eb mbar\u00eb Kosov\u00ebn p\u00ebr t\u00eb reflektuar mbi situat\u00ebn e evoluimit t\u00eb informacionit dhe p\u00ebr t\u00eb rikonceptuar qasjet ndaj komunikimit t\u00eb sh\u00ebndetit publik.<\/p><p style=\"font-weight: 400;\">Sesionet eksploruan tema t\u00eb dit\u00ebs si luftimi i dezinformatave sh\u00ebndet\u00ebsore, p\u00ebrdorimi etik i IA n\u00eb mesazhet institucionale, nd\u00ebrtimi i partneriteteve me influencuesit p\u00ebrtej mediave tradicionale dhe zot\u00ebrimi i teknikave t\u00eb rr\u00ebfimit t\u00eb tregimeve q\u00eb vendosin pacient\u00ebt n\u00eb qend\u00ebr. N\u00ebp\u00ebrmjet kombinimit t\u00eb njohurive t\u00eb ekspert\u00ebve dhe ushtrimeve praktike, trajnimi theksoi rolin jetik t\u00eb komunikimit p\u00ebr t\u00eb siguruar q\u00eb informacioni sh\u00ebndet\u00ebsor t\u00eb kuptohet, besohet dhe zbatohet.<\/p><p style=\"font-weight: 400;\">Pjes\u00ebmarr\u00ebsit ishin p\u00ebrfaq\u00ebsues nga Ministria e Sh\u00ebndet\u00ebsis\u00eb, Instituti Komb\u00ebtar i Sh\u00ebndetit Publik, Sh\u00ebrbimi Spitalor dhe Klinik Universitar i Kosov\u00ebs, Spitalet e P\u00ebrgjithshme t\u00eb Pej\u00ebs dhe Gjakov\u00ebs, Fondi i Sigurimeve Sh\u00ebndet\u00ebsore dhe Oda e Infermier\u00ebve.<\/p>\t\t\t\t\t\t<\/div>\n\t\t\t\t<\/div>\n\t\t\t\t\t<\/div>\n\t\t\t\t<\/div>\n\t\t\t\t<\/div>","protected":false},"excerpt":{"rendered":"<p>Health Communication in Focus at Two-Day Training A two-day training held on 3\u20134 April 2025 gathered communication professionals and health sector representatives from key institutions across Kosovo to reflect on the evolving information landscape and rethink approaches to public health communication. The sessions explored pressing topics such as combating health misinformation, the ethical use of [&hellip;]<\/p>","protected":false},"author":1,"featured_media":0,"parent":0,"menu_order":0,"comment_status":"closed","ping_status":"closed","template":"","meta":[],"_links":{"self":[{"href":"https:\/\/ihsproject.org\/sq\/wp-json\/wp\/v2\/pages\/14606"}],"collection":[{"href":"https:\/\/ihsproject.org\/sq\/wp-json\/wp\/v2\/pages"}],"about":[{"href":"https:\/\/ihsproject.org\/sq\/wp-json\/wp\/v2\/types\/page"}],"author":[{"embeddable":true,"href":"https:\/\/ihsproject.org\/sq\/wp-json\/wp\/v2\/users\/1"}],"replies":[{"embeddable":true,"href":"https:\/\/ihsproject.org\/sq\/wp-json\/wp\/v2\/comments?post=14606"}],"version-history":[{"count":4,"href":"https:\/\/ihsproject.org\/sq\/wp-json\/wp\/v2\/pages\/14606\/revisions"}],"predecessor-version":[{"id":14611,"href":"https:\/\/ihsproject.org\/sq\/wp-json\/wp\/v2\/pages\/14606\/revisions\/14611"}],"wp:attachment":[{"href":"https:\/\/ihsproject.org\/sq\/wp-json\/wp\/v2\/media?parent=14606"}],"curies":[{"name":"wp","href":"https:\/\/api.w.org\/{rel}","templated":true}]}}