{"id":14589,"date":"2025-04-02T09:12:02","date_gmt":"2025-04-02T09:12:02","guid":{"rendered":"https:\/\/ihsproject.org\/?page_id=14589"},"modified":"2025-04-02T09:15:51","modified_gmt":"2025-04-02T09:15:51","slug":"april-02-2025","status":"publish","type":"page","link":"https:\/\/ihsproject.org\/sq\/april-02-2025\/","title":{"rendered":"Prill 02, 2025"},"content":{"rendered":"<div data-elementor-type=\"wp-page\" data-elementor-id=\"14589\" class=\"elementor elementor-14589\">\n\t\t\t\t<div class=\"elementor-element elementor-element-e92c155 e-flex e-con-boxed e-con e-parent\" data-id=\"e92c155\" data-element_type=\"container\" data-core-v316-plus=\"true\">\n\t\t\t\t\t<div class=\"e-con-inner\">\n\t\t\t\t<div class=\"elementor-element elementor-element-e5a0828 elementor-widget elementor-widget-image\" data-id=\"e5a0828\" data-element_type=\"widget\" data-widget_type=\"image.default\">\n\t\t\t\t<div class=\"elementor-widget-container\">\n\t\t\t\t\t\t\t\t\t\t\t\t\t<img fetchpriority=\"high\" decoding=\"async\" width=\"1600\" height=\"900\" src=\"https:\/\/ihsproject.org\/wp-content\/uploads\/2025\/04\/Continuing-with-Efforts-to-Improving-Quality-of-Care-at-Hospital-Level.jpg\" class=\"attachment-full size-full wp-image-14591\" alt=\"\" srcset=\"https:\/\/ihsproject.org\/wp-content\/uploads\/2025\/04\/Continuing-with-Efforts-to-Improving-Quality-of-Care-at-Hospital-Level.jpg 1600w, https:\/\/ihsproject.org\/wp-content\/uploads\/2025\/04\/Continuing-with-Efforts-to-Improving-Quality-of-Care-at-Hospital-Level-300x169.jpg 300w, https:\/\/ihsproject.org\/wp-content\/uploads\/2025\/04\/Continuing-with-Efforts-to-Improving-Quality-of-Care-at-Hospital-Level-1024x576.jpg 1024w, https:\/\/ihsproject.org\/wp-content\/uploads\/2025\/04\/Continuing-with-Efforts-to-Improving-Quality-of-Care-at-Hospital-Level-768x432.jpg 768w, https:\/\/ihsproject.org\/wp-content\/uploads\/2025\/04\/Continuing-with-Efforts-to-Improving-Quality-of-Care-at-Hospital-Level-1536x864.jpg 1536w, https:\/\/ihsproject.org\/wp-content\/uploads\/2025\/04\/Continuing-with-Efforts-to-Improving-Quality-of-Care-at-Hospital-Level-18x10.jpg 18w\" sizes=\"(max-width: 1600px) 100vw, 1600px\" \/>\t\t\t\t\t\t\t\t\t\t\t\t\t<\/div>\n\t\t\t\t<\/div>\n\t\t\t\t\t<\/div>\n\t\t\t\t<\/div>\n\t\t<div class=\"elementor-element elementor-element-b41e0be e-flex e-con-boxed e-con e-parent\" data-id=\"b41e0be\" data-element_type=\"container\" data-core-v316-plus=\"true\">\n\t\t\t\t\t<div class=\"e-con-inner\">\n\t\t\t\t<div class=\"elementor-element elementor-element-636cb4e elementor-widget elementor-widget-heading\" data-id=\"636cb4e\" data-element_type=\"widget\" data-widget_type=\"heading.default\">\n\t\t\t\t<div class=\"elementor-widget-container\">\n\t\t\t<h2 class=\"elementor-heading-title elementor-size-default\">Vazhdimi i p\u00ebrpjekjeve p\u00ebr p\u00ebrmir\u00ebsimin e cil\u00ebsis\u00eb s\u00eb kujdesit n\u00eb nivel spitalor <\/h2>\t\t<\/div>\n\t\t\t\t<\/div>\n\t\t\t\t<div class=\"elementor-element elementor-element-17f5f78 elementor-widget elementor-widget-text-editor\" data-id=\"17f5f78\" data-element_type=\"widget\" data-widget_type=\"text-editor.default\">\n\t\t\t\t<div class=\"elementor-widget-container\">\n\t\t\t\t\t\t\t<p class=\"p1\">Spitalet e P\u00ebrgjithshme t\u00eb Gjakov\u00ebs dhe Pej\u00ebs jan\u00eb duke rritur p\u00ebrpjekjet p\u00ebr p\u00ebrmir\u00ebsimin e cil\u00ebsis\u00eb s\u00eb kujdesit p\u00ebr pacient\u00ebt me s\u00ebmundje kronike jongjit\u00ebse, p\u00ebrmes bashk\u00ebpunimit strategjik me Projektin Sh\u00ebrbimet Sh\u00ebndet\u00ebsore t\u00eb Integruara (IHS), t\u00eb financuar nga Agjencia Zvicerane p\u00ebr Zhvillim dhe Bashk\u00ebpunim (SDC).<\/p><p class=\"p1\">N\u00eb t\u00eb dy spitalet, ekipet drejtuese u takuan me p\u00ebrfaq\u00ebsues t\u00eb Projektit IHS p\u00ebr t\u00eb identifikuar prioritetet kryesore dhe p\u00ebr t\u00eb diskutuar m\u00ebnyrat p\u00ebr t\u00eb forcuar ofrimin e sh\u00ebrbimeve t\u00eb integruara. K\u00ebto p\u00ebrpjekje jan\u00eb pjes\u00eb e nj\u00eb nisme m\u00eb t\u00eb gjer\u00eb p\u00ebr t\u00eb rritur rezultatet e pacient\u00ebve dhe p\u00ebrafrimin e sh\u00ebrbimeve spitalore me standardet evropiane.<\/p><p class=\"p1\">Kryefjal\u00eb e vizitave ka qen\u00eb sesioni i pun\u00ebs s\u00eb fokusuar, i udh\u00ebhequr nga eksperti teknik nd\u00ebrkomb\u00ebtar Dr. Manfred Zahorka, i cili angazhoi drejtuesit e spitaleve dhe stafin ky\u00e7 n\u00eb zhvillimin e projekteve konkrete p\u00ebr p\u00ebrmir\u00ebsimin e cil\u00ebsis\u00eb. K\u00ebto nisma do t\u00eb sh\u00ebrbejn\u00eb si baz\u00eb p\u00ebr mb\u00ebshtetjen e vazhdueshme t\u00eb ofruar nga Projekti IHS.<\/p>\t\t\t\t\t\t<\/div>\n\t\t\t\t<\/div>\n\t\t\t\t\t<\/div>\n\t\t\t\t<\/div>\n\t\t\t\t<\/div>","protected":false},"excerpt":{"rendered":"<p>Continuing with Efforts to Improving Quality of Care at Hospital Level The General Hospitals of Gjakova and Peja are stepping up efforts to improve the quality of care for patients with non-communicable diseases, through strategic collaboration with the Integrated Health Services (IHS) Project, funded by the Swiss Development and Cooperation Agency (SDC). In both hospitals, [&hellip;]<\/p>","protected":false},"author":1,"featured_media":0,"parent":0,"menu_order":0,"comment_status":"closed","ping_status":"closed","template":"","meta":[],"_links":{"self":[{"href":"https:\/\/ihsproject.org\/sq\/wp-json\/wp\/v2\/pages\/14589"}],"collection":[{"href":"https:\/\/ihsproject.org\/sq\/wp-json\/wp\/v2\/pages"}],"about":[{"href":"https:\/\/ihsproject.org\/sq\/wp-json\/wp\/v2\/types\/page"}],"author":[{"embeddable":true,"href":"https:\/\/ihsproject.org\/sq\/wp-json\/wp\/v2\/users\/1"}],"replies":[{"embeddable":true,"href":"https:\/\/ihsproject.org\/sq\/wp-json\/wp\/v2\/comments?post=14589"}],"version-history":[{"count":4,"href":"https:\/\/ihsproject.org\/sq\/wp-json\/wp\/v2\/pages\/14589\/revisions"}],"predecessor-version":[{"id":14597,"href":"https:\/\/ihsproject.org\/sq\/wp-json\/wp\/v2\/pages\/14589\/revisions\/14597"}],"wp:attachment":[{"href":"https:\/\/ihsproject.org\/sq\/wp-json\/wp\/v2\/media?parent=14589"}],"curies":[{"name":"wp","href":"https:\/\/api.w.org\/{rel}","templated":true}]}}