{"id":14573,"date":"2025-03-25T12:47:32","date_gmt":"2025-03-25T12:47:32","guid":{"rendered":"https:\/\/ihsproject.org\/?page_id=14573"},"modified":"2025-03-25T14:48:36","modified_gmt":"2025-03-25T14:48:36","slug":"march-25-2025-impact-story","status":"publish","type":"page","link":"https:\/\/ihsproject.org\/sq\/march-25-2025-impact-story\/","title":{"rendered":"Mars 25, 2025 - Tregime p\u00ebr Impaktin"},"content":{"rendered":"<div data-elementor-type=\"wp-page\" data-elementor-id=\"14573\" class=\"elementor elementor-14573\">\n\t\t\t\t<div class=\"elementor-element elementor-element-4a8a761 e-flex e-con-boxed e-con e-parent\" data-id=\"4a8a761\" data-element_type=\"container\" data-core-v316-plus=\"true\">\n\t\t\t\t\t<div class=\"e-con-inner\">\n\t\t\t\t<div class=\"elementor-element elementor-element-0772699 elementor-widget elementor-widget-heading\" data-id=\"0772699\" data-element_type=\"widget\" data-widget_type=\"heading.default\">\n\t\t\t\t<div class=\"elementor-widget-container\">\n\t\t\t<h2 class=\"elementor-heading-title elementor-size-default\">Avancimi i shtigjeve klinike dhe t\u00eb pacient\u00ebve p\u00ebr nj\u00eb kujdes m\u00eb t\u00eb mir\u00eb ndaj SJN-ve n\u00eb Kosov\u00eb<\/h2>\t\t<\/div>\n\t\t\t\t<\/div>\n\t\t\t\t\t<\/div>\n\t\t\t\t<\/div>\n\t\t<div class=\"elementor-element elementor-element-c2ba94c e-flex e-con-boxed e-con e-parent\" data-id=\"c2ba94c\" data-element_type=\"container\" data-core-v316-plus=\"true\">\n\t\t\t\t\t<div class=\"e-con-inner\">\n\t\t\t\t<div class=\"elementor-element elementor-element-5ab77c5 elementor-widget elementor-widget-image\" data-id=\"5ab77c5\" data-element_type=\"widget\" data-widget_type=\"image.default\">\n\t\t\t\t<div class=\"elementor-widget-container\">\n\t\t\t\t\t\t\t\t\t\t\t\t\t<img fetchpriority=\"high\" decoding=\"async\" width=\"2560\" height=\"1440\" src=\"https:\/\/ihsproject.org\/wp-content\/uploads\/2025\/03\/Impact-Story-Foto-kryesore-scaled.jpg\" class=\"attachment-full size-full wp-image-14568\" alt=\"\" srcset=\"https:\/\/ihsproject.org\/wp-content\/uploads\/2025\/03\/Impact-Story-Foto-kryesore-scaled.jpg 2560w, https:\/\/ihsproject.org\/wp-content\/uploads\/2025\/03\/Impact-Story-Foto-kryesore-300x169.jpg 300w, https:\/\/ihsproject.org\/wp-content\/uploads\/2025\/03\/Impact-Story-Foto-kryesore-1024x576.jpg 1024w, https:\/\/ihsproject.org\/wp-content\/uploads\/2025\/03\/Impact-Story-Foto-kryesore-768x432.jpg 768w, https:\/\/ihsproject.org\/wp-content\/uploads\/2025\/03\/Impact-Story-Foto-kryesore-1536x864.jpg 1536w, https:\/\/ihsproject.org\/wp-content\/uploads\/2025\/03\/Impact-Story-Foto-kryesore-2048x1152.jpg 2048w, https:\/\/ihsproject.org\/wp-content\/uploads\/2025\/03\/Impact-Story-Foto-kryesore-18x10.jpg 18w\" sizes=\"(max-width: 2560px) 100vw, 2560px\" \/>\t\t\t\t\t\t\t\t\t\t\t\t\t<\/div>\n\t\t\t\t<\/div>\n\t\t\t\t\t<\/div>\n\t\t\t\t<\/div>\n\t\t<div class=\"elementor-element elementor-element-d89dd75 e-flex e-con-boxed e-con e-parent\" data-id=\"d89dd75\" data-element_type=\"container\" data-core-v316-plus=\"true\">\n\t\t\t\t\t<div class=\"e-con-inner\">\n\t\t\t\t<div class=\"elementor-element elementor-element-a74bb17 elementor-widget elementor-widget-text-editor\" data-id=\"a74bb17\" data-element_type=\"widget\" data-widget_type=\"text-editor.default\">\n\t\t\t\t<div class=\"elementor-widget-container\">\n\t\t\t\t\t\t\t<p>N\u00eb Kosov\u00eb, rrug\u00ebtimi i nj\u00eb pacienti me diabet n\u00eb sistemin sh\u00ebndet\u00ebsor fillon me mjekun familjar. Sipas modelit t\u00eb mjek\u00ebsis\u00eb familjare, t\u00eb cilin Kosova e ka miratuar zyrtarisht, mjek\u00ebt e nivelit t\u00eb kujdesit par\u00ebsor jan\u00eb p\u00ebrgjegj\u00ebs p\u00ebr t\u00eb koordinuar gjendjen e p\u00ebrgjithshme dhe trajtimin e pacientit, dhe, kur \u00ebsht\u00eb e nevojshme, p\u00ebr t'i referuar ata n\u00eb kujdes specialistik. Modeli i mjek\u00ebsis\u00eb familjare ka p\u00ebr synim t\u2019i udh\u00ebzoj\u00eb pacient\u00ebt dhe ofruesit e kujdesit sh\u00ebndet\u00ebsor q\u00eb t\u00eb ken\u00eb pasqyr\u00eb gjith\u00ebp\u00ebrfshir\u00ebse t\u00eb historis\u00eb mjek\u00ebsore t\u00eb pacient\u00ebve dhe t\u00eb nevojave t\u00eb tyre t\u00eb vazhdueshme.<\/p><p>Megjithat\u00eb, n\u00eb praktik\u00eb, sistemi ndonj\u00ebher\u00eb fragmentohet. Sh\u00ebrbimet ekzistojn\u00eb, por koordinimi mes tyre \u00ebsht\u00eb ende duke u zhvilluar. Shum\u00eb pacient\u00eb i anashkalojn\u00eb qendrat e mjek\u00ebsis\u00eb familjare, q\u00eb jan\u00eb si pikat e para t\u00eb kontaktit, p\u00ebr t\u00eb k\u00ebrkuar kujdes t\u00eb specializuar, duke naviguar vet\u00eb n\u00ebp\u00ebr sistemin sh\u00ebndet\u00ebsor, gj\u00eb q\u00eb ndonj\u00ebher\u00eb \u00e7on n\u00eb humbje t\u00eb mund\u00ebsive p\u00ebr vazhdim\u00ebsin\u00eb e kujdesit dhe menaxhimin afatgjat\u00eb t\u00eb s\u00ebmundjes.<span class=\"Apple-converted-space\">\u00a0<\/span><\/p><p>K\u00ebshtu, nd\u00ebrtimi i nj\u00eb shtegu koherent t\u00eb pacientit, sidomos p\u00ebr ata q\u00eb jetojn\u00eb me s\u00ebmundje kronike si\u00e7 \u00ebsht\u00eb diabeti, ku sistemi e udh\u00ebheq pacientin dhe jo anasjelltas, \u00ebsht\u00eb thelb\u00ebsor p\u00ebr p\u00ebrmir\u00ebsimin e rezultateve dhe zvog\u00eblimin e komplikimeve. Vet\u00ebm udh\u00ebzimet e qarta dhe t\u00eb thjeshta sigurojn\u00eb q\u00eb pacient\u00ebt t\u00eb marrin vazhdimisht kujdesin e duhur n\u00eb koh\u00ebn e duhur, duke e b\u00ebr\u00eb t\u00eb sigurt rrug\u00ebtimin e tyre n\u00ebp\u00ebr objektet e kujdesit sh\u00ebndet\u00ebsor n\u00eb dispozicion.<span class=\"Apple-converted-space\">\u00a0<\/span><\/p>\t\t\t\t\t\t<\/div>\n\t\t\t\t<\/div>\n\t\t\t\t\t<\/div>\n\t\t\t\t<\/div>\n\t\t<div class=\"elementor-element elementor-element-1c2b145 e-flex e-con-boxed e-con e-parent\" data-id=\"1c2b145\" data-element_type=\"container\" data-core-v316-plus=\"true\">\n\t\t\t\t\t<div class=\"e-con-inner\">\n\t\t\t\t<div class=\"elementor-element elementor-element-3e1c85f elementor-widget elementor-widget-image\" data-id=\"3e1c85f\" data-element_type=\"widget\" data-widget_type=\"image.default\">\n\t\t\t\t<div class=\"elementor-widget-container\">\n\t\t\t\t\t\t\t\t\t\t\t\t\t<img decoding=\"async\" width=\"2560\" height=\"1440\" src=\"https:\/\/ihsproject.org\/wp-content\/uploads\/2025\/03\/Impact-Story-foto-1-scaled.jpg\" class=\"attachment-full size-full wp-image-14565\" alt=\"\" srcset=\"https:\/\/ihsproject.org\/wp-content\/uploads\/2025\/03\/Impact-Story-foto-1-scaled.jpg 2560w, https:\/\/ihsproject.org\/wp-content\/uploads\/2025\/03\/Impact-Story-foto-1-300x169.jpg 300w, https:\/\/ihsproject.org\/wp-content\/uploads\/2025\/03\/Impact-Story-foto-1-1024x576.jpg 1024w, https:\/\/ihsproject.org\/wp-content\/uploads\/2025\/03\/Impact-Story-foto-1-768x432.jpg 768w, https:\/\/ihsproject.org\/wp-content\/uploads\/2025\/03\/Impact-Story-foto-1-1536x864.jpg 1536w, https:\/\/ihsproject.org\/wp-content\/uploads\/2025\/03\/Impact-Story-foto-1-2048x1152.jpg 2048w, https:\/\/ihsproject.org\/wp-content\/uploads\/2025\/03\/Impact-Story-foto-1-18x10.jpg 18w\" sizes=\"(max-width: 2560px) 100vw, 2560px\" \/>\t\t\t\t\t\t\t\t\t\t\t\t\t<\/div>\n\t\t\t\t<\/div>\n\t\t\t\t\t<\/div>\n\t\t\t\t<\/div>\n\t\t<div class=\"elementor-element elementor-element-db497ff e-flex e-con-boxed e-con e-parent\" data-id=\"db497ff\" data-element_type=\"container\" data-core-v316-plus=\"true\">\n\t\t\t\t\t<div class=\"e-con-inner\">\n\t\t\t\t<div class=\"elementor-element elementor-element-5fbabb0 elementor-widget elementor-widget-text-editor\" data-id=\"5fbabb0\" data-element_type=\"widget\" data-widget_type=\"text-editor.default\">\n\t\t\t\t<div class=\"elementor-widget-container\">\n\t\t\t\t\t\t\t<p>Tash \u00ebsht\u00eb duke ndodhur nj\u00eb ndryshim i r\u00ebnd\u00ebsish\u00ebm. P\u00ebr t\u00eb siguruar q\u00eb t\u00eb gjith\u00eb pacient\u00ebt me s\u00ebmundje kronike t\u00eb marrin kujdes t\u00eb standardizuar t\u00eb cil\u00ebsis\u00eb s\u00eb lart\u00eb n\u00eb t\u00eb gjitha nivelet, Kosova po integron dhe po p\u00ebrqafon Udh\u00ebzimet e reja t\u00eb Praktik\u00ebs Klinike (UPK-t\u00eb) p\u00ebr t\u00eb ofruar kujdes t\u00eb standardizuar dhe t\u00eb q\u00ebndruesh\u00ebm n\u00eb t\u00eb tria nivelet e kujdesit sh\u00ebndet\u00ebsor publik.<\/p><p>Udh\u00ebhequr nga Ministria e Sh\u00ebndet\u00ebsis\u00eb s\u00eb Kosov\u00ebs, s\u00eb bashku me Institutin Komb\u00ebtar t\u00eb Sh\u00ebndet\u00ebsis\u00eb Publike (IKSHP) dhe Sh\u00ebrbimet Spitalore Klinike dhe Universitare t\u00eb Kosov\u00ebs (SHSKUK), n\u00ebn mb\u00ebshtetjen aktive t\u00eb Sh\u00ebrbimeve Sh\u00ebndet\u00ebsore t\u00eb Integruara (IHS) dhe Kujdesit Sh\u00ebndet\u00ebsor i Qassh\u00ebm dhe Cil\u00ebsor (AQH), kjo pun\u00eb po transformon menaxhimin e SJN-ve n\u00eb Kosov\u00eb p\u00ebrmes forcimit t\u00eb UPK-ve. Q\u00ebllimi nuk \u00ebsht\u00eb vet\u00ebm zhvillimi i udh\u00ebzimeve moderne, por sigurimi i zbatimit efektiv t\u00eb tyre n\u00eb praktik\u00ebn e p\u00ebrditshme klinike. M\u00ebnyra p\u00ebr ta arritur k\u00ebt\u00eb \u00ebsht\u00eb p\u00ebrmes bashk\u00ebpunimit t\u00eb zgjeruar, trajnimit dhe zgjidhjeve inovative, duke p\u00ebrfshir\u00eb matjen e progresit.<\/p><p>Moment ky\u00e7 n\u00eb k\u00ebt\u00eb angazhim ka qen\u00eb tryeza e rrumbullak\u00ebt q\u00eb u mbajt n\u00eb tetor 2024, kur u nj\u00eb grup profesionist\u00ebsh t\u00eb kujdesit sh\u00ebndet\u00ebsor u takua p\u00ebr t\u00eb diskutuar Udh\u00ebzimet dhe Protokollet e Praktik\u00ebs Klinike p\u00ebr kujdesin ndaj diabetit t\u00eb miratuara rishtazi. Sesioni i takimit ishte mund\u00ebsi p\u00ebr mjek\u00ebt dhe infermier\u00ebt, si dhe aktor\u00ebt e tjer\u00eb t\u00eb sh\u00ebndet\u00ebsis\u00eb \u2013 politik\u00ebb\u00ebr\u00ebsit, ekspert\u00ebt e sh\u00ebndetit publik dhe menaxher\u00ebt e sh\u00ebndet\u00ebsis\u00eb, p\u00ebr t\u00eb harmonizuar praktikat e tyre me standardet nd\u00ebrkomb\u00ebtare dhe p\u00ebr t'u angazhuar p\u00ebr nj\u00eb qasje t\u00eb unifikuar gjat\u00eb trajtimit t\u00eb s\u00ebmundjes.<span class=\"Apple-converted-space\">\u00a0<\/span><\/p>\t\t\t\t\t\t<\/div>\n\t\t\t\t<\/div>\n\t\t\t\t\t<\/div>\n\t\t\t\t<\/div>\n\t\t<div class=\"elementor-element elementor-element-80ab493 e-flex e-con-boxed e-con e-parent\" data-id=\"80ab493\" data-element_type=\"container\" data-core-v316-plus=\"true\">\n\t\t\t\t\t<div class=\"e-con-inner\">\n\t\t\t\t<div class=\"elementor-element elementor-element-d57f6c0 elementor-widget elementor-widget-image\" data-id=\"d57f6c0\" data-element_type=\"widget\" data-widget_type=\"image.default\">\n\t\t\t\t<div class=\"elementor-widget-container\">\n\t\t\t\t\t\t\t\t\t\t\t\t\t<img decoding=\"async\" width=\"2560\" height=\"1440\" src=\"https:\/\/ihsproject.org\/wp-content\/uploads\/2025\/03\/Impact-Story-foto-2-scaled.jpg\" class=\"attachment-full size-full wp-image-14566\" alt=\"\" srcset=\"https:\/\/ihsproject.org\/wp-content\/uploads\/2025\/03\/Impact-Story-foto-2-scaled.jpg 2560w, https:\/\/ihsproject.org\/wp-content\/uploads\/2025\/03\/Impact-Story-foto-2-300x169.jpg 300w, https:\/\/ihsproject.org\/wp-content\/uploads\/2025\/03\/Impact-Story-foto-2-1024x576.jpg 1024w, https:\/\/ihsproject.org\/wp-content\/uploads\/2025\/03\/Impact-Story-foto-2-768x432.jpg 768w, https:\/\/ihsproject.org\/wp-content\/uploads\/2025\/03\/Impact-Story-foto-2-1536x864.jpg 1536w, https:\/\/ihsproject.org\/wp-content\/uploads\/2025\/03\/Impact-Story-foto-2-2048x1152.jpg 2048w, https:\/\/ihsproject.org\/wp-content\/uploads\/2025\/03\/Impact-Story-foto-2-18x10.jpg 18w\" sizes=\"(max-width: 2560px) 100vw, 2560px\" \/>\t\t\t\t\t\t\t\t\t\t\t\t\t<\/div>\n\t\t\t\t<\/div>\n\t\t\t\t\t<\/div>\n\t\t\t\t<\/div>\n\t\t<div class=\"elementor-element elementor-element-1ac828c e-flex e-con-boxed e-con e-parent\" data-id=\"1ac828c\" data-element_type=\"container\" data-core-v316-plus=\"true\">\n\t\t\t\t\t<div class=\"e-con-inner\">\n\t\t\t\t<div class=\"elementor-element elementor-element-583eb70 elementor-widget elementor-widget-text-editor\" data-id=\"583eb70\" data-element_type=\"widget\" data-widget_type=\"text-editor.default\">\n\t\t\t\t<div class=\"elementor-widget-container\">\n\t\t\t\t\t\t\t<p>Dr. Merita Emini Sadiku, udh\u00ebheqja e grupit t\u00eb pun\u00ebs q\u00eb zhvilloi udh\u00ebzimet p\u00ebr kujdesin ndaj diabetit, e p\u00ebrshkroi procesin si nj\u00eb p\u00ebrpjekje bashk\u00ebpunuese q\u00eb synon p\u00ebrmir\u00ebsimin e rezultateve afatgjata sh\u00ebndet\u00ebsore p\u00ebr njer\u00ebzit q\u00eb vuajn\u00eb. \"Q\u00ebllimi yn\u00eb ka qen\u00eb t\u00eb harmonizojm\u00eb praktikat tona me standardet nd\u00ebrkomb\u00ebtare, duke i pajisur ofruesit e kujdesit sh\u00ebndet\u00ebsor n\u00eb Kosov\u00eb me mjetet p\u00ebr t\u00eb ofruar kujdes sh\u00ebndet\u00ebsor m\u00eb efektiv. Ky \u00ebsht\u00eb nj\u00eb hap i r\u00ebnd\u00ebsish\u00ebm drejt p\u00ebrmir\u00ebsimit t\u00eb rezultateve afatgjata sh\u00ebndet\u00ebsore p\u00ebr t\u00eb s\u00ebmurit me diabet\u201d, tha ajo.<\/p><p>Jan\u00eb duke u zhvilluar edhe disa UPK t\u00eb tjera, q\u00eb fokusohen n\u00eb gjendje kryesore, shpesh kronike, q\u00eb prekin popullat\u00ebn e Kosov\u00ebs, si\u00e7 jan\u00eb hipertensioni dhe s\u00ebmundjet kardiovaskulare. Nj\u00eb nga hapat m\u00eb dometh\u00ebn\u00ebs n\u00eb institucionalizimin e k\u00ebtyre dokumenteve udh\u00ebzuese ka qen\u00eb n\u00ebnshkrimi i Memorandumit t\u00eb Mir\u00ebkuptimit (MiM) midis SHSKUK-s\u00eb dhe IHS.<span class=\"Apple-converted-space\">\u00a0<\/span><\/p><p>Elvir Azizi, Drejtor i SHSKUK-s\u00eb, theksoi se \u201cPartneriteti yn\u00eb synon p\u00ebrmir\u00ebsimin e cil\u00ebsis\u00eb s\u00eb kujdesit sh\u00ebndet\u00ebsor n\u00eb vendin ton\u00eb, dhe \u00ebsht\u00eb n\u00eb p\u00ebrputhje me vizion t\u00eb p\u00ebrbashk\u00ebt dhe synime t\u00eb p\u00ebrbashk\u00ebta. N\u00ebp\u00ebrmjet k\u00ebtij memorandumi, ne kemi nd\u00ebrmarr\u00eb hapa konkret\u00eb drejt zhvillimit t\u00eb udh\u00ebzimeve t\u00eb praktik\u00ebs klinike p\u00ebr s\u00ebmundjet kronike jongjit\u00ebse, t\u00eb cilat p\u00ebrb\u00ebjn\u00eb nj\u00eb sfid\u00eb t\u00eb konsiderueshme p\u00ebr sistemin ton\u00eb t\u00eb kujdesit sh\u00ebndet\u00ebsor dhe p\u00ebr mir\u00ebqenien e qytetarit ton\u00eb. Ato jan\u00eb thelb\u00ebsore p\u00ebr standardizimin e kujdesit sh\u00ebndet\u00ebsor, p\u00ebr p\u00ebrmir\u00ebsimin e trajtimit t\u00eb pacientit, si dhe p\u00ebr forcimin e kapaciteteve t\u00eb profesionist\u00ebve tan\u00eb t\u00eb kujdesit sh\u00ebndet\u00ebsor\u201d.<\/p>\t\t\t\t\t\t<\/div>\n\t\t\t\t<\/div>\n\t\t\t\t\t<\/div>\n\t\t\t\t<\/div>\n\t\t<div class=\"elementor-element elementor-element-2dbc3da e-flex e-con-boxed e-con e-parent\" data-id=\"2dbc3da\" data-element_type=\"container\" data-core-v316-plus=\"true\">\n\t\t\t\t\t<div class=\"e-con-inner\">\n\t\t\t\t<div class=\"elementor-element elementor-element-2981aa7 elementor-widget elementor-widget-image\" data-id=\"2981aa7\" data-element_type=\"widget\" data-widget_type=\"image.default\">\n\t\t\t\t<div class=\"elementor-widget-container\">\n\t\t\t\t\t\t\t\t\t\t\t\t\t<img loading=\"lazy\" decoding=\"async\" width=\"1600\" height=\"901\" src=\"https:\/\/ihsproject.org\/wp-content\/uploads\/2025\/03\/Impact-Story-foto-3.jpg\" class=\"attachment-full size-full wp-image-14567\" alt=\"\" srcset=\"https:\/\/ihsproject.org\/wp-content\/uploads\/2025\/03\/Impact-Story-foto-3.jpg 1600w, https:\/\/ihsproject.org\/wp-content\/uploads\/2025\/03\/Impact-Story-foto-3-300x169.jpg 300w, https:\/\/ihsproject.org\/wp-content\/uploads\/2025\/03\/Impact-Story-foto-3-1024x577.jpg 1024w, https:\/\/ihsproject.org\/wp-content\/uploads\/2025\/03\/Impact-Story-foto-3-768x432.jpg 768w, https:\/\/ihsproject.org\/wp-content\/uploads\/2025\/03\/Impact-Story-foto-3-1536x865.jpg 1536w, https:\/\/ihsproject.org\/wp-content\/uploads\/2025\/03\/Impact-Story-foto-3-18x10.jpg 18w\" sizes=\"(max-width: 1600px) 100vw, 1600px\" \/>\t\t\t\t\t\t\t\t\t\t\t\t\t<\/div>\n\t\t\t\t<\/div>\n\t\t\t\t\t<\/div>\n\t\t\t\t<\/div>\n\t\t<div class=\"elementor-element elementor-element-b8f94f6 e-flex e-con-boxed e-con e-parent\" data-id=\"b8f94f6\" data-element_type=\"container\" data-core-v316-plus=\"true\">\n\t\t\t\t\t<div class=\"e-con-inner\">\n\t\t\t\t<div class=\"elementor-element elementor-element-a2631f9 elementor-widget elementor-widget-text-editor\" data-id=\"a2631f9\" data-element_type=\"widget\" data-widget_type=\"text-editor.default\">\n\t\t\t\t<div class=\"elementor-widget-container\">\n\t\t\t\t\t\t\t<p>Miratimi i k\u00ebtyre udh\u00ebzimeve p\u00ebrb\u00ebn vet\u00ebm nj\u00eb pjes\u00eb t\u00eb zgjidhjes. Zbatimi efektiv i tyre n\u00eb institucionet e kujdesit sh\u00ebndet\u00ebsor publik mbetet sfid\u00eb. P\u00ebr t\u00eb kap\u00ebrcyer hendekun midis politik\u00ebs dhe praktik\u00ebs, IHS dhe AQH kan\u00eb prezantuar formate inovative diskutimi me profesionist\u00ebt mjek\u00ebsor\u00eb, p\u00ebrtej trajnimeve ose sesioneve tradicionale, p\u00ebr shembull, duke theksuar rolin e auditimeve t\u00eb brendshme dhe koordinator\u00ebve t\u00eb cil\u00ebsis\u00eb, detyra e t\u00eb cil\u00ebve \u00ebsht\u00eb t\u00eb monitorojn\u00eb pajtueshm\u00ebrin\u00eb dhe t\u00eb identifikojn\u00eb fushat p\u00ebr p\u00ebrmir\u00ebsim. P\u00ebrhapja e m\u00ebtejshme e programeve t\u00eb Trajnimit t\u00eb Trajner\u00ebve (TiT) siguron q\u00eb profesionist\u00ebt mjek\u00ebsor\u00eb t\u00eb marrin edukim t\u00eb vazhduesh\u00ebm dhe t\u00eb mbeten t\u00eb pajisur me praktikat m\u00eb t\u00eb mira n\u00eb menaxhimin e SJN-ve. Zhvillimi i nj\u00eb vegle t\u00eb re digjitale q\u00eb i ndihmon pacient\u00ebt t\u00eb vet\u00ebmenaxhojn\u00eb dhe gjurmojn\u00eb gjendjen e tyre p\u00ebr t'iu p\u00ebrmbajtur planeve t\u00eb trajtimit si\u00e7 p\u00ebrshkruhet p\u00ebrmes ditar\u00ebve t\u00eb pacient\u00ebve t\u00eb MSH-s\u00eb, paraqitet si risi p\u00ebr t'u zgjeruar n\u00eb mbar\u00eb vendin n\u00eb t\u00eb ardhmen.<\/p><p>Teksa Kosova avancon luft\u00ebn p\u00ebr zvog\u00eblimin e barr\u00ebs nga SJN-t\u00eb, suksesi i k\u00ebtyre udh\u00ebzimeve do t\u00eb varet nga angazhimi i vazhduesh\u00ebm i politik\u00ebb\u00ebr\u00ebsve, profesionist\u00ebve t\u00eb kujdesit sh\u00ebndet\u00ebsor dhe pacient\u00ebve. Miratimi dhe zbatimi i k\u00ebtyre udh\u00ebzimeve p\u00ebrputhet me Strategjin\u00eb m\u00eb t\u00eb gjer\u00eb t\u00eb Sektorit t\u00eb Sh\u00ebndet\u00ebsis\u00eb t\u00eb Kosov\u00ebs dhe me rinovimin e ardhsh\u00ebm t\u00eb Planit t\u00eb P\u00ebrgjithsh\u00ebm t\u00eb Veprimit p\u00ebr SJN-t\u00eb (aktualisht 2023-2025). Me bashk\u00ebpunim dhe p\u00ebrkushtim t\u00eb vazhduesh\u00ebm, Kosova ka mund\u00ebsin\u00eb t\u00eb vendos\u00eb nj\u00eb standard t\u00eb ri n\u00eb kujdesin ndaj SJN, nj\u00eb standard q\u00eb i jep prioritet t\u00eb drejt\u00ebs s\u00eb \u00e7do pacienti p\u00ebr trajtim t\u00eb sigurt, t\u00eb q\u00ebndruesh\u00ebm dhe cil\u00ebsor, duke \u00e7uar n\u00eb p\u00ebrmir\u00ebsime t\u00eb matshme n\u00eb sh\u00ebndetin dhe mir\u00ebqenien e pacientit.<\/p><p>Hapi i radh\u00ebs n\u00eb k\u00ebt\u00eb rrug\u00ebtim \u00ebsht\u00eb ofrimi i mb\u00ebshtetjes p\u00ebr institucionet komb\u00ebtare p\u00ebr t\u00eb hartuar dhe zbatuar shtigjet e pacient\u00ebve, si procese t\u00eb strukturuara q\u00eb udh\u00ebzojn\u00eb individ\u00ebt n\u00eb \u00e7do faz\u00eb t\u00eb kujdesit, nga parandalimi, e deri tek trajtimi dhe p\u00ebrcjellja e m\u00ebtejme. Nd\u00ebrtimi i nj\u00eb shtegu t\u00eb p\u00ebrqendruar tek pacienti do t\u00eb siguroj\u00eb q\u00eb ky progres t\u00eb p\u00ebrkthehet n\u00eb harmonizim nd\u00ebrmjet udh\u00ebzimeve, institucioneve dhe p\u00ebrvoj\u00ebs s\u00eb pacientit, dhe kjo do t\u00eb p\u00ebrcaktoj\u00eb t\u00eb ardhmen e kujdesit ndaj SJN n\u00eb Kosov\u00eb.<\/p>\t\t\t\t\t\t<\/div>\n\t\t\t\t<\/div>\n\t\t\t\t\t<\/div>\n\t\t\t\t<\/div>\n\t\t\t\t<\/div>","protected":false},"excerpt":{"rendered":"<p>Advancing Clinical and Patient Pathways for Better NCD Care in Kosovo In Kosovo, a diabetic patient\u2019s journey in the health system begins with the family doctor. Under the family medicine model, which Kosovo has officially adopted, primary care level doctors are responsible for coordinating a patient\u2019s overall condition and treatment and referring them to specialist [&hellip;]<\/p>","protected":false},"author":1,"featured_media":0,"parent":0,"menu_order":0,"comment_status":"closed","ping_status":"closed","template":"","meta":[],"_links":{"self":[{"href":"https:\/\/ihsproject.org\/sq\/wp-json\/wp\/v2\/pages\/14573"}],"collection":[{"href":"https:\/\/ihsproject.org\/sq\/wp-json\/wp\/v2\/pages"}],"about":[{"href":"https:\/\/ihsproject.org\/sq\/wp-json\/wp\/v2\/types\/page"}],"author":[{"embeddable":true,"href":"https:\/\/ihsproject.org\/sq\/wp-json\/wp\/v2\/users\/1"}],"replies":[{"embeddable":true,"href":"https:\/\/ihsproject.org\/sq\/wp-json\/wp\/v2\/comments?post=14573"}],"version-history":[{"count":10,"href":"https:\/\/ihsproject.org\/sq\/wp-json\/wp\/v2\/pages\/14573\/revisions"}],"predecessor-version":[{"id":14587,"href":"https:\/\/ihsproject.org\/sq\/wp-json\/wp\/v2\/pages\/14573\/revisions\/14587"}],"wp:attachment":[{"href":"https:\/\/ihsproject.org\/sq\/wp-json\/wp\/v2\/media?parent=14573"}],"curies":[{"name":"wp","href":"https:\/\/api.w.org\/{rel}","templated":true}]}}