{"id":14553,"date":"2025-03-25T12:18:53","date_gmt":"2025-03-25T12:18:53","guid":{"rendered":"https:\/\/ihsproject.org\/?page_id=14553"},"modified":"2025-03-25T12:20:16","modified_gmt":"2025-03-25T12:20:16","slug":"march-25-2025","status":"publish","type":"page","link":"https:\/\/ihsproject.org\/sq\/march-25-2025\/","title":{"rendered":"Mars 25, 2025"},"content":{"rendered":"<div data-elementor-type=\"wp-page\" data-elementor-id=\"14553\" class=\"elementor elementor-14553\">\n\t\t\t\t<div class=\"elementor-element elementor-element-9586447 e-flex e-con-boxed e-con e-parent\" data-id=\"9586447\" data-element_type=\"container\" data-core-v316-plus=\"true\">\n\t\t\t\t\t<div class=\"e-con-inner\">\n\t\t\t\t<div class=\"elementor-element elementor-element-45da7f4 elementor-widget elementor-widget-image\" data-id=\"45da7f4\" data-element_type=\"widget\" data-widget_type=\"image.default\">\n\t\t\t\t<div class=\"elementor-widget-container\">\n\t\t\t\t\t\t\t\t\t\t\t\t\t<img fetchpriority=\"high\" decoding=\"async\" width=\"1600\" height=\"900\" src=\"https:\/\/ihsproject.org\/wp-content\/uploads\/2025\/03\/Working-Group-on-Diabetes-and-Hypertension-Self-Management-Action-Plan-Kicks-Off-.jpg\" class=\"attachment-full size-full wp-image-14551\" alt=\"\" srcset=\"https:\/\/ihsproject.org\/wp-content\/uploads\/2025\/03\/Working-Group-on-Diabetes-and-Hypertension-Self-Management-Action-Plan-Kicks-Off-.jpg 1600w, https:\/\/ihsproject.org\/wp-content\/uploads\/2025\/03\/Working-Group-on-Diabetes-and-Hypertension-Self-Management-Action-Plan-Kicks-Off--300x169.jpg 300w, https:\/\/ihsproject.org\/wp-content\/uploads\/2025\/03\/Working-Group-on-Diabetes-and-Hypertension-Self-Management-Action-Plan-Kicks-Off--1024x576.jpg 1024w, https:\/\/ihsproject.org\/wp-content\/uploads\/2025\/03\/Working-Group-on-Diabetes-and-Hypertension-Self-Management-Action-Plan-Kicks-Off--768x432.jpg 768w, https:\/\/ihsproject.org\/wp-content\/uploads\/2025\/03\/Working-Group-on-Diabetes-and-Hypertension-Self-Management-Action-Plan-Kicks-Off--1536x864.jpg 1536w, https:\/\/ihsproject.org\/wp-content\/uploads\/2025\/03\/Working-Group-on-Diabetes-and-Hypertension-Self-Management-Action-Plan-Kicks-Off--18x10.jpg 18w\" sizes=\"(max-width: 1600px) 100vw, 1600px\" \/>\t\t\t\t\t\t\t\t\t\t\t\t\t<\/div>\n\t\t\t\t<\/div>\n\t\t\t\t\t<\/div>\n\t\t\t\t<\/div>\n\t\t<div class=\"elementor-element elementor-element-919764e e-flex e-con-boxed e-con e-parent\" data-id=\"919764e\" data-element_type=\"container\" data-core-v316-plus=\"true\">\n\t\t\t\t\t<div class=\"e-con-inner\">\n\t\t\t\t<div class=\"elementor-element elementor-element-4176c2e elementor-widget elementor-widget-heading\" data-id=\"4176c2e\" data-element_type=\"widget\" data-widget_type=\"heading.default\">\n\t\t\t\t<div class=\"elementor-widget-container\">\n\t\t\t<h2 class=\"elementor-heading-title elementor-size-default\">Fillon pun\u00ebn Grupi Punues p\u00ebr Planin e Veprimit p\u00ebr Vet\u00ebmenaxhimin e Diabetit dhe\nHipertensionit <\/h2>\t\t<\/div>\n\t\t\t\t<\/div>\n\t\t\t\t<div class=\"elementor-element elementor-element-a4a3619 elementor-widget elementor-widget-text-editor\" data-id=\"a4a3619\" data-element_type=\"widget\" data-widget_type=\"text-editor.default\">\n\t\t\t\t<div class=\"elementor-widget-container\">\n\t\t\t\t\t\t\t<p>M\u00eb 21 mars, projekti \u201cSh\u00ebrbimet Sh\u00ebndet\u00ebsore t\u00eb Integruara\u201d (IHS) organizoi takimin e par\u00eb t\u00eb Grupit t\u00eb Pun\u00ebs t\u00eb udh\u00ebhequr nga Ministria e Sh\u00ebndet\u00ebsis\u00eb, i cili ka p\u00ebr detyr\u00eb hartimin e Planit t\u00eb Veprimit 2025\u20132026 p\u00ebr Vet\u00ebmenaxhimin e pacient\u00ebve me diabet dhe hipertension.<\/p><p>N\u00eb k\u00ebt\u00eb takim t\u00eb kryesuar nga Niman Bardhi nga Ministria e Sh\u00ebndet\u00ebsis\u00eb, t\u00eb pranish\u00ebm ishin akter\u00ebt ky\u00e7, p\u00ebrfshir\u00eb p\u00ebrfaq\u00ebsuesit nga Asociacioni i Mjek\u00ebve Familjar t\u00eb Kosov\u00ebs, p\u00ebrfaq\u00ebsuesit e spitaleve t\u00eb p\u00ebrgjithshme dhe Qendrave Kryesore t\u00eb Mjek\u00ebsis\u00eb Familjare t\u00eb Pej\u00ebs dhe Gjakov\u00ebs, Shoqata e Pacient\u00ebve me Diabet n\u00eb Pej\u00eb, Shoqata p\u00ebr t\u00eb Drejtat e Pacient\u00ebve n\u00eb Kosov\u00eb, si dhe projektet IHS dhe AQH.<\/p><p>Pjes\u00eb ky\u00e7e e takimit ishte prezantimi nga ekipi i Global CT p\u00ebr aplikacionin mobil p\u00ebr vet\u00ebmenaxhim q\u00eb po zhvillohet. Ekipi shpalosi p\u00ebrdit\u00ebsimet mbi ve\u00e7orit\u00eb e aplikacionit dhe faz\u00ebn e zbatimit t\u00eb tij.<\/p><p>Grupi i Pun\u00ebs do t\u00eb vazhdoj\u00eb pun\u00ebn e tij n\u00eb prill, me takime t\u00eb m\u00ebtejshme p\u00ebr t\u2019i dh\u00ebn\u00eb form\u00ebn versionit final t\u00eb planit t\u00eb veprimit.<\/p>\t\t\t\t\t\t<\/div>\n\t\t\t\t<\/div>\n\t\t\t\t\t<\/div>\n\t\t\t\t<\/div>\n\t\t\t\t<\/div>","protected":false},"excerpt":{"rendered":"<p>Working Group on Diabetes and Hypertension Self-Management Action Plan Kicks Off On March 21, the Integrated Health Services (IHS) hosted the first Ministry of Health-led Working Group meeting tasked with drafting the 2025\u20132026 Action Plan for the Self-Management of Patients with Diabetes and Hypertension. Chaired by Niman Bardhi from the Ministry of Health, the meeting [&hellip;]<\/p>","protected":false},"author":1,"featured_media":0,"parent":0,"menu_order":0,"comment_status":"closed","ping_status":"closed","template":"","meta":[],"_links":{"self":[{"href":"https:\/\/ihsproject.org\/sq\/wp-json\/wp\/v2\/pages\/14553"}],"collection":[{"href":"https:\/\/ihsproject.org\/sq\/wp-json\/wp\/v2\/pages"}],"about":[{"href":"https:\/\/ihsproject.org\/sq\/wp-json\/wp\/v2\/types\/page"}],"author":[{"embeddable":true,"href":"https:\/\/ihsproject.org\/sq\/wp-json\/wp\/v2\/users\/1"}],"replies":[{"embeddable":true,"href":"https:\/\/ihsproject.org\/sq\/wp-json\/wp\/v2\/comments?post=14553"}],"version-history":[{"count":4,"href":"https:\/\/ihsproject.org\/sq\/wp-json\/wp\/v2\/pages\/14553\/revisions"}],"predecessor-version":[{"id":14558,"href":"https:\/\/ihsproject.org\/sq\/wp-json\/wp\/v2\/pages\/14553\/revisions\/14558"}],"wp:attachment":[{"href":"https:\/\/ihsproject.org\/sq\/wp-json\/wp\/v2\/media?parent=14553"}],"curies":[{"name":"wp","href":"https:\/\/api.w.org\/{rel}","templated":true}]}}