{"id":14524,"date":"2025-03-17T10:03:04","date_gmt":"2025-03-17T10:03:04","guid":{"rendered":"https:\/\/ihsproject.org\/?page_id=14524"},"modified":"2025-03-17T10:09:08","modified_gmt":"2025-03-17T10:09:08","slug":"march-17-2025","status":"publish","type":"page","link":"https:\/\/ihsproject.org\/sq\/march-17-2025\/","title":{"rendered":"Mars 17, 2025"},"content":{"rendered":"<div data-elementor-type=\"wp-page\" data-elementor-id=\"14524\" class=\"elementor elementor-14524\">\n\t\t\t\t<div class=\"elementor-element elementor-element-1923ca3 e-flex e-con-boxed e-con e-parent\" data-id=\"1923ca3\" data-element_type=\"container\" data-core-v316-plus=\"true\">\n\t\t\t\t\t<div class=\"e-con-inner\">\n\t\t\t\t<div class=\"elementor-element elementor-element-219b17e elementor-widget elementor-widget-image\" data-id=\"219b17e\" data-element_type=\"widget\" data-widget_type=\"image.default\">\n\t\t\t\t<div class=\"elementor-widget-container\">\n\t\t\t\t\t\t\t\t\t\t\t\t\t<img fetchpriority=\"high\" decoding=\"async\" width=\"1600\" height=\"900\" src=\"https:\/\/ihsproject.org\/wp-content\/uploads\/2025\/03\/Action-Plan-on-Health-Education-at-Hospital-Level-on-Good-Track.jpg\" class=\"attachment-full size-full wp-image-14523\" alt=\"\" srcset=\"https:\/\/ihsproject.org\/wp-content\/uploads\/2025\/03\/Action-Plan-on-Health-Education-at-Hospital-Level-on-Good-Track.jpg 1600w, https:\/\/ihsproject.org\/wp-content\/uploads\/2025\/03\/Action-Plan-on-Health-Education-at-Hospital-Level-on-Good-Track-300x169.jpg 300w, https:\/\/ihsproject.org\/wp-content\/uploads\/2025\/03\/Action-Plan-on-Health-Education-at-Hospital-Level-on-Good-Track-1024x576.jpg 1024w, https:\/\/ihsproject.org\/wp-content\/uploads\/2025\/03\/Action-Plan-on-Health-Education-at-Hospital-Level-on-Good-Track-768x432.jpg 768w, https:\/\/ihsproject.org\/wp-content\/uploads\/2025\/03\/Action-Plan-on-Health-Education-at-Hospital-Level-on-Good-Track-1536x864.jpg 1536w, https:\/\/ihsproject.org\/wp-content\/uploads\/2025\/03\/Action-Plan-on-Health-Education-at-Hospital-Level-on-Good-Track-18x10.jpg 18w\" sizes=\"(max-width: 1600px) 100vw, 1600px\" \/>\t\t\t\t\t\t\t\t\t\t\t\t\t<\/div>\n\t\t\t\t<\/div>\n\t\t\t\t\t<\/div>\n\t\t\t\t<\/div>\n\t\t<div class=\"elementor-element elementor-element-b627148 e-flex e-con-boxed e-con e-parent\" data-id=\"b627148\" data-element_type=\"container\" data-core-v316-plus=\"true\">\n\t\t\t\t\t<div class=\"e-con-inner\">\n\t\t\t\t<div class=\"elementor-element elementor-element-29b9f68 elementor-widget elementor-widget-heading\" data-id=\"29b9f68\" data-element_type=\"widget\" data-widget_type=\"heading.default\">\n\t\t\t\t<div class=\"elementor-widget-container\">\n\t\t\t<h2 class=\"elementor-heading-title elementor-size-default\">Plani i Veprimit p\u00ebr Edukimin Sh\u00ebndet\u00ebsor n\u00eb Nivel Spitalor \u00ebsht\u00eb n\u00eb rrug\u00ebn e duhur<\/h2>\t\t<\/div>\n\t\t\t\t<\/div>\n\t\t\t\t<div class=\"elementor-element elementor-element-66eadd2 elementor-widget elementor-widget-text-editor\" data-id=\"66eadd2\" data-element_type=\"widget\" data-widget_type=\"text-editor.default\">\n\t\t\t\t<div class=\"elementor-widget-container\">\n\t\t\t\t\t\t\t<div dir=\"auto\"><p style=\"font-weight: 400;\">Sektori i kujdesit sh\u00ebndet\u00ebsor i Kosov\u00ebs po b\u00ebn hapa t\u00eb r\u00ebnd\u00ebsish\u00ebm n\u00eb forcimin e edukimit sh\u00ebndet\u00ebsor dhe promovimit sh\u00ebndet\u00ebsor p\u00ebr s\u00ebmundjet kronike jongjit\u00ebse n\u00eb nivel spitalor p\u00ebr 2025 \u2013 2026. Zhvillimet m\u00eb t\u00eb fundit p\u00ebr ta p\u00ebrmir\u00ebsuar angazhimin e pacient\u00ebve, cil\u00ebsin\u00eb e sh\u00ebrbimit dhe rrug\u00ebt e kujdesit u diskutuan gjat\u00eb takimit t\u00eb Grupit Punues p\u00ebr Planin e Veprimit 2025-2026 p\u00ebr Edukimin Sh\u00ebndet\u00ebsor dhe Promovimin Sh\u00ebndet\u00ebsor n\u00eb Spitale, mbajtur n\u00eb Prishtin\u00eb.<\/p><p style=\"font-weight: 400;\">Plani po p\u00ebrafrohet me strategjin\u00eb e re sektoriale t\u00eb sh\u00ebndet\u00ebsis\u00eb 2025-2030 dhe standardet nd\u00ebrkomb\u00ebtare t\u00eb njohura t\u00eb HPH (spitalet promovuese t\u00eb sh\u00ebndetit). - Qasja e Spitaleve Promovuese t\u00eb Sh\u00ebndetit u mund\u00ebson spitaleve t\u00eb integrojn\u00eb programet e edukimit sh\u00ebndet\u00ebsor, ta p\u00ebrmir\u00ebsojn\u00eb bashk\u00ebpunimin mjek-infermier dhe t'i zgjerojn\u00eb pakot e sh\u00ebrbimeve p\u00ebr t'i adresuar m\u00eb mir\u00eb nevojat e pacient\u00ebve.<\/p><p style=\"font-weight: 400;\">Ministria e Sh\u00ebndet\u00ebsis\u00eb (MSH), Instituti Komb\u00ebtar i Sh\u00ebndet\u00ebsis\u00eb Publike t\u00eb Kosov\u00ebs (IKSHP) dhe Sh\u00ebrbimi Spitalor dhe Klinik Universitar i Kosov\u00ebs (SHSKUK) s\u00eb bashku po i \u00e7ojn\u00eb p\u00ebrpara k\u00ebto p\u00ebrpjekje, me mb\u00ebshtetjen e IHS.<\/p><p style=\"font-weight: 400;\">Partner\u00ebt e implementimit t\u00eb IHS, Spitalet e P\u00ebrgjithshme n\u00eb Gjakov\u00eb dhe Pej\u00eb, kan\u00eb demonstruar tashm\u00eb progres pas vizit\u00ebs s\u00eb tyre studimore n\u00eb Hungari vitin e kaluar, p\u00ebr t\u00eb qen\u00eb d\u00ebshmitar\u00eb t\u00eb standardit m\u00eb t\u00eb mir\u00eb evropian t\u00eb zbatimit t\u00eb qasjes HPH. Ve\u00e7an\u00ebrisht, sektori i kujdesit par\u00ebsor sh\u00ebndet\u00ebsor i Kosov\u00ebs tani po b\u00ebhet pjes\u00eb e rrjetit global t\u00eb HPH, duke e zgjeruar m\u00eb tej p\u00ebrkushtimin e vendit ndaj k\u00ebtij modeli.<\/p><p style=\"font-weight: 400;\">Nd\u00ebrsa grupi punues fillon me planin e ri t\u00eb veprimit, fokusi do t\u00eb mbetet n\u00eb zbatimin e q\u00ebndruesh\u00ebm me mb\u00ebshtetjen e vazhdueshme t\u00eb donator\u00ebve. K\u00ebto p\u00ebrpjekje t\u00eb p\u00ebrbashk\u00ebta t\u00eb institucioneve komb\u00ebtare, profesionist\u00ebve t\u00eb kujdesit sh\u00ebndet\u00ebsor dhe partner\u00ebve nd\u00ebrkomb\u00ebtar\u00eb do t\u00eb jen\u00eb m\u00eb tej instrumentale n\u00eb form\u00ebsimin e s\u00eb ardhmes s\u00eb sistemit t\u00eb kujdesit sh\u00ebndet\u00ebsor t\u00eb Kosov\u00ebs duke adresuar m\u00eb mir\u00eb SKJ-t\u00eb.<\/p><\/div>\t\t\t\t\t\t<\/div>\n\t\t\t\t<\/div>\n\t\t\t\t\t<\/div>\n\t\t\t\t<\/div>\n\t\t\t\t<\/div>","protected":false},"excerpt":{"rendered":"<p>Action Plan on Health Education at Hospital Level on Good Track Kosovo&#8217;s healthcare sector is taking significant strides in strengthening the health education and health promotion on non-communicable diseases at hospital level for 2025 \u2013 2026. The latest developments to improve patient engagement, service quality, and care pathways were discussed during the Working Group meeting [&hellip;]<\/p>","protected":false},"author":1,"featured_media":0,"parent":0,"menu_order":0,"comment_status":"closed","ping_status":"closed","template":"","meta":[],"_links":{"self":[{"href":"https:\/\/ihsproject.org\/sq\/wp-json\/wp\/v2\/pages\/14524"}],"collection":[{"href":"https:\/\/ihsproject.org\/sq\/wp-json\/wp\/v2\/pages"}],"about":[{"href":"https:\/\/ihsproject.org\/sq\/wp-json\/wp\/v2\/types\/page"}],"author":[{"embeddable":true,"href":"https:\/\/ihsproject.org\/sq\/wp-json\/wp\/v2\/users\/1"}],"replies":[{"embeddable":true,"href":"https:\/\/ihsproject.org\/sq\/wp-json\/wp\/v2\/comments?post=14524"}],"version-history":[{"count":4,"href":"https:\/\/ihsproject.org\/sq\/wp-json\/wp\/v2\/pages\/14524\/revisions"}],"predecessor-version":[{"id":14529,"href":"https:\/\/ihsproject.org\/sq\/wp-json\/wp\/v2\/pages\/14524\/revisions\/14529"}],"wp:attachment":[{"href":"https:\/\/ihsproject.org\/sq\/wp-json\/wp\/v2\/media?parent=14524"}],"curies":[{"name":"wp","href":"https:\/\/api.w.org\/{rel}","templated":true}]}}