{"id":14503,"date":"2025-03-05T10:00:30","date_gmt":"2025-03-05T10:00:30","guid":{"rendered":"https:\/\/ihsproject.org\/?page_id=14503"},"modified":"2025-03-05T10:06:20","modified_gmt":"2025-03-05T10:06:20","slug":"march-05-2025","status":"publish","type":"page","link":"https:\/\/ihsproject.org\/sq\/march-05-2025\/","title":{"rendered":"Mars 05, 2025"},"content":{"rendered":"<div data-elementor-type=\"wp-page\" data-elementor-id=\"14503\" class=\"elementor elementor-14503\">\n\t\t\t\t<div class=\"elementor-element elementor-element-84f4e17 e-flex e-con-boxed e-con e-parent\" data-id=\"84f4e17\" data-element_type=\"container\" data-core-v316-plus=\"true\">\n\t\t\t\t\t<div class=\"e-con-inner\">\n\t\t\t\t<div class=\"elementor-element elementor-element-3105681 elementor-widget elementor-widget-image\" data-id=\"3105681\" data-element_type=\"widget\" data-widget_type=\"image.default\">\n\t\t\t\t<div class=\"elementor-widget-container\">\n\t\t\t\t\t\t\t\t\t\t\t\t\t<img fetchpriority=\"high\" decoding=\"async\" width=\"1600\" height=\"900\" src=\"https:\/\/ihsproject.org\/wp-content\/uploads\/2025\/03\/Mitrovica-Workshop-Highlights-Need-for-Empowering-Patient-Voices.jpg\" class=\"attachment-full size-full wp-image-14507\" alt=\"\" srcset=\"https:\/\/ihsproject.org\/wp-content\/uploads\/2025\/03\/Mitrovica-Workshop-Highlights-Need-for-Empowering-Patient-Voices.jpg 1600w, https:\/\/ihsproject.org\/wp-content\/uploads\/2025\/03\/Mitrovica-Workshop-Highlights-Need-for-Empowering-Patient-Voices-300x169.jpg 300w, https:\/\/ihsproject.org\/wp-content\/uploads\/2025\/03\/Mitrovica-Workshop-Highlights-Need-for-Empowering-Patient-Voices-1024x576.jpg 1024w, https:\/\/ihsproject.org\/wp-content\/uploads\/2025\/03\/Mitrovica-Workshop-Highlights-Need-for-Empowering-Patient-Voices-768x432.jpg 768w, https:\/\/ihsproject.org\/wp-content\/uploads\/2025\/03\/Mitrovica-Workshop-Highlights-Need-for-Empowering-Patient-Voices-1536x864.jpg 1536w, https:\/\/ihsproject.org\/wp-content\/uploads\/2025\/03\/Mitrovica-Workshop-Highlights-Need-for-Empowering-Patient-Voices-18x10.jpg 18w\" sizes=\"(max-width: 1600px) 100vw, 1600px\" \/>\t\t\t\t\t\t\t\t\t\t\t\t\t<\/div>\n\t\t\t\t<\/div>\n\t\t\t\t\t<\/div>\n\t\t\t\t<\/div>\n\t\t<div class=\"elementor-element elementor-element-c245739 e-flex e-con-boxed e-con e-parent\" data-id=\"c245739\" data-element_type=\"container\" data-core-v316-plus=\"true\">\n\t\t\t\t\t<div class=\"e-con-inner\">\n\t\t\t\t<div class=\"elementor-element elementor-element-0112f68 elementor-widget elementor-widget-heading\" data-id=\"0112f68\" data-element_type=\"widget\" data-widget_type=\"heading.default\">\n\t\t\t\t<div class=\"elementor-widget-container\">\n\t\t\t<h2 class=\"elementor-heading-title elementor-size-default\">Pun\u00ebtoria n\u00eb Mitrovic\u00eb thekson nevoj\u00ebn p\u00ebr fuqizimin e z\u00ebrave t\u00eb pacient\u00ebve<\/h2>\t\t<\/div>\n\t\t\t\t<\/div>\n\t\t\t\t<div class=\"elementor-element elementor-element-0ab848e elementor-widget elementor-widget-text-editor\" data-id=\"0ab848e\" data-element_type=\"widget\" data-widget_type=\"text-editor.default\">\n\t\t\t\t<div class=\"elementor-widget-container\">\n\t\t\t\t\t\t\t<p style=\"font-weight: 400;\">M\u00eb 27 shkurt 2025, pun\u00ebtoria e fokusuar n\u00eb forcimin e p\u00ebrfshirjes dhe avokimit p\u00ebr pacient\u00ebt mblodhi s\u00eb bashku p\u00ebrfaq\u00ebsues t\u00eb organizatave t\u00eb shoq\u00ebris\u00eb civile (OSHC) nga rajoni i Mitrovic\u00ebs. Si pjes\u00eb e iniciativ\u00ebs s\u00eb vazhdueshme p\u00ebr \u201cFuqizimin e Z\u00ebrit t\u00eb Pacient\u00ebve\u201d t\u00eb Projektit IHS, ky aktivitet trajtoi sfidat kryesore me t\u00eb cilat p\u00ebrballen pacient\u00ebt n\u00eb rajon.<\/p><p style=\"font-weight: 400;\">P\u00ebrmes ushtrimeve n\u00eb grup dhe diskutimeve, pjes\u00ebmarr\u00ebsit identifikuan disa \u00e7\u00ebshtje urgjente, p\u00ebrfshir\u00eb pengesat dhe mang\u00ebsit\u00eb n\u00eb sh\u00ebrbimet sh\u00ebndet\u00ebsore nga perspektiva e pacient\u00ebve apo p\u00ebrfaq\u00ebsuesve t\u00eb tyre. Nga ana tjet\u00ebr, ekspert\u00ebt nga Zyra p\u00ebr Ndihm\u00eb Juridike Falas ofruan informata mbi mekanizmat ligjor\u00eb q\u00eb mund t\u00eb p\u00ebrmir\u00ebsojn\u00eb p\u00ebrfaq\u00ebsimin e pacient\u00ebve. Gjithashtu, pun\u00ebtoria shqyrtoi strategjit\u00eb p\u00ebr t\u00eb rritur bashk\u00ebpunimin midis pacient\u00ebve, institucioneve sh\u00ebndet\u00ebsore dhe vendimmarr\u00ebsve.<\/p><p style=\"font-weight: 400;\">Projekti IHS, i cili organizoi k\u00ebt\u00eb pun\u00ebtori, synon t\u00eb forcoj\u00eb partneritetet midis OSHC-ve dhe ofruesve t\u00eb kujdesit sh\u00ebndet\u00ebsor p\u00ebr t\u00eb siguruar q\u00eb z\u00ebrat e pacient\u00ebve t\u00eb d\u00ebgjohen.<\/p>\t\t\t\t\t\t<\/div>\n\t\t\t\t<\/div>\n\t\t\t\t\t<\/div>\n\t\t\t\t<\/div>\n\t\t\t\t<\/div>","protected":false},"excerpt":{"rendered":"<p>Mitrovica Workshop Highlights Need for Empowering Patient Voices On 27 February 2025, a workshop aimed at strengthening patient engagement and advocacy approaches brought together representatives from local civil society organizations (CSOs) in Mitrovica region. Part of the ongoing &#8220;Empowering the Voice of Patients&#8221; IHS initiative, the event focused on key challenges affecting patients in the [&hellip;]<\/p>","protected":false},"author":1,"featured_media":0,"parent":0,"menu_order":0,"comment_status":"closed","ping_status":"closed","template":"","meta":[],"_links":{"self":[{"href":"https:\/\/ihsproject.org\/sq\/wp-json\/wp\/v2\/pages\/14503"}],"collection":[{"href":"https:\/\/ihsproject.org\/sq\/wp-json\/wp\/v2\/pages"}],"about":[{"href":"https:\/\/ihsproject.org\/sq\/wp-json\/wp\/v2\/types\/page"}],"author":[{"embeddable":true,"href":"https:\/\/ihsproject.org\/sq\/wp-json\/wp\/v2\/users\/1"}],"replies":[{"embeddable":true,"href":"https:\/\/ihsproject.org\/sq\/wp-json\/wp\/v2\/comments?post=14503"}],"version-history":[{"count":4,"href":"https:\/\/ihsproject.org\/sq\/wp-json\/wp\/v2\/pages\/14503\/revisions"}],"predecessor-version":[{"id":14511,"href":"https:\/\/ihsproject.org\/sq\/wp-json\/wp\/v2\/pages\/14503\/revisions\/14511"}],"wp:attachment":[{"href":"https:\/\/ihsproject.org\/sq\/wp-json\/wp\/v2\/media?parent=14503"}],"curies":[{"name":"wp","href":"https:\/\/api.w.org\/{rel}","templated":true}]}}