{"id":14459,"date":"2025-02-21T11:06:32","date_gmt":"2025-02-21T11:06:32","guid":{"rendered":"https:\/\/ihsproject.org\/?page_id=14459"},"modified":"2025-02-21T11:09:38","modified_gmt":"2025-02-21T11:09:38","slug":"february-20-2025","status":"publish","type":"page","link":"https:\/\/ihsproject.org\/sq\/february-20-2025\/","title":{"rendered":"Shkurt 20, 2025"},"content":{"rendered":"<div data-elementor-type=\"wp-page\" data-elementor-id=\"14459\" class=\"elementor elementor-14459\">\n\t\t\t\t<div class=\"elementor-element elementor-element-7b30587 e-flex e-con-boxed e-con e-parent\" data-id=\"7b30587\" data-element_type=\"container\" data-core-v316-plus=\"true\">\n\t\t\t\t\t<div class=\"e-con-inner\">\n\t\t\t\t<div class=\"elementor-element elementor-element-1570ef0 elementor-widget elementor-widget-image\" data-id=\"1570ef0\" data-element_type=\"widget\" data-widget_type=\"image.default\">\n\t\t\t\t<div class=\"elementor-widget-container\">\n\t\t\t\t\t\t\t\t\t\t\t\t\t<img fetchpriority=\"high\" decoding=\"async\" width=\"1600\" height=\"900\" src=\"https:\/\/ihsproject.org\/wp-content\/uploads\/2025\/02\/Patient-Voices-on-Focus-of-Workshop-in-Gjakova-.jpg\" class=\"attachment-full size-full wp-image-14462\" alt=\"\" srcset=\"https:\/\/ihsproject.org\/wp-content\/uploads\/2025\/02\/Patient-Voices-on-Focus-of-Workshop-in-Gjakova-.jpg 1600w, https:\/\/ihsproject.org\/wp-content\/uploads\/2025\/02\/Patient-Voices-on-Focus-of-Workshop-in-Gjakova--300x169.jpg 300w, https:\/\/ihsproject.org\/wp-content\/uploads\/2025\/02\/Patient-Voices-on-Focus-of-Workshop-in-Gjakova--1024x576.jpg 1024w, https:\/\/ihsproject.org\/wp-content\/uploads\/2025\/02\/Patient-Voices-on-Focus-of-Workshop-in-Gjakova--768x432.jpg 768w, https:\/\/ihsproject.org\/wp-content\/uploads\/2025\/02\/Patient-Voices-on-Focus-of-Workshop-in-Gjakova--1536x864.jpg 1536w, https:\/\/ihsproject.org\/wp-content\/uploads\/2025\/02\/Patient-Voices-on-Focus-of-Workshop-in-Gjakova--18x10.jpg 18w\" sizes=\"(max-width: 1600px) 100vw, 1600px\" \/>\t\t\t\t\t\t\t\t\t\t\t\t\t<\/div>\n\t\t\t\t<\/div>\n\t\t\t\t\t<\/div>\n\t\t\t\t<\/div>\n\t\t<div class=\"elementor-element elementor-element-bb12e7a e-flex e-con-boxed e-con e-parent\" data-id=\"bb12e7a\" data-element_type=\"container\" data-core-v316-plus=\"true\">\n\t\t\t\t\t<div class=\"e-con-inner\">\n\t\t\t\t<div class=\"elementor-element elementor-element-0bd0720 elementor-widget elementor-widget-heading\" data-id=\"0bd0720\" data-element_type=\"widget\" data-widget_type=\"heading.default\">\n\t\t\t\t<div class=\"elementor-widget-container\">\n\t\t\t<h2 class=\"elementor-heading-title elementor-size-default\"> Z\u00ebrat e pacient\u00ebve n\u00eb fokus t\u00eb pun\u00ebtoris\u00eb n\u00eb Gjakov\u00eb<\/h2>\t\t<\/div>\n\t\t\t\t<\/div>\n\t\t\t\t<div class=\"elementor-element elementor-element-17e6aa4 elementor-widget elementor-widget-text-editor\" data-id=\"17e6aa4\" data-element_type=\"widget\" data-widget_type=\"text-editor.default\">\n\t\t\t\t<div class=\"elementor-widget-container\">\n\t\t\t\t\t\t\t<p style=\"font-weight: 400;\">M\u00eb 20 shkurt 2025 organizuam pun\u00ebtorin\u00eb e dyt\u00eb me tem\u00ebn \u201cFuqizimi i z\u00ebrit t\u00eb pacient\u00ebve: planifikimi dhe bashk\u00ebpunimi p\u00ebr sh\u00ebrbime t\u00eb integruara t\u00eb kujdesit sh\u00ebndet\u00ebsor\u201d. K\u00ebsaj radhe u takuam n\u00eb Gjakov\u00eb me p\u00ebrfaq\u00ebsues nga organizatat lokale t\u00eb shoq\u00ebris\u00eb civile (OSHC-t\u00eb) t\u00eb cilat punojn\u00eb me grupe t\u00eb ndryshme t\u00eb popullsis\u00eb.<\/p><p style=\"font-weight: 400;\">Pjes\u00ebmarr\u00ebsit u angazhuan n\u00eb diskutime interaktive lidhur me mbrojtjen e pacient\u00ebve, sfidat lokale n\u00eb p\u00ebrfaq\u00ebsim dhe strategjit\u00eb p\u00ebr bashk\u00ebpunim m\u00eb t\u00eb fort\u00eb me pal\u00ebt kryesore t\u00eb interesit.<\/p><p style=\"font-weight: 400;\">P\u00ebrfaq\u00ebsues nga Institucioni i Avokatit t\u00eb Popullit dhe Zyra p\u00ebr Ndihm\u00eb Juridike Falas n\u00eb Gjakov\u00eb iu drejtuan grupit, me informata konkrete dhe t\u00eb r\u00ebnd\u00ebsishme rreth mb\u00ebshtetjes juridike n\u00eb avancimin e angazhimit t\u00eb pacient\u00ebve dhe qasjes n\u00eb kujdesin sh\u00ebndet\u00ebsor.<\/p><p style=\"font-weight: 400;\">Kjo pun\u00ebtori \u00ebsht\u00eb pjes\u00eb e nism\u00ebs s\u00eb vazhdueshme t\u00eb projektit IHS, q\u00eb synon t\u00eb rris\u00eb bashk\u00ebpunimin midis OSHC-ve dhe institucioneve t\u00eb kujdesit sh\u00ebndet\u00ebsor p\u00ebr m\u00eb shum\u00eb angazhim nga ana e pacient\u00ebve. Takimet do t\u00eb vazhdojn\u00eb edhe n\u00eb rajonet tjera t\u00eb Kosov\u00ebs.<\/p>\t\t\t\t\t\t<\/div>\n\t\t\t\t<\/div>\n\t\t\t\t\t<\/div>\n\t\t\t\t<\/div>\n\t\t\t\t<\/div>","protected":false},"excerpt":{"rendered":"<p>Patient Voices on Focus of Workshop in Gjakova On 20 February 2025, we organized the second workshop in the \u201cEmpowering the Voice of Patients: Planning and Collaboration for Integrated Healthcare Services\u201d. This time, we met in Gjakova with representatives from local civil society organizations (CSOs), which work with diverse population groups. Participants engaged in interactive [&hellip;]<\/p>","protected":false},"author":1,"featured_media":0,"parent":0,"menu_order":0,"comment_status":"closed","ping_status":"closed","template":"","meta":[],"_links":{"self":[{"href":"https:\/\/ihsproject.org\/sq\/wp-json\/wp\/v2\/pages\/14459"}],"collection":[{"href":"https:\/\/ihsproject.org\/sq\/wp-json\/wp\/v2\/pages"}],"about":[{"href":"https:\/\/ihsproject.org\/sq\/wp-json\/wp\/v2\/types\/page"}],"author":[{"embeddable":true,"href":"https:\/\/ihsproject.org\/sq\/wp-json\/wp\/v2\/users\/1"}],"replies":[{"embeddable":true,"href":"https:\/\/ihsproject.org\/sq\/wp-json\/wp\/v2\/comments?post=14459"}],"version-history":[{"count":7,"href":"https:\/\/ihsproject.org\/sq\/wp-json\/wp\/v2\/pages\/14459\/revisions"}],"predecessor-version":[{"id":14477,"href":"https:\/\/ihsproject.org\/sq\/wp-json\/wp\/v2\/pages\/14459\/revisions\/14477"}],"wp:attachment":[{"href":"https:\/\/ihsproject.org\/sq\/wp-json\/wp\/v2\/media?parent=14459"}],"curies":[{"name":"wp","href":"https:\/\/api.w.org\/{rel}","templated":true}]}}