{"id":14409,"date":"2025-01-29T14:28:36","date_gmt":"2025-01-29T14:28:36","guid":{"rendered":"https:\/\/ihsproject.org\/?page_id=14409"},"modified":"2025-01-29T14:31:28","modified_gmt":"2025-01-29T14:31:28","slug":"january-29-2025","status":"publish","type":"page","link":"https:\/\/ihsproject.org\/sq\/january-29-2025\/","title":{"rendered":"Janar 29, 2025"},"content":{"rendered":"<div data-elementor-type=\"wp-page\" data-elementor-id=\"14409\" class=\"elementor elementor-14409\">\n\t\t\t\t<div class=\"elementor-element elementor-element-d132f7a e-flex e-con-boxed e-con e-parent\" data-id=\"d132f7a\" data-element_type=\"container\" data-core-v316-plus=\"true\">\n\t\t\t\t\t<div class=\"e-con-inner\">\n\t\t\t\t<div class=\"elementor-element elementor-element-ca54593 elementor-widget elementor-widget-image\" data-id=\"ca54593\" data-element_type=\"widget\" data-widget_type=\"image.default\">\n\t\t\t\t<div class=\"elementor-widget-container\">\n\t\t\t\t\t\t\t\t\t\t\t\t\t<img fetchpriority=\"high\" decoding=\"async\" width=\"1600\" height=\"900\" src=\"https:\/\/ihsproject.org\/wp-content\/uploads\/2025\/01\/Strengthening-the-Voice-of-Patients-First-Workshop-Kicks-Off-in-Peja.jpg\" class=\"attachment-full size-full wp-image-14407\" alt=\"\" srcset=\"https:\/\/ihsproject.org\/wp-content\/uploads\/2025\/01\/Strengthening-the-Voice-of-Patients-First-Workshop-Kicks-Off-in-Peja.jpg 1600w, https:\/\/ihsproject.org\/wp-content\/uploads\/2025\/01\/Strengthening-the-Voice-of-Patients-First-Workshop-Kicks-Off-in-Peja-300x169.jpg 300w, https:\/\/ihsproject.org\/wp-content\/uploads\/2025\/01\/Strengthening-the-Voice-of-Patients-First-Workshop-Kicks-Off-in-Peja-1024x576.jpg 1024w, https:\/\/ihsproject.org\/wp-content\/uploads\/2025\/01\/Strengthening-the-Voice-of-Patients-First-Workshop-Kicks-Off-in-Peja-768x432.jpg 768w, https:\/\/ihsproject.org\/wp-content\/uploads\/2025\/01\/Strengthening-the-Voice-of-Patients-First-Workshop-Kicks-Off-in-Peja-1536x864.jpg 1536w, https:\/\/ihsproject.org\/wp-content\/uploads\/2025\/01\/Strengthening-the-Voice-of-Patients-First-Workshop-Kicks-Off-in-Peja-18x10.jpg 18w\" sizes=\"(max-width: 1600px) 100vw, 1600px\" \/>\t\t\t\t\t\t\t\t\t\t\t\t\t<\/div>\n\t\t\t\t<\/div>\n\t\t\t\t\t<\/div>\n\t\t\t\t<\/div>\n\t\t<div class=\"elementor-element elementor-element-242f225 e-flex e-con-boxed e-con e-parent\" data-id=\"242f225\" data-element_type=\"container\" data-core-v316-plus=\"true\">\n\t\t\t\t\t<div class=\"e-con-inner\">\n\t\t\t\t<div class=\"elementor-element elementor-element-80a5f4c elementor-widget elementor-widget-heading\" data-id=\"80a5f4c\" data-element_type=\"widget\" data-widget_type=\"heading.default\">\n\t\t\t\t<div class=\"elementor-widget-container\">\n\t\t\t<h2 class=\"elementor-heading-title elementor-size-default\">Fuqizimi i z\u00ebrit t\u00eb pacient\u00ebve: Filloi pun\u00ebtoria e par\u00eb n\u00eb Pej\u00eb<\/h2>\t\t<\/div>\n\t\t\t\t<\/div>\n\t\t\t\t<div class=\"elementor-element elementor-element-fdd9dcb elementor-widget elementor-widget-text-editor\" data-id=\"fdd9dcb\" data-element_type=\"widget\" data-widget_type=\"text-editor.default\">\n\t\t\t\t<div class=\"elementor-widget-container\">\n\t\t\t\t\t\t\t<p style=\"font-weight: 400;\">M\u00eb 29 janar 2025, n\u00eb Pej\u00eb u zhvillua pun\u00ebtoria e par\u00eb nga nj\u00eb seri prej shtat\u00eb pun\u00ebtorish me tem\u00ebn \u201cFuqizimi i z\u00ebrit t\u00eb pacient\u00ebve: planifikimi dhe bashk\u00ebpunimi p\u00ebr sh\u00ebrbime t\u00eb integruara t\u00eb kujdesit sh\u00ebndet\u00ebsor\u201d. Pun\u00ebtoria mblodhi s\u00eb bashku 23 p\u00ebrfaq\u00ebsues nga organizatat e shoq\u00ebris\u00eb civile (OSHC-t\u00eb) n\u00eb rajonin e Pej\u00ebs.<\/p><p style=\"font-weight: 400;\">P\u00ebrmes sesioneve interaktive, pjes\u00ebmarr\u00ebsit diskutuan rreth pacient\u00ebve dhe sfidave lokale n\u00eb z\u00ebrat dhe p\u00ebrfaq\u00ebsimin e pacient\u00ebve si dhe eksploruan idet\u00eb fillestare p\u00ebr p\u00ebrfaq\u00ebsim m\u00eb efektiv t\u00eb pacient\u00ebve dhe bashk\u00ebpunim me pal\u00ebt e interesit. N\u00eb pun\u00ebtori mori pjes\u00eb edhe nj\u00eb p\u00ebrfaq\u00ebsues nga Zyra p\u00ebr Ndihm\u00eb Juridike Falas n\u00eb Pej\u00eb, duke theksuar k\u00ebshtu r\u00ebnd\u00ebsin\u00eb e mb\u00ebshtetjes juridike n\u00eb fuqizimin e t\u00eb drejtave t\u00eb pacient\u00ebve dhe qasjen n\u00eb sh\u00ebrbimet e kujdesit sh\u00ebndet\u00ebsor.<\/p><p style=\"font-weight: 400;\">Kjo pun\u00ebtori sh\u00ebnon fillimin e nism\u00ebs s\u00eb projektit IHS q\u00eb synon promovimin e rrjeteve t\u00eb q\u00ebndrueshme t\u00eb avokimit t\u00eb pacient\u00ebve dhe p\u00ebrmir\u00ebsimin e bashk\u00ebpunimit nd\u00ebrmjet OSHC-ve dhe institucioneve t\u00eb kujdesit sh\u00ebndet\u00ebsor. Seria do t\u00eb vazhdoj\u00eb n\u00eb muajt e ardhsh\u00ebm, duke zgjeruar diskutimet dhe planet e veprimit p\u00ebr sh\u00ebrbime m\u00eb t\u00eb mira sh\u00ebndet\u00ebsore dhe fuqizim t\u00eb pacient\u00ebve n\u00eb mbar\u00eb Kosov\u00ebn.<\/p>\t\t\t\t\t\t<\/div>\n\t\t\t\t<\/div>\n\t\t\t\t\t<\/div>\n\t\t\t\t<\/div>\n\t\t\t\t<\/div>","protected":false},"excerpt":{"rendered":"<p>Strengthening the Voice of Patients: First Workshop Kicks Off in Peja On 29 January 2025, the first in a series of seven workshops on \u201cEmpowering the Voice of Patients: Planning and Collaboration for Integrated Healthcare Services\u201d took place in Peja. The workshop brought together 23 representatives from civil society organizations (CSOs) in the region of [&hellip;]<\/p>","protected":false},"author":1,"featured_media":0,"parent":0,"menu_order":0,"comment_status":"closed","ping_status":"closed","template":"","meta":[],"_links":{"self":[{"href":"https:\/\/ihsproject.org\/sq\/wp-json\/wp\/v2\/pages\/14409"}],"collection":[{"href":"https:\/\/ihsproject.org\/sq\/wp-json\/wp\/v2\/pages"}],"about":[{"href":"https:\/\/ihsproject.org\/sq\/wp-json\/wp\/v2\/types\/page"}],"author":[{"embeddable":true,"href":"https:\/\/ihsproject.org\/sq\/wp-json\/wp\/v2\/users\/1"}],"replies":[{"embeddable":true,"href":"https:\/\/ihsproject.org\/sq\/wp-json\/wp\/v2\/comments?post=14409"}],"version-history":[{"count":4,"href":"https:\/\/ihsproject.org\/sq\/wp-json\/wp\/v2\/pages\/14409\/revisions"}],"predecessor-version":[{"id":14414,"href":"https:\/\/ihsproject.org\/sq\/wp-json\/wp\/v2\/pages\/14409\/revisions\/14414"}],"wp:attachment":[{"href":"https:\/\/ihsproject.org\/sq\/wp-json\/wp\/v2\/media?parent=14409"}],"curies":[{"name":"wp","href":"https:\/\/api.w.org\/{rel}","templated":true}]}}