{"id":14395,"date":"2025-01-29T08:52:34","date_gmt":"2025-01-29T08:52:34","guid":{"rendered":"https:\/\/ihsproject.org\/?page_id=14395"},"modified":"2025-01-29T08:54:39","modified_gmt":"2025-01-29T08:54:39","slug":"january-28-2025","status":"publish","type":"page","link":"https:\/\/ihsproject.org\/sq\/january-28-2025\/","title":{"rendered":"Janar 28, 2025"},"content":{"rendered":"<div data-elementor-type=\"wp-page\" data-elementor-id=\"14395\" class=\"elementor elementor-14395\">\n\t\t\t\t<div class=\"elementor-element elementor-element-4af457f e-flex e-con-boxed e-con e-parent\" data-id=\"4af457f\" data-element_type=\"container\" data-core-v316-plus=\"true\">\n\t\t\t\t\t<div class=\"e-con-inner\">\n\t\t\t\t<div class=\"elementor-element elementor-element-f146e35 elementor-widget elementor-widget-image\" data-id=\"f146e35\" data-element_type=\"widget\" data-widget_type=\"image.default\">\n\t\t\t\t<div class=\"elementor-widget-container\">\n\t\t\t\t\t\t\t\t\t\t\t\t\t<img fetchpriority=\"high\" decoding=\"async\" width=\"1600\" height=\"900\" src=\"https:\/\/ihsproject.org\/wp-content\/uploads\/2025\/01\/Developing-Strategic-Health-Management-Training-of-Trainers-in-Kosovo.jpg\" class=\"attachment-full size-full wp-image-14394\" alt=\"\" srcset=\"https:\/\/ihsproject.org\/wp-content\/uploads\/2025\/01\/Developing-Strategic-Health-Management-Training-of-Trainers-in-Kosovo.jpg 1600w, https:\/\/ihsproject.org\/wp-content\/uploads\/2025\/01\/Developing-Strategic-Health-Management-Training-of-Trainers-in-Kosovo-300x169.jpg 300w, https:\/\/ihsproject.org\/wp-content\/uploads\/2025\/01\/Developing-Strategic-Health-Management-Training-of-Trainers-in-Kosovo-1024x576.jpg 1024w, https:\/\/ihsproject.org\/wp-content\/uploads\/2025\/01\/Developing-Strategic-Health-Management-Training-of-Trainers-in-Kosovo-768x432.jpg 768w, https:\/\/ihsproject.org\/wp-content\/uploads\/2025\/01\/Developing-Strategic-Health-Management-Training-of-Trainers-in-Kosovo-1536x864.jpg 1536w, https:\/\/ihsproject.org\/wp-content\/uploads\/2025\/01\/Developing-Strategic-Health-Management-Training-of-Trainers-in-Kosovo-18x10.jpg 18w\" sizes=\"(max-width: 1600px) 100vw, 1600px\" \/>\t\t\t\t\t\t\t\t\t\t\t\t\t<\/div>\n\t\t\t\t<\/div>\n\t\t\t\t\t<\/div>\n\t\t\t\t<\/div>\n\t\t<div class=\"elementor-element elementor-element-c8c6830 e-flex e-con-boxed e-con e-parent\" data-id=\"c8c6830\" data-element_type=\"container\" data-core-v316-plus=\"true\">\n\t\t\t\t\t<div class=\"e-con-inner\">\n\t\t\t\t<div class=\"elementor-element elementor-element-56f5190 elementor-widget elementor-widget-heading\" data-id=\"56f5190\" data-element_type=\"widget\" data-widget_type=\"heading.default\">\n\t\t\t\t<div class=\"elementor-widget-container\">\n\t\t\t<h2 class=\"elementor-heading-title elementor-size-default\">Zhvillimi i Trajnimit t\u00eb Trajner\u00ebve p\u00ebr Menaxhimin Strategjik Sh\u00ebndet\u00ebsor n\u00eb Kosov\u00eb<\/h2>\t\t<\/div>\n\t\t\t\t<\/div>\n\t\t\t\t<div class=\"elementor-element elementor-element-9f09272 elementor-widget elementor-widget-text-editor\" data-id=\"9f09272\" data-element_type=\"widget\" data-widget_type=\"text-editor.default\">\n\t\t\t\t<div class=\"elementor-widget-container\">\n\t\t\t\t\t\t\t<p>Nj\u00eb mision nj\u00ebjavor i udh\u00ebhequr nga eksperti nd\u00ebrkomb\u00ebtar, Dr. Manfred Zahorka, i cili p\u00ebrfaq\u00ebson Optimedis, sh\u00ebnoi nj\u00eb hap t\u00eb r\u00ebnd\u00ebsish\u00ebm drejt avancimit t\u00eb trajnimeve p\u00ebr menaxhimin e kujdesit sh\u00ebndet\u00ebsor n\u00eb Kosov\u00eb. Misioni synon ta zhvilloj\u00eb nj\u00eb pako trajnimi gjith\u00ebp\u00ebrfshir\u00ebs p\u00ebr planifikimin strategjik, t\u00eb p\u00ebrshtatur me nevojat lokale dhe t\u00eb p\u00ebrafruar me planet e Ministris\u00eb s\u00eb Sh\u00ebndet\u00ebsis\u00eb (MSH) p\u00ebr sh\u00ebrbime sh\u00ebndet\u00ebsore t\u00eb integruara dhe t\u00eb ndjeshme ndaj popullat\u00ebs<\/p><p>\u201cElementi inovativ i k\u00ebtij trajnimi \u00ebsht\u00eb qasja e tij integruese: duke i b\u00ebr\u00eb bashk\u00eb stafin e spitalit, profesionist\u00ebt e kujdesit par\u00ebsor, drejtor\u00ebt e sh\u00ebrbimit sh\u00ebndet\u00ebsor, madje edhe p\u00ebrfaq\u00ebsuesit e pacient\u00ebve p\u00ebr ta p\u00ebrmir\u00ebsuar cil\u00ebsin\u00eb e sh\u00ebrbimeve dhe koordinimin\u201d, tha Dr. Zahorka.<\/p><p>Si pjes\u00eb e misionit, u mbajt nj\u00eb sesion trajnimi dy-ditor me p\u00ebrfaq\u00ebsues t\u00eb kujdesit sh\u00ebndet\u00ebsor par\u00ebsor dhe dyt\u00ebsor p\u00ebr t\u2019i shqyrtuar dhe p\u00ebrmbledhur draft modulet. Pjes\u00ebmarr\u00ebsit dhan\u00eb komente kthyese t\u00eb vlefshme p\u00ebr zbatimin e tyre praktik n\u00eb mjediset e kujdesit sh\u00ebndet\u00ebsor, duke siguruar p\u00ebrputhje me nevojat dhe prioritetet lokale.<\/p><p>Diskutimet ky\u00e7e me menaxhmentin e lart\u00eb n\u00eb Spitalet e P\u00ebrgjithshme t\u00eb Pej\u00ebs dhe t\u00eb Gjakov\u00ebs theksuan m\u00eb tej r\u00ebnd\u00ebsin\u00eb e p\u00ebrshtatjes s\u00eb trajnimit p\u00ebr adresimin e sfidave rajonale.<\/p>\t\t\t\t\t\t<\/div>\n\t\t\t\t<\/div>\n\t\t\t\t\t<\/div>\n\t\t\t\t<\/div>\n\t\t\t\t<\/div>","protected":false},"excerpt":{"rendered":"<p>Developing Strategic Health Management Training of Trainers in Kosovo A one-week mission led by international expert Dr. Manfred Zahorka, representing Optimedis, marked a significant step forward in advancing healthcare management training in Kosovo. The mission aimed to develop a comprehensive training package on strategic planning, tailored to local needs and aligned with the Ministry of [&hellip;]<\/p>","protected":false},"author":1,"featured_media":0,"parent":0,"menu_order":0,"comment_status":"closed","ping_status":"closed","template":"","meta":[],"_links":{"self":[{"href":"https:\/\/ihsproject.org\/sq\/wp-json\/wp\/v2\/pages\/14395"}],"collection":[{"href":"https:\/\/ihsproject.org\/sq\/wp-json\/wp\/v2\/pages"}],"about":[{"href":"https:\/\/ihsproject.org\/sq\/wp-json\/wp\/v2\/types\/page"}],"author":[{"embeddable":true,"href":"https:\/\/ihsproject.org\/sq\/wp-json\/wp\/v2\/users\/1"}],"replies":[{"embeddable":true,"href":"https:\/\/ihsproject.org\/sq\/wp-json\/wp\/v2\/comments?post=14395"}],"version-history":[{"count":4,"href":"https:\/\/ihsproject.org\/sq\/wp-json\/wp\/v2\/pages\/14395\/revisions"}],"predecessor-version":[{"id":14400,"href":"https:\/\/ihsproject.org\/sq\/wp-json\/wp\/v2\/pages\/14395\/revisions\/14400"}],"wp:attachment":[{"href":"https:\/\/ihsproject.org\/sq\/wp-json\/wp\/v2\/media?parent=14395"}],"curies":[{"name":"wp","href":"https:\/\/api.w.org\/{rel}","templated":true}]}}