{"id":14361,"date":"2025-01-24T11:50:48","date_gmt":"2025-01-24T11:50:48","guid":{"rendered":"https:\/\/ihsproject.org\/?page_id=14361"},"modified":"2025-02-12T14:28:02","modified_gmt":"2025-02-12T14:28:02","slug":"january-24-2025","status":"publish","type":"page","link":"https:\/\/ihsproject.org\/sq\/january-24-2025\/","title":{"rendered":"Janar 24, 2025"},"content":{"rendered":"<div data-elementor-type=\"wp-page\" data-elementor-id=\"14361\" class=\"elementor elementor-14361\">\n\t\t\t\t<div class=\"elementor-element elementor-element-f71e488 e-flex e-con-boxed e-con e-parent\" data-id=\"f71e488\" data-element_type=\"container\" data-core-v316-plus=\"true\">\n\t\t\t\t\t<div class=\"e-con-inner\">\n\t\t\t\t<div class=\"elementor-element elementor-element-540135c elementor-widget elementor-widget-image\" data-id=\"540135c\" data-element_type=\"widget\" data-widget_type=\"image.default\">\n\t\t\t\t<div class=\"elementor-widget-container\">\n\t\t\t\t\t\t\t\t\t\t\t\t\t<img fetchpriority=\"high\" decoding=\"async\" width=\"1600\" height=\"900\" src=\"https:\/\/ihsproject.org\/wp-content\/uploads\/2025\/02\/Kosovo-Nurses-Chamber-Celebrates-10th-Anniversary.jpg\" class=\"attachment-full size-full wp-image-14430\" alt=\"\" srcset=\"https:\/\/ihsproject.org\/wp-content\/uploads\/2025\/02\/Kosovo-Nurses-Chamber-Celebrates-10th-Anniversary.jpg 1600w, https:\/\/ihsproject.org\/wp-content\/uploads\/2025\/02\/Kosovo-Nurses-Chamber-Celebrates-10th-Anniversary-300x169.jpg 300w, https:\/\/ihsproject.org\/wp-content\/uploads\/2025\/02\/Kosovo-Nurses-Chamber-Celebrates-10th-Anniversary-1024x576.jpg 1024w, https:\/\/ihsproject.org\/wp-content\/uploads\/2025\/02\/Kosovo-Nurses-Chamber-Celebrates-10th-Anniversary-768x432.jpg 768w, https:\/\/ihsproject.org\/wp-content\/uploads\/2025\/02\/Kosovo-Nurses-Chamber-Celebrates-10th-Anniversary-1536x864.jpg 1536w, https:\/\/ihsproject.org\/wp-content\/uploads\/2025\/02\/Kosovo-Nurses-Chamber-Celebrates-10th-Anniversary-18x10.jpg 18w\" sizes=\"(max-width: 1600px) 100vw, 1600px\" \/>\t\t\t\t\t\t\t\t\t\t\t\t\t<\/div>\n\t\t\t\t<\/div>\n\t\t\t\t\t<\/div>\n\t\t\t\t<\/div>\n\t\t<div class=\"elementor-element elementor-element-287ea95 e-flex e-con-boxed e-con e-parent\" data-id=\"287ea95\" data-element_type=\"container\" data-core-v316-plus=\"true\">\n\t\t\t\t\t<div class=\"e-con-inner\">\n\t\t\t\t<div class=\"elementor-element elementor-element-48927c4 elementor-widget elementor-widget-heading\" data-id=\"48927c4\" data-element_type=\"widget\" data-widget_type=\"heading.default\">\n\t\t\t\t<div class=\"elementor-widget-container\">\n\t\t\t<h2 class=\"elementor-heading-title elementor-size-default\">Oda e Infermier\u00ebve t\u00eb Kosov\u00ebs feston 10-vjetorin<\/h2>\t\t<\/div>\n\t\t\t\t<\/div>\n\t\t\t\t<div class=\"elementor-element elementor-element-57a27bf elementor-widget elementor-widget-text-editor\" data-id=\"57a27bf\" data-element_type=\"widget\" data-widget_type=\"text-editor.default\">\n\t\t\t\t<div class=\"elementor-widget-container\">\n\t\t\t\t\t\t\t<div dir=\"auto\">Oda e Infermier\u00ebve, Mamive dhe Profesionist\u00ebve t\u00eb tjer\u00eb Sh\u00ebndet\u00ebsor\u00eb t\u00eb Kosov\u00ebs sh\u00ebnoi 10 vjetorin e saj me nj\u00eb ngjarje festive n\u00eb Prishtin\u00eb, m\u00eb 23 janar 2024.<\/div><div dir=\"auto\">\u00a0<\/div><div dir=\"auto\">N\u00eb fjal\u00ebn e saj, Kryetarja e Od\u00ebs, Nexhmije Gori, shprehu mir\u00ebnjohjen p\u00ebr p\u00ebrkushtimin dhe p\u00ebrpjekjet e an\u00ebtar\u00ebve t\u00eb Od\u00ebs gjat\u00eb dekad\u00ebs s\u00eb fundit. \u201cOda e Infermier\u00ebve ka qen\u00eb gur themeli n\u00eb mbrojtjen e t\u00eb drejtave profesionale dhe p\u00ebrmir\u00ebsimin e cil\u00ebsis\u00eb s\u00eb kujdesit sh\u00ebndet\u00ebsor n\u00eb Kosov\u00eb\u201d, tha Gori.<\/div><div dir=\"auto\">\u00a0<\/div><div dir=\"auto\">Ministri i Sh\u00ebndet\u00ebsis\u00eb, Arben Vitia, po ashtu ka theksuar rolin jetik t\u00eb infermier\u00ebve n\u00eb sistemin sh\u00ebndet\u00ebsor, duke vler\u00ebsuar kontributin e tyre n\u00eb forcimin e sh\u00ebrbimeve sh\u00ebndet\u00ebsore n\u00eb mbar\u00eb vendin.<\/div><div dir=\"auto\">\u00a0<\/div><div dir=\"auto\">Fjalimi i IHS-s\u00eb dhe AQH-s\u00eb n\u00eb k\u00ebt\u00eb ngjarje theksoi ndikimin dhe angazhimin e vazhduesh\u00ebm t\u00eb Qeveris\u00eb Zvicerane dhe Agjencis\u00eb Zvicerane p\u00ebr Zhvillim dhe Bashk\u00ebpunim (SDC) drejt p\u00ebrmir\u00ebsimit t\u00eb kujdesit sh\u00ebndet\u00ebsor n\u00eb Kosov\u00eb. T\u00eb dyja projektet IHS dhe AQH, t\u00eb zbatuara nga Swiss TPH, kan\u00eb luajtur rol t\u00eb r\u00ebnd\u00ebsish\u00ebm n\u00eb mb\u00ebshtetjen e institucioneve lokale p\u00ebr t'i p\u00ebrmir\u00ebsuar proceset e ofrimit t\u00eb kujdesit sh\u00ebndet\u00ebsor.<\/div>\t\t\t\t\t\t<\/div>\n\t\t\t\t<\/div>\n\t\t\t\t\t<\/div>\n\t\t\t\t<\/div>\n\t\t\t\t<\/div>","protected":false},"excerpt":{"rendered":"<p>Kosovo Nurses\u2019 Chamber Celebrates 10th Anniversary The Kosovo Chamber of Nurses, Midwives and Other Health Professionals marked its 10th anniversary with a celebratory event in Prishtina on 23 January 2024.\u00a0In her address, the Chamber\u2019s President, Nexhmije Gori, expressed gratitude for the dedication and efforts of its members over the past decade. &#8220;The Nurses\u2019 Chamber has [&hellip;]<\/p>","protected":false},"author":1,"featured_media":0,"parent":0,"menu_order":0,"comment_status":"closed","ping_status":"closed","template":"","meta":[],"_links":{"self":[{"href":"https:\/\/ihsproject.org\/sq\/wp-json\/wp\/v2\/pages\/14361"}],"collection":[{"href":"https:\/\/ihsproject.org\/sq\/wp-json\/wp\/v2\/pages"}],"about":[{"href":"https:\/\/ihsproject.org\/sq\/wp-json\/wp\/v2\/types\/page"}],"author":[{"embeddable":true,"href":"https:\/\/ihsproject.org\/sq\/wp-json\/wp\/v2\/users\/1"}],"replies":[{"embeddable":true,"href":"https:\/\/ihsproject.org\/sq\/wp-json\/wp\/v2\/comments?post=14361"}],"version-history":[{"count":7,"href":"https:\/\/ihsproject.org\/sq\/wp-json\/wp\/v2\/pages\/14361\/revisions"}],"predecessor-version":[{"id":14434,"href":"https:\/\/ihsproject.org\/sq\/wp-json\/wp\/v2\/pages\/14361\/revisions\/14434"}],"wp:attachment":[{"href":"https:\/\/ihsproject.org\/sq\/wp-json\/wp\/v2\/media?parent=14361"}],"curies":[{"name":"wp","href":"https:\/\/api.w.org\/{rel}","templated":true}]}}