{"id":14345,"date":"2025-01-23T09:25:46","date_gmt":"2025-01-23T09:25:46","guid":{"rendered":"https:\/\/ihsproject.org\/?page_id=14345"},"modified":"2025-01-23T09:30:27","modified_gmt":"2025-01-23T09:30:27","slug":"january-22-2025","status":"publish","type":"page","link":"https:\/\/ihsproject.org\/sq\/january-22-2025\/","title":{"rendered":"Janar 22, 2025"},"content":{"rendered":"<div data-elementor-type=\"wp-page\" data-elementor-id=\"14345\" class=\"elementor elementor-14345\">\n\t\t\t\t<div class=\"elementor-element elementor-element-bd6ec27 e-flex e-con-boxed e-con e-parent\" data-id=\"bd6ec27\" data-element_type=\"container\" data-core-v316-plus=\"true\">\n\t\t\t\t\t<div class=\"e-con-inner\">\n\t\t\t\t<div class=\"elementor-element elementor-element-04a6cef elementor-widget elementor-widget-image\" data-id=\"04a6cef\" data-element_type=\"widget\" data-widget_type=\"image.default\">\n\t\t\t\t<div class=\"elementor-widget-container\">\n\t\t\t\t\t\t\t\t\t\t\t\t\t<img fetchpriority=\"high\" decoding=\"async\" width=\"1600\" height=\"900\" src=\"https:\/\/ihsproject.org\/wp-content\/uploads\/2025\/01\/Healthcare-Management-Solutions-Aligned-with-Local-Needs.jpg\" class=\"attachment-full size-full wp-image-14349\" alt=\"\" srcset=\"https:\/\/ihsproject.org\/wp-content\/uploads\/2025\/01\/Healthcare-Management-Solutions-Aligned-with-Local-Needs.jpg 1600w, https:\/\/ihsproject.org\/wp-content\/uploads\/2025\/01\/Healthcare-Management-Solutions-Aligned-with-Local-Needs-300x169.jpg 300w, https:\/\/ihsproject.org\/wp-content\/uploads\/2025\/01\/Healthcare-Management-Solutions-Aligned-with-Local-Needs-1024x576.jpg 1024w, https:\/\/ihsproject.org\/wp-content\/uploads\/2025\/01\/Healthcare-Management-Solutions-Aligned-with-Local-Needs-768x432.jpg 768w, https:\/\/ihsproject.org\/wp-content\/uploads\/2025\/01\/Healthcare-Management-Solutions-Aligned-with-Local-Needs-1536x864.jpg 1536w, https:\/\/ihsproject.org\/wp-content\/uploads\/2025\/01\/Healthcare-Management-Solutions-Aligned-with-Local-Needs-18x10.jpg 18w\" sizes=\"(max-width: 1600px) 100vw, 1600px\" \/>\t\t\t\t\t\t\t\t\t\t\t\t\t<\/div>\n\t\t\t\t<\/div>\n\t\t\t\t\t<\/div>\n\t\t\t\t<\/div>\n\t\t<div class=\"elementor-element elementor-element-2c46084 e-flex e-con-boxed e-con e-parent\" data-id=\"2c46084\" data-element_type=\"container\" data-core-v316-plus=\"true\">\n\t\t\t\t\t<div class=\"e-con-inner\">\n\t\t\t\t<div class=\"elementor-element elementor-element-5bf2aaa elementor-widget elementor-widget-heading\" data-id=\"5bf2aaa\" data-element_type=\"widget\" data-widget_type=\"heading.default\">\n\t\t\t\t<div class=\"elementor-widget-container\">\n\t\t\t<h2 class=\"elementor-heading-title elementor-size-default\">Zgjidhje p\u00ebr menaxhimin sh\u00ebndet\u00ebsor t\u00eb harmonizuara me nevojat lokale<\/h2>\t\t<\/div>\n\t\t\t\t<\/div>\n\t\t\t\t<div class=\"elementor-element elementor-element-c98ed44 elementor-widget elementor-widget-text-editor\" data-id=\"c98ed44\" data-element_type=\"widget\" data-widget_type=\"text-editor.default\">\n\t\t\t\t<div class=\"elementor-widget-container\">\n\t\t\t\t\t\t\t<div>Zgjidhjet p\u00ebr menaxhimin sh\u00ebndet\u00ebsor t\u00eb p\u00ebrshtatura me nevojat lokale ishin n\u00eb qend\u00ebr t\u00eb diskutimeve me menaxhmentin e lart\u00eb t\u00eb Spitalit t\u00eb P\u00ebrgjithsh\u00ebm t\u00eb Pej\u00ebs dhe Spitalit t\u00eb P\u00ebrgjithsh\u00ebm t\u00eb Gjakov\u00ebs.<\/div><div>\u00a0<\/div><div>Gjat\u00eb takimeve informuese, ekspert\u00ebt e IHS prezantuan Modulin e Planifikimit Strategjik, nj\u00eb komponent ky\u00e7 i pakos s\u00eb ardhshme trajnuese p\u00ebr Menaxhimin Sh\u00ebndet\u00ebsor. Sesionet kishin p\u00ebr q\u00ebllim marrjen e mendimeve nga p\u00ebrfaq\u00ebsuesit e spitaleve p\u00ebr t'u siguruar q\u00eb moduli t\u00eb dizajnohet n\u00eb p\u00ebrputhje me prioritetet lokale dhe t\u00eb p\u00ebrgjigjet ndaj sfidave specifike me t\u00eb cilat p\u00ebrballen institucionet sh\u00ebndet\u00ebsore n\u00eb Kosov\u00eb.<\/div><div>\u00a0<\/div><div>Kjo qasje bashk\u00ebpunuese pasqyron p\u00ebrkushtimin e Projektit IHS p\u00ebr t\u00eb forcuar kapacitetet n\u00eb menaxhimin sh\u00ebndet\u00ebsor dhe p\u00ebr t\u00eb ofruar zgjidhje praktike dhe t\u00eb q\u00ebndrueshme.<\/div>\t\t\t\t\t\t<\/div>\n\t\t\t\t<\/div>\n\t\t\t\t\t<\/div>\n\t\t\t\t<\/div>\n\t\t\t\t<\/div>","protected":false},"excerpt":{"rendered":"<p>Healthcare Management Solutions Aligned with Local Needs Healthcare management solutions tailored to local needs were the focus of discussions with senior management at the General Hospital of Peja and the General Hospital of Gjakova.\u00a0During informative meetings, IHS experts presented the Strategic Planning Module, a key component of the upcoming Health Management Training Package. The discussions [&hellip;]<\/p>","protected":false},"author":1,"featured_media":0,"parent":0,"menu_order":0,"comment_status":"closed","ping_status":"closed","template":"","meta":[],"_links":{"self":[{"href":"https:\/\/ihsproject.org\/sq\/wp-json\/wp\/v2\/pages\/14345"}],"collection":[{"href":"https:\/\/ihsproject.org\/sq\/wp-json\/wp\/v2\/pages"}],"about":[{"href":"https:\/\/ihsproject.org\/sq\/wp-json\/wp\/v2\/types\/page"}],"author":[{"embeddable":true,"href":"https:\/\/ihsproject.org\/sq\/wp-json\/wp\/v2\/users\/1"}],"replies":[{"embeddable":true,"href":"https:\/\/ihsproject.org\/sq\/wp-json\/wp\/v2\/comments?post=14345"}],"version-history":[{"count":4,"href":"https:\/\/ihsproject.org\/sq\/wp-json\/wp\/v2\/pages\/14345\/revisions"}],"predecessor-version":[{"id":14352,"href":"https:\/\/ihsproject.org\/sq\/wp-json\/wp\/v2\/pages\/14345\/revisions\/14352"}],"wp:attachment":[{"href":"https:\/\/ihsproject.org\/sq\/wp-json\/wp\/v2\/media?parent=14345"}],"curies":[{"name":"wp","href":"https:\/\/api.w.org\/{rel}","templated":true}]}}