{"id":14296,"date":"2024-12-17T12:30:36","date_gmt":"2024-12-17T12:30:36","guid":{"rendered":"https:\/\/ihsproject.org\/?page_id=14296"},"modified":"2024-12-17T12:31:55","modified_gmt":"2024-12-17T12:31:55","slug":"december-17-2024","status":"publish","type":"page","link":"https:\/\/ihsproject.org\/sq\/december-17-2024\/","title":{"rendered":"Dhjetor\u00eb 17, 2024"},"content":{"rendered":"<div data-elementor-type=\"wp-page\" data-elementor-id=\"14296\" class=\"elementor elementor-14296\">\n\t\t\t\t<div class=\"elementor-element elementor-element-954a956 e-flex e-con-boxed e-con e-parent\" data-id=\"954a956\" data-element_type=\"container\" data-core-v316-plus=\"true\">\n\t\t\t\t\t<div class=\"e-con-inner\">\n\t\t\t\t<div class=\"elementor-element elementor-element-b32d8da elementor-widget elementor-widget-image\" data-id=\"b32d8da\" data-element_type=\"widget\" data-widget_type=\"image.default\">\n\t\t\t\t<div class=\"elementor-widget-container\">\n\t\t\t\t\t\t\t\t\t\t\t\t\t<img fetchpriority=\"high\" decoding=\"async\" width=\"1600\" height=\"900\" src=\"https:\/\/ihsproject.org\/wp-content\/uploads\/2024\/12\/Chamber-of-Nurses-Finalizes-Revised-Code-of-Ethics-and-Regulatory-Framework.jpg\" class=\"attachment-full size-full wp-image-14295\" alt=\"\" srcset=\"https:\/\/ihsproject.org\/wp-content\/uploads\/2024\/12\/Chamber-of-Nurses-Finalizes-Revised-Code-of-Ethics-and-Regulatory-Framework.jpg 1600w, https:\/\/ihsproject.org\/wp-content\/uploads\/2024\/12\/Chamber-of-Nurses-Finalizes-Revised-Code-of-Ethics-and-Regulatory-Framework-300x169.jpg 300w, https:\/\/ihsproject.org\/wp-content\/uploads\/2024\/12\/Chamber-of-Nurses-Finalizes-Revised-Code-of-Ethics-and-Regulatory-Framework-1024x576.jpg 1024w, https:\/\/ihsproject.org\/wp-content\/uploads\/2024\/12\/Chamber-of-Nurses-Finalizes-Revised-Code-of-Ethics-and-Regulatory-Framework-768x432.jpg 768w, https:\/\/ihsproject.org\/wp-content\/uploads\/2024\/12\/Chamber-of-Nurses-Finalizes-Revised-Code-of-Ethics-and-Regulatory-Framework-1536x864.jpg 1536w, https:\/\/ihsproject.org\/wp-content\/uploads\/2024\/12\/Chamber-of-Nurses-Finalizes-Revised-Code-of-Ethics-and-Regulatory-Framework-18x10.jpg 18w\" sizes=\"(max-width: 1600px) 100vw, 1600px\" \/>\t\t\t\t\t\t\t\t\t\t\t\t\t<\/div>\n\t\t\t\t<\/div>\n\t\t\t\t\t<\/div>\n\t\t\t\t<\/div>\n\t\t<div class=\"elementor-element elementor-element-04aa6c2 e-flex e-con-boxed e-con e-parent\" data-id=\"04aa6c2\" data-element_type=\"container\" data-core-v316-plus=\"true\">\n\t\t\t\t\t<div class=\"e-con-inner\">\n\t\t\t\t<div class=\"elementor-element elementor-element-d95dca5 elementor-widget elementor-widget-heading\" data-id=\"d95dca5\" data-element_type=\"widget\" data-widget_type=\"heading.default\">\n\t\t\t\t<div class=\"elementor-widget-container\">\n\t\t\t<h2 class=\"elementor-heading-title elementor-size-default\">Oda e Infermier\u00ebve finalizon rishikimin e Kodit t\u00eb Etik\u00ebs dhe Korniz\u00ebs Rregullatore<\/h2>\t\t<\/div>\n\t\t\t\t<\/div>\n\t\t\t\t<div class=\"elementor-element elementor-element-e32e4a6 elementor-widget elementor-widget-text-editor\" data-id=\"e32e4a6\" data-element_type=\"widget\" data-widget_type=\"text-editor.default\">\n\t\t\t\t<div class=\"elementor-widget-container\">\n\t\t\t\t\t\t\t<p style=\"font-weight: 400;\">Oda e Infermier\u00ebve, Mamive dhe Profesionist\u00ebve t\u00eb Tjer\u00eb Sh\u00ebndet\u00ebsor\u00eb t\u00eb Kosov\u00ebs (OIK), ka finalizuar rishikimin e Kodit t\u00eb Etik\u00ebs dhe rregulloreve p\u00ebrcjell\u00ebse, t\u00eb cilat p\u00ebrcaktojn\u00eb rolet dhe procedurat e Prokurorit, K\u00ebshillit Etik dhe Gjyqit t\u00eb Nderit n\u00eb kuad\u00ebr t\u00eb organizat\u00ebs.<\/p><p style=\"font-weight: 400;\">Pun\u00ebtoria treditore e mbajtur jav\u00ebn e kaluar, ku mori pjes\u00eb p\u00ebrfaq\u00ebsuesi i Ministris\u00eb s\u00eb Sh\u00ebndet\u00ebsis\u00eb dhe n\u00eb p\u00ebrfaq\u00ebsim gjith\u00ebp\u00ebrfshir\u00ebs t\u00eb an\u00ebtar\u00ebsis\u00eb s\u00eb OIK-s\u00eb, me q\u00ebllim t\u00eb avancimit t\u00eb mbik\u00ebqyrjes etike dhe standardeve profesionale p\u00ebr profesionist\u00ebt e kujdesit sh\u00ebndet\u00ebsor, theksoi r\u00ebnd\u00ebsin\u00eb e k\u00ebtyre kornizave. Kryetarja e OIK-s\u00eb, Nexhmije Gori, theksoi r\u00ebnd\u00ebsin\u00eb kritike t\u00eb Kodit t\u00eb Etik\u00ebs si nj\u00eb udh\u00ebzues gjith\u00ebp\u00ebrfshir\u00ebs p\u00ebr sjelljen profesionale, duke u b\u00ebr\u00eb thirrje an\u00ebtar\u00ebve q\u00eb t\u00eb marrin pjes\u00eb aktive n\u00eb proces, p\u00ebr gjith\u00ebp\u00ebrfshirje dhe transparenc\u00eb.<\/p><p style=\"font-weight: 400;\">P\u00ebr t\u00eb siguruar transparenc\u00eb t\u00eb plot\u00eb, OIK njoftoi se draftet e finalizuara do t\u00eb jen\u00eb t\u00eb hapura p\u00ebr konsultim publik, duke i inkurajuar t\u00eb gjith\u00eb an\u00ebtar\u00ebt q\u00eb t\u00eb japin komente dhe sugjerime.<\/p><p style=\"font-weight: 400;\">Nexhmije Gori, kryetare e OIK-s\u00eb, theksoi: \u201cFal\u00ebnderojm\u00eb sinqerisht projektin Sh\u00ebrbimet Sh\u00ebndet\u00ebsore t\u00eb Integruara p\u00ebr mb\u00ebshtetjen e vazhdueshme n\u00eb organizimin e pun\u00ebtoris\u00eb p\u00ebr rishikimin e Kodit t\u00eb Etik\u00ebs dhe rregulloreve p\u00ebrkat\u00ebse. Kontributi juaj ka qen\u00eb vendimtar n\u00eb p\u00ebrdit\u00ebsimin e dokumenteve ky\u00e7e q\u00eb promovojn\u00eb integritetin dhe etik\u00ebn profesionale n\u00eb komunitetin ton\u00eb. Nj\u00eb mb\u00ebshtetje e till\u00eb fuqizoi kapacitetin ton\u00eb p\u00ebr t\u2019iu p\u00ebrgjigjur sfidave profesionale dhe etike me profesionaliz\u00ebm dhe drejt\u00ebsi\u201d.<\/p>\t\t\t\t\t\t<\/div>\n\t\t\t\t<\/div>\n\t\t\t\t\t<\/div>\n\t\t\t\t<\/div>\n\t\t\t\t<\/div>","protected":false},"excerpt":{"rendered":"<p>Chamber of Nurses Finalizes Revised Code of Ethics and Regulatory Framework The Kosovo Chamber of Nurses, Midwives and Other Health Professionals od Kosovo (OIK), has finalized the revision of the Code of Ethics and accompanying regulations, which define the roles and procedures of the Prosecutor, the Ethical Council, and the Court of Honor within the [&hellip;]<\/p>","protected":false},"author":1,"featured_media":0,"parent":0,"menu_order":0,"comment_status":"closed","ping_status":"closed","template":"","meta":[],"_links":{"self":[{"href":"https:\/\/ihsproject.org\/sq\/wp-json\/wp\/v2\/pages\/14296"}],"collection":[{"href":"https:\/\/ihsproject.org\/sq\/wp-json\/wp\/v2\/pages"}],"about":[{"href":"https:\/\/ihsproject.org\/sq\/wp-json\/wp\/v2\/types\/page"}],"author":[{"embeddable":true,"href":"https:\/\/ihsproject.org\/sq\/wp-json\/wp\/v2\/users\/1"}],"replies":[{"embeddable":true,"href":"https:\/\/ihsproject.org\/sq\/wp-json\/wp\/v2\/comments?post=14296"}],"version-history":[{"count":4,"href":"https:\/\/ihsproject.org\/sq\/wp-json\/wp\/v2\/pages\/14296\/revisions"}],"predecessor-version":[{"id":14301,"href":"https:\/\/ihsproject.org\/sq\/wp-json\/wp\/v2\/pages\/14296\/revisions\/14301"}],"wp:attachment":[{"href":"https:\/\/ihsproject.org\/sq\/wp-json\/wp\/v2\/media?parent=14296"}],"curies":[{"name":"wp","href":"https:\/\/api.w.org\/{rel}","templated":true}]}}