{"id":14270,"date":"2024-12-13T08:00:26","date_gmt":"2024-12-13T08:00:26","guid":{"rendered":"https:\/\/ihsproject.org\/?page_id=14270"},"modified":"2024-12-13T17:36:38","modified_gmt":"2024-12-13T17:36:38","slug":"december-13-2024","status":"publish","type":"page","link":"https:\/\/ihsproject.org\/sq\/december-13-2024\/","title":{"rendered":"Dhjetor\u00eb 13, 2024"},"content":{"rendered":"<div data-elementor-type=\"wp-page\" data-elementor-id=\"14270\" class=\"elementor elementor-14270\">\n\t\t\t\t<div class=\"elementor-element elementor-element-14e0183 e-flex e-con-boxed e-con e-parent\" data-id=\"14e0183\" data-element_type=\"container\" data-core-v316-plus=\"true\">\n\t\t\t\t\t<div class=\"e-con-inner\">\n\t\t\t\t<div class=\"elementor-element elementor-element-1136548 elementor-widget elementor-widget-image\" data-id=\"1136548\" data-element_type=\"widget\" data-widget_type=\"image.default\">\n\t\t\t\t<div class=\"elementor-widget-container\">\n\t\t\t\t\t\t\t\t\t\t\t\t\t<img fetchpriority=\"high\" decoding=\"async\" width=\"1600\" height=\"900\" src=\"https:\/\/ihsproject.org\/wp-content\/uploads\/2024\/12\/Universal-Health-Coverage-Day-Marked-in-Kosovo-.jpg\" class=\"attachment-full size-full wp-image-14268\" alt=\"\" srcset=\"https:\/\/ihsproject.org\/wp-content\/uploads\/2024\/12\/Universal-Health-Coverage-Day-Marked-in-Kosovo-.jpg 1600w, https:\/\/ihsproject.org\/wp-content\/uploads\/2024\/12\/Universal-Health-Coverage-Day-Marked-in-Kosovo--300x169.jpg 300w, https:\/\/ihsproject.org\/wp-content\/uploads\/2024\/12\/Universal-Health-Coverage-Day-Marked-in-Kosovo--1024x576.jpg 1024w, https:\/\/ihsproject.org\/wp-content\/uploads\/2024\/12\/Universal-Health-Coverage-Day-Marked-in-Kosovo--768x432.jpg 768w, https:\/\/ihsproject.org\/wp-content\/uploads\/2024\/12\/Universal-Health-Coverage-Day-Marked-in-Kosovo--1536x864.jpg 1536w, https:\/\/ihsproject.org\/wp-content\/uploads\/2024\/12\/Universal-Health-Coverage-Day-Marked-in-Kosovo--18x10.jpg 18w\" sizes=\"(max-width: 1600px) 100vw, 1600px\" \/>\t\t\t\t\t\t\t\t\t\t\t\t\t<\/div>\n\t\t\t\t<\/div>\n\t\t\t\t\t<\/div>\n\t\t\t\t<\/div>\n\t\t<div class=\"elementor-element elementor-element-42da25b e-flex e-con-boxed e-con e-parent\" data-id=\"42da25b\" data-element_type=\"container\" data-core-v316-plus=\"true\">\n\t\t\t\t\t<div class=\"e-con-inner\">\n\t\t\t\t<div class=\"elementor-element elementor-element-f868212 elementor-widget elementor-widget-heading\" data-id=\"f868212\" data-element_type=\"widget\" data-widget_type=\"heading.default\">\n\t\t\t\t<div class=\"elementor-widget-container\">\n\t\t\t<h2 class=\"elementor-heading-title elementor-size-default\">Sh\u00ebnohet Dita e Mbulimit Sh\u00ebndet\u00ebsor Universal<\/h2>\t\t<\/div>\n\t\t\t\t<\/div>\n\t\t\t\t<div class=\"elementor-element elementor-element-a4318d8 elementor-widget elementor-widget-text-editor\" data-id=\"a4318d8\" data-element_type=\"widget\" data-widget_type=\"text-editor.default\">\n\t\t\t\t<div class=\"elementor-widget-container\">\n\t\t\t\t\t\t\t<p>N\u00eb Kosov\u00eb u sh\u00ebnua sot Dita Bot\u00ebrore e Mbulimit Sh\u00ebndet\u00ebsor Universal (MSHU). Aktiviteti, i organizuar nga Ministria e Sh\u00ebndet\u00ebsis\u00eb, n\u00eb bashk\u00ebpunim me Shoqat\u00ebn e t\u00eb Drejtave t\u00eb Pacient\u00ebve n\u00eb Kosov\u00eb (PRAK) dhe me mb\u00ebshtetjen e Projektit Sh\u00ebrbimet Sh\u00ebndet\u00ebsore t\u00eb Integruara (IHS), u fokusua tek tematika globale e MSHU-s\u00eb p\u00ebr k\u00ebt\u00eb vit \"Sh\u00ebndeti: P\u00ebrgjegj\u00ebsi e Qeveris\u00eb\".<\/p>\n<p>Z\u00ebvend\u00ebsministrja e Sh\u00ebndet\u00ebsis\u00eb, Dr. Dafina Gexha Bunjaku, theksoi r\u00ebnd\u00ebsin\u00eb e mbulimit universal sh\u00ebndet\u00ebsor n\u00eb p\u00ebrmir\u00ebsimin e qasjes n\u00eb kujdesin sh\u00ebndet\u00ebsor p\u00ebr t\u00eb gjith\u00eb qytetar\u00ebt e Kosov\u00ebs. \u201cSh\u00ebnojm\u00eb bashk\u00eb Dit\u00ebn e Mbulimit Sh\u00ebndet\u00ebsor Universal, nj\u00eb \u00e7\u00ebshtje me r\u00ebnd\u00ebsi p\u00ebr t\u00eb ardhme m\u00eb t\u00eb mir\u00eb q\u00eb \u00ebsht\u00eb dhe n\u00eb qend\u00ebr t\u00eb vizionit ton\u00eb. MSHU nuk \u00ebsht\u00eb vet\u00ebm politik\u00eb sh\u00ebndet\u00ebsore, por edhe gurthemel i drejt\u00ebsis\u00eb sociale; nuk \u00ebsht\u00eb destinacion, por rrug\u00ebtim n\u00eb vazhdim\u00ebsi. Arritja e MSHU \u00ebsht\u00eb detyrim i yni dhe s\u00eb bashku mund ta krijojm\u00eb nj\u00eb bot\u00eb ku sh\u00ebndeti nuk \u00ebsht\u00eb luks, por premtim i p\u00ebrmbushur p\u00ebr t\u00eb gjith\u00eb. T\u00eb angazhohemi t\u00eb gjith\u00eb p\u00ebr k\u00ebt\u00eb q\u00ebllim fisnik q\u00eb askush mos mbetet prapa p\u00ebr nj\u00eb t\u00eb ardhme t\u00eb sh\u00ebndetshme p\u00ebr t\u00eb gjith\u00eb\u201d, tha ajo.<\/p>\n<p>Peter Sidler, nga Zyra Zvicerane p\u00ebr Zhvillim dhe Bashk\u00ebpunim n\u00eb Kosov\u00eb, tha se Zvicra mbetet nj\u00eb partner i besuesh\u00ebm i Kosov\u00ebs dhe mb\u00ebshtet p\u00ebrpjekjet e vendit p\u00ebr t\u00eb forcuar sistemin sh\u00ebndet\u00ebsor. \u201cAngazhimi yn\u00eb ilustrohet nga projektet IHS dhe AQH q\u00eb mb\u00ebshtesin institucionet sh\u00ebndet\u00ebsore t\u00eb Kosov\u00ebs p\u00ebr t\u00eb ofruar kujdes gjith\u00ebp\u00ebrfshir\u00ebs, t\u00eb integruar dhe t\u00eb qassh\u00ebm, me fokus tek pacienti. Besojm\u00eb se sh\u00ebndeti \u00ebsht\u00eb parakush themelor q\u00eb \u00e7do vend t\u00eb shfryt\u00ebzoj\u00eb potencialin e plot\u00eb. Vler\u00ebsojm\u00eb lart q\u00eb Qeveria dhe jav\u00ebn e kaluar edhe Kuvendi i Kosov\u00ebs kan\u00eb nd\u00ebrmarr\u00eb hapa t\u00eb r\u00ebnd\u00ebsish\u00ebm drejt realizimit t\u00eb q\u00ebllimit q\u00eb t\u00eb gjith\u00eb njer\u00ebzit t\u00eb ken\u00eb qasje n\u00eb sh\u00ebrbime sh\u00ebndet\u00ebsore cil\u00ebsore q\u00eb u nevojiten, pa p\u00ebsuar v\u00ebshtir\u00ebsi financiare gjat\u00eb pages\u00ebs s\u00eb tyre.\u201d<\/p>\n<p>Nga ana tjet\u00ebr, Agron Bytyqi, Drejtor Ekzekutiv i PRAK, vler\u00ebsoi r\u00ebnd\u00ebsin\u00eb e p\u00ebrfshirjes s\u00eb organizatave t\u00eb pacient\u00ebve n\u00eb form\u00ebsimin e politikave sh\u00ebndet\u00ebsore q\u00eb mund\u00ebsojn\u00eb MSHU-n\u00eb. \u201c\u00cbsht\u00eb viti i n\u00ebnt\u00eb q\u00eb sh\u00ebnojm\u00eb Dit\u00ebn e MSHU, dhe k\u00ebt\u00eb vit, duke u nisur nga motoja, \u00ebsht\u00eb p\u00ebrgjegj\u00ebsi e secilit q\u00eb t\u00eb japim kontributin ton\u00eb ta plot\u00ebsojm\u00eb sa m\u00eb mir\u00eb kutin\u00eb e mbulimit universal sh\u00ebndet\u00ebsor. Uroj q\u00eb nga ky takim t\u00eb dalin ide t\u00eb bashk\u00ebpunimit m\u00eb t\u00eb madh p\u00ebr t\u00eb ndikuar n\u00eb MSHU,\u201d theksoi z. Bytyqi.<span class=\"Apple-converted-space\">&nbsp;<\/span><\/p>\n<p>Kryeshefja e Aleanc\u00ebs Nd\u00ebrkomb\u00ebtare t\u00eb Organizatave t\u00eb Pacient\u00ebve Znj. Daniela Mothci pati prezantimin mbi \u201cRolin e organizatave n\u00eb avancimin e MSHU-s\u00eb\u201d. M\u00eb pas, ngjarja vazhdoi me diskutime t\u00eb thelluara n\u00eb dy panele. Paneli i par\u00eb me p\u00ebrfaq\u00ebsues t\u00eb Ministris\u00eb s\u00eb Sh\u00ebndet\u00ebsis\u00eb, Fondit Kosovar p\u00ebr Sigurim Sh\u00ebndet\u00ebsor, Institucionit t\u00eb Avokatit t\u00eb Popullit dhe Ministris\u00eb Financ\u00ebs, Transfereve dhe Pun\u00ebs shtjelloi tem\u00ebn \u201cZotimi I Qeveris\u00eb dhe mb\u00ebshtetja p\u00ebr MSHU-n\u00eb\u201d. N\u00eb panelin e dyt\u00eb, p\u00ebrfaq\u00ebsues t\u00eb UNICEF, UNFPA, IAPO dhe projektit AQH Mb\u00ebshtetja p\u00ebr MSHU-n\u00eb nga entitetet e OKB-s\u00eb dhe organizata t\u00eb tjera e trajtuan MSHU-n\u00eb nga k\u00ebndv\u00ebshtrimi i agjencive t\u00eb OKB-s\u00eb dhe organizatave t\u00eb tjera nd\u00ebrkomb\u00ebtare.<\/p>\n<p>Ngjarja riafirmoi zotimin p\u00ebr veprim t\u00eb p\u00ebrbashk\u00ebt - institucione, organizata t\u00eb shoq\u00ebris\u00eb civile dhe organizata nd\u00ebrkomb\u00ebtare p\u00ebr t\u00eb arritur sh\u00ebndet m\u00eb t\u00eb mir\u00eb p\u00ebr t\u00eb gjith\u00eb n\u00eb Kosov\u00eb.<\/p>\t\t\t\t\t\t<\/div>\n\t\t\t\t<\/div>\n\t\t\t\t\t<\/div>\n\t\t\t\t<\/div>\n\t\t\t\t<\/div>","protected":false},"excerpt":{"rendered":"<p>Universal Health Coverage Day Marked in Kosovo On 12 December 2024, Kosovo marked Universal Health Coverage (UHC) Day. The event, organized by the Ministry of Health in collaboration with the Patient Rights Association in Kosovo (PRAK) and supported by the Integrated Health Services (IHS) Project, focused on the global UHC theme for this year, \u201cHealth: [&hellip;]<\/p>","protected":false},"author":1,"featured_media":0,"parent":0,"menu_order":0,"comment_status":"closed","ping_status":"closed","template":"","meta":[],"_links":{"self":[{"href":"https:\/\/ihsproject.org\/sq\/wp-json\/wp\/v2\/pages\/14270"}],"collection":[{"href":"https:\/\/ihsproject.org\/sq\/wp-json\/wp\/v2\/pages"}],"about":[{"href":"https:\/\/ihsproject.org\/sq\/wp-json\/wp\/v2\/types\/page"}],"author":[{"embeddable":true,"href":"https:\/\/ihsproject.org\/sq\/wp-json\/wp\/v2\/users\/1"}],"replies":[{"embeddable":true,"href":"https:\/\/ihsproject.org\/sq\/wp-json\/wp\/v2\/comments?post=14270"}],"version-history":[{"count":7,"href":"https:\/\/ihsproject.org\/sq\/wp-json\/wp\/v2\/pages\/14270\/revisions"}],"predecessor-version":[{"id":14287,"href":"https:\/\/ihsproject.org\/sq\/wp-json\/wp\/v2\/pages\/14270\/revisions\/14287"}],"wp:attachment":[{"href":"https:\/\/ihsproject.org\/sq\/wp-json\/wp\/v2\/media?parent=14270"}],"curies":[{"name":"wp","href":"https:\/\/api.w.org\/{rel}","templated":true}]}}