{"id":14242,"date":"2024-12-09T09:50:20","date_gmt":"2024-12-09T09:50:20","guid":{"rendered":"https:\/\/ihsproject.org\/?page_id=14242"},"modified":"2024-12-09T09:54:12","modified_gmt":"2024-12-09T09:54:12","slug":"december-09-2024","status":"publish","type":"page","link":"https:\/\/ihsproject.org\/sq\/december-09-2024\/","title":{"rendered":"Dhjetor\u00eb 09, 2024"},"content":{"rendered":"<div data-elementor-type=\"wp-page\" data-elementor-id=\"14242\" class=\"elementor elementor-14242\">\n\t\t\t\t<div class=\"elementor-element elementor-element-f6153da e-flex e-con-boxed e-con e-parent\" data-id=\"f6153da\" data-element_type=\"container\" data-core-v316-plus=\"true\">\n\t\t\t\t\t<div class=\"e-con-inner\">\n\t\t\t\t<div class=\"elementor-element elementor-element-8fa36bf elementor-widget elementor-widget-image\" data-id=\"8fa36bf\" data-element_type=\"widget\" data-widget_type=\"image.default\">\n\t\t\t\t<div class=\"elementor-widget-container\">\n\t\t\t\t\t\t\t\t\t\t\t\t\t<img fetchpriority=\"high\" decoding=\"async\" width=\"1600\" height=\"900\" src=\"https:\/\/ihsproject.org\/wp-content\/uploads\/2024\/12\/Kosovo-Hospitals-Advance-Clinical-Audit-Practices.jpg\" class=\"attachment-full size-full wp-image-14241\" alt=\"\" srcset=\"https:\/\/ihsproject.org\/wp-content\/uploads\/2024\/12\/Kosovo-Hospitals-Advance-Clinical-Audit-Practices.jpg 1600w, https:\/\/ihsproject.org\/wp-content\/uploads\/2024\/12\/Kosovo-Hospitals-Advance-Clinical-Audit-Practices-300x169.jpg 300w, https:\/\/ihsproject.org\/wp-content\/uploads\/2024\/12\/Kosovo-Hospitals-Advance-Clinical-Audit-Practices-1024x576.jpg 1024w, https:\/\/ihsproject.org\/wp-content\/uploads\/2024\/12\/Kosovo-Hospitals-Advance-Clinical-Audit-Practices-768x432.jpg 768w, https:\/\/ihsproject.org\/wp-content\/uploads\/2024\/12\/Kosovo-Hospitals-Advance-Clinical-Audit-Practices-1536x864.jpg 1536w, https:\/\/ihsproject.org\/wp-content\/uploads\/2024\/12\/Kosovo-Hospitals-Advance-Clinical-Audit-Practices-18x10.jpg 18w\" sizes=\"(max-width: 1600px) 100vw, 1600px\" \/>\t\t\t\t\t\t\t\t\t\t\t\t\t<\/div>\n\t\t\t\t<\/div>\n\t\t\t\t\t<\/div>\n\t\t\t\t<\/div>\n\t\t<div class=\"elementor-element elementor-element-e2b9cd3 e-flex e-con-boxed e-con e-parent\" data-id=\"e2b9cd3\" data-element_type=\"container\" data-core-v316-plus=\"true\">\n\t\t\t\t\t<div class=\"e-con-inner\">\n\t\t\t\t<div class=\"elementor-element elementor-element-83cf0ce elementor-widget elementor-widget-heading\" data-id=\"83cf0ce\" data-element_type=\"widget\" data-widget_type=\"heading.default\">\n\t\t\t\t<div class=\"elementor-widget-container\">\n\t\t\t<h2 class=\"elementor-heading-title elementor-size-default\">Spitalet e Kosov\u00ebs avancojn\u00eb praktikat e auditimit klinik<\/h2>\t\t<\/div>\n\t\t\t\t<\/div>\n\t\t\t\t<div class=\"elementor-element elementor-element-3cac624 elementor-widget elementor-widget-text-editor\" data-id=\"3cac624\" data-element_type=\"widget\" data-widget_type=\"text-editor.default\">\n\t\t\t\t<div class=\"elementor-widget-container\">\n\t\t\t\t\t\t\t<p style=\"font-weight: 400;\">Profesionist\u00ebt e kujdesit sh\u00ebndet\u00ebsor nga spitalet e p\u00ebrgjithshme t\u00eb Kosov\u00ebs u mblodh\u00ebn n\u00eb nj\u00eb pun\u00ebtori treditore nga data 4-6 dhjetor 2024, p\u00ebr t\u00eb prezantuar planet e tyre t\u00eb auditimit klinik dhe p\u00ebr t\u00eb bashk\u00ebpunuar mbi planin e veprimit t\u00eb vitit 2025. Plani i veprimit p\u00ebrputhet me korniz\u00ebn e sapomiratuar t\u00eb Sistemit t\u00eb Menaxhimit t\u00eb Cil\u00ebsis\u00eb (SMC). Pun\u00ebtoria sh\u00ebrbeu edhe si platform\u00eb p\u00ebr t\u00eb ndar\u00eb progresin, p\u00ebr t\u00eb trajtuar sfidat dhe p\u00ebr t\u00eb zhvilluar strategji p\u00ebr t\u00eb p\u00ebrmir\u00ebsuar praktikat e auditimit klinik n\u00eb spitalet e p\u00ebrgjithshme.<\/p><p style=\"font-weight: 400;\">Pun\u00ebtoria pati disa sesione me r\u00ebnd\u00ebsi, p\u00ebrfshir\u00eb p\u00ebrdit\u00ebsime mbi statusin aktual t\u00eb zbatimit t\u00eb auditimit klinik, pengesat e zakonshme me t\u00eb cilat ballafaqohen gjat\u00eb ekzekutimit dhe zgjidhjet praktike p\u00ebr t\u2019i kap\u00ebrcyer ato. Pjes\u00ebmarr\u00ebsit punuan bashk\u00ebrisht p\u00ebr t\u00eb zhvilluar plane t\u00eb p\u00ebrshtatura t\u00eb auditimit klinik, t\u00eb udh\u00ebhequr nga fasilituesit dhe ekspert\u00ebt dhe komentet e koleg\u00ebve p\u00ebr t\u00eb siguruar harmonizimin me praktikat m\u00eb t\u00eb mira.<\/p><p style=\"font-weight: 400;\">Nj\u00eb tem\u00eb kryesore gjat\u00eb diskutimeve ishte r\u00ebnd\u00ebsia e angazhimit t\u00eb pal\u00ebve t\u00eb interest dhe krijimit t\u00eb kapaciteteve p\u00ebr ekipet e auditimit klinik. Pjes\u00ebmarr\u00ebsit theksuan nevoj\u00ebn p\u00ebr mb\u00ebshtetje t\u00eb vazhdueshme ekspert\u00ebsh dhe institucionale p\u00ebr t\u00eb finalizuar proceset e auditimit dhe p\u00ebr t\u00eb p\u00ebrmbushur objektivat m\u00eb t\u00eb gjera t\u00eb korniz\u00ebs s\u00eb SMC.<\/p><p style=\"font-weight: 400;\">Ngjarja kulmoi me miratimin e nj\u00eb plani t\u00eb unifikuar t\u00eb ekzekutimit p\u00ebr vitin 2025. Plani p\u00ebrfshin afate t\u00eb qarta kohore, p\u00ebrgjegj\u00ebsi t\u00eb p\u00ebrcaktuara dhe nj\u00eb zotim p\u00ebr t\u00eb p\u00ebrdorur kornizat e Treguesve Kryesor\u00eb t\u00eb Performanc\u00ebs (TKP) p\u00ebr t\u00eb monitoruar dhe vler\u00ebsuar rezultatet e auditimit. K\u00ebto p\u00ebrpjekje kan\u00eb p\u00ebr synim krijimin e nj\u00eb kulture t\u00eb p\u00ebrmir\u00ebsimit t\u00eb vazhduesh\u00ebm t\u00eb cil\u00ebsis\u00eb n\u00eb ofrimin e kujdesit sh\u00ebndet\u00ebsor.<\/p><p style=\"font-weight: 400;\">P\u00ebr t\u00eb siguruar progres t\u00eb q\u00ebndruesh\u00ebm, ekipet e projektit dhe ekspert\u00ebt do t\u00eb vazhdojn\u00eb t\u00eb ofrojn\u00eb mb\u00ebshtetje p\u00ebr spitalet teksa ato p\u00ebrsosin dhe zbatojn\u00eb proceset e tyre t\u00eb auditimit klinik. Me k\u00ebto plane t\u00eb vendosura, spitalet jan\u00eb t\u00eb pozicionuara mire p\u00ebr t\u00eb arritur q\u00ebllimet e tyre p\u00ebr p\u00ebrmir\u00ebsimin e cil\u00ebsis\u00eb n\u00eb vitin e ardhsh\u00ebm.<\/p>\t\t\t\t\t\t<\/div>\n\t\t\t\t<\/div>\n\t\t\t\t\t<\/div>\n\t\t\t\t<\/div>\n\t\t\t\t<\/div>","protected":false},"excerpt":{"rendered":"<p>Kosovo Hospitals Advance Clinical Audit Practices Healthcare professionals from general hospitals of Kosovo gathered for a three-day workshop from December 4\u20136, 2024, to present their clinical audit plans and collaborate on the 2025 action plan. The action plan aligns with the newly adopted Quality Management System (QMS) framework. The workshop served also as a platform [&hellip;]<\/p>","protected":false},"author":1,"featured_media":0,"parent":0,"menu_order":0,"comment_status":"closed","ping_status":"closed","template":"","meta":[],"_links":{"self":[{"href":"https:\/\/ihsproject.org\/sq\/wp-json\/wp\/v2\/pages\/14242"}],"collection":[{"href":"https:\/\/ihsproject.org\/sq\/wp-json\/wp\/v2\/pages"}],"about":[{"href":"https:\/\/ihsproject.org\/sq\/wp-json\/wp\/v2\/types\/page"}],"author":[{"embeddable":true,"href":"https:\/\/ihsproject.org\/sq\/wp-json\/wp\/v2\/users\/1"}],"replies":[{"embeddable":true,"href":"https:\/\/ihsproject.org\/sq\/wp-json\/wp\/v2\/comments?post=14242"}],"version-history":[{"count":4,"href":"https:\/\/ihsproject.org\/sq\/wp-json\/wp\/v2\/pages\/14242\/revisions"}],"predecessor-version":[{"id":14247,"href":"https:\/\/ihsproject.org\/sq\/wp-json\/wp\/v2\/pages\/14242\/revisions\/14247"}],"wp:attachment":[{"href":"https:\/\/ihsproject.org\/sq\/wp-json\/wp\/v2\/media?parent=14242"}],"curies":[{"name":"wp","href":"https:\/\/api.w.org\/{rel}","templated":true}]}}