{"id":14227,"date":"2024-11-29T09:58:05","date_gmt":"2024-11-29T09:58:05","guid":{"rendered":"https:\/\/ihsproject.org\/?page_id=14227"},"modified":"2024-11-29T10:00:30","modified_gmt":"2024-11-29T10:00:30","slug":"november-29-2024","status":"publish","type":"page","link":"https:\/\/ihsproject.org\/sq\/november-29-2024\/","title":{"rendered":"N\u00ebntor 29, 2024"},"content":{"rendered":"<div data-elementor-type=\"wp-page\" data-elementor-id=\"14227\" class=\"elementor elementor-14227\">\n\t\t\t\t<div class=\"elementor-element elementor-element-afbf241 e-flex e-con-boxed e-con e-parent\" data-id=\"afbf241\" data-element_type=\"container\" data-core-v316-plus=\"true\">\n\t\t\t\t\t<div class=\"e-con-inner\">\n\t\t\t\t<div class=\"elementor-element elementor-element-7527cf2 elementor-widget elementor-widget-image\" data-id=\"7527cf2\" data-element_type=\"widget\" data-widget_type=\"image.default\">\n\t\t\t\t<div class=\"elementor-widget-container\">\n\t\t\t\t\t\t\t\t\t\t\t\t\t<img fetchpriority=\"high\" decoding=\"async\" width=\"1600\" height=\"900\" src=\"https:\/\/ihsproject.org\/wp-content\/uploads\/2024\/11\/Award-Ceremony-Acknowledging-Responsible-Reporting-on-Diabetes.jpg\" class=\"attachment-full size-full wp-image-14222\" alt=\"\" srcset=\"https:\/\/ihsproject.org\/wp-content\/uploads\/2024\/11\/Award-Ceremony-Acknowledging-Responsible-Reporting-on-Diabetes.jpg 1600w, https:\/\/ihsproject.org\/wp-content\/uploads\/2024\/11\/Award-Ceremony-Acknowledging-Responsible-Reporting-on-Diabetes-300x169.jpg 300w, https:\/\/ihsproject.org\/wp-content\/uploads\/2024\/11\/Award-Ceremony-Acknowledging-Responsible-Reporting-on-Diabetes-1024x576.jpg 1024w, https:\/\/ihsproject.org\/wp-content\/uploads\/2024\/11\/Award-Ceremony-Acknowledging-Responsible-Reporting-on-Diabetes-768x432.jpg 768w, https:\/\/ihsproject.org\/wp-content\/uploads\/2024\/11\/Award-Ceremony-Acknowledging-Responsible-Reporting-on-Diabetes-1536x864.jpg 1536w, https:\/\/ihsproject.org\/wp-content\/uploads\/2024\/11\/Award-Ceremony-Acknowledging-Responsible-Reporting-on-Diabetes-18x10.jpg 18w\" sizes=\"(max-width: 1600px) 100vw, 1600px\" \/>\t\t\t\t\t\t\t\t\t\t\t\t\t<\/div>\n\t\t\t\t<\/div>\n\t\t\t\t\t<\/div>\n\t\t\t\t<\/div>\n\t\t<div class=\"elementor-element elementor-element-c6c6892 e-flex e-con-boxed e-con e-parent\" data-id=\"c6c6892\" data-element_type=\"container\" data-core-v316-plus=\"true\">\n\t\t\t\t\t<div class=\"e-con-inner\">\n\t\t\t\t<div class=\"elementor-element elementor-element-13202b3 elementor-widget elementor-widget-heading\" data-id=\"13202b3\" data-element_type=\"widget\" data-widget_type=\"heading.default\">\n\t\t\t\t<div class=\"elementor-widget-container\">\n\t\t\t<h2 class=\"elementor-heading-title elementor-size-default\">Ndahen \u00e7mimet p\u00ebr raportim t\u00eb p\u00ebrgjegjsh\u00ebm p\u00ebr diabetin n\u00eb media<\/h2>\t\t<\/div>\n\t\t\t\t<\/div>\n\t\t\t\t<div class=\"elementor-element elementor-element-dd176bd elementor-widget elementor-widget-text-editor\" data-id=\"dd176bd\" data-element_type=\"widget\" data-widget_type=\"text-editor.default\">\n\t\t\t\t<div class=\"elementor-widget-container\">\n\t\t\t\t\t\t\t<p style=\"font-weight: 400;\">M\u00eb 27 n\u00ebntor 2024, projektet Sh\u00ebrbimet Sh\u00ebndet\u00ebsore t\u00eb Integruara (IHS) dhe Kujdesi Sh\u00ebndet\u00ebsor i Qassh\u00ebm dhe Cil\u00ebsor (AQH) organizuan nj\u00eb ceremoni t\u00eb ndarjes s\u00eb \u00e7mimeve p\u00ebr t\u2019i shpallur fituesit e programit t\u00eb trajnimit mediatik dhe \u00e7mimeve p\u00ebr raportimin e p\u00ebrgjegjsh\u00ebm p\u00ebr diabetin.<\/p><p style=\"font-weight: 400;\">Kjo nism\u00eb u fokusua n\u00eb rritjen e vet\u00ebdij\u00ebsimit p\u00ebr s\u00ebmundjet kronike jongjit\u00ebse (SKJ), ve\u00e7an\u00ebrisht diabetin. Fillimisht u organizua nj\u00eb trajnim dy-ditor p\u00ebr gazetar\u00ebt, p\u00ebr avancimin e aft\u00ebsive t\u00eb tyre p\u00ebr t\u00eb raportuar n\u00eb m\u00ebnyr\u00eb efektive mbi SKJ-t\u00eb, e duke synuar ta nxis\u00eb nj\u00eb diskutim publik t\u00eb informuar dhe t\u2019i fuqizoj\u00eb pacient\u00ebt p\u00ebr ta menaxhuar m\u00eb mir\u00eb sh\u00ebndetin e tyre.<\/p><p style=\"font-weight: 400;\">\u201cTani kemi mbi 25 gazetar\u00eb me m\u00eb shum\u00eb njohuri n\u00eb raportimin mbi \u00e7\u00ebshtjet sh\u00ebndet\u00ebsore, n\u00eb ve\u00e7anti diabetin, gj\u00eb q\u00eb nuk e kishim nj\u00eb vit m\u00eb par\u00eb\u201d, tha Fatlum Jashari, an\u00ebtar i bordit t\u00eb Asociacionit t\u00eb Gazetar\u00ebve t\u00eb Kosov\u00ebs (AGK), gjat\u00eb ceremonis\u00eb s\u00eb ndarjes s\u00eb \u00e7mimeve.<\/p><p style=\"font-weight: 400;\">Programi i \u00e7mimeve, nj\u00eb bashk\u00ebpunim nd\u00ebrmjet IHS-s\u00eb, AQH-s\u00eb dhe AGK-s\u00eb, u mb\u00ebshtet nga Agjencia Zvicerane p\u00ebr Zhvillim dhe Bashk\u00ebpunim (SDC) dhe Qeveria e Kosov\u00ebs, thekson rolin kryesor t\u00eb mediave n\u00eb form\u00ebsimin e diskursit t\u00eb sh\u00ebndetit publik. Fituesit u zgjodh\u00ebn nga nj\u00eb grup storjesh t\u00eb publikuara midis prillit dhe n\u00ebntorit 2024.<\/p><p style=\"font-weight: 400;\">\u00c7mimet vler\u00ebsojn\u00eb gazetar\u00ebt q\u00eb ndihmojn\u00eb n\u00eb ngritjen e t\u00eb kuptuarit publik dhe inkurajojn\u00eb menaxhimin e sh\u00ebndetit t\u00eb bazuar n\u00eb informata. Fituesit e \u00e7mimeve jan\u00eb: \u00e7mimi i par\u00eb, Diana Basholli nga Gazeta Shneta me storjen e saj \u201cKam mendu q\u00eb diabeti i prek ve\u00e7 pleqt\u00eb\u201d; \u00e7mimi i dyt\u00eb, Vlera Shabani nga Kallxo.com me storjen e saj \u201cKemi shum\u00eb shpenzime: Prind\u00ebrit e f\u00ebmij\u00ebve me diabet presin dor\u00ebn e shtetit\u201d, dhe \u00e7mimi i tret\u00eb, Arbresh\u00eb Uka nga Klan Kosova me storjen e saj \u201cJeta e sfiduar e 25-vje\u00e7arit me diabet: M\u00eb prish pun\u00eb edhe n\u00eb dashuri\u201d.\u00a0<\/p>\t\t\t\t\t\t<\/div>\n\t\t\t\t<\/div>\n\t\t\t\t\t<\/div>\n\t\t\t\t<\/div>\n\t\t\t\t<\/div>","protected":false},"excerpt":{"rendered":"<p>Award Ceremony Acknowledging Responsible Reporting on Diabetes On 27 November 2024, the Integrated Health Services (IHS) and Accessible Quality Healthcare (AQH) projects hosted an award ceremony to announce the winners of the media training and award program for responsible reporting on diabetes. This initiative focused on raising awareness about non-communicable diseases (NCDs), specifically diabetes. It [&hellip;]<\/p>","protected":false},"author":1,"featured_media":0,"parent":0,"menu_order":0,"comment_status":"closed","ping_status":"closed","template":"","meta":[],"_links":{"self":[{"href":"https:\/\/ihsproject.org\/sq\/wp-json\/wp\/v2\/pages\/14227"}],"collection":[{"href":"https:\/\/ihsproject.org\/sq\/wp-json\/wp\/v2\/pages"}],"about":[{"href":"https:\/\/ihsproject.org\/sq\/wp-json\/wp\/v2\/types\/page"}],"author":[{"embeddable":true,"href":"https:\/\/ihsproject.org\/sq\/wp-json\/wp\/v2\/users\/1"}],"replies":[{"embeddable":true,"href":"https:\/\/ihsproject.org\/sq\/wp-json\/wp\/v2\/comments?post=14227"}],"version-history":[{"count":4,"href":"https:\/\/ihsproject.org\/sq\/wp-json\/wp\/v2\/pages\/14227\/revisions"}],"predecessor-version":[{"id":14232,"href":"https:\/\/ihsproject.org\/sq\/wp-json\/wp\/v2\/pages\/14227\/revisions\/14232"}],"wp:attachment":[{"href":"https:\/\/ihsproject.org\/sq\/wp-json\/wp\/v2\/media?parent=14227"}],"curies":[{"name":"wp","href":"https:\/\/api.w.org\/{rel}","templated":true}]}}