{"id":14191,"date":"2024-11-25T07:21:01","date_gmt":"2024-11-25T07:21:01","guid":{"rendered":"https:\/\/ihsproject.org\/?page_id=14191"},"modified":"2024-11-25T07:22:59","modified_gmt":"2024-11-25T07:22:59","slug":"november-22-2024","status":"publish","type":"page","link":"https:\/\/ihsproject.org\/sq\/november-22-2024\/","title":{"rendered":"N\u00ebntor 22, 2024"},"content":{"rendered":"<div data-elementor-type=\"wp-page\" data-elementor-id=\"14191\" class=\"elementor elementor-14191\">\n\t\t\t\t<div class=\"elementor-element elementor-element-cf6ed86 e-flex e-con-boxed e-con e-parent\" data-id=\"cf6ed86\" data-element_type=\"container\" data-core-v316-plus=\"true\">\n\t\t\t\t\t<div class=\"e-con-inner\">\n\t\t\t\t<div class=\"elementor-element elementor-element-3a1a054 elementor-widget elementor-widget-image\" data-id=\"3a1a054\" data-element_type=\"widget\" data-widget_type=\"image.default\">\n\t\t\t\t<div class=\"elementor-widget-container\">\n\t\t\t\t\t\t\t\t\t\t\t\t\t<img fetchpriority=\"high\" decoding=\"async\" width=\"1600\" height=\"900\" src=\"https:\/\/ihsproject.org\/wp-content\/uploads\/2024\/11\/Strengthening-Digital-Communication-Skills-for-Patient-Advocacy.jpg\" class=\"attachment-full size-full wp-image-14189\" alt=\"\" srcset=\"https:\/\/ihsproject.org\/wp-content\/uploads\/2024\/11\/Strengthening-Digital-Communication-Skills-for-Patient-Advocacy.jpg 1600w, https:\/\/ihsproject.org\/wp-content\/uploads\/2024\/11\/Strengthening-Digital-Communication-Skills-for-Patient-Advocacy-300x169.jpg 300w, https:\/\/ihsproject.org\/wp-content\/uploads\/2024\/11\/Strengthening-Digital-Communication-Skills-for-Patient-Advocacy-1024x576.jpg 1024w, https:\/\/ihsproject.org\/wp-content\/uploads\/2024\/11\/Strengthening-Digital-Communication-Skills-for-Patient-Advocacy-768x432.jpg 768w, https:\/\/ihsproject.org\/wp-content\/uploads\/2024\/11\/Strengthening-Digital-Communication-Skills-for-Patient-Advocacy-1536x864.jpg 1536w, https:\/\/ihsproject.org\/wp-content\/uploads\/2024\/11\/Strengthening-Digital-Communication-Skills-for-Patient-Advocacy-18x10.jpg 18w\" sizes=\"(max-width: 1600px) 100vw, 1600px\" \/>\t\t\t\t\t\t\t\t\t\t\t\t\t<\/div>\n\t\t\t\t<\/div>\n\t\t\t\t\t<\/div>\n\t\t\t\t<\/div>\n\t\t<div class=\"elementor-element elementor-element-20ff078 e-flex e-con-boxed e-con e-parent\" data-id=\"20ff078\" data-element_type=\"container\" data-core-v316-plus=\"true\">\n\t\t\t\t\t<div class=\"e-con-inner\">\n\t\t\t\t<div class=\"elementor-element elementor-element-d898a24 elementor-widget elementor-widget-heading\" data-id=\"d898a24\" data-element_type=\"widget\" data-widget_type=\"heading.default\">\n\t\t\t\t<div class=\"elementor-widget-container\">\n\t\t\t<h2 class=\"elementor-heading-title elementor-size-default\">Forcimi i aft\u00ebsive t\u00eb komunikimit digjital p\u00ebr t\u00eb avokuar p\u00ebr pacient\u00ebt<\/h2>\t\t<\/div>\n\t\t\t\t<\/div>\n\t\t\t\t<div class=\"elementor-element elementor-element-04ee17f elementor-widget elementor-widget-text-editor\" data-id=\"04ee17f\" data-element_type=\"widget\" data-widget_type=\"text-editor.default\">\n\t\t\t\t<div class=\"elementor-widget-container\">\n\t\t\t\t\t\t\t<p style=\"font-weight: 400;\">M\u00eb 21 n\u00ebntor 2024, IHS mbajti nj\u00eb pun\u00ebtori interaktive dhe praktike p\u00ebr zhvillimin e p\u00ebrmbajtjes p\u00ebr uebfaqe dhe media sociale p\u00ebr Shoqat\u00ebn e t\u00eb Drejtave t\u00eb Pacient\u00ebve n\u00eb Kosov\u00eb (PRAK). Pun\u00ebtoria kishte p\u00ebr q\u00ebllim t'i zgjeroj\u00eb kapacitetet e PRAK-it p\u00ebr krijimin e p\u00ebrmbajtjes digjitale, p\u00ebrmbajtje q\u00eb t\u00eb jet\u00eb me ndikim.<\/p><p style=\"font-weight: 400;\">Pun\u00ebtoria p\u00ebrfshinte sesione ky\u00e7e si identifikimi i audiencave t\u00eb synuara, vendosja e objektivave t\u00eb komunikimit dhe krijimi i p\u00ebrmbajtjes kreative dhe edukative p\u00ebr platformat digjitale. Pjes\u00ebmarr\u00ebsit eksploruan gjithashtu praktikat m\u00eb t\u00eb mira p\u00ebr krijimin e p\u00ebrmbajtjes n\u00eb uebsajt dhe media sociale, e ndjekur nga puna n\u00eb grup p\u00ebr t\u00eb zhvilluar ide vepruese t\u00eb p\u00ebrshtatura p\u00ebr nevojat e tyre.<\/p><p style=\"font-weight: 400;\">Pun\u00ebtoria ofroi mund\u00ebsi praktike p\u00ebr t'i p\u00ebrmir\u00ebsuar qasjet e komunikimit, duke siguruar q\u00eb mesazhet t\u00eb rezonojn\u00eb me audienc\u00ebn dhe t'i p\u00ebrforcojn\u00eb p\u00ebrpjekjet e avokimit.<\/p>\t\t\t\t\t\t<\/div>\n\t\t\t\t<\/div>\n\t\t\t\t\t<\/div>\n\t\t\t\t<\/div>\n\t\t\t\t<\/div>","protected":false},"excerpt":{"rendered":"<p>Strengthening Digital Communication Skills for Patient Advocacy On 21 November 2024, IHS delivered an interactive and hands-on workshop for developing content for website and social media for the Patient Rights Association of Kosovo (PRAK). The workshop aimed to enhance PRAK\u2019s capacity for creating impactful digital content. The workshop included key sessions such as identifying target [&hellip;]<\/p>","protected":false},"author":1,"featured_media":0,"parent":0,"menu_order":0,"comment_status":"closed","ping_status":"closed","template":"","meta":[],"_links":{"self":[{"href":"https:\/\/ihsproject.org\/sq\/wp-json\/wp\/v2\/pages\/14191"}],"collection":[{"href":"https:\/\/ihsproject.org\/sq\/wp-json\/wp\/v2\/pages"}],"about":[{"href":"https:\/\/ihsproject.org\/sq\/wp-json\/wp\/v2\/types\/page"}],"author":[{"embeddable":true,"href":"https:\/\/ihsproject.org\/sq\/wp-json\/wp\/v2\/users\/1"}],"replies":[{"embeddable":true,"href":"https:\/\/ihsproject.org\/sq\/wp-json\/wp\/v2\/comments?post=14191"}],"version-history":[{"count":4,"href":"https:\/\/ihsproject.org\/sq\/wp-json\/wp\/v2\/pages\/14191\/revisions"}],"predecessor-version":[{"id":14196,"href":"https:\/\/ihsproject.org\/sq\/wp-json\/wp\/v2\/pages\/14191\/revisions\/14196"}],"wp:attachment":[{"href":"https:\/\/ihsproject.org\/sq\/wp-json\/wp\/v2\/media?parent=14191"}],"curies":[{"name":"wp","href":"https:\/\/api.w.org\/{rel}","templated":true}]}}