{"id":14164,"date":"2024-11-21T15:25:34","date_gmt":"2024-11-21T15:25:34","guid":{"rendered":"https:\/\/ihsproject.org\/?page_id=14164"},"modified":"2024-11-21T15:52:43","modified_gmt":"2024-11-21T15:52:43","slug":"november-20-2024","status":"publish","type":"page","link":"https:\/\/ihsproject.org\/sq\/november-20-2024\/","title":{"rendered":"N\u00ebntor 20, 2024"},"content":{"rendered":"<div data-elementor-type=\"wp-page\" data-elementor-id=\"14164\" class=\"elementor elementor-14164\">\n\t\t\t\t<div class=\"elementor-element elementor-element-3e255d0 e-flex e-con-boxed e-con e-parent\" data-id=\"3e255d0\" data-element_type=\"container\" data-core-v316-plus=\"true\">\n\t\t\t\t\t<div class=\"e-con-inner\">\n\t\t\t\t<div class=\"elementor-element elementor-element-37c1be9 elementor-widget elementor-widget-heading\" data-id=\"37c1be9\" data-element_type=\"widget\" data-widget_type=\"heading.default\">\n\t\t\t\t<div class=\"elementor-widget-container\">\n\t\t\t<h2 class=\"elementor-heading-title elementor-size-default\">Rrjeti i Spitaleve Promovuese t\u00eb Sh\u00ebndetit: p\u00ebrvoja e delegacionit nga Kosova \n<\/h2>\t\t<\/div>\n\t\t\t\t<\/div>\n\t\t\t\t<div class=\"elementor-element elementor-element-e0f004e elementor-widget elementor-widget-text-editor\" data-id=\"e0f004e\" data-element_type=\"widget\" data-widget_type=\"text-editor.default\">\n\t\t\t\t<div class=\"elementor-widget-container\">\n\t\t\t\t\t\t\t<p><i>Koncepti i Spitaleve Promovuese t\u00eb Sh\u00ebndetit (HPH) i jep p\u00ebrpar\u00ebsi mir\u00ebqenies s\u00eb pacientit p\u00ebrmes edukimit, parandalimit, kujdesit sh\u00ebndet\u00ebsor t\u00eb integruar, praktikave t\u00eb bazuara n\u00eb d\u00ebshmi dhe angazhimit t\u00eb komunitetit. Ai sjell ndryshim t\u00eb q\u00ebndruesh\u00ebm n\u00eb ofrimin e kujdesit sh\u00ebndet\u00ebsor duke fuqizuar pacient\u00ebt q\u00eb t\u00eb vet\u00ebmenaxhojn\u00eb sh\u00ebndetin e tyre.<\/i><\/p>\t\t\t\t\t\t<\/div>\n\t\t\t\t<\/div>\n\t\t\t\t\t<\/div>\n\t\t\t\t<\/div>\n\t\t<div class=\"elementor-element elementor-element-548d204 e-flex e-con-boxed e-con e-parent\" data-id=\"548d204\" data-element_type=\"container\" data-core-v316-plus=\"true\">\n\t\t\t\t\t<div class=\"e-con-inner\">\n\t\t\t\t<div class=\"elementor-element elementor-element-c099ebd elementor-widget elementor-widget-image\" data-id=\"c099ebd\" data-element_type=\"widget\" data-widget_type=\"image.default\">\n\t\t\t\t<div class=\"elementor-widget-container\">\n\t\t\t\t\t\t\t\t\t\t\t\t\t<img fetchpriority=\"high\" decoding=\"async\" width=\"1600\" height=\"1200\" src=\"https:\/\/ihsproject.org\/wp-content\/uploads\/2024\/11\/2024-11-20-IS-HPH-Hungary-1-Main-Picture.jpg\" class=\"attachment-full size-full wp-image-14167\" alt=\"\" srcset=\"https:\/\/ihsproject.org\/wp-content\/uploads\/2024\/11\/2024-11-20-IS-HPH-Hungary-1-Main-Picture.jpg 1600w, https:\/\/ihsproject.org\/wp-content\/uploads\/2024\/11\/2024-11-20-IS-HPH-Hungary-1-Main-Picture-300x225.jpg 300w, https:\/\/ihsproject.org\/wp-content\/uploads\/2024\/11\/2024-11-20-IS-HPH-Hungary-1-Main-Picture-1024x768.jpg 1024w, https:\/\/ihsproject.org\/wp-content\/uploads\/2024\/11\/2024-11-20-IS-HPH-Hungary-1-Main-Picture-768x576.jpg 768w, https:\/\/ihsproject.org\/wp-content\/uploads\/2024\/11\/2024-11-20-IS-HPH-Hungary-1-Main-Picture-1536x1152.jpg 1536w, https:\/\/ihsproject.org\/wp-content\/uploads\/2024\/11\/2024-11-20-IS-HPH-Hungary-1-Main-Picture-16x12.jpg 16w\" sizes=\"(max-width: 1600px) 100vw, 1600px\" \/>\t\t\t\t\t\t\t\t\t\t\t\t\t<\/div>\n\t\t\t\t<\/div>\n\t\t\t\t\t<\/div>\n\t\t\t\t<\/div>\n\t\t<div class=\"elementor-element elementor-element-b229fb3 e-flex e-con-boxed e-con e-parent\" data-id=\"b229fb3\" data-element_type=\"container\" data-core-v316-plus=\"true\">\n\t\t\t\t\t<div class=\"e-con-inner\">\n\t\t\t\t<div class=\"elementor-element elementor-element-e6bbea2 elementor-widget elementor-widget-text-editor\" data-id=\"e6bbea2\" data-element_type=\"widget\" data-widget_type=\"text-editor.default\">\n\t\t\t\t<div class=\"elementor-widget-container\">\n\t\t\t\t\t\t\t<p>Duke hedhur nj\u00eb hap drejt adoptimit t\u00eb standardeve t\u00eb Spitaleve Promovuese t\u00eb Sh\u00ebndetit (HPH), nj\u00eb grup udh\u00ebheq\u00ebsish t\u00eb sektorit sh\u00ebndet\u00ebsor nga Kosova mor\u00ebn pjes\u00eb koh\u00ebve t\u00eb fundit n\u00eb nj\u00eb vizit\u00eb studimore n\u00eb Hungari. P\u00ebrfaq\u00ebsues nga Ministria e Sh\u00ebndet\u00ebsis\u00eb e Kosov\u00ebs, Instituti Komb\u00ebtar i Sh\u00ebndet\u00ebsis\u00eb Publike dhe spitalet e p\u00ebrgjithshme dhe qendrat e kujdesit sh\u00ebndet\u00ebsor par\u00ebsor t\u00eb Pej\u00ebs dhe Gjakov\u00ebs vizituan Spitalin e F\u00ebmij\u00ebve Bethesda, an\u00ebtar prej shum\u00eb koh\u00ebsh i Rrjetit HPH. Delegacioni u kthye n\u00eb Kosov\u00eb i frym\u00ebzuar dhe me vizion t\u00eb qart\u00eb p\u00ebr t\u00eb zbatuar qasje\/standarde t\u00eb ngjashme si\u00e7 v\u00ebzhguan n\u00eb Hungari.<\/p><p>S\u00ebmundjet kronike jongjit\u00ebse, si diabeti, hipertensioni dhe s\u00ebmundjet e zemr\u00ebs, po p\u00ebrhapen gjithnj\u00eb e m\u00eb shum\u00eb n\u00eb Kosov\u00eb, duke theksuar k\u00ebshtu nevoj\u00ebn p\u00ebr nj\u00eb qasje m\u00eb gjith\u00ebp\u00ebrfshir\u00ebse dhe parandaluese ndaj kujdesit sh\u00ebndet\u00ebsor. Rrjeti Nd\u00ebrkomb\u00ebtar i Spitaleve Promovuese t\u00eb Sh\u00ebndetit (HPH) synon t\u00eb p\u00ebrfshij\u00eb vlerat dhe standardet e promovimit t\u00eb sh\u00ebndetit n\u00eb kultur\u00ebn e spitaleve dhe sh\u00ebrbimeve sh\u00ebndet\u00ebsore, duke rritur marr\u00ebdh\u00ebniet me komunitetin.<span class=\"Apple-converted-space\">\u00a0<\/span><\/p>\t\t\t\t\t\t<\/div>\n\t\t\t\t<\/div>\n\t\t\t\t\t<\/div>\n\t\t\t\t<\/div>\n\t\t<div class=\"elementor-element elementor-element-845b744 e-flex e-con-boxed e-con e-parent\" data-id=\"845b744\" data-element_type=\"container\" data-core-v316-plus=\"true\">\n\t\t\t\t\t<div class=\"e-con-inner\">\n\t\t<div class=\"elementor-element elementor-element-8618d76 e-con-full e-flex e-con e-child\" data-id=\"8618d76\" data-element_type=\"container\">\n\t\t\t\t<div class=\"elementor-element elementor-element-df199a7 elementor-widget elementor-widget-image\" data-id=\"df199a7\" data-element_type=\"widget\" data-widget_type=\"image.default\">\n\t\t\t\t<div class=\"elementor-widget-container\">\n\t\t\t\t\t\t\t\t\t\t\t\t\t<img decoding=\"async\" width=\"2048\" height=\"1152\" src=\"https:\/\/ihsproject.org\/wp-content\/uploads\/2024\/11\/2024-11-20-IS-HPH-Hungary-2.jpg\" class=\"attachment-full size-full wp-image-14168\" alt=\"\" srcset=\"https:\/\/ihsproject.org\/wp-content\/uploads\/2024\/11\/2024-11-20-IS-HPH-Hungary-2.jpg 2048w, https:\/\/ihsproject.org\/wp-content\/uploads\/2024\/11\/2024-11-20-IS-HPH-Hungary-2-300x169.jpg 300w, https:\/\/ihsproject.org\/wp-content\/uploads\/2024\/11\/2024-11-20-IS-HPH-Hungary-2-1024x576.jpg 1024w, https:\/\/ihsproject.org\/wp-content\/uploads\/2024\/11\/2024-11-20-IS-HPH-Hungary-2-768x432.jpg 768w, https:\/\/ihsproject.org\/wp-content\/uploads\/2024\/11\/2024-11-20-IS-HPH-Hungary-2-1536x864.jpg 1536w, https:\/\/ihsproject.org\/wp-content\/uploads\/2024\/11\/2024-11-20-IS-HPH-Hungary-2-18x10.jpg 18w\" sizes=\"(max-width: 2048px) 100vw, 2048px\" \/>\t\t\t\t\t\t\t\t\t\t\t\t\t<\/div>\n\t\t\t\t<\/div>\n\t\t\t\t<\/div>\n\t\t<div class=\"elementor-element elementor-element-e73573e e-con-full e-flex e-con e-child\" data-id=\"e73573e\" data-element_type=\"container\">\n\t\t\t\t<div class=\"elementor-element elementor-element-ca916ab elementor-widget elementor-widget-text-editor\" data-id=\"ca916ab\" data-element_type=\"widget\" data-widget_type=\"text-editor.default\">\n\t\t\t\t<div class=\"elementor-widget-container\">\n\t\t\t\t\t\t\t<p>\u201cN\u00eb spitalet q\u00eb ndjekin k\u00ebt\u00eb model, fokusi \u00ebsht\u00eb si n\u00eb fuqizimin e pacient\u00ebve p\u00ebr t\u00eb menaxhuar dhe parandaluar s\u00ebmundjet, ashtu edhe n\u00eb adresimin e nevojave akute mjek\u00ebsore\u201d, shpjegoi Dr. Ardita Baraku, Drejtore e Institutit Komb\u00ebtar t\u00eb Sh\u00ebndetit Publik (IKSHP) t\u00eb Kosov\u00ebs, an\u00ebtare e delegacionit, n\u00eb nj\u00eb podcast me projektin e Sh\u00ebrbimeve t\u00eb Integruara Sh\u00ebndet\u00ebsore (IHS).<\/p>\t\t\t\t\t\t<\/div>\n\t\t\t\t<\/div>\n\t\t\t\t<\/div>\n\t\t\t\t\t<\/div>\n\t\t\t\t<\/div>\n\t\t<div class=\"elementor-element elementor-element-3f28ec9 e-flex e-con-boxed e-con e-parent\" data-id=\"3f28ec9\" data-element_type=\"container\" data-core-v316-plus=\"true\">\n\t\t\t\t\t<div class=\"e-con-inner\">\n\t\t\t\t<div class=\"elementor-element elementor-element-32aa5d5 elementor-widget elementor-widget-text-editor\" data-id=\"32aa5d5\" data-element_type=\"widget\" data-widget_type=\"text-editor.default\">\n\t\t\t\t<div class=\"elementor-widget-container\">\n\t\t\t\t\t\t\t<p>Q\u00eb nga marsi i vitit 2024, Spitalet e P\u00ebrgjithshme n\u00eb Pej\u00eb dhe Gjakov\u00eb i jan\u00eb bashkuar rrjetit nd\u00ebrkomb\u00ebtar t\u00eb HPH, duke hedhur bazat p\u00ebr adoptimin m\u00eb t\u00eb gjer\u00eb t\u00eb k\u00ebtyre praktikave transformuese n\u00eb mbar\u00eb Kosov\u00ebn.<\/p>\t\t\t\t\t\t<\/div>\n\t\t\t\t<\/div>\n\t\t\t\t\t<\/div>\n\t\t\t\t<\/div>\n\t\t<div class=\"elementor-element elementor-element-95b8a67 e-flex e-con-boxed e-con e-parent\" data-id=\"95b8a67\" data-element_type=\"container\" data-core-v316-plus=\"true\">\n\t\t\t\t\t<div class=\"e-con-inner\">\n\t\t\t\t<div class=\"elementor-element elementor-element-84049b1 elementor-widget elementor-widget-heading\" data-id=\"84049b1\" data-element_type=\"widget\" data-widget_type=\"heading.default\">\n\t\t\t\t<div class=\"elementor-widget-container\">\n\t\t\t<h2 class=\"elementor-heading-title elementor-size-default\">M\u00ebsimet e nxjerra nga praktikat m\u00eb t\u00eb mira t\u00eb Hungaris\u00eb<\/h2>\t\t<\/div>\n\t\t\t\t<\/div>\n\t\t\t\t<div class=\"elementor-element elementor-element-b9d947d elementor-widget elementor-widget-text-editor\" data-id=\"b9d947d\" data-element_type=\"widget\" data-widget_type=\"text-editor.default\">\n\t\t\t\t<div class=\"elementor-widget-container\">\n\t\t\t\t\t\t\t<p>Gjat\u00eb vizit\u00ebs, nikoqir\u00ebt Dr. Gy\u00f6rgy J\u00e1nos Velkey, Drejtor i P\u00ebrgjithsh\u00ebm i Spitalit t\u00eb F\u00ebmij\u00ebve Bethesda dhe Dr. Zsuzsa R\u00e1kosy-Vok\u00f3, Udh\u00ebheq\u00ebsja e Promovimit t\u00eb Sh\u00ebndetit, ndan\u00eb njohuri me delegacionin e Kosov\u00ebs rreth praktikave t\u00eb Hungaris\u00eb me HPH-n\u00eb, p\u00ebrfshir\u00eb strategjit\u00eb praktike p\u00ebr zbatimin e nismave t\u00eb ngjashme n\u00eb vendin ton\u00eb.<\/p>\t\t\t\t\t\t<\/div>\n\t\t\t\t<\/div>\n\t\t\t\t\t<\/div>\n\t\t\t\t<\/div>\n\t\t<div class=\"elementor-element elementor-element-ff3e0a3 e-flex e-con-boxed e-con e-parent\" data-id=\"ff3e0a3\" data-element_type=\"container\" data-core-v316-plus=\"true\">\n\t\t\t\t\t<div class=\"e-con-inner\">\n\t\t<div class=\"elementor-element elementor-element-720631a e-con-full e-flex e-con e-child\" data-id=\"720631a\" data-element_type=\"container\">\n\t\t\t\t<div class=\"elementor-element elementor-element-8206ee4 elementor-widget elementor-widget-image\" data-id=\"8206ee4\" data-element_type=\"widget\" data-widget_type=\"image.default\">\n\t\t\t\t<div class=\"elementor-widget-container\">\n\t\t\t\t\t\t\t\t\t\t\t\t\t<img decoding=\"async\" width=\"1600\" height=\"1200\" src=\"https:\/\/ihsproject.org\/wp-content\/uploads\/2024\/11\/2024-11-20-IS-HPH-Hungary-3.jpg\" class=\"attachment-full size-full wp-image-14169\" alt=\"\" srcset=\"https:\/\/ihsproject.org\/wp-content\/uploads\/2024\/11\/2024-11-20-IS-HPH-Hungary-3.jpg 1600w, https:\/\/ihsproject.org\/wp-content\/uploads\/2024\/11\/2024-11-20-IS-HPH-Hungary-3-300x225.jpg 300w, https:\/\/ihsproject.org\/wp-content\/uploads\/2024\/11\/2024-11-20-IS-HPH-Hungary-3-1024x768.jpg 1024w, https:\/\/ihsproject.org\/wp-content\/uploads\/2024\/11\/2024-11-20-IS-HPH-Hungary-3-768x576.jpg 768w, https:\/\/ihsproject.org\/wp-content\/uploads\/2024\/11\/2024-11-20-IS-HPH-Hungary-3-1536x1152.jpg 1536w, https:\/\/ihsproject.org\/wp-content\/uploads\/2024\/11\/2024-11-20-IS-HPH-Hungary-3-16x12.jpg 16w\" sizes=\"(max-width: 1600px) 100vw, 1600px\" \/>\t\t\t\t\t\t\t\t\t\t\t\t\t<\/div>\n\t\t\t\t<\/div>\n\t\t\t\t<\/div>\n\t\t<div class=\"elementor-element elementor-element-d9966af e-con-full e-flex e-con e-child\" data-id=\"d9966af\" data-element_type=\"container\">\n\t\t\t\t<div class=\"elementor-element elementor-element-b8ae6ff elementor-widget elementor-widget-text-editor\" data-id=\"b8ae6ff\" data-element_type=\"widget\" data-widget_type=\"text-editor.default\">\n\t\t\t\t<div class=\"elementor-widget-container\">\n\t\t\t\t\t\t\t<p>\u201cQ\u00ebllimi yn\u00eb \u00ebsht\u00eb t\u00eb krijojm\u00eb nj\u00eb kultur\u00eb ku kujdesi sh\u00ebndet\u00ebsor nuk trajton vet\u00ebm s\u00ebmundjet, por promovon mir\u00ebqenien n\u00eb t\u00eb gjitha moshat,\u201d tha Dr. Fazli Shala, Drejtor i Spitalit t\u00eb P\u00ebrgjithsh\u00ebm t\u00eb Pej\u00ebs. \u201c\u00cbsht\u00eb privilegj t\u00eb m\u00ebsosh nga koleg\u00ebt tan\u00eb hungarez\u00eb dhe t\u00eb kontribuosh n\u00eb nd\u00ebrtimin e komuniteteve m\u00eb t\u00eb sh\u00ebndetshme n\u00eb Kosov\u00eb\u201d.<span class=\"Apple-converted-space\">\u00a0<\/span><\/p>\t\t\t\t\t\t<\/div>\n\t\t\t\t<\/div>\n\t\t\t\t<\/div>\n\t\t\t\t\t<\/div>\n\t\t\t\t<\/div>\n\t\t<div class=\"elementor-element elementor-element-946e305 e-flex e-con-boxed e-con e-parent\" data-id=\"946e305\" data-element_type=\"container\" data-core-v316-plus=\"true\">\n\t\t\t\t\t<div class=\"e-con-inner\">\n\t\t\t\t<div class=\"elementor-element elementor-element-3846e90 elementor-widget elementor-widget-text-editor\" data-id=\"3846e90\" data-element_type=\"widget\" data-widget_type=\"text-editor.default\">\n\t\t\t\t<div class=\"elementor-widget-container\">\n\t\t\t\t\t\t\t<p>Udh\u00ebheq\u00ebsit e sh\u00ebndet\u00ebsis\u00eb n\u00eb Kosov\u00eb v\u00ebzhguan p\u00ebrdorime inovative t\u00eb teknologjis\u00eb dhe qasjen e Hungaris\u00eb ndaj kujdesit sh\u00ebndet\u00ebsor t\u00eb qassh\u00ebm dhe parandalues, ve\u00e7an\u00ebrisht n\u00eb komunitetet e margjinalizuara. \u201cIshte frym\u00ebzuese t\u00eb shihje p\u00ebrdorimin e autobus\u00ebve t\u00eb l\u00ebvizsh\u00ebm sh\u00ebndet\u00ebsor\u00eb q\u00eb udh\u00ebtojn\u00eb n\u00eb zonat rurale p\u00ebr t\u00eb ofruar sh\u00ebrbime sh\u00ebndet\u00ebsore thelb\u00ebsore si kontrolli i glukoz\u00ebs n\u00eb gjak dhe tensionit t\u00eb gjakut, k\u00ebshilla p\u00ebr t\u00eb ushqyerit dhe edukimi i p\u00ebrgjithsh\u00ebm sh\u00ebndet\u00ebsor,\u201d tha Dr. Shaban Osmanaj, Udh\u00ebheq\u00ebs i Divizionit t\u00eb Kujdesit Par\u00ebsor Sh\u00ebndet\u00ebsor, Ministria e Sh\u00ebndet\u00ebsis\u00eb e Kosov\u00ebs.<span class=\"Apple-converted-space\">\u00a0<\/span><\/p>\t\t\t\t\t\t<\/div>\n\t\t\t\t<\/div>\n\t\t\t\t\t<\/div>\n\t\t\t\t<\/div>\n\t\t<div class=\"elementor-element elementor-element-69757f1 e-flex e-con-boxed e-con e-parent\" data-id=\"69757f1\" data-element_type=\"container\" data-core-v316-plus=\"true\">\n\t\t\t\t\t<div class=\"e-con-inner\">\n\t\t<div class=\"elementor-element elementor-element-09c91e8 e-con-full e-flex e-con e-child\" data-id=\"09c91e8\" data-element_type=\"container\">\n\t\t\t\t<div class=\"elementor-element elementor-element-0412fff elementor-widget elementor-widget-image\" data-id=\"0412fff\" data-element_type=\"widget\" data-widget_type=\"image.default\">\n\t\t\t\t<div class=\"elementor-widget-container\">\n\t\t\t\t\t\t\t\t\t\t\t\t\t<img loading=\"lazy\" decoding=\"async\" width=\"1600\" height=\"1200\" src=\"https:\/\/ihsproject.org\/wp-content\/uploads\/2024\/11\/2024-11-20-IS-HPH-Hungary-4.jpg\" class=\"attachment-full size-full wp-image-14170\" alt=\"\" srcset=\"https:\/\/ihsproject.org\/wp-content\/uploads\/2024\/11\/2024-11-20-IS-HPH-Hungary-4.jpg 1600w, https:\/\/ihsproject.org\/wp-content\/uploads\/2024\/11\/2024-11-20-IS-HPH-Hungary-4-300x225.jpg 300w, https:\/\/ihsproject.org\/wp-content\/uploads\/2024\/11\/2024-11-20-IS-HPH-Hungary-4-1024x768.jpg 1024w, https:\/\/ihsproject.org\/wp-content\/uploads\/2024\/11\/2024-11-20-IS-HPH-Hungary-4-768x576.jpg 768w, https:\/\/ihsproject.org\/wp-content\/uploads\/2024\/11\/2024-11-20-IS-HPH-Hungary-4-1536x1152.jpg 1536w, https:\/\/ihsproject.org\/wp-content\/uploads\/2024\/11\/2024-11-20-IS-HPH-Hungary-4-16x12.jpg 16w\" sizes=\"(max-width: 1600px) 100vw, 1600px\" \/>\t\t\t\t\t\t\t\t\t\t\t\t\t<\/div>\n\t\t\t\t<\/div>\n\t\t\t\t<\/div>\n\t\t<div class=\"elementor-element elementor-element-b2fc4a1 e-con-full e-flex e-con e-child\" data-id=\"b2fc4a1\" data-element_type=\"container\">\n\t\t\t\t<div class=\"elementor-element elementor-element-cfd5c3f elementor-widget elementor-widget-text-editor\" data-id=\"cfd5c3f\" data-element_type=\"widget\" data-widget_type=\"text-editor.default\">\n\t\t\t\t<div class=\"elementor-widget-container\">\n\t\t\t\t\t\t\t<p>\u201cKy lloj kujdesi i qassh\u00ebm dhe parandalues mund t\u00eb ket\u00eb ndikim t\u00eb r\u00ebnd\u00ebsish\u00ebm n\u00eb Kosov\u00eb, ve\u00e7an\u00ebrisht n\u00eb zonat e thella ku burimet sh\u00ebndet\u00ebsore jan\u00eb t\u00eb kufizuara,\u201d shtoi Dr. Arben Koshi, Udh\u00ebheq\u00ebs i Qendr\u00ebs Kryesore t\u00eb Mjek\u00ebsis\u00eb Familjare n\u00eb Gjakov\u00eb.<\/p>\t\t\t\t\t\t<\/div>\n\t\t\t\t<\/div>\n\t\t\t\t<\/div>\n\t\t\t\t\t<\/div>\n\t\t\t\t<\/div>\n\t\t<div class=\"elementor-element elementor-element-7989d87 e-flex e-con-boxed e-con e-parent\" data-id=\"7989d87\" data-element_type=\"container\" data-core-v316-plus=\"true\">\n\t\t\t\t\t<div class=\"e-con-inner\">\n\t\t\t\t<div class=\"elementor-element elementor-element-da51a71 elementor-widget elementor-widget-text-editor\" data-id=\"da51a71\" data-element_type=\"widget\" data-widget_type=\"text-editor.default\">\n\t\t\t\t<div class=\"elementor-widget-container\">\n\t\t\t\t\t\t\t<p>Qasja HPH po ashtu thekson mir\u00ebqenien e vet\u00eb ofruesve t\u00eb kujdesit sh\u00ebndet\u00ebsor. T\u00eb frym\u00ebzuar nga kjo, udh\u00ebheq\u00ebsit e sh\u00ebndet\u00ebsis\u00eb n\u00eb Kosov\u00eb synojn\u00eb jo vet\u00ebm t\u00eb transformojn\u00eb praktikat e kujdesit ndaj pacient\u00ebve, por edhe t\u00eb krijojn\u00eb mjedise mb\u00ebshtet\u00ebse p\u00ebr stafin e spitalit. N\u00eb fund t\u00eb fundit, modeli i Spitaleve Promovuese t\u00eb Sh\u00ebndetit ka t\u00eb b\u00ebj\u00eb m\u00eb shum\u00eb sesa thjesht trajtimin e s\u00ebmundjeve; \u00ebsht\u00eb nj\u00eb m\u00ebnyr\u00eb e re e t\u00eb menduarit p\u00ebr sh\u00ebndetin dhe mir\u00ebqenien si nj\u00eb p\u00ebrgjegj\u00ebsi e p\u00ebrbashk\u00ebt.<span class=\"Apple-converted-space\">\u00a0<\/span><\/p>\t\t\t\t\t\t<\/div>\n\t\t\t\t<\/div>\n\t\t\t\t\t<\/div>\n\t\t\t\t<\/div>\n\t\t<div class=\"elementor-element elementor-element-a14c335 e-flex e-con-boxed e-con e-parent\" data-id=\"a14c335\" data-element_type=\"container\" data-core-v316-plus=\"true\">\n\t\t\t\t\t<div class=\"e-con-inner\">\n\t\t\t\t<div class=\"elementor-element elementor-element-593e706 elementor-widget elementor-widget-heading\" data-id=\"593e706\" data-element_type=\"widget\" data-widget_type=\"heading.default\">\n\t\t\t\t<div class=\"elementor-widget-container\">\n\t\t\t<h2 class=\"elementor-heading-title elementor-size-default\">Nd\u00ebrtimi i nj\u00eb t\u00eb ardhmeje promovuese t\u00eb sh\u00ebndetit p\u00ebr Kosov\u00ebn<\/h2>\t\t<\/div>\n\t\t\t\t<\/div>\n\t\t\t\t<div class=\"elementor-element elementor-element-2595201 elementor-widget elementor-widget-text-editor\" data-id=\"2595201\" data-element_type=\"widget\" data-widget_type=\"text-editor.default\">\n\t\t\t\t<div class=\"elementor-widget-container\">\n\t\t\t\t\t\t\t<p>Vizita studimore n\u00eb Hungari sh\u00ebnoi fillimin e p\u00ebrkushtimit afatgjat\u00eb t\u00eb Kosov\u00ebs p\u00ebr transformimin e sistemit t\u00eb vet t\u00eb kujdesit sh\u00ebndet\u00ebsor n\u00eb at\u00eb q\u00eb i jep prioritet edukimit sh\u00ebndet\u00ebsor dhe kujdesit parandalues. Suksesi do t\u00eb varet nga nj\u00eb adoptim gradual, por i q\u00ebndruesh\u00ebm i strategjive t\u00eb HPH, duke filluar me spitalet n\u00eb Pej\u00eb dhe Gjakov\u00eb dhe p\u00ebrfundimisht duke u zgjeruar n\u00eb mbar\u00eb vendin. Nd\u00ebrsa Kosova fillon zbatimin e k\u00ebtyre ndryshimeve, pacient\u00ebt, punonj\u00ebsit e kujdesit sh\u00ebndet\u00ebsor dhe komunitetet po ashtu do t\u00eb p\u00ebrfitojn\u00eb.<\/p><p>\u201cTransformimi i sh\u00ebndet\u00ebsis\u00eb s\u00eb Kosov\u00ebs do t\u00eb jet\u00eb nj\u00eb udh\u00ebtim\u201d, reflektoi Dr. Ardita Baraku, IKSHP, \u201cdhe ne po fillojm\u00eb me nj\u00eb themel t\u00eb fort\u00eb t\u00eb njohurive dhe frym\u00ebzimit nga Hungaria. Ky partneritet na ka treguar se \u00e7far\u00eb \u00ebsht\u00eb e mundur\u201d.<\/p>\t\t\t\t\t\t<\/div>\n\t\t\t\t<\/div>\n\t\t\t\t\t<\/div>\n\t\t\t\t<\/div>\n\t\t<div class=\"elementor-element elementor-element-b74d88e e-flex e-con-boxed e-con e-parent\" data-id=\"b74d88e\" data-element_type=\"container\" data-core-v316-plus=\"true\">\n\t\t\t\t\t<div class=\"e-con-inner\">\n\t\t\t\t<div class=\"elementor-element elementor-element-588b37c elementor-widget elementor-widget-image\" data-id=\"588b37c\" data-element_type=\"widget\" data-widget_type=\"image.default\">\n\t\t\t\t<div class=\"elementor-widget-container\">\n\t\t\t\t\t\t\t\t\t\t\t\t\t<img loading=\"lazy\" decoding=\"async\" width=\"1600\" height=\"1200\" src=\"https:\/\/ihsproject.org\/wp-content\/uploads\/2024\/11\/2024-11-20-IS-HPH-Hungary-5.jpg\" class=\"attachment-full size-full wp-image-14171\" alt=\"\" srcset=\"https:\/\/ihsproject.org\/wp-content\/uploads\/2024\/11\/2024-11-20-IS-HPH-Hungary-5.jpg 1600w, https:\/\/ihsproject.org\/wp-content\/uploads\/2024\/11\/2024-11-20-IS-HPH-Hungary-5-300x225.jpg 300w, https:\/\/ihsproject.org\/wp-content\/uploads\/2024\/11\/2024-11-20-IS-HPH-Hungary-5-1024x768.jpg 1024w, https:\/\/ihsproject.org\/wp-content\/uploads\/2024\/11\/2024-11-20-IS-HPH-Hungary-5-768x576.jpg 768w, https:\/\/ihsproject.org\/wp-content\/uploads\/2024\/11\/2024-11-20-IS-HPH-Hungary-5-1536x1152.jpg 1536w, https:\/\/ihsproject.org\/wp-content\/uploads\/2024\/11\/2024-11-20-IS-HPH-Hungary-5-16x12.jpg 16w\" sizes=\"(max-width: 1600px) 100vw, 1600px\" \/>\t\t\t\t\t\t\t\t\t\t\t\t\t<\/div>\n\t\t\t\t<\/div>\n\t\t\t\t\t<\/div>\n\t\t\t\t<\/div>\n\t\t<div class=\"elementor-element elementor-element-af1f5f8 e-flex e-con-boxed e-con e-parent\" data-id=\"af1f5f8\" data-element_type=\"container\" data-core-v316-plus=\"true\">\n\t\t\t\t\t<div class=\"e-con-inner\">\n\t\t\t\t<div class=\"elementor-element elementor-element-b9c4e53 elementor-widget elementor-widget-text-editor\" data-id=\"b9c4e53\" data-element_type=\"widget\" data-widget_type=\"text-editor.default\">\n\t\t\t\t<div class=\"elementor-widget-container\">\n\t\t\t\t\t\t\t<p>Vizita studimore u mb\u00ebshtet nga projekti i Sh\u00ebrbimeve Sh\u00ebndet\u00ebsore t\u00eb Integruara (IHS), nj\u00eb nism\u00eb e p\u00ebrbashk\u00ebt nd\u00ebrmjet Agjencis\u00eb Zvicerane p\u00ebr Zhvillim dhe Bashk\u00ebpunim (SDC) dhe Ministris\u00eb s\u00eb Sh\u00ebndet\u00ebsis\u00eb s\u00eb Kosov\u00ebs, q\u00eb zbatohet nga Instituti Zviceran p\u00ebr Sh\u00ebndetin Publik dhe Tropikal.<span class=\"Apple-converted-space\">\u00a0<\/span><\/p>\t\t\t\t\t\t<\/div>\n\t\t\t\t<\/div>\n\t\t\t\t\t<\/div>\n\t\t\t\t<\/div>\n\t\t\t\t<\/div>","protected":false},"excerpt":{"rendered":"<p>Health-Promoting Hospital Network: Experience of the Delegation from Kosovo The Health-Promoting Hospitals (HPH) concept prioritizes patient wellbeing through education, prevention, integrated healthcare, evidence-based practices, and community engagement. It brings sustainable change in healthcare delivery by empowering patients to self-manage their health. In a step toward adopting a Health-Promoting Hospital (HPH) standards, a group of health [&hellip;]<\/p>","protected":false},"author":1,"featured_media":0,"parent":0,"menu_order":0,"comment_status":"closed","ping_status":"closed","template":"","meta":[],"_links":{"self":[{"href":"https:\/\/ihsproject.org\/sq\/wp-json\/wp\/v2\/pages\/14164"}],"collection":[{"href":"https:\/\/ihsproject.org\/sq\/wp-json\/wp\/v2\/pages"}],"about":[{"href":"https:\/\/ihsproject.org\/sq\/wp-json\/wp\/v2\/types\/page"}],"author":[{"embeddable":true,"href":"https:\/\/ihsproject.org\/sq\/wp-json\/wp\/v2\/users\/1"}],"replies":[{"embeddable":true,"href":"https:\/\/ihsproject.org\/sq\/wp-json\/wp\/v2\/comments?post=14164"}],"version-history":[{"count":10,"href":"https:\/\/ihsproject.org\/sq\/wp-json\/wp\/v2\/pages\/14164\/revisions"}],"predecessor-version":[{"id":14188,"href":"https:\/\/ihsproject.org\/sq\/wp-json\/wp\/v2\/pages\/14164\/revisions\/14188"}],"wp:attachment":[{"href":"https:\/\/ihsproject.org\/sq\/wp-json\/wp\/v2\/media?parent=14164"}],"curies":[{"name":"wp","href":"https:\/\/api.w.org\/{rel}","templated":true}]}}