{"id":14139,"date":"2024-11-01T08:33:34","date_gmt":"2024-11-01T08:33:34","guid":{"rendered":"https:\/\/ihsproject.org\/?page_id=14139"},"modified":"2024-11-01T08:36:18","modified_gmt":"2024-11-01T08:36:18","slug":"october-31-2024","status":"publish","type":"page","link":"https:\/\/ihsproject.org\/sq\/october-31-2024\/","title":{"rendered":"Tetor 31, 2024"},"content":{"rendered":"<div data-elementor-type=\"wp-page\" data-elementor-id=\"14139\" class=\"elementor elementor-14139\">\n\t\t\t\t<div class=\"elementor-element elementor-element-1de43c2 e-flex e-con-boxed e-con e-parent\" data-id=\"1de43c2\" data-element_type=\"container\" data-core-v316-plus=\"true\">\n\t\t\t\t\t<div class=\"e-con-inner\">\n\t\t\t\t<div class=\"elementor-element elementor-element-6a7f84e elementor-widget elementor-widget-image\" data-id=\"6a7f84e\" data-element_type=\"widget\" data-widget_type=\"image.default\">\n\t\t\t\t<div class=\"elementor-widget-container\">\n\t\t\t\t\t\t\t\t\t\t\t\t\t<img fetchpriority=\"high\" decoding=\"async\" width=\"1600\" height=\"900\" src=\"https:\/\/ihsproject.org\/wp-content\/uploads\/2024\/11\/Adult-Learning-Principles-Workshop-for-Health-Sector-Professionals.jpg\" class=\"attachment-full size-full wp-image-14137\" alt=\"\" srcset=\"https:\/\/ihsproject.org\/wp-content\/uploads\/2024\/11\/Adult-Learning-Principles-Workshop-for-Health-Sector-Professionals.jpg 1600w, https:\/\/ihsproject.org\/wp-content\/uploads\/2024\/11\/Adult-Learning-Principles-Workshop-for-Health-Sector-Professionals-300x169.jpg 300w, https:\/\/ihsproject.org\/wp-content\/uploads\/2024\/11\/Adult-Learning-Principles-Workshop-for-Health-Sector-Professionals-1024x576.jpg 1024w, https:\/\/ihsproject.org\/wp-content\/uploads\/2024\/11\/Adult-Learning-Principles-Workshop-for-Health-Sector-Professionals-768x432.jpg 768w, https:\/\/ihsproject.org\/wp-content\/uploads\/2024\/11\/Adult-Learning-Principles-Workshop-for-Health-Sector-Professionals-1536x864.jpg 1536w, https:\/\/ihsproject.org\/wp-content\/uploads\/2024\/11\/Adult-Learning-Principles-Workshop-for-Health-Sector-Professionals-18x10.jpg 18w\" sizes=\"(max-width: 1600px) 100vw, 1600px\" \/>\t\t\t\t\t\t\t\t\t\t\t\t\t<\/div>\n\t\t\t\t<\/div>\n\t\t\t\t\t<\/div>\n\t\t\t\t<\/div>\n\t\t<div class=\"elementor-element elementor-element-8503254 e-flex e-con-boxed e-con e-parent\" data-id=\"8503254\" data-element_type=\"container\" data-core-v316-plus=\"true\">\n\t\t\t\t\t<div class=\"e-con-inner\">\n\t\t\t\t<div class=\"elementor-element elementor-element-4b0d638 elementor-widget elementor-widget-heading\" data-id=\"4b0d638\" data-element_type=\"widget\" data-widget_type=\"heading.default\">\n\t\t\t\t<div class=\"elementor-widget-container\">\n\t\t\t<h2 class=\"elementor-heading-title elementor-size-default\">Pun\u00ebtoria mbi parimet e m\u00ebsimnx\u00ebnies t\u00eb t\u00eb rriturve p\u00ebr profesionist\u00ebt e sektorit sh\u00ebndet\u00ebsor<\/h2>\t\t<\/div>\n\t\t\t\t<\/div>\n\t\t\t\t<div class=\"elementor-element elementor-element-6cb0840 elementor-widget elementor-widget-text-editor\" data-id=\"6cb0840\" data-element_type=\"widget\" data-widget_type=\"text-editor.default\">\n\t\t\t\t<div class=\"elementor-widget-container\">\n\t\t\t\t\t\t\t<p style=\"font-weight: 400;\">K\u00ebt\u00eb jav\u00eb, pun\u00ebtoria dyditore mbi parimet e m\u00ebsimnx\u00ebnies s\u00eb t\u00eb rriturve mblodhi s\u00eb bashku profesionist\u00eb t\u00eb sektorit sh\u00ebndet\u00ebsor nga e gjith\u00eb Kosova me fokus n\u00eb krijimin e mjediseve m\u00ebsimore me ndikim p\u00ebr nx\u00ebn\u00ebsit e rritur. Pjes\u00ebmarr\u00ebsit eksploruan temat kryesore, duke filluar me karakteristikat dhe motivimet unike q\u00eb nxisin m\u00ebsimin e t\u00eb rriturve, t\u00eb ndjekura nga strategjit\u00eb p\u00ebr nxitjen e dinamikave pozitive t\u00eb grupit dhe menaxhimin efektiv t\u00eb konflikteve.<\/p><p style=\"font-weight: 400;\">Pun\u00ebtoria vuri n\u00eb pah gjithashtu aft\u00ebsit\u00eb thelb\u00ebsore t\u00eb komunikimit, duke i pajisur t\u00eb pranishmit p\u00ebr t'u lidhur n\u00eb m\u00ebnyr\u00eb kuptimplot\u00eb me audienc\u00ebn e tyre dhe prezantoi metoda t\u00eb ndryshme trajnimi p\u00ebr t\u00eb p\u00ebrshtatur stile t\u00eb ndryshme t\u00eb m\u00ebsimnx\u00ebnies. N\u00ebp\u00ebrmjet luajtjes s\u00eb roleve, rasteve studimore dhe ushtrimeve nd\u00ebrvepruese, pjes\u00ebmarr\u00ebsit i aplikuan k\u00ebto parime n\u00eb skenar\u00eb t\u00eb bot\u00ebs reale, duke rritur besimin dhe efektivitetin e tyre si trajner\u00eb.<\/p><p style=\"font-weight: 400;\">\u201cKjo metodologji q\u00eb u p\u00ebrdor nga trajneri nuk \u00ebsht\u00eb aplikuar m\u00eb par\u00eb tek ne. Ne do t\u00eb tentojm\u00eb q\u00eb k\u00ebto njohuri t'i zbatojm\u00eb n\u00eb praktik\u00eb dhe besojm\u00eb se do t\u00eb ndikoj\u00eb pozitivisht n\u00eb sistemin sh\u00ebndet\u00ebsor n\u00eb vendin ton\u00eb\u201d, tha Ismet Jashari, Koordinator i SISH-it n\u00eb Spitalin e P\u00ebrgjithsh\u00ebm t\u00eb Gjilanit.<\/p><p style=\"font-weight: 400;\">Kjo pun\u00ebtori, e bashk\u00eborganizuar nga Projekti \"\u201cSh\u00ebrbimet Sh\u00ebndet\u00ebsore t\u00eb Integruara\u201d dhe Projekti \"Kujdesi Sh\u00ebndet\u00ebsor i Qassh\u00ebm dhe Cil\u00ebsor\" \u00ebsht\u00eb pjes\u00eb e aktiviteteve p\u00ebr zgjerimin e kapaciteteve p\u00ebr partner\u00ebt lokal\u00eb n\u00eb nivelin e kujdesit sh\u00ebndet\u00ebsor par\u00ebsor dhe dyt\u00ebsor.<\/p>\t\t\t\t\t\t<\/div>\n\t\t\t\t<\/div>\n\t\t\t\t\t<\/div>\n\t\t\t\t<\/div>\n\t\t\t\t<\/div>","protected":false},"excerpt":{"rendered":"<p>Adult Learning Principles Workshop for Health Sector Professionals This week, a two-day workshop on Adult Learning Principles brought together health sector professionals from around Kosovo with a focus on creating impactful learning environments for adult learners. Participants explored key topics, starting with the unique characteristics and motivations that drive adult learning, followed by strategies for [&hellip;]<\/p>","protected":false},"author":1,"featured_media":0,"parent":0,"menu_order":0,"comment_status":"closed","ping_status":"closed","template":"","meta":[],"_links":{"self":[{"href":"https:\/\/ihsproject.org\/sq\/wp-json\/wp\/v2\/pages\/14139"}],"collection":[{"href":"https:\/\/ihsproject.org\/sq\/wp-json\/wp\/v2\/pages"}],"about":[{"href":"https:\/\/ihsproject.org\/sq\/wp-json\/wp\/v2\/types\/page"}],"author":[{"embeddable":true,"href":"https:\/\/ihsproject.org\/sq\/wp-json\/wp\/v2\/users\/1"}],"replies":[{"embeddable":true,"href":"https:\/\/ihsproject.org\/sq\/wp-json\/wp\/v2\/comments?post=14139"}],"version-history":[{"count":4,"href":"https:\/\/ihsproject.org\/sq\/wp-json\/wp\/v2\/pages\/14139\/revisions"}],"predecessor-version":[{"id":14144,"href":"https:\/\/ihsproject.org\/sq\/wp-json\/wp\/v2\/pages\/14139\/revisions\/14144"}],"wp:attachment":[{"href":"https:\/\/ihsproject.org\/sq\/wp-json\/wp\/v2\/media?parent=14139"}],"curies":[{"name":"wp","href":"https:\/\/api.w.org\/{rel}","templated":true}]}}