{"id":14115,"date":"2024-10-25T13:42:07","date_gmt":"2024-10-25T13:42:07","guid":{"rendered":"https:\/\/ihsproject.org\/?page_id=14115"},"modified":"2024-10-25T13:43:20","modified_gmt":"2024-10-25T13:43:20","slug":"october-25-2024","status":"publish","type":"page","link":"https:\/\/ihsproject.org\/sq\/october-25-2024\/","title":{"rendered":"Tetor 25, 2024"},"content":{"rendered":"<div data-elementor-type=\"wp-page\" data-elementor-id=\"14115\" class=\"elementor elementor-14115\">\n\t\t\t\t<div class=\"elementor-element elementor-element-089c8c5 e-flex e-con-boxed e-con e-parent\" data-id=\"089c8c5\" data-element_type=\"container\" data-core-v316-plus=\"true\">\n\t\t\t\t\t<div class=\"e-con-inner\">\n\t\t\t\t<div class=\"elementor-element elementor-element-c4aa5a1 elementor-widget elementor-widget-image\" data-id=\"c4aa5a1\" data-element_type=\"widget\" data-widget_type=\"image.default\">\n\t\t\t\t<div class=\"elementor-widget-container\">\n\t\t\t\t\t\t\t\t\t\t\t\t\t<img fetchpriority=\"high\" decoding=\"async\" width=\"1600\" height=\"900\" src=\"https:\/\/ihsproject.org\/wp-content\/uploads\/2024\/10\/Fourth-Meeting-of-IHS-Project-Steering-Committee-to-Discuss-Progress.jpg\" class=\"attachment-full size-full wp-image-14114\" alt=\"\" srcset=\"https:\/\/ihsproject.org\/wp-content\/uploads\/2024\/10\/Fourth-Meeting-of-IHS-Project-Steering-Committee-to-Discuss-Progress.jpg 1600w, https:\/\/ihsproject.org\/wp-content\/uploads\/2024\/10\/Fourth-Meeting-of-IHS-Project-Steering-Committee-to-Discuss-Progress-300x169.jpg 300w, https:\/\/ihsproject.org\/wp-content\/uploads\/2024\/10\/Fourth-Meeting-of-IHS-Project-Steering-Committee-to-Discuss-Progress-1024x576.jpg 1024w, https:\/\/ihsproject.org\/wp-content\/uploads\/2024\/10\/Fourth-Meeting-of-IHS-Project-Steering-Committee-to-Discuss-Progress-768x432.jpg 768w, https:\/\/ihsproject.org\/wp-content\/uploads\/2024\/10\/Fourth-Meeting-of-IHS-Project-Steering-Committee-to-Discuss-Progress-1536x864.jpg 1536w, https:\/\/ihsproject.org\/wp-content\/uploads\/2024\/10\/Fourth-Meeting-of-IHS-Project-Steering-Committee-to-Discuss-Progress-18x10.jpg 18w\" sizes=\"(max-width: 1600px) 100vw, 1600px\" \/>\t\t\t\t\t\t\t\t\t\t\t\t\t<\/div>\n\t\t\t\t<\/div>\n\t\t\t\t\t<\/div>\n\t\t\t\t<\/div>\n\t\t<div class=\"elementor-element elementor-element-ab137ce e-flex e-con-boxed e-con e-parent\" data-id=\"ab137ce\" data-element_type=\"container\" data-core-v316-plus=\"true\">\n\t\t\t\t\t<div class=\"e-con-inner\">\n\t\t\t\t<div class=\"elementor-element elementor-element-5cad6d9 elementor-widget elementor-widget-heading\" data-id=\"5cad6d9\" data-element_type=\"widget\" data-widget_type=\"heading.default\">\n\t\t\t\t<div class=\"elementor-widget-container\">\n\t\t\t<h2 class=\"elementor-heading-title elementor-size-default\">Takimi i kat\u00ebrt i Komitetit Drejtues t\u00eb Projektit IHS p\u00ebr t\u00eb diskutuar rreth progresit<\/h2>\t\t<\/div>\n\t\t\t\t<\/div>\n\t\t\t\t<div class=\"elementor-element elementor-element-33ded0e elementor-widget elementor-widget-text-editor\" data-id=\"33ded0e\" data-element_type=\"widget\" data-widget_type=\"text-editor.default\">\n\t\t\t\t<div class=\"elementor-widget-container\">\n\t\t\t\t\t\t\t<p>M\u00eb 25 tetor 2024, Komiteti Drejtues (KD) i projektit Sh\u00ebrbimet Sh\u00ebndet\u00ebsore t\u00eb Integruara (IHS) u mblodh p\u00ebr t\u00eb vler\u00ebsuar aktivitetet aktuale dhe p\u00ebr t\u2019u p\u00ebrgatitur p\u00ebr hapat e ardhsh\u00ebm n\u00eb zbatimin e projektit. Takimin e hapi z. Peter Sidler, Z\u00ebvend\u00ebsshefi i Bashk\u00ebpunimit Nd\u00ebrkomb\u00ebtar, Ambasada e Zvicr\u00ebs, SDC n\u00eb Kosov\u00eb, gjithashtu bashk\u00ebkryetar i KD-s\u00eb. \"Jam i k\u00ebnaqur q\u00eb punojm\u00eb s\u00eb bashku p\u00ebr t\u2019u siguruar q\u00eb projekte si IHS t\u00eb ken\u00eb ndikim dometh\u00ebn\u00ebs. Pres shk\u00ebmbime t\u00eb frytshme sot,\u201d vuri n\u00eb dukje ai.<\/p><p>Gjat\u00eb takimit, ekipi i projektit ndau informata t\u00eb detajuara dhe partner\u00ebt e pal\u00ebt e interesit t\u00eb pranishme dhan\u00eb kontributin e tyre duke theksuar r\u00ebnd\u00ebsin\u00eb e k\u00ebsaj faze n\u00eb ecurin\u00eb e projektit. Prezantimet dhe diskutimet ndan\u00eb perspektivat mbi progresin aktual, si dhe sfidat. \u201cKy projekt p\u00ebrb\u00ebhet nga nd\u00ebrhyrje t\u00eb nd\u00ebrlidhura q\u00eb mb\u00ebshtesin objektivat e gjera t\u00eb Qeveris\u00eb s\u00eb Kosov\u00ebs p\u00ebr avancimin e sistemit sh\u00ebndet\u00ebsor,\u201d vuri n\u00eb dukje z. Sidler, duke n\u00ebnvizuar p\u00ebrputhshm\u00ebrin\u00eb e projektit me objektivat komb\u00ebtare t\u00eb zhvillimit.<\/p><p>Dr. Naim Bardiqi, Sekretari i P\u00ebrgjithsh\u00ebm i Ministris\u00eb s\u00eb Sh\u00ebndet\u00ebsis\u00eb, shprehu mir\u00ebnjohjen p\u00ebr bashk\u00ebpunimin me qeverin\u00eb zvicerane. Ai vler\u00ebsoi kontributin e projektit IHS n\u00eb forcimin e sistemit sh\u00ebndet\u00ebsor t\u00eb Kosov\u00ebs dhe konfirmoi se Ministria \u00ebsht\u00eb n\u00eb drejtim t\u00eb fort\u00eb p\u00ebr t\u2019i avancuar k\u00ebto objektiva t\u00eb p\u00ebrbashk\u00ebta.<span class=\"Apple-converted-space\">\u00a0<\/span><\/p>\t\t\t\t\t\t<\/div>\n\t\t\t\t<\/div>\n\t\t\t\t\t<\/div>\n\t\t\t\t<\/div>\n\t\t\t\t<\/div>","protected":false},"excerpt":{"rendered":"<p>Fourth Meeting of IHS Project Steering Committee to Discuss Progress On 25 October 2024, the Integrated Health Services (IHS) project Steering Committee (SC) convened to assess ongoing activities and prepare for the next steps in the project\u2019s implementation. Mr. Peter Sidler, Deputy Head of International Cooperation, Embassy of Switzerland, SDC in Kosovo, also SC co-chair, [&hellip;]<\/p>","protected":false},"author":1,"featured_media":0,"parent":0,"menu_order":0,"comment_status":"closed","ping_status":"closed","template":"","meta":[],"_links":{"self":[{"href":"https:\/\/ihsproject.org\/sq\/wp-json\/wp\/v2\/pages\/14115"}],"collection":[{"href":"https:\/\/ihsproject.org\/sq\/wp-json\/wp\/v2\/pages"}],"about":[{"href":"https:\/\/ihsproject.org\/sq\/wp-json\/wp\/v2\/types\/page"}],"author":[{"embeddable":true,"href":"https:\/\/ihsproject.org\/sq\/wp-json\/wp\/v2\/users\/1"}],"replies":[{"embeddable":true,"href":"https:\/\/ihsproject.org\/sq\/wp-json\/wp\/v2\/comments?post=14115"}],"version-history":[{"count":4,"href":"https:\/\/ihsproject.org\/sq\/wp-json\/wp\/v2\/pages\/14115\/revisions"}],"predecessor-version":[{"id":14120,"href":"https:\/\/ihsproject.org\/sq\/wp-json\/wp\/v2\/pages\/14115\/revisions\/14120"}],"wp:attachment":[{"href":"https:\/\/ihsproject.org\/sq\/wp-json\/wp\/v2\/media?parent=14115"}],"curies":[{"name":"wp","href":"https:\/\/api.w.org\/{rel}","templated":true}]}}