{"id":14100,"date":"2024-10-22T15:37:12","date_gmt":"2024-10-22T15:37:12","guid":{"rendered":"https:\/\/ihsproject.org\/?page_id=14100"},"modified":"2024-10-22T15:38:37","modified_gmt":"2024-10-22T15:38:37","slug":"october-22-2024","status":"publish","type":"page","link":"https:\/\/ihsproject.org\/sq\/october-22-2024\/","title":{"rendered":"Tetor 22, 2024"},"content":{"rendered":"<div data-elementor-type=\"wp-page\" data-elementor-id=\"14100\" class=\"elementor elementor-14100\">\n\t\t\t\t<div class=\"elementor-element elementor-element-851edd5 e-flex e-con-boxed e-con e-parent\" data-id=\"851edd5\" data-element_type=\"container\" data-core-v316-plus=\"true\">\n\t\t\t\t\t<div class=\"e-con-inner\">\n\t\t\t\t<div class=\"elementor-element elementor-element-0d2ffdb elementor-widget elementor-widget-image\" data-id=\"0d2ffdb\" data-element_type=\"widget\" data-widget_type=\"image.default\">\n\t\t\t\t<div class=\"elementor-widget-container\">\n\t\t\t\t\t\t\t\t\t\t\t\t\t<img fetchpriority=\"high\" decoding=\"async\" width=\"1600\" height=\"900\" src=\"https:\/\/ihsproject.org\/wp-content\/uploads\/2024\/10\/CSOs-Sign-Collaboration-Agreement-to-Strengthen-Patient-Advocacy.jpg\" class=\"attachment-full size-full wp-image-14099\" alt=\"\" srcset=\"https:\/\/ihsproject.org\/wp-content\/uploads\/2024\/10\/CSOs-Sign-Collaboration-Agreement-to-Strengthen-Patient-Advocacy.jpg 1600w, https:\/\/ihsproject.org\/wp-content\/uploads\/2024\/10\/CSOs-Sign-Collaboration-Agreement-to-Strengthen-Patient-Advocacy-300x169.jpg 300w, https:\/\/ihsproject.org\/wp-content\/uploads\/2024\/10\/CSOs-Sign-Collaboration-Agreement-to-Strengthen-Patient-Advocacy-1024x576.jpg 1024w, https:\/\/ihsproject.org\/wp-content\/uploads\/2024\/10\/CSOs-Sign-Collaboration-Agreement-to-Strengthen-Patient-Advocacy-768x432.jpg 768w, https:\/\/ihsproject.org\/wp-content\/uploads\/2024\/10\/CSOs-Sign-Collaboration-Agreement-to-Strengthen-Patient-Advocacy-1536x864.jpg 1536w, https:\/\/ihsproject.org\/wp-content\/uploads\/2024\/10\/CSOs-Sign-Collaboration-Agreement-to-Strengthen-Patient-Advocacy-18x10.jpg 18w\" sizes=\"(max-width: 1600px) 100vw, 1600px\" \/>\t\t\t\t\t\t\t\t\t\t\t\t\t<\/div>\n\t\t\t\t<\/div>\n\t\t\t\t\t<\/div>\n\t\t\t\t<\/div>\n\t\t<div class=\"elementor-element elementor-element-39dc7a4 e-flex e-con-boxed e-con e-parent\" data-id=\"39dc7a4\" data-element_type=\"container\" data-core-v316-plus=\"true\">\n\t\t\t\t\t<div class=\"e-con-inner\">\n\t\t\t\t<div class=\"elementor-element elementor-element-cf5dc35 elementor-widget elementor-widget-heading\" data-id=\"cf5dc35\" data-element_type=\"widget\" data-widget_type=\"heading.default\">\n\t\t\t\t<div class=\"elementor-widget-container\">\n\t\t\t<h2 class=\"elementor-heading-title elementor-size-default\">Organizatat e Shoq\u00ebris\u00eb Civile n\u00ebnshkruajn\u00eb marr\u00ebveshje bashk\u00ebpunimi p\u00ebr t\u00eb forcuar avokimin e pacient\u00ebve<\/h2>\t\t<\/div>\n\t\t\t\t<\/div>\n\t\t\t\t<div class=\"elementor-element elementor-element-b356405 elementor-widget elementor-widget-text-editor\" data-id=\"b356405\" data-element_type=\"widget\" data-widget_type=\"text-editor.default\">\n\t\t\t\t<div class=\"elementor-widget-container\">\n\t\t\t\t\t\t\t<p style=\"font-weight: 400;\">M\u00eb 22 tetor 2024, Shoqata p\u00ebr t\u00eb Drejtat e Pacient\u00ebve t\u00eb Kosov\u00ebs (PRAK) n\u00ebnshkroi Memorandume Bashk\u00ebpunimi (MB) me n\u00ebnt\u00eb organizata pacient\u00ebsh nga Kosova, p\u00ebr t\u00eb avancuar avokimin p\u00ebr pacient\u00ebt. Q\u00ebllimi i k\u00ebtyre MB-ve \u00ebsht\u00eb p\u00ebrmir\u00ebsimi i bashk\u00ebpunimit midis k\u00ebtyre organizatave dhe sigurimi q\u00eb z\u00ebri i pacient\u00ebve t\u00eb luaj\u00eb nj\u00eb rol m\u00eb ndikues n\u00eb form\u00ebsimin e politikave sh\u00ebndet\u00ebsore dhe ofrimin e sh\u00ebrbimeve sh\u00ebndet\u00ebsore n\u00eb t\u00eb gjith\u00eb Kosov\u00ebn.<\/p><p style=\"font-weight: 400;\">Agron Bytyqi, Drejtori Ekzekutiv i PRAK, tha se k\u00ebto marr\u00ebveshje jan\u00eb nj\u00eb \"hap i madh p\u00ebrpara\" n\u00eb avancimin e t\u00eb drejtave t\u00eb pacient\u00ebve dhe p\u00ebrmir\u00ebsimin e rezultateve n\u00eb kujdesin sh\u00ebndet\u00ebsor. \"K\u00ebto MB jan\u00eb hap p\u00ebrpara t\u00eb jemi t\u00eb p\u00ebrdit\u00ebsuar p\u00ebr nevojat n\u00eb ndryshim t\u00eb pacient\u00ebve n\u00eb t\u00eb gjith\u00eb Kosov\u00ebn. Duke bashkuar p\u00ebrpjekjet tona, ne b\u00ebhemi nj\u00eb z\u00eb m\u00eb i organizuar dhe m\u00eb i fuqish\u00ebm, i aft\u00eb p\u00ebr t\u00eb ndikuar n\u00eb politikat sh\u00ebndet\u00ebsore dhe p\u00ebr t\u00eb nxitur p\u00ebrmir\u00ebsime t\u00eb prekshme p\u00ebr pacient\u00ebt,\" theksoi Bytyqi. \"Ky bashk\u00ebpunim forcon kapacitetin ton\u00eb p\u00ebr t\u00eb avokuar p\u00ebr kujdes me pacientin n\u00eb qend\u00ebr dhe p\u00ebr standarde m\u00eb t\u00eb larta n\u00eb kujdesin sh\u00ebndet\u00ebsor\".<\/p><p style=\"font-weight: 400;\">Dr. Lia Tavadze, Udh\u00ebheq\u00ebse e Projektit p\u00ebr Sh\u00ebrbime Sh\u00ebndet\u00ebsore t\u00eb Integruara (IHS), gjithashtu theksoi se p\u00ebrfshirja e pacient\u00ebve n\u00eb procesin e kujdesit sh\u00ebndet\u00ebsor \u00ebsht\u00eb thelb\u00ebsore p\u00ebr p\u00ebrmir\u00ebsimin e vazhduesh\u00ebm t\u00eb cil\u00ebsis\u00eb. \"Ngjarja e sotme \u00ebsht\u00eb nj\u00eb reflektim i p\u00ebrkushtimit ton\u00eb t\u00eb p\u00ebrbashk\u00ebt p\u00ebr mbrojtjen e t\u00eb drejtave t\u00eb pacient\u00ebve dhe sigurimin q\u00eb angazhimi i tyre t\u00eb kontribuoj\u00eb n\u00eb pjes\u00ebmarrjen e tyre t\u00eb p\u00ebrshtatshme n\u00eb vendimmarrjen sh\u00ebndet\u00ebsore\".<\/p><p>Partneritetet e reja synojn\u00eb t\u00eb forcojn\u00eb avokimin p\u00ebr pacient\u00ebt duke lidhur forume t\u00eb ndryshme t\u00eb organizatave t\u00eb pacient\u00ebve dhe, si rrjedhoj\u00eb, t\u00eb p\u00ebrfshijn\u00eb m\u00eb ngusht\u00eb n\u00eb diskutimet e politikave sh\u00ebndet\u00ebsore grupet e ndryshme tematike dhe pacient\u00ebt q\u00eb ato p\u00ebrfaq\u00ebsojn\u00eb, duke amplifikuar z\u00ebrin e pacient\u00ebve.<\/p>\t\t\t\t\t\t<\/div>\n\t\t\t\t<\/div>\n\t\t\t\t\t<\/div>\n\t\t\t\t<\/div>\n\t\t\t\t<\/div>","protected":false},"excerpt":{"rendered":"<p>CSOs Sign Collaboration Agreement to Strengthen Patient Advocacy On 22 October 2024, the Patients&#8217; Rights Association of Kosovo (PRAK) signed Memoranda of Collaboration (MOCs) with nine patient organizations from Kosovo, to advance patient advocacy. The MOCs aim to improve collaboration between these organizations and ensure patients\u2019 voices play a more influential role in shaping healthcare [&hellip;]<\/p>","protected":false},"author":1,"featured_media":0,"parent":0,"menu_order":0,"comment_status":"closed","ping_status":"closed","template":"","meta":[],"_links":{"self":[{"href":"https:\/\/ihsproject.org\/sq\/wp-json\/wp\/v2\/pages\/14100"}],"collection":[{"href":"https:\/\/ihsproject.org\/sq\/wp-json\/wp\/v2\/pages"}],"about":[{"href":"https:\/\/ihsproject.org\/sq\/wp-json\/wp\/v2\/types\/page"}],"author":[{"embeddable":true,"href":"https:\/\/ihsproject.org\/sq\/wp-json\/wp\/v2\/users\/1"}],"replies":[{"embeddable":true,"href":"https:\/\/ihsproject.org\/sq\/wp-json\/wp\/v2\/comments?post=14100"}],"version-history":[{"count":4,"href":"https:\/\/ihsproject.org\/sq\/wp-json\/wp\/v2\/pages\/14100\/revisions"}],"predecessor-version":[{"id":14105,"href":"https:\/\/ihsproject.org\/sq\/wp-json\/wp\/v2\/pages\/14100\/revisions\/14105"}],"wp:attachment":[{"href":"https:\/\/ihsproject.org\/sq\/wp-json\/wp\/v2\/media?parent=14100"}],"curies":[{"name":"wp","href":"https:\/\/api.w.org\/{rel}","templated":true}]}}