{"id":14069,"date":"2024-10-15T15:48:00","date_gmt":"2024-10-15T15:48:00","guid":{"rendered":"https:\/\/ihsproject.org\/?page_id=14069"},"modified":"2024-10-15T15:50:05","modified_gmt":"2024-10-15T15:50:05","slug":"october-15-2024","status":"publish","type":"page","link":"https:\/\/ihsproject.org\/sq\/october-15-2024\/","title":{"rendered":"Tetor 15, 2024"},"content":{"rendered":"<div data-elementor-type=\"wp-page\" data-elementor-id=\"14069\" class=\"elementor elementor-14069\">\n\t\t\t\t<div class=\"elementor-element elementor-element-b38d968 e-flex e-con-boxed e-con e-parent\" data-id=\"b38d968\" data-element_type=\"container\" data-core-v316-plus=\"true\">\n\t\t\t\t\t<div class=\"e-con-inner\">\n\t\t\t\t<div class=\"elementor-element elementor-element-d3d028c elementor-widget elementor-widget-image\" data-id=\"d3d028c\" data-element_type=\"widget\" data-widget_type=\"image.default\">\n\t\t\t\t<div class=\"elementor-widget-container\">\n\t\t\t\t\t\t\t\t\t\t\t\t\t<img fetchpriority=\"high\" decoding=\"async\" width=\"1600\" height=\"900\" src=\"https:\/\/ihsproject.org\/wp-content\/uploads\/2024\/10\/Discussing-New-Digital-Tool-for-Diabetes-and-Hypertension-Management.jpg\" class=\"attachment-full size-full wp-image-14068\" alt=\"\" srcset=\"https:\/\/ihsproject.org\/wp-content\/uploads\/2024\/10\/Discussing-New-Digital-Tool-for-Diabetes-and-Hypertension-Management.jpg 1600w, https:\/\/ihsproject.org\/wp-content\/uploads\/2024\/10\/Discussing-New-Digital-Tool-for-Diabetes-and-Hypertension-Management-300x169.jpg 300w, https:\/\/ihsproject.org\/wp-content\/uploads\/2024\/10\/Discussing-New-Digital-Tool-for-Diabetes-and-Hypertension-Management-1024x576.jpg 1024w, https:\/\/ihsproject.org\/wp-content\/uploads\/2024\/10\/Discussing-New-Digital-Tool-for-Diabetes-and-Hypertension-Management-768x432.jpg 768w, https:\/\/ihsproject.org\/wp-content\/uploads\/2024\/10\/Discussing-New-Digital-Tool-for-Diabetes-and-Hypertension-Management-1536x864.jpg 1536w, https:\/\/ihsproject.org\/wp-content\/uploads\/2024\/10\/Discussing-New-Digital-Tool-for-Diabetes-and-Hypertension-Management-18x10.jpg 18w\" sizes=\"(max-width: 1600px) 100vw, 1600px\" \/>\t\t\t\t\t\t\t\t\t\t\t\t\t<\/div>\n\t\t\t\t<\/div>\n\t\t\t\t\t<\/div>\n\t\t\t\t<\/div>\n\t\t<div class=\"elementor-element elementor-element-7d06de0 e-flex e-con-boxed e-con e-parent\" data-id=\"7d06de0\" data-element_type=\"container\" data-core-v316-plus=\"true\">\n\t\t\t\t\t<div class=\"e-con-inner\">\n\t\t\t\t<div class=\"elementor-element elementor-element-75ecf24 elementor-widget elementor-widget-heading\" data-id=\"75ecf24\" data-element_type=\"widget\" data-widget_type=\"heading.default\">\n\t\t\t\t<div class=\"elementor-widget-container\">\n\t\t\t<h2 class=\"elementor-heading-title elementor-size-default\">Diskutohet vegla e re digjitale p\u00ebr menaxhimin e diabetit dhe hipertensionit<\/h2>\t\t<\/div>\n\t\t\t\t<\/div>\n\t\t\t\t<div class=\"elementor-element elementor-element-209fd72 elementor-widget elementor-widget-text-editor\" data-id=\"209fd72\" data-element_type=\"widget\" data-widget_type=\"text-editor.default\">\n\t\t\t\t<div class=\"elementor-widget-container\">\n\t\t\t\t\t\t\t<p style=\"font-weight: 400;\">Projekti IHS organizoi nj\u00eb sesion p\u00ebr t\u00eb prezantuar dhe vler\u00ebsuar ve\u00e7orit\u00eb kryesore t\u00eb nj\u00eb vegle digjitale t\u00eb re \u00ebsht\u00eb duke u zhvilluar p\u00ebr t\u00eb ndihmuar me menaxhimin e diabetit dhe hipertensionit. Sesioni mblodhi s\u00eb bashku p\u00ebrfaq\u00ebsues t\u00eb kujdesit sh\u00ebndet\u00ebsor nga kujdesi par\u00ebsor dhe dyt\u00ebsor n\u00eb Pej\u00eb dhe Gjakov\u00eb, s\u00eb bashku me zyrtar\u00eb nga Ministria e Sh\u00ebndet\u00ebsis\u00eb dhe Sh\u00ebrbimi Spitalor Klinik dhe Universitar i Kosov\u00ebs, si dhe kompania p\u00ebrgjegj\u00ebse p\u00ebr zhvillimin e vegl\u00ebs digjitale.<\/p><p style=\"font-weight: 400;\">Pjes\u00ebmarr\u00ebsit pat\u00ebn mund\u00ebsin\u00eb t\u00eb eksplorojn\u00eb funksionalitetet e vegl\u00ebs, p\u00ebrfshir\u00eb menaxhimin e t\u00eb dh\u00ebnave p\u00ebr mjek\u00ebt, administrator\u00ebt dhe infermier\u00ebt, si dhe monitorimin e informacionit t\u00eb pacientit p\u00ebr sheqerin n\u00eb gjak dhe hipertensionin. Gjat\u00eb sesionit u diskutua mbi menaxhimin e t\u00eb dh\u00ebnave nga k\u00ebndv\u00ebshtrime t\u00eb shumta brenda mjediseve t\u00eb kujdesit sh\u00ebndet\u00ebsor, duke theksuar potencialin e vegl\u00ebs p\u00ebr t\u00eb racionalizuar dhe p\u00ebrmir\u00ebsuar menaxhimin e s\u00ebmundjeve kronike.<\/p><p style=\"font-weight: 400;\">Pjes\u00ebmarr\u00ebsit ndan\u00eb p\u00ebrshtypjet e tyre, v\u00ebshtrime dhe p\u00ebrvoja p\u00ebr t\u00eb mb\u00ebshtetur p\u00ebrsosjen dhe zbatimin e ardhsh\u00ebm t\u00eb vegl\u00ebs, duke theksuar p\u00ebrkushtimin e Projektit IHS p\u00ebr avancimin e zgjidhjeve digjitale n\u00eb sistemin e kujdesit sh\u00ebndet\u00ebsor t\u00eb Kosov\u00ebs.<\/p>\t\t\t\t\t\t<\/div>\n\t\t\t\t<\/div>\n\t\t\t\t\t<\/div>\n\t\t\t\t<\/div>\n\t\t\t\t<\/div>","protected":false},"excerpt":{"rendered":"<p>Discussing New Digital Tool for Diabetes and Hypertension Management IHS Project organized a session to introduce and evaluate the key features of a new digital tool being developed, which aims to help manage diabetes and hypertension. The session brought together healthcare representatives from primary and secondary care in Peja and Gjakova, along with officials from [&hellip;]<\/p>","protected":false},"author":1,"featured_media":0,"parent":0,"menu_order":0,"comment_status":"closed","ping_status":"closed","template":"","meta":[],"_links":{"self":[{"href":"https:\/\/ihsproject.org\/sq\/wp-json\/wp\/v2\/pages\/14069"}],"collection":[{"href":"https:\/\/ihsproject.org\/sq\/wp-json\/wp\/v2\/pages"}],"about":[{"href":"https:\/\/ihsproject.org\/sq\/wp-json\/wp\/v2\/types\/page"}],"author":[{"embeddable":true,"href":"https:\/\/ihsproject.org\/sq\/wp-json\/wp\/v2\/users\/1"}],"replies":[{"embeddable":true,"href":"https:\/\/ihsproject.org\/sq\/wp-json\/wp\/v2\/comments?post=14069"}],"version-history":[{"count":4,"href":"https:\/\/ihsproject.org\/sq\/wp-json\/wp\/v2\/pages\/14069\/revisions"}],"predecessor-version":[{"id":14074,"href":"https:\/\/ihsproject.org\/sq\/wp-json\/wp\/v2\/pages\/14069\/revisions\/14074"}],"wp:attachment":[{"href":"https:\/\/ihsproject.org\/sq\/wp-json\/wp\/v2\/media?parent=14069"}],"curies":[{"name":"wp","href":"https:\/\/api.w.org\/{rel}","templated":true}]}}