{"id":14055,"date":"2024-10-14T12:50:23","date_gmt":"2024-10-14T12:50:23","guid":{"rendered":"https:\/\/ihsproject.org\/?page_id=14055"},"modified":"2024-10-14T12:51:14","modified_gmt":"2024-10-14T12:51:14","slug":"october-14-2024-2","status":"publish","type":"page","link":"https:\/\/ihsproject.org\/sq\/october-14-2024-2\/","title":{"rendered":"Tetor 14, 2024 - 2"},"content":{"rendered":"<div data-elementor-type=\"wp-page\" data-elementor-id=\"14055\" class=\"elementor elementor-14055\">\n\t\t\t\t<div class=\"elementor-element elementor-element-6914c26 e-flex e-con-boxed e-con e-parent\" data-id=\"6914c26\" data-element_type=\"container\" data-core-v316-plus=\"true\">\n\t\t\t\t\t<div class=\"e-con-inner\">\n\t\t\t\t<div class=\"elementor-element elementor-element-320bda3 elementor-widget elementor-widget-image\" data-id=\"320bda3\" data-element_type=\"widget\" data-widget_type=\"image.default\">\n\t\t\t\t<div class=\"elementor-widget-container\">\n\t\t\t\t\t\t\t\t\t\t\t\t\t<img fetchpriority=\"high\" decoding=\"async\" width=\"1600\" height=\"900\" src=\"https:\/\/ihsproject.org\/wp-content\/uploads\/2024\/10\/Refining-Patient-Education-SOPs-for-Diabetes-and-Hypertension.jpg\" class=\"attachment-full size-full wp-image-14054\" alt=\"\" srcset=\"https:\/\/ihsproject.org\/wp-content\/uploads\/2024\/10\/Refining-Patient-Education-SOPs-for-Diabetes-and-Hypertension.jpg 1600w, https:\/\/ihsproject.org\/wp-content\/uploads\/2024\/10\/Refining-Patient-Education-SOPs-for-Diabetes-and-Hypertension-300x169.jpg 300w, https:\/\/ihsproject.org\/wp-content\/uploads\/2024\/10\/Refining-Patient-Education-SOPs-for-Diabetes-and-Hypertension-1024x576.jpg 1024w, https:\/\/ihsproject.org\/wp-content\/uploads\/2024\/10\/Refining-Patient-Education-SOPs-for-Diabetes-and-Hypertension-768x432.jpg 768w, https:\/\/ihsproject.org\/wp-content\/uploads\/2024\/10\/Refining-Patient-Education-SOPs-for-Diabetes-and-Hypertension-1536x864.jpg 1536w, https:\/\/ihsproject.org\/wp-content\/uploads\/2024\/10\/Refining-Patient-Education-SOPs-for-Diabetes-and-Hypertension-18x10.jpg 18w\" sizes=\"(max-width: 1600px) 100vw, 1600px\" \/>\t\t\t\t\t\t\t\t\t\t\t\t\t<\/div>\n\t\t\t\t<\/div>\n\t\t\t\t\t<\/div>\n\t\t\t\t<\/div>\n\t\t<div class=\"elementor-element elementor-element-a18717f e-flex e-con-boxed e-con e-parent\" data-id=\"a18717f\" data-element_type=\"container\" data-core-v316-plus=\"true\">\n\t\t\t\t\t<div class=\"e-con-inner\">\n\t\t\t\t<div class=\"elementor-element elementor-element-630aa33 elementor-widget elementor-widget-heading\" data-id=\"630aa33\" data-element_type=\"widget\" data-widget_type=\"heading.default\">\n\t\t\t\t<div class=\"elementor-widget-container\">\n\t\t\t<h2 class=\"elementor-heading-title elementor-size-default\">Rafinimi i PSO-ve p\u00ebr edukimin e pacient\u00ebve lidhur me diabetin dhe hipertensionin<\/h2>\t\t<\/div>\n\t\t\t\t<\/div>\n\t\t\t\t<div class=\"elementor-element elementor-element-bd02339 elementor-widget elementor-widget-text-editor\" data-id=\"bd02339\" data-element_type=\"widget\" data-widget_type=\"text-editor.default\">\n\t\t\t\t<div class=\"elementor-widget-container\">\n\t\t\t\t\t\t\t<p>Projekti Sh\u00ebrbimet Sh\u00ebndet\u00ebsore t\u00eb Integruara (IHS) ka mbajtur pun\u00ebtori jav\u00ebn e kaluar n\u00eb Spitalin e P\u00ebrgjithsh\u00ebm t\u00eb Pej\u00ebs dhe Gjakov\u00ebs me q\u00ebllim q\u00eb t\u2019i testoj\u00eb dhe finalizoj\u00eb Procedurat Standarde Operative (PSO) t\u00eb zhvilluara rishtazi q\u00eb synojn\u00eb ngritjen e edukimit t\u00eb pacient\u00ebve p\u00ebr diabetin dhe hipertensionin. P\u00ebrmes k\u00ebtyre sesioneve trajnuese, profesionist\u00ebve sh\u00ebndet\u00ebsor\u00eb iu ofrua mund\u00ebsia p\u00ebr ta rishikuar dokumentin me kujdes dhe u k\u00ebrkuan p\u00ebrshtypjet e tyre lidhur me protokollet e reja para se t\u00eb vazhdohet me zbatimin zyrtar t\u00eb tyre.<\/p><p>Pun\u00ebtorit\u00eb nis\u00ebn me prezantime mbi strategjit\u00eb efektive t\u00eb edukimit t\u00eb pacient\u00ebve, duke theksuar rolin kritik q\u00eb luajn\u00eb infermier\u00ebt n\u00eb menaxhimin e s\u00ebmundjeve kronike. Temat p\u00ebrfshinin praktikat e vet\u00ebkujdesit, teknikat e vet\u00ebmonitorimit dhe metodat p\u00ebr t\u00eb rritur angazhimin dhe respektimin e pacientit. Pas prezantimeve, pjes\u00ebmarr\u00ebsit u angazhuan n\u00eb nj\u00eb sesion pyetjesh dhe p\u00ebrgjigjesh t\u00eb fokusuara n\u00eb m\u00ebnyrat praktike p\u00ebr t\u00eb forcuar p\u00ebrfshirjen e pacientit.<\/p><p>\u201cQ\u00ebllimi yn\u00eb \u00ebsht\u00eb t\u00eb fuqizojm\u00eb profesionist\u00ebt e kujdesit sh\u00ebndet\u00ebsor me mjete q\u00eb p\u00ebrmir\u00ebsojn\u00eb rezultatet e pacient\u00ebve\u201d, theksoi Fekrije Hasani, Eksperte e Lart\u00eb Sh\u00ebndet\u00ebsore n\u00eb projektin IHS. \u201cP\u00ebrmes p\u00ebrfshirjes s\u00eb stafit t\u00eb kujdesit sh\u00ebndet\u00ebsor n\u00eb zhvillimin e k\u00ebtyre PSO-ve, ne mund t\u00eb sigurohemi q\u00eb ato t\u00eb jen\u00eb praktike dhe me ndikim.\u201d<\/p><p>Trajnimet u p\u00ebrmbyll\u00ebn me rishikimin e komenteve t\u00eb mbledhura nga pjes\u00ebmarr\u00ebsit, t\u00eb cilat do t\u00eb p\u00ebrdoren p\u00ebr t\u2019i rafinuar PSV-t\u00eb, para se t\u00eb futen n\u00eb p\u00ebrdorim n\u00eb regjione.<\/p><p>\u00a0<\/p>\t\t\t\t\t\t<\/div>\n\t\t\t\t<\/div>\n\t\t\t\t\t<\/div>\n\t\t\t\t<\/div>\n\t\t\t\t<\/div>","protected":false},"excerpt":{"rendered":"<p>Refining Patient Education SOPs for Diabetes and Hypertension Last week, the Integrated Health Services (IHS) project conducted workshops at Peja and Gjakova General Hospitals to test and finalize the newly developed Standard Operating Procedures (SOPs) aimed at improving patient education on diabetes and hypertension. The sessions provided healthcare professionals with an opportunity to carefully review [&hellip;]<\/p>","protected":false},"author":1,"featured_media":0,"parent":0,"menu_order":0,"comment_status":"closed","ping_status":"closed","template":"","meta":[],"_links":{"self":[{"href":"https:\/\/ihsproject.org\/sq\/wp-json\/wp\/v2\/pages\/14055"}],"collection":[{"href":"https:\/\/ihsproject.org\/sq\/wp-json\/wp\/v2\/pages"}],"about":[{"href":"https:\/\/ihsproject.org\/sq\/wp-json\/wp\/v2\/types\/page"}],"author":[{"embeddable":true,"href":"https:\/\/ihsproject.org\/sq\/wp-json\/wp\/v2\/users\/1"}],"replies":[{"embeddable":true,"href":"https:\/\/ihsproject.org\/sq\/wp-json\/wp\/v2\/comments?post=14055"}],"version-history":[{"count":4,"href":"https:\/\/ihsproject.org\/sq\/wp-json\/wp\/v2\/pages\/14055\/revisions"}],"predecessor-version":[{"id":14060,"href":"https:\/\/ihsproject.org\/sq\/wp-json\/wp\/v2\/pages\/14055\/revisions\/14060"}],"wp:attachment":[{"href":"https:\/\/ihsproject.org\/sq\/wp-json\/wp\/v2\/media?parent=14055"}],"curies":[{"name":"wp","href":"https:\/\/api.w.org\/{rel}","templated":true}]}}