{"id":14027,"date":"2024-10-10T15:44:33","date_gmt":"2024-10-10T15:44:33","guid":{"rendered":"https:\/\/ihsproject.org\/?page_id=14027"},"modified":"2024-10-10T15:45:44","modified_gmt":"2024-10-10T15:45:44","slug":"october-10-2024","status":"publish","type":"page","link":"https:\/\/ihsproject.org\/sq\/october-10-2024\/","title":{"rendered":"Tetor 10, 2024"},"content":{"rendered":"<div data-elementor-type=\"wp-page\" data-elementor-id=\"14027\" class=\"elementor elementor-14027\">\n\t\t\t\t<div class=\"elementor-element elementor-element-90a1038 e-flex e-con-boxed e-con e-parent\" data-id=\"90a1038\" data-element_type=\"container\" data-core-v316-plus=\"true\">\n\t\t\t\t\t<div class=\"e-con-inner\">\n\t\t\t\t<div class=\"elementor-element elementor-element-326d393 elementor-widget elementor-widget-image\" data-id=\"326d393\" data-element_type=\"widget\" data-widget_type=\"image.default\">\n\t\t\t\t<div class=\"elementor-widget-container\">\n\t\t\t\t\t\t\t\t\t\t\t\t\t<img fetchpriority=\"high\" decoding=\"async\" width=\"1600\" height=\"900\" src=\"https:\/\/ihsproject.org\/wp-content\/uploads\/2024\/10\/A-New-Major-Step-in-Diabetes-Care-with-New-Clinical-GuidelinesA-New-Major-Step-in-Diabetes-Care-with-New-Clinical-Guidelines.jpg\" class=\"attachment-full size-full wp-image-14026\" alt=\"\" srcset=\"https:\/\/ihsproject.org\/wp-content\/uploads\/2024\/10\/A-New-Major-Step-in-Diabetes-Care-with-New-Clinical-GuidelinesA-New-Major-Step-in-Diabetes-Care-with-New-Clinical-Guidelines.jpg 1600w, https:\/\/ihsproject.org\/wp-content\/uploads\/2024\/10\/A-New-Major-Step-in-Diabetes-Care-with-New-Clinical-GuidelinesA-New-Major-Step-in-Diabetes-Care-with-New-Clinical-Guidelines-300x169.jpg 300w, https:\/\/ihsproject.org\/wp-content\/uploads\/2024\/10\/A-New-Major-Step-in-Diabetes-Care-with-New-Clinical-GuidelinesA-New-Major-Step-in-Diabetes-Care-with-New-Clinical-Guidelines-1024x576.jpg 1024w, https:\/\/ihsproject.org\/wp-content\/uploads\/2024\/10\/A-New-Major-Step-in-Diabetes-Care-with-New-Clinical-GuidelinesA-New-Major-Step-in-Diabetes-Care-with-New-Clinical-Guidelines-768x432.jpg 768w, https:\/\/ihsproject.org\/wp-content\/uploads\/2024\/10\/A-New-Major-Step-in-Diabetes-Care-with-New-Clinical-GuidelinesA-New-Major-Step-in-Diabetes-Care-with-New-Clinical-Guidelines-1536x864.jpg 1536w, https:\/\/ihsproject.org\/wp-content\/uploads\/2024\/10\/A-New-Major-Step-in-Diabetes-Care-with-New-Clinical-GuidelinesA-New-Major-Step-in-Diabetes-Care-with-New-Clinical-Guidelines-18x10.jpg 18w\" sizes=\"(max-width: 1600px) 100vw, 1600px\" \/>\t\t\t\t\t\t\t\t\t\t\t\t\t<\/div>\n\t\t\t\t<\/div>\n\t\t\t\t\t<\/div>\n\t\t\t\t<\/div>\n\t\t<div class=\"elementor-element elementor-element-f5ee5e5 e-flex e-con-boxed e-con e-parent\" data-id=\"f5ee5e5\" data-element_type=\"container\" data-core-v316-plus=\"true\">\n\t\t\t\t\t<div class=\"e-con-inner\">\n\t\t\t\t<div class=\"elementor-element elementor-element-477aa78 elementor-widget elementor-widget-heading\" data-id=\"477aa78\" data-element_type=\"widget\" data-widget_type=\"heading.default\">\n\t\t\t\t<div class=\"elementor-widget-container\">\n\t\t\t<h2 class=\"elementor-heading-title elementor-size-default\">Nj\u00eb hap i ri madhor n\u00eb kujdesin ndaj diabetit me udh\u00ebrr\u00ebfyes t\u00eb rinj klinik\u00eb<\/h2>\t\t<\/div>\n\t\t\t\t<\/div>\n\t\t\t\t<div class=\"elementor-element elementor-element-2e80b67 elementor-widget elementor-widget-text-editor\" data-id=\"2e80b67\" data-element_type=\"widget\" data-widget_type=\"text-editor.default\">\n\t\t\t\t<div class=\"elementor-widget-container\">\n\t\t\t\t\t\t\t<p>M\u00eb 10 tetor 2024, nj\u00eb pun\u00ebtori me profesionist\u00eb t\u00eb kujdesit sh\u00ebndet\u00ebsor n\u00eb Kosov\u00eb u fokusua n\u00eb Udh\u00ebrr\u00ebfyesit dhe Protokollet e reja Klinike (UPK) t\u00eb p\u00ebrshtatura p\u00ebr menaxhimin e diabetit mellitus. Kjo nism\u00eb, e udh\u00ebhequr nga Ministria e Sh\u00ebndet\u00ebsis\u00eb n\u00eb bashk\u00ebpunim me Sh\u00ebrbimin Spitalor dhe Klinik Universitar t\u00eb Kosov\u00ebs, e mb\u00ebshtetur nga projekti IHS, synon ta standardizoj\u00eb kujdesin duke u siguruar ofruesve t\u00eb kujdesit sh\u00ebndet\u00ebsor n\u00eb t\u00eb gjitha nivelet mjete thelb\u00ebsore p\u00ebr trajtimin efektiv dhe konsistent t\u00eb diabetit.<\/p><p>Dr. Merita Emini Sadiku, nj\u00eb nga profesionistet kryesore t\u00eb nism\u00ebs, theksoi r\u00ebnd\u00ebsin\u00eb e k\u00ebsaj p\u00ebrpjekjeje bashk\u00ebpunuese, duke theksuar: \"Hartimi i udh\u00ebrr\u00ebfyesve dhe protokolleve klinike p\u00ebr diabetin ka qen\u00eb nj\u00eb p\u00ebrpjekje e p\u00ebrbashk\u00ebt. Q\u00ebllimi yn\u00eb ka qen\u00eb q\u00eb t'i p\u00ebrafrojm\u00eb praktikat tona me standardet nd\u00ebrkomb\u00ebtare, duke i pajisur ofruesit e kujdesit sh\u00ebndet\u00ebsor n\u00eb Kosov\u00eb me mjetet p\u00ebr t\u00eb ofruar kujdesin m\u00eb efektiv. Ky \u00ebsht\u00eb nj\u00eb hap i r\u00ebnd\u00ebsish\u00ebm drejt p\u00ebrmir\u00ebsimit t\u00eb rezultateve sh\u00ebndet\u00ebsore afatgjata p\u00ebr personat me diabet\".<\/p><p>Pun\u00ebtoria theksoi rolin vendimtar t\u00eb menaxher\u00ebve t\u00eb kujdesit sh\u00ebndet\u00ebsor n\u00eb t\u00eb gjitha nivelet - par\u00ebsor, dyt\u00ebsor dhe tret\u00ebsor - n\u00eb zbatimin e Udh\u00ebrr\u00ebfyesve dhe Protokolleve t\u00eb reja Klinike (UPK) p\u00ebr kujdesin ndaj diabetit, duke siguruar q\u00eb k\u00ebto protokolle t\u00eb kuptohen mir\u00eb dhe t\u00eb zbatohen n\u00eb m\u00ebnyr\u00eb efektive n\u00ebp\u00ebr institucione. Auditor\u00ebt e brendsh\u00ebm dhe koordinator\u00ebt e cil\u00ebsis\u00eb luajn\u00eb rol ky\u00e7 duke kryer vler\u00ebsime t\u00eb rregullta p\u00ebr ta siguruar pajtueshm\u00ebrin\u00eb, p\u00ebr t'i identifikuar fushat p\u00ebr p\u00ebrmir\u00ebsim dhe p\u00ebr t\u00eb mbajtur standarde t\u00eb q\u00ebndrueshme n\u00eb t\u00eb gjitha institucionet. P\u00ebr m\u00eb tep\u00ebr, pun\u00ebtoria theksoi r\u00ebnd\u00ebsin\u00eb e trajnimit dhe ngritjes s\u00eb kapaciteteve p\u00ebrmes sesioneve t\u00eb strukturuara dhe edukimit t\u00eb vazhduesh\u00ebm p\u00ebr t'i mbajtur t\u00eb p\u00ebrdit\u00ebsuar ofruesit e kujdesit sh\u00ebndet\u00ebsor mbi praktikat m\u00eb t\u00eb mira n\u00eb menaxhimin e diabetit.<\/p><p>Niman Bardhi nga Ministria e Sh\u00ebndet\u00ebsis\u00eb e Kosov\u00ebs tha: \u201cPun\u00ebtoria e sotme mbi udh\u00ebrr\u00ebfyesit klinik\u00eb p\u00ebr diabetin sh\u00ebnon nj\u00eb hap vendimtar n\u00eb p\u00ebrkushtimin ton\u00eb p\u00ebr p\u00ebrmir\u00ebsimin e kujdesit sh\u00ebndet\u00ebsor. Duke standardizuar qasjen ton\u00eb ndaj kujdesit ndaj diabetit, ne sigurojm\u00eb q\u00eb t\u00eb gjith\u00eb pacient\u00ebt t\u00eb marrin trajtim t\u00eb q\u00ebndruesh\u00ebm dhe cil\u00ebsor, duke reflektuar p\u00ebrkushtimin ton\u00eb p\u00ebr rezultate m\u00eb t\u00eb mira sh\u00ebndet\u00ebsore dhe mb\u00ebshtetje t\u00eb vazhdueshme p\u00ebr profesionist\u00ebt e kujdesit sh\u00ebndet\u00ebsor n\u00eb mbar\u00eb vendin.\u201d<\/p>\t\t\t\t\t\t<\/div>\n\t\t\t\t<\/div>\n\t\t\t\t\t<\/div>\n\t\t\t\t<\/div>\n\t\t\t\t<\/div>","protected":false},"excerpt":{"rendered":"<p>A New Major Step in Diabetes Care with New Clinical Guidelines On 10 October 2024, a workshop with healthcare professionals in Kosovo focused on the new Clinical Guidelines and Protocols (CPGs) tailored to the management of diabetes mellitus. This initiative, led by the Ministry of Health in collaboration with the Kosovo Hospital and Clinical Services, [&hellip;]<\/p>","protected":false},"author":1,"featured_media":0,"parent":0,"menu_order":0,"comment_status":"closed","ping_status":"closed","template":"","meta":[],"_links":{"self":[{"href":"https:\/\/ihsproject.org\/sq\/wp-json\/wp\/v2\/pages\/14027"}],"collection":[{"href":"https:\/\/ihsproject.org\/sq\/wp-json\/wp\/v2\/pages"}],"about":[{"href":"https:\/\/ihsproject.org\/sq\/wp-json\/wp\/v2\/types\/page"}],"author":[{"embeddable":true,"href":"https:\/\/ihsproject.org\/sq\/wp-json\/wp\/v2\/users\/1"}],"replies":[{"embeddable":true,"href":"https:\/\/ihsproject.org\/sq\/wp-json\/wp\/v2\/comments?post=14027"}],"version-history":[{"count":4,"href":"https:\/\/ihsproject.org\/sq\/wp-json\/wp\/v2\/pages\/14027\/revisions"}],"predecessor-version":[{"id":14032,"href":"https:\/\/ihsproject.org\/sq\/wp-json\/wp\/v2\/pages\/14027\/revisions\/14032"}],"wp:attachment":[{"href":"https:\/\/ihsproject.org\/sq\/wp-json\/wp\/v2\/media?parent=14027"}],"curies":[{"name":"wp","href":"https:\/\/api.w.org\/{rel}","templated":true}]}}