{"id":13988,"date":"2024-09-26T14:24:08","date_gmt":"2024-09-26T14:24:08","guid":{"rendered":"https:\/\/ihsproject.org\/?page_id=13988"},"modified":"2024-09-26T14:24:59","modified_gmt":"2024-09-26T14:24:59","slug":"september-26-2024","status":"publish","type":"page","link":"https:\/\/ihsproject.org\/sq\/september-26-2024\/","title":{"rendered":"Shtator 26, 2024"},"content":{"rendered":"<div data-elementor-type=\"wp-page\" data-elementor-id=\"13988\" class=\"elementor elementor-13988\">\n\t\t\t\t<div class=\"elementor-element elementor-element-0eab54c e-flex e-con-boxed e-con e-parent\" data-id=\"0eab54c\" data-element_type=\"container\" data-core-v316-plus=\"true\">\n\t\t\t\t\t<div class=\"e-con-inner\">\n\t\t\t\t<div class=\"elementor-element elementor-element-f5743b8 elementor-widget elementor-widget-image\" data-id=\"f5743b8\" data-element_type=\"widget\" data-widget_type=\"image.default\">\n\t\t\t\t<div class=\"elementor-widget-container\">\n\t\t\t\t\t\t\t\t\t\t\t\t\t<img fetchpriority=\"high\" decoding=\"async\" width=\"1600\" height=\"900\" src=\"https:\/\/ihsproject.org\/wp-content\/uploads\/2024\/09\/Community-Members-Discuss-Diabetes-Concerns-in-Peja.jpg\" class=\"attachment-full size-full wp-image-13987\" alt=\"\" srcset=\"https:\/\/ihsproject.org\/wp-content\/uploads\/2024\/09\/Community-Members-Discuss-Diabetes-Concerns-in-Peja.jpg 1600w, https:\/\/ihsproject.org\/wp-content\/uploads\/2024\/09\/Community-Members-Discuss-Diabetes-Concerns-in-Peja-300x169.jpg 300w, https:\/\/ihsproject.org\/wp-content\/uploads\/2024\/09\/Community-Members-Discuss-Diabetes-Concerns-in-Peja-1024x576.jpg 1024w, https:\/\/ihsproject.org\/wp-content\/uploads\/2024\/09\/Community-Members-Discuss-Diabetes-Concerns-in-Peja-768x432.jpg 768w, https:\/\/ihsproject.org\/wp-content\/uploads\/2024\/09\/Community-Members-Discuss-Diabetes-Concerns-in-Peja-1536x864.jpg 1536w, https:\/\/ihsproject.org\/wp-content\/uploads\/2024\/09\/Community-Members-Discuss-Diabetes-Concerns-in-Peja-18x10.jpg 18w\" sizes=\"(max-width: 1600px) 100vw, 1600px\" \/>\t\t\t\t\t\t\t\t\t\t\t\t\t<\/div>\n\t\t\t\t<\/div>\n\t\t\t\t\t<\/div>\n\t\t\t\t<\/div>\n\t\t<div class=\"elementor-element elementor-element-a61e98e e-flex e-con-boxed e-con e-parent\" data-id=\"a61e98e\" data-element_type=\"container\" data-core-v316-plus=\"true\">\n\t\t\t\t\t<div class=\"e-con-inner\">\n\t\t\t\t<div class=\"elementor-element elementor-element-bec6acf elementor-widget elementor-widget-heading\" data-id=\"bec6acf\" data-element_type=\"widget\" data-widget_type=\"heading.default\">\n\t\t\t\t<div class=\"elementor-widget-container\">\n\t\t\t<h2 class=\"elementor-heading-title elementor-size-default\">Pjes\u00ebtar\u00eb t\u00eb komuniteteve n\u00eb Pej\u00eb diskutojn\u00eb rreth shqet\u00ebsimeve nga diabeti<\/h2>\t\t<\/div>\n\t\t\t\t<\/div>\n\t\t\t\t<div class=\"elementor-element elementor-element-0753d3f elementor-widget elementor-widget-text-editor\" data-id=\"0753d3f\" data-element_type=\"widget\" data-widget_type=\"text-editor.default\">\n\t\t\t\t<div class=\"elementor-widget-container\">\n\t\t\t\t\t\t\t<p>M\u00eb 26 shtator 2024, nj\u00eb grup divers i p\u00ebrb\u00ebr\u00eb nga p\u00ebrfaq\u00ebsues t\u00eb komunitetit, profesionist\u00eb t\u00eb kujdesit sh\u00ebndet\u00ebsor dhe zyrtar\u00eb publik\u00eb nga Peja, u mblodh p\u00ebr nj\u00eb tryez\u00eb t\u00eb rrumbullak\u00ebt. Tryeza u fokusua n\u00eb adresimin e sfidave unike me t\u00eb cilat ballafaqohen komunitetet e n\u00ebnp\u00ebrfaq\u00ebsuara p\u00ebr t\u2019u qasur n\u00eb kujdesin sh\u00ebndet\u00ebsor n\u00eb lidhje me s\u00ebmundjet kronike jongjit\u00ebse (SJN). Ngjarja, e organizuar nga projekti Sh\u00ebrbimet Sh\u00ebndet\u00ebsore t\u00eb Integruara (IHS) n\u00eb bashk\u00ebpunim me Shoqat\u00ebn e Pacient\u00ebve Diabetik\u00eb t\u00eb Pej\u00ebs (ASD), theksoi r\u00ebnd\u00ebsin\u00eb e qasjes s\u00eb barabart\u00eb n\u00eb kujdesin sh\u00ebndet\u00ebsor dhe kujdesin e p\u00ebrshtatur p\u00ebr t\u00eb gjith\u00eb.<\/p><p>Dr. Besnik Ibraj, Spitali i P\u00ebrgjithsh\u00ebm i Pej\u00ebs, tha se spitali \u201ce pranon se pjes\u00ebtar\u00ebt e komuniteteve t\u00eb n\u00ebnp\u00ebrfaq\u00ebsuara p\u00ebrballen me barriera specifike q\u00eb mund t\u00eb pengojn\u00eb qasjen n\u00eb kujdesin e nevojsh\u00ebm dhe t\u00eb ndikojn\u00eb n\u00eb rezultatet sh\u00ebndet\u00ebsore. Forcimi i bashk\u00ebpunimit me k\u00ebto komunitete \u00ebsht\u00eb thelb\u00ebsor p\u00ebr t\u00eb siguruar q\u00eb informacioni dhe edukimi sh\u00ebndet\u00ebsor t\u00eb arrijn\u00eb tek \u00e7do qytetar n\u00eb Pej\u00eb\u201d.<span class=\"Apple-converted-space\">\u00a0<\/span><\/p><p>\u201cMisioni yn\u00eb \u00ebsht\u00eb t\u00eb punojm\u00eb me t\u00eb gjith\u00eb aktor\u00ebt e kujdesit sh\u00ebndet\u00ebsor, nga ofruesit deri te \u00e7do pacient, p\u00ebr t\u00eb mb\u00ebshtetur institucionet vendore n\u00eb forcimin e nj\u00eb sistemi ku \u00e7do individ ka qasje n\u00eb kujdes sh\u00ebndet\u00ebsor cil\u00ebsor\u201d, tha Dr. Ilir Mecini, Z\u00ebvend\u00ebsdrejtues i Ekipit, Projekti IHS.<span class=\"Apple-converted-space\">\u00a0<\/span><\/p><p>Idriz Ethemi, themelues i Shoqat\u00ebs s\u00eb Pacient\u00ebve Diabetik\u00eb t\u00eb Pej\u00ebs (ASD) nxiti nj\u00eb diskutim t\u00eb hapur mes pacient\u00ebve dhe pjes\u00ebmarr\u00ebsve t\u00eb tjer\u00eb.<span class=\"Apple-converted-space\">\u00a0<\/span><\/p><p>Pjes\u00ebmarr\u00ebsit e tryez\u00ebs diskutuan mbi barrierat dhe sfidat me t\u00eb cilat p\u00ebrballen komunitetet gjat\u00eb qasjes n\u00eb sh\u00ebrbimet thelb\u00ebsore t\u00eb kujdesit sh\u00ebndet\u00ebsor dhe sugjeruan rekomandime p\u00ebr t\u00eb promovuar gjith\u00ebp\u00ebrfshirjen dhe barazin\u00eb n\u00eb kujdesin ndaj SJN-ve. K\u00ebto rekomandime do t\u00eb shk\u00ebmbehen me organizata t\u00eb tjera t\u00eb shoq\u00ebris\u00eb civile, institucionet publike dhe mediat p\u00ebr t\u00eb nxitur vet\u00ebdij\u00ebsimin dhe mb\u00ebshtetjen m\u00eb t\u00eb gjer\u00eb p\u00ebr k\u00ebto \u00e7\u00ebshtje thelb\u00ebsore.<\/p>\t\t\t\t\t\t<\/div>\n\t\t\t\t<\/div>\n\t\t\t\t\t<\/div>\n\t\t\t\t<\/div>\n\t\t\t\t<\/div>","protected":false},"excerpt":{"rendered":"<p>Community Members Discuss Diabetes Concerns in Peja A diverse group of community representatives, healthcare professionals, and public officials from Peja gathered for a roundtable discussion on 26 September 2024. The roundtable focused on addressing the unique challenges under-represented communities face in accessing healthcare for Non-Communicable Diseases (NCDs). Organized by the Integrated Health Services (IHS) project [&hellip;]<\/p>","protected":false},"author":1,"featured_media":0,"parent":0,"menu_order":0,"comment_status":"closed","ping_status":"closed","template":"","meta":[],"_links":{"self":[{"href":"https:\/\/ihsproject.org\/sq\/wp-json\/wp\/v2\/pages\/13988"}],"collection":[{"href":"https:\/\/ihsproject.org\/sq\/wp-json\/wp\/v2\/pages"}],"about":[{"href":"https:\/\/ihsproject.org\/sq\/wp-json\/wp\/v2\/types\/page"}],"author":[{"embeddable":true,"href":"https:\/\/ihsproject.org\/sq\/wp-json\/wp\/v2\/users\/1"}],"replies":[{"embeddable":true,"href":"https:\/\/ihsproject.org\/sq\/wp-json\/wp\/v2\/comments?post=13988"}],"version-history":[{"count":4,"href":"https:\/\/ihsproject.org\/sq\/wp-json\/wp\/v2\/pages\/13988\/revisions"}],"predecessor-version":[{"id":13993,"href":"https:\/\/ihsproject.org\/sq\/wp-json\/wp\/v2\/pages\/13988\/revisions\/13993"}],"wp:attachment":[{"href":"https:\/\/ihsproject.org\/sq\/wp-json\/wp\/v2\/media?parent=13988"}],"curies":[{"name":"wp","href":"https:\/\/api.w.org\/{rel}","templated":true}]}}