{"id":13960,"date":"2024-09-24T13:49:26","date_gmt":"2024-09-24T13:49:26","guid":{"rendered":"https:\/\/ihsproject.org\/?page_id=13960"},"modified":"2024-09-24T14:19:26","modified_gmt":"2024-09-24T14:19:26","slug":"september-24-2024","status":"publish","type":"page","link":"https:\/\/ihsproject.org\/sq\/september-24-2024\/","title":{"rendered":"Shtator 24, 2024"},"content":{"rendered":"<div data-elementor-type=\"wp-page\" data-elementor-id=\"13960\" class=\"elementor elementor-13960\">\n\t\t\t\t<div class=\"elementor-element elementor-element-7c7ea5e e-flex e-con-boxed e-con e-parent\" data-id=\"7c7ea5e\" data-element_type=\"container\" data-core-v316-plus=\"true\">\n\t\t\t\t\t<div class=\"e-con-inner\">\n\t\t\t\t<div class=\"elementor-element elementor-element-2c72580 elementor-widget elementor-widget-image\" data-id=\"2c72580\" data-element_type=\"widget\" data-widget_type=\"image.default\">\n\t\t\t\t<div class=\"elementor-widget-container\">\n\t\t\t\t\t\t\t\t\t\t\t\t\t<img fetchpriority=\"high\" decoding=\"async\" width=\"1600\" height=\"900\" src=\"https:\/\/ihsproject.org\/wp-content\/uploads\/2024\/09\/Civil-Society-Organizations-Networking-Even-to-Prioritize-Patient-Engagement.jpg\" class=\"attachment-full size-full wp-image-13967\" alt=\"\" srcset=\"https:\/\/ihsproject.org\/wp-content\/uploads\/2024\/09\/Civil-Society-Organizations-Networking-Even-to-Prioritize-Patient-Engagement.jpg 1600w, https:\/\/ihsproject.org\/wp-content\/uploads\/2024\/09\/Civil-Society-Organizations-Networking-Even-to-Prioritize-Patient-Engagement-300x169.jpg 300w, https:\/\/ihsproject.org\/wp-content\/uploads\/2024\/09\/Civil-Society-Organizations-Networking-Even-to-Prioritize-Patient-Engagement-1024x576.jpg 1024w, https:\/\/ihsproject.org\/wp-content\/uploads\/2024\/09\/Civil-Society-Organizations-Networking-Even-to-Prioritize-Patient-Engagement-768x432.jpg 768w, https:\/\/ihsproject.org\/wp-content\/uploads\/2024\/09\/Civil-Society-Organizations-Networking-Even-to-Prioritize-Patient-Engagement-1536x864.jpg 1536w, https:\/\/ihsproject.org\/wp-content\/uploads\/2024\/09\/Civil-Society-Organizations-Networking-Even-to-Prioritize-Patient-Engagement-18x10.jpg 18w\" sizes=\"(max-width: 1600px) 100vw, 1600px\" \/>\t\t\t\t\t\t\t\t\t\t\t\t\t<\/div>\n\t\t\t\t<\/div>\n\t\t\t\t\t<\/div>\n\t\t\t\t<\/div>\n\t\t<div class=\"elementor-element elementor-element-a54f8e2 e-flex e-con-boxed e-con e-parent\" data-id=\"a54f8e2\" data-element_type=\"container\" data-core-v316-plus=\"true\">\n\t\t\t\t\t<div class=\"e-con-inner\">\n\t\t\t\t<div class=\"elementor-element elementor-element-f4f5546 elementor-widget elementor-widget-heading\" data-id=\"f4f5546\" data-element_type=\"widget\" data-widget_type=\"heading.default\">\n\t\t\t\t<div class=\"elementor-widget-container\">\n\t\t\t<h2 class=\"elementor-heading-title elementor-size-default\">Ngjarja e rrjet\u00ebzimit t\u00eb Organizatave t\u00eb Shoq\u00ebris\u00eb Civile p\u00ebr t\u00eb prioritizuar angazhimin e pacient\u00ebve<\/h2>\t\t<\/div>\n\t\t\t\t<\/div>\n\t\t\t\t<div class=\"elementor-element elementor-element-826bfe6 elementor-widget elementor-widget-text-editor\" data-id=\"826bfe6\" data-element_type=\"widget\" data-widget_type=\"text-editor.default\">\n\t\t\t\t<div class=\"elementor-widget-container\">\n\t\t\t\t\t\t\t<p style=\"font-weight: 400;\">M\u00eb 24 shtator 2024, mbi 24 organizata t\u00eb shoq\u00ebris\u00eb civile (OSHC) u mblodh\u00ebn n\u00eb Prishtin\u00eb p\u00ebr ngjarjen e rrjet\u00ebzimit \u2018Pacient\u00ebt n\u00eb vend t\u00eb par\u00eb\u2019, t\u00eb organizuar nga projekti i Sh\u00ebrbimeve Sh\u00ebndet\u00ebsore t\u00eb Integruara (IHS). Ngjarja, e cila u fokusua n\u00eb nxitjen e bashk\u00ebpunimit midis grupeve q\u00eb punojn\u00eb p\u00ebr angazhimin dhe mb\u00ebshtetjen e pacient\u00ebve, kishte p\u00ebr q\u00ebllim t\u00eb rris\u00eb veprimet kohezive drejt rezultateve t\u00eb p\u00ebrmir\u00ebsuara p\u00ebr pacient\u00ebt n\u00eb Kosov\u00eb.<\/p><p style=\"font-weight: 400;\">\u201cIdeja pas k\u00ebtij aktiviteti \u00ebsht\u00eb e thjesht\u00eb, por me r\u00ebnd\u00ebsi t\u00eb madhe: ne k\u00ebrkojm\u00eb t\u00eb krijojm\u00eb dhe t\u00eb kultivojm\u00eb nj\u00eb hap\u00ebsir\u00eb ku OShC-t\u00eb eksplorojn\u00eb bashk\u00ebpunimin me pacientin n\u00eb qend\u00ebr,\u201d tha Linda Baleta, Zyrtare e Lart\u00eb p\u00ebr Avokim n\u00eb projektin IHS, e cila potencoi objektivin kryesor t\u00eb ngjarjes p\u00ebr t\u00eb leht\u00ebsuar rrjet\u00ebzimin dhe fuqizimin e partneriteteve p\u00ebr rezultate m\u00eb t\u00eb mira p\u00ebr pacient\u00ebt.<\/p><p style=\"font-weight: 400;\">N\u00eb k\u00ebt\u00eb ngjarje u mbajt\u00ebn prezantime kryesore, ku u theksuan \u00e7\u00ebshtje thelb\u00ebsore n\u00eb kujdesin ndaj pacientit. Agron Bytyqi nga Shoqata p\u00ebr t\u00eb Drejtat e Pacient\u00ebve t\u00eb Kosov\u00ebs foli p\u00ebr mbrojtjen e t\u00eb drejtave t\u00eb pacient\u00ebve n\u00eb kujdesin sh\u00ebndet\u00ebsor, duke theksuar nevoj\u00ebn p\u00ebr mekanizma m\u00eb t\u00eb fuqish\u00ebm t\u00eb mbrojtjes s\u00eb pacient\u00ebve. Valbone Sadiku nga Qendra p\u00ebr p\u00ebr Zhvillim dhe Edukim Komunitar - Friends ndau njohuri p\u00ebr rrjetet mb\u00ebshtet\u00ebse p\u00ebr grat\u00eb me kancer, duke u fokusuar n\u00eb m\u00ebnyr\u00ebn se si rrjete t\u00eb tilla p\u00ebrmir\u00ebsojn\u00eb cil\u00ebsin\u00eb e jet\u00ebs. Rina Demiri Spahija nga Aksioni p\u00ebr N\u00ebna dhe F\u00ebmij\u00eb diskutoi p\u00ebr sfidat unike t\u00eb kujdesit p\u00ebr n\u00ebnat dhe foshnjat me diabet dhe b\u00ebri thirrje p\u00ebr nj\u00eb qasje m\u00eb t\u00eb integruar p\u00ebr t\u00eb mb\u00ebshtetur familjet e prekura.<\/p><p style=\"font-weight: 400;\">M\u00eb pas, pasoi nj\u00eb diskutim i moderuar, ku pjes\u00ebmarr\u00ebsit u angazhuan n\u00eb nj\u00eb shk\u00ebmbim dinamik mbi barrierat kryesore p\u00ebr angazhimin efektiv t\u00eb pacientit. Ata diskutuan se si OShC-t\u00eb mund t\u00eb punojn\u00eb s\u00eb bashku n\u00eb nivel lokal dhe komb\u00ebtar p\u00ebr t\u00eb ndikuar n\u00eb politikat e t\u00eb drejtave t\u00eb pacient\u00ebve dhe p\u00ebr t\u00eb siguruar q\u00eb pacient\u00ebt t\u00eb jen\u00eb n\u00eb qend\u00ebr t\u00eb proceseve vendimmarr\u00ebse t\u00eb kujdesit sh\u00ebndet\u00ebsor.<\/p><p style=\"font-weight: 400;\">Ngjarja e rrjet\u00ebzimit \u2018Pacient\u00ebt n\u00eb rend t\u00eb par\u00eb  sh\u00ebnon nj\u00eb hap drejt nd\u00ebrtimit t\u00eb nj\u00eb z\u00ebri koheziv p\u00ebr angazhimin e pacient\u00ebve n\u00eb Kosov\u00eb.<\/p>\t\t\t\t\t\t<\/div>\n\t\t\t\t<\/div>\n\t\t\t\t\t<\/div>\n\t\t\t\t<\/div>\n\t\t\t\t<\/div>","protected":false},"excerpt":{"rendered":"<p>Civil Society Organizations Networking Event to Prioritize Patient Engagement On 24 September 2024, over 24 civil society organizations (CSOs) gathered in Prishtina for the \u2018Patients First\u2019 networking event, organized by the Integrated Health Services (IHS) project. The event, which focused on fostering collaboration among groups working on patient engagement and support, aimed to enhance cohesive [&hellip;]<\/p>","protected":false},"author":1,"featured_media":0,"parent":0,"menu_order":0,"comment_status":"closed","ping_status":"closed","template":"","meta":[],"_links":{"self":[{"href":"https:\/\/ihsproject.org\/sq\/wp-json\/wp\/v2\/pages\/13960"}],"collection":[{"href":"https:\/\/ihsproject.org\/sq\/wp-json\/wp\/v2\/pages"}],"about":[{"href":"https:\/\/ihsproject.org\/sq\/wp-json\/wp\/v2\/types\/page"}],"author":[{"embeddable":true,"href":"https:\/\/ihsproject.org\/sq\/wp-json\/wp\/v2\/users\/1"}],"replies":[{"embeddable":true,"href":"https:\/\/ihsproject.org\/sq\/wp-json\/wp\/v2\/comments?post=13960"}],"version-history":[{"count":10,"href":"https:\/\/ihsproject.org\/sq\/wp-json\/wp\/v2\/pages\/13960\/revisions"}],"predecessor-version":[{"id":13979,"href":"https:\/\/ihsproject.org\/sq\/wp-json\/wp\/v2\/pages\/13960\/revisions\/13979"}],"wp:attachment":[{"href":"https:\/\/ihsproject.org\/sq\/wp-json\/wp\/v2\/media?parent=13960"}],"curies":[{"name":"wp","href":"https:\/\/api.w.org\/{rel}","templated":true}]}}