{"id":13938,"date":"2024-09-12T11:22:25","date_gmt":"2024-09-12T11:22:25","guid":{"rendered":"https:\/\/ihsproject.org\/?page_id=13938"},"modified":"2024-09-12T12:17:09","modified_gmt":"2024-09-12T12:17:09","slug":"september-12-2024","status":"publish","type":"page","link":"https:\/\/ihsproject.org\/sq\/september-12-2024\/","title":{"rendered":"Shtator 12, 2024"},"content":{"rendered":"<div data-elementor-type=\"wp-page\" data-elementor-id=\"13938\" class=\"elementor elementor-13938\">\n\t\t\t\t<div class=\"elementor-element elementor-element-e1fd267 e-flex e-con-boxed e-con e-parent\" data-id=\"e1fd267\" data-element_type=\"container\" data-core-v316-plus=\"true\">\n\t\t\t\t\t<div class=\"e-con-inner\">\n\t\t\t\t<div class=\"elementor-element elementor-element-b60e80e elementor-widget elementor-widget-image\" data-id=\"b60e80e\" data-element_type=\"widget\" data-widget_type=\"image.default\">\n\t\t\t\t<div class=\"elementor-widget-container\">\n\t\t\t\t\t\t\t\t\t\t\t\t\t<img fetchpriority=\"high\" decoding=\"async\" width=\"1600\" height=\"900\" src=\"https:\/\/ihsproject.org\/wp-content\/uploads\/2024\/09\/Kosovo-Delegation-on-Study-Trip-to-Hungary-to-Boost-Healthcare-for-Non-Communicable-Diseases.jpg\" class=\"attachment-full size-full wp-image-13937\" alt=\"\" srcset=\"https:\/\/ihsproject.org\/wp-content\/uploads\/2024\/09\/Kosovo-Delegation-on-Study-Trip-to-Hungary-to-Boost-Healthcare-for-Non-Communicable-Diseases.jpg 1600w, https:\/\/ihsproject.org\/wp-content\/uploads\/2024\/09\/Kosovo-Delegation-on-Study-Trip-to-Hungary-to-Boost-Healthcare-for-Non-Communicable-Diseases-300x169.jpg 300w, https:\/\/ihsproject.org\/wp-content\/uploads\/2024\/09\/Kosovo-Delegation-on-Study-Trip-to-Hungary-to-Boost-Healthcare-for-Non-Communicable-Diseases-1024x576.jpg 1024w, https:\/\/ihsproject.org\/wp-content\/uploads\/2024\/09\/Kosovo-Delegation-on-Study-Trip-to-Hungary-to-Boost-Healthcare-for-Non-Communicable-Diseases-768x432.jpg 768w, https:\/\/ihsproject.org\/wp-content\/uploads\/2024\/09\/Kosovo-Delegation-on-Study-Trip-to-Hungary-to-Boost-Healthcare-for-Non-Communicable-Diseases-1536x864.jpg 1536w, https:\/\/ihsproject.org\/wp-content\/uploads\/2024\/09\/Kosovo-Delegation-on-Study-Trip-to-Hungary-to-Boost-Healthcare-for-Non-Communicable-Diseases-18x10.jpg 18w\" sizes=\"(max-width: 1600px) 100vw, 1600px\" \/>\t\t\t\t\t\t\t\t\t\t\t\t\t<\/div>\n\t\t\t\t<\/div>\n\t\t\t\t\t<\/div>\n\t\t\t\t<\/div>\n\t\t<div class=\"elementor-element elementor-element-2c85e4b e-flex e-con-boxed e-con e-parent\" data-id=\"2c85e4b\" data-element_type=\"container\" data-core-v316-plus=\"true\">\n\t\t\t\t\t<div class=\"e-con-inner\">\n\t\t\t\t<div class=\"elementor-element elementor-element-cec96ad elementor-widget elementor-widget-heading\" data-id=\"cec96ad\" data-element_type=\"widget\" data-widget_type=\"heading.default\">\n\t\t\t\t<div class=\"elementor-widget-container\">\n\t\t\t<h2 class=\"elementor-heading-title elementor-size-default\">Delegacioni i Kosov\u00ebs n\u00eb udh\u00ebtim studimor n\u00eb Hungari t\u00eb p\u00ebrmir\u00ebsoj\u00eb qasjen e spitaleve promovuese t\u00eb sh\u00ebndetit p\u00ebr SJN<\/h2>\t\t<\/div>\n\t\t\t\t<\/div>\n\t\t\t\t<div class=\"elementor-element elementor-element-03ee192 elementor-widget elementor-widget-text-editor\" data-id=\"03ee192\" data-element_type=\"widget\" data-widget_type=\"text-editor.default\">\n\t\t\t\t<div class=\"elementor-widget-container\">\n\t\t\t\t\t\t\t<p>Nj\u00eb delegacion nga Kosova ndodhet aktualisht n\u00eb nj\u00eb udh\u00ebtim studimor nj\u00eb-javor n\u00eb Hungari p\u00ebr t\u00eb p\u00ebrmir\u00ebsuar sh\u00ebrbimet e kujdesit sh\u00ebndet\u00ebsor p\u00ebr s\u00ebmundjet jo-ngjit\u00ebse (SJN) n\u00eb vend. E organizuar n\u00eb kuad\u00ebr t\u00eb Rrjetit t\u00eb Spitaleve Promovuese t\u00eb Sh\u00ebndetit, vizita mb\u00ebshtetet nga OptiMedis dhe Bethesda Children's Hospital. Delegacioni p\u00ebrfshin p\u00ebrfaq\u00ebsues nga Ministria e Sh\u00ebndet\u00ebsis\u00eb, Instituti Komb\u00ebtar i Sh\u00ebndetit Publik, spitalet e p\u00ebrgjithshme dhe institucionet e kujdesit par\u00ebsor sh\u00ebndet\u00ebsor.<\/p><p>Gjat\u00eb vizit\u00ebs studimore, Dr. Gy\u00f6rgy J\u00e1nos Velkey, Drejtor i P\u00ebrgjithsh\u00ebm i Spitalit t\u00eb F\u00ebmij\u00ebve Bethesda dhe Dr. Zsuzsa R\u00e1kosy-Vok\u00f3, Udh\u00ebheq\u00ebse e Promovimit Sh\u00ebndet\u00ebsor, po u ofrojn\u00eb an\u00ebtar\u00ebve t\u00eb delegacionit njohuri mbi praktikat e promovimit sh\u00ebndet\u00ebsor n\u00eb spitalin komb\u00ebtar n\u00eb Hungari dhe i ndihmojn\u00eb ata q\u00eb t\u00eb zhvillojn\u00eb shkatht\u00ebsi praktike dhe strategji p\u00ebr zbatimin e nismave t\u00eb ngjashme n\u00eb Kosov\u00eb.<\/p><p>Fekrije Hasani, Eksperte e Lart\u00eb Sh\u00ebndet\u00ebsore p\u00ebr projektin IHS, i cili e organizon vizit\u00ebn, theksoi r\u00ebnd\u00ebsin\u00eb e udh\u00ebtimit, duke th\u00ebn\u00eb: \u201cDuke studiuar strategjit\u00eb e Hungaris\u00eb p\u00ebr spitalet promovuese t\u00eb sh\u00ebndetit, ne po fitojm\u00eb njohuri t\u00eb vlefshme p\u00ebr integrimin e kujdesit parandalues \u200b\u200bdhe edukimit sh\u00ebndet\u00ebsor n\u00eb Praktikat spitalore t\u00eb Kosov\u00ebs. Ky shk\u00ebmbim do t\u00eb p\u00ebrmir\u00ebsoj\u00eb cil\u00ebsin\u00eb e kujdesit p\u00ebr pacient\u00ebt, ve\u00e7an\u00ebrisht ata me s\u00ebmundje jo-ngjit\u00ebse, duke fuqizuar profesionist\u00ebt e kujdesit sh\u00ebndet\u00ebsor n\u00eb Kosov\u00eb p\u00ebr t\u00eb zbatuar qasje t\u00eb q\u00ebndrueshme, me pacientin n\u00eb qend\u00ebr\u201d.<\/p><p>Fokusi i projektit IHS \u00ebsht\u00eb n\u00eb p\u00ebrmir\u00ebsimin e proceseve klinike, menaxheriale dhe qeveris\u00ebse, me v\u00ebmendje t\u00eb ve\u00e7ant\u00eb n\u00eb Spitalet e P\u00ebrgjithshme t\u00eb Pej\u00ebs dhe t\u00eb Gjakov\u00ebs. Vizita n\u00eb Hungari pritet t\u00eb mb\u00ebshtes\u00eb zhvillimin e strategjive praktike q\u00eb do t\u00eb \u00e7ojn\u00eb n\u00eb nj\u00eb kujdes sh\u00ebndet\u00ebsor m\u00eb t\u00eb q\u00ebndruesh\u00ebm, me pacientin n\u00eb qend\u00ebr n\u00eb Kosov\u00eb, dhe do t\u00eb nxisin nj\u00eb bashk\u00ebpunim m\u00eb t\u00eb madh nd\u00ebrmjet institucioneve sh\u00ebndet\u00ebsore n\u00eb Hungari dhe n\u00eb Kosov\u00eb, duke siguruar zhvillim afatgjat\u00eb n\u00eb sistemin e kujdesit sh\u00ebndet\u00ebsor t\u00eb Kosov\u00ebs.<span class=\"Apple-converted-space\">\u00a0<\/span><\/p><p>Kjo vizit\u00eb \u00ebsht\u00eb pjes\u00eb e projektit t\u00eb Sh\u00ebrbimeve Sh\u00ebndet\u00ebsore t\u00eb Integruara (IHS), nj\u00eb iniciativ\u00eb e p\u00ebrbashk\u00ebt e Agjencis\u00eb Zvicerane p\u00ebr Zhvillim dhe Bashk\u00ebpunim (SDC) dhe Ministris\u00eb s\u00eb Sh\u00ebndet\u00ebsis\u00eb s\u00eb Kosov\u00ebs (MSH), e organizuar nga Instituti Zviceran p\u00ebr S\u00ebmundje Tropikale dhe Sh\u00ebndet Publik (Swiss TPH).<\/p>\t\t\t\t\t\t<\/div>\n\t\t\t\t<\/div>\n\t\t\t\t\t<\/div>\n\t\t\t\t<\/div>\n\t\t\t\t<\/div>","protected":false},"excerpt":{"rendered":"<p>Kosovo Delegation on Study Trip to Hungary to Boost Health Promoting Hospitals Approach to NCDs A delegation from Kosovo is currently on a week-long study trip to Hungary to enhance healthcare services for non-communicable diseases (NCDs) in the country. Organized within the framework of the Health Promoting Hospital Network, the visit is supported by OptiMedis [&hellip;]<\/p>","protected":false},"author":1,"featured_media":0,"parent":0,"menu_order":0,"comment_status":"closed","ping_status":"closed","template":"","meta":[],"_links":{"self":[{"href":"https:\/\/ihsproject.org\/sq\/wp-json\/wp\/v2\/pages\/13938"}],"collection":[{"href":"https:\/\/ihsproject.org\/sq\/wp-json\/wp\/v2\/pages"}],"about":[{"href":"https:\/\/ihsproject.org\/sq\/wp-json\/wp\/v2\/types\/page"}],"author":[{"embeddable":true,"href":"https:\/\/ihsproject.org\/sq\/wp-json\/wp\/v2\/users\/1"}],"replies":[{"embeddable":true,"href":"https:\/\/ihsproject.org\/sq\/wp-json\/wp\/v2\/comments?post=13938"}],"version-history":[{"count":7,"href":"https:\/\/ihsproject.org\/sq\/wp-json\/wp\/v2\/pages\/13938\/revisions"}],"predecessor-version":[{"id":13952,"href":"https:\/\/ihsproject.org\/sq\/wp-json\/wp\/v2\/pages\/13938\/revisions\/13952"}],"wp:attachment":[{"href":"https:\/\/ihsproject.org\/sq\/wp-json\/wp\/v2\/media?parent=13938"}],"curies":[{"name":"wp","href":"https:\/\/api.w.org\/{rel}","templated":true}]}}