{"id":13896,"date":"2024-09-11T07:25:15","date_gmt":"2024-09-11T07:25:15","guid":{"rendered":"https:\/\/ihsproject.org\/?page_id=13896"},"modified":"2024-09-11T07:27:16","modified_gmt":"2024-09-11T07:27:16","slug":"september-11-2024","status":"publish","type":"page","link":"https:\/\/ihsproject.org\/sq\/september-11-2024\/","title":{"rendered":"Shtator 11, 2024"},"content":{"rendered":"<div data-elementor-type=\"wp-page\" data-elementor-id=\"13896\" class=\"elementor elementor-13896\">\n\t\t\t\t<div class=\"elementor-element elementor-element-6ac5488 e-flex e-con-boxed e-con e-parent\" data-id=\"6ac5488\" data-element_type=\"container\" data-core-v316-plus=\"true\">\n\t\t\t\t\t<div class=\"e-con-inner\">\n\t\t\t\t<div class=\"elementor-element elementor-element-019686e elementor-widget elementor-widget-image\" data-id=\"019686e\" data-element_type=\"widget\" data-widget_type=\"image.default\">\n\t\t\t\t<div class=\"elementor-widget-container\">\n\t\t\t\t\t\t\t\t\t\t\t\t\t<img fetchpriority=\"high\" decoding=\"async\" width=\"1600\" height=\"900\" src=\"https:\/\/ihsproject.org\/wp-content\/uploads\/2024\/09\/Furthering-Partnership-Focused-on-Healthcare-Professionals-.jpg\" class=\"attachment-full size-full wp-image-13894\" alt=\"\" srcset=\"https:\/\/ihsproject.org\/wp-content\/uploads\/2024\/09\/Furthering-Partnership-Focused-on-Healthcare-Professionals-.jpg 1600w, https:\/\/ihsproject.org\/wp-content\/uploads\/2024\/09\/Furthering-Partnership-Focused-on-Healthcare-Professionals--300x169.jpg 300w, https:\/\/ihsproject.org\/wp-content\/uploads\/2024\/09\/Furthering-Partnership-Focused-on-Healthcare-Professionals--1024x576.jpg 1024w, https:\/\/ihsproject.org\/wp-content\/uploads\/2024\/09\/Furthering-Partnership-Focused-on-Healthcare-Professionals--768x432.jpg 768w, https:\/\/ihsproject.org\/wp-content\/uploads\/2024\/09\/Furthering-Partnership-Focused-on-Healthcare-Professionals--1536x864.jpg 1536w, https:\/\/ihsproject.org\/wp-content\/uploads\/2024\/09\/Furthering-Partnership-Focused-on-Healthcare-Professionals--18x10.jpg 18w\" sizes=\"(max-width: 1600px) 100vw, 1600px\" \/>\t\t\t\t\t\t\t\t\t\t\t\t\t<\/div>\n\t\t\t\t<\/div>\n\t\t\t\t\t<\/div>\n\t\t\t\t<\/div>\n\t\t<div class=\"elementor-element elementor-element-a604e8a e-flex e-con-boxed e-con e-parent\" data-id=\"a604e8a\" data-element_type=\"container\" data-core-v316-plus=\"true\">\n\t\t\t\t\t<div class=\"e-con-inner\">\n\t\t\t\t<div class=\"elementor-element elementor-element-051b960 elementor-widget elementor-widget-heading\" data-id=\"051b960\" data-element_type=\"widget\" data-widget_type=\"heading.default\">\n\t\t\t\t<div class=\"elementor-widget-container\">\n\t\t\t<h2 class=\"elementor-heading-title elementor-size-default\">Avancimi i partneritetit me fokus tek profesionist\u00ebt sh\u00ebndet\u00ebsor\u00eb<\/h2>\t\t<\/div>\n\t\t\t\t<\/div>\n\t\t\t\t<div class=\"elementor-element elementor-element-87a8987 elementor-widget elementor-widget-text-editor\" data-id=\"87a8987\" data-element_type=\"widget\" data-widget_type=\"text-editor.default\">\n\t\t\t\t<div class=\"elementor-widget-container\">\n\t\t\t\t\t\t\t<p>Sh\u00ebrbimi Klinik Spitalor dhe Universitar t\u00eb Kosov\u00ebs (SHSKUK) dhe projekti Sh\u00ebrbimet Sh\u00ebndet\u00ebsore t\u00eb Integruara (IHS) n\u00ebnshkruan rishtazi nj\u00eb Memorandum Mir\u00ebkuptimi. Ky partneritet synon t\u00eb fuqizoj\u00eb trajnimin dhe edukimin e profesionist\u00ebve t\u00eb kujdesit sh\u00ebndet\u00ebsor n\u00eb nivel spitalor n\u00eb Kosov\u00eb, me fokus t\u00eb ve\u00e7ant\u00eb n\u00eb spitalet e p\u00ebrgjithshme t\u00eb Gjakov\u00ebs dhe Pej\u00ebs, t\u00eb cil\u00ebt jan\u00eb partner\u00eb t\u00eb projektit IHS.<\/p><p>Ky bashk\u00ebpunim hap rrug\u00ebn p\u00ebr t\u00eb rritur kapacitetin e punonj\u00ebsve t\u00eb kujdesit sh\u00ebndet\u00ebsor p\u00ebr t\u00eb parandaluar, menaxhuar dhe trajtuar s\u00ebmundjet kronike jongjit\u00ebse (SKJ), duke mb\u00ebshtetur mir\u00ebqenien e pacient\u00ebve n\u00eb mbar\u00eb Kosov\u00ebn. S\u00eb bashku po hedhim nj\u00eb hap t\u00eb r\u00ebnd\u00ebsish\u00ebm drejt p\u00ebrmir\u00ebsimit t\u00eb sh\u00ebrbimeve sh\u00ebndet\u00ebsore p\u00ebr t\u00eb gjith\u00eb.<span class=\"Apple-converted-space\">\u00a0<\/span><\/p>\t\t\t\t\t\t<\/div>\n\t\t\t\t<\/div>\n\t\t\t\t\t<\/div>\n\t\t\t\t<\/div>\n\t\t\t\t<\/div>","protected":false},"excerpt":{"rendered":"<p>Furthering Partnership Focused on Healthcare Professionals The Kosovo Hospital and University Clinical Services (HUCSK) and the Integrated Health Services (IHS) Project have recently signed a Memorandum of Understanding (MOU). This partnership aims to strengthen the training and education of healthcare professionals at hospital level in Kosovo, with particular focus in Gjakova and Peja general hospitals, [&hellip;]<\/p>","protected":false},"author":1,"featured_media":0,"parent":0,"menu_order":0,"comment_status":"closed","ping_status":"closed","template":"","meta":[],"_links":{"self":[{"href":"https:\/\/ihsproject.org\/sq\/wp-json\/wp\/v2\/pages\/13896"}],"collection":[{"href":"https:\/\/ihsproject.org\/sq\/wp-json\/wp\/v2\/pages"}],"about":[{"href":"https:\/\/ihsproject.org\/sq\/wp-json\/wp\/v2\/types\/page"}],"author":[{"embeddable":true,"href":"https:\/\/ihsproject.org\/sq\/wp-json\/wp\/v2\/users\/1"}],"replies":[{"embeddable":true,"href":"https:\/\/ihsproject.org\/sq\/wp-json\/wp\/v2\/comments?post=13896"}],"version-history":[{"count":4,"href":"https:\/\/ihsproject.org\/sq\/wp-json\/wp\/v2\/pages\/13896\/revisions"}],"predecessor-version":[{"id":13901,"href":"https:\/\/ihsproject.org\/sq\/wp-json\/wp\/v2\/pages\/13896\/revisions\/13901"}],"wp:attachment":[{"href":"https:\/\/ihsproject.org\/sq\/wp-json\/wp\/v2\/media?parent=13896"}],"curies":[{"name":"wp","href":"https:\/\/api.w.org\/{rel}","templated":true}]}}